{"id":10,"date":"2020-05-06T23:36:22","date_gmt":"2020-05-06T23:36:22","guid":{"rendered":"https:\/\/www.westpromachinery.com\/?page_id=10"},"modified":"2020-06-04T15:19:10","modified_gmt":"2020-06-04T21:19:10","slug":"process-technology","status":"publish","type":"page","link":"https:\/\/www.westpromachinery.com\/es\/process-technology\/","title":{"rendered":"Tecnolog\u00eda de proceso"},"content":{"rendered":"<div class=\"alignfull slider-wrapper non-home\">\r\n        <div class=\"acf-slider\">\r\n                            <div class=\"slide\" style=\"background: url('https:\/\/www.westpromachinery.com\/wp-content\/uploads\/2020\/05\/thumb_1501182594.jpg');\">\r\n                                    <\/div>\r\n                            <div class=\"slide\" style=\"background: url('https:\/\/www.westpromachinery.com\/wp-content\/uploads\/2020\/05\/thumb_1501182145.jpg');\">\r\n                                    <\/div>\r\n                            <div class=\"slide\" style=\"background: url('https:\/\/www.westpromachinery.com\/wp-content\/uploads\/2020\/05\/thumb_1499787241.jpg');\">\r\n                                    <\/div>\r\n                    <\/div>\r\n\r\n        \r\n        <div class=\"loader\" id=\"loader\">\r\n            <span><\/span>\r\n            <span><\/span>\r\n            <span><\/span>\r\n        <\/div>\r\n    <\/div>\r\n\r\n\n\n\n<h1 class=\"has-text-align-center wp-block-heading\">Tecnolog\u00eda de proceso<\/h1>\n\n\n\n<h5 class=\"has-text-align-center wp-block-heading\">EN WESTPRO, SOMOS SU SOCIO TECNOL\u00d3GICO DE PROCESOS.<\/h5>\n\n\n\n<h2 class=\"has-text-align-center wp-block-heading\">Pero, \u00bfqu\u00e9 significa eso?<\/h2>\n\n\n\n<p class=\"has-text-align-center\">Nos asociamos con sus equipos de trabajo para garantizar que el dise\u00f1o del proceso sea el adecuado para usted. Ofrecemos un equipo de metalurgistas, ingenieros qu\u00edmicos, ingenieros mec\u00e1nicos y dise\u00f1adores de plantas, con experiencia en el dise\u00f1o de procesos para la producci\u00f3n de oro, plata, cobre, plomo, zinc, n\u00edquel, potasa, carb\u00f3n, REO, diamantes, PGM, grafito, litio, \u00f3xido de uranio y arenas minerales (por nombrar algunos).<\/p>\n\n\n\n<p class=\"has-text-align-center\">Las tecnolog\u00edas de procesos tales como manejo de materiales, trituraci\u00f3n, molienda, flotaci\u00f3n, separaci\u00f3n por gravedad, separaci\u00f3n de medios densos, lixiviaci\u00f3n, cementaci\u00f3n, electrodeposici\u00f3n, espesamiento, filtrado, eliminaci\u00f3n de carbono y preparaci\u00f3n de reactivos est\u00e1n dentro de nuestras capacidades.<\/p>\n\n\n\n<hr class=\"wp-block-separator\"\/>\n\n\n\n<div class=\"wp-block-columns is-layout-flex wp-container-core-columns-is-layout-9d6595d7 wp-block-columns-is-layout-flex\">\n<div class=\"wp-block-column is-layout-flow wp-block-column-is-layout-flow\">\n<div class=\"wp-block-image\"><figure class=\"aligncenter size-full\"><a href=\"\/es\/process-technology\/mining\/\"><img loading=\"lazy\" decoding=\"async\" width=\"300\" height=\"225\" src=\"https:\/\/www.westpromachinery.com\/wp-content\/uploads\/2020\/05\/thumb_1489501532.jpg\" alt=\"\" class=\"wp-image-468\"\/><\/a><\/figure><\/div>\n\n\n\n<h6 class=\"has-text-align-center wp-block-heading\"><a href=\"\/es\/process-technology\/mining\/\">Miner\u00eda<\/a><\/h6>\n\n\n\n<p class=\"has-text-align-center\">Los sistemas y equipos de procesamiento de minerales son nuestra especialidad. Westpro es un l\u00edder de la industria que ofrece las \u00faltimas tecnolog\u00edas.<\/p>\n<\/div>\n\n\n\n<div class=\"wp-block-column is-layout-flow wp-block-column-is-layout-flow\">\n<div class=\"wp-block-image\"><figure class=\"aligncenter size-large\"><a href=\"\/es\/process-technology\/aggregate\/\"><img loading=\"lazy\" decoding=\"async\" width=\"300\" height=\"225\" src=\"https:\/\/www.westpromachinery.com\/wp-content\/uploads\/2020\/05\/thumb_1489502106.jpg\" alt=\"\" class=\"wp-image-469\"\/><\/a><\/figure><\/div>\n\n\n\n<h6 class=\"has-text-align-center wp-block-heading\"><a href=\"\/es\/process-technology\/aggregate\/\">Agregados<\/a><\/h6>\n\n\n\n<p class=\"has-text-align-center\">La industria de procesamiento de agregados y arenas de fractura ha sido un componente clave del negocio de Westpro, desde el inicio de la empresa en 1985.<\/p>\n<\/div>\n\n\n\n<div class=\"wp-block-column is-layout-flow wp-block-column-is-layout-flow\">\n<div class=\"wp-block-image\"><figure class=\"aligncenter size-large\"><a href=\"\/es\/process-technology\/wastewater\/\"><img loading=\"lazy\" decoding=\"async\" width=\"301\" height=\"225\" src=\"https:\/\/www.westpromachinery.com\/wp-content\/uploads\/2020\/05\/thumb_1489427038.png\" alt=\"\" class=\"wp-image-470\"\/><\/a><\/figure><\/div>\n\n\n\n<h6 class=\"has-text-align-center wp-block-heading\"><a href=\"\/es\/process-technology\/wastewater\/\">Plantas de tratamiento de aguas residuales<\/a><\/h6>\n\n\n\n<p class=\"has-text-align-center\">La experiencia de Westpro en el tratamiento de aguas residuales proviene de 3 d\u00e9cadas de trabajo, con una variedad de protagonistas.<\/p>\n<\/div>\n<\/div>","protected":false},"excerpt":{"rendered":"<p>Process Technology AT WESTPRO, WE ARE YOUR PROCESS TECHNOLOGY PARTNER. But what does that mean? We partner with your teams to ensure that the process design is the right one for you. We offer a team of metallurgists, chemical engineers, mechanical engineers and plant designers experienced in designing processes for the production of gold, silver, [&hellip;]<\/p>\n","protected":false},"author":1,"featured_media":0,"parent":0,"menu_order":1,"comment_status":"closed","ping_status":"closed","template":"","meta":{"_acf_changed":false,"footnotes":""},"class_list":["post-10","page","type-page","status-publish","hentry"],"acf":[],"aioseo_notices":[],"_links":{"self":[{"href":"https:\/\/www.westpromachinery.com\/es\/wp-json\/wp\/v2\/pages\/10","targetHints":{"allow":["GET"]}}],"collection":[{"href":"https:\/\/www.westpromachinery.com\/es\/wp-json\/wp\/v2\/pages"}],"about":[{"href":"https:\/\/www.westpromachinery.com\/es\/wp-json\/wp\/v2\/types\/page"}],"author":[{"embeddable":true,"href":"https:\/\/www.westpromachinery.com\/es\/wp-json\/wp\/v2\/users\/1"}],"replies":[{"embeddable":true,"href":"https:\/\/www.westpromachinery.com\/es\/wp-json\/wp\/v2\/comments?post=10"}],"version-history":[{"count":18,"href":"https:\/\/www.westpromachinery.com\/es\/wp-json\/wp\/v2\/pages\/10\/revisions"}],"predecessor-version":[{"id":4013,"href":"https:\/\/www.westpromachinery.com\/es\/wp-json\/wp\/v2\/pages\/10\/revisions\/4013"}],"wp:attachment":[{"href":"https:\/\/www.westpromachinery.com\/es\/wp-json\/wp\/v2\/media?parent=10"}],"curies":[{"name":"wp","href":"https:\/\/api.w.org\/{rel}","templated":true}]}}