{"id":12,"date":"2020-05-06T23:36:44","date_gmt":"2020-05-06T23:36:44","guid":{"rendered":"https:\/\/www.westpromachinery.com\/?page_id=12"},"modified":"2026-03-02T12:27:41","modified_gmt":"2026-03-02T19:27:41","slug":"products","status":"publish","type":"page","link":"https:\/\/www.westpromachinery.com\/es\/products\/","title":{"rendered":"Productos"},"content":{"rendered":"<div class=\"alignfull slider-wrapper non-home\">\r\n        <div class=\"acf-slider\">\r\n                            <div class=\"slide\" style=\"background: url('https:\/\/www.westpromachinery.com\/wp-content\/uploads\/2020\/05\/thumb_1497389810.jpg');\">\r\n                                            <div class=\"container banner-content\">\r\n                            <h2>Productos<\/h2>\n                        <\/div>\r\n                                    <\/div>\r\n                            <div class=\"slide\" style=\"background: url('https:\/\/www.westpromachinery.com\/wp-content\/uploads\/2020\/05\/thumb_1497389292.jpg');\">\r\n                                            <div class=\"container banner-content\">\r\n                            <h2>Productos<\/h2>\n                        <\/div>\r\n                                    <\/div>\r\n                            <div class=\"slide\" style=\"background: url('https:\/\/www.westpromachinery.com\/wp-content\/uploads\/2020\/05\/thumb_1497301870.jpg');\">\r\n                                            <div class=\"container banner-content\">\r\n                            <h2>Productos<\/h2>\n                        <\/div>\r\n                                    <\/div>\r\n                    <\/div>\r\n\r\n        \r\n        <div class=\"loader\" id=\"loader\">\r\n            <span><\/span>\r\n            <span><\/span>\r\n            <span><\/span>\r\n        <\/div>\r\n    <\/div>\r\n\r\n\n\n\n<h1 class=\"wp-block-heading has-text-align-center\">Productos<\/h1>\n\n\n\n<h4 class=\"wp-block-heading has-text-align-center normal\">WESTPRO OFRECE MAQUINARIA DE CALIDAD PARA AYUDAR A NUESTROS CLIENTES A LOGRAR EL M\u00c1XIMO RENDIMIENTO<\/h4>\n\n\n\n<div style=\"height:var(--wp--preset--spacing--60)\" aria-hidden=\"true\" class=\"wp-block-spacer\"><\/div>\n\n\n\n<h2 class=\"wp-block-heading has-text-align-center underline\">FEATURED<\/h2>\n\n\n\n<div style=\"height:var(--wp--preset--spacing--40)\" aria-hidden=\"true\" class=\"wp-block-spacer\"><\/div>\n\n\n\n<div class=\"wp-block-group alignfull bg-color-wrapper has-text-color has-background has-link-color wp-elements-83b1d8f959f916f1d4ea886b79831fbf\" style=\"color:#25346e;background-color:#2d355700\"><div class=\"wp-block-group__inner-container is-layout-constrained wp-block-group-is-layout-constrained\">\n<div class=\"wp-block-group featured-products-slider is-layout-grid wp-container-core-group-is-layout-6be84c55 wp-block-group-is-layout-grid\">\n<div class=\"wp-block-group\"><div class=\"wp-block-group__inner-container is-layout-constrained wp-block-group-is-layout-constrained\"><div class=\"wp-block-image\">\n<figure class=\"aligncenter size-full\"><a href=\"\/es\/product\/agglomerators\/\"><img loading=\"lazy\" decoding=\"async\" width=\"300\" height=\"225\" src=\"https:\/\/www.westpromachinery.com\/wp-content\/uploads\/2020\/05\/thumb_1483720633.png\" alt=\"\" class=\"wp-image-148\"\/><\/a><\/figure><\/div>\n\n\n<h5 class=\"wp-block-heading has-text-align-center\"><a href=\"\/es\/product\/agglomerators\/\" title=\"\">Aglomeradores<\/a><\/h5>\n\n\n\n<p class=\"has-text-align-center has-primary-color has-text-color has-link-color wp-elements-c4791cabe6092682894d0fe6c29cb14c\">Westpro Agglomerators are trusted worldwide to take on the toughest challenges while delivering consistent, reliable results.<\/p>\n<\/div><\/div>\n\n\n\n<div class=\"wp-block-group\"><div class=\"wp-block-group__inner-container is-layout-constrained wp-block-group-is-layout-constrained\"><div class=\"wp-block-image\">\n<figure class=\"aligncenter size-full\"><a href=\"\/es\/product\/attrition-scrubbers\/\"><img loading=\"lazy\" decoding=\"async\" width=\"300\" height=\"226\" src=\"https:\/\/www.westpromachinery.com\/wp-content\/uploads\/2020\/05\/thumb_1485186988.jpg\" alt=\"\" class=\"wp-image-142\"\/><\/a><\/figure><\/div>\n\n\n<h5 class=\"wp-block-heading has-text-align-center\"><a href=\"\/es\/product\/attrition-scrubbers\/\" title=\"\">Atricionadores<\/a><\/h5>\n\n\n\n<p class=\"has-text-align-center has-primary-color has-text-color has-link-color wp-elements-b5a3d639c7116746ebab9900c393913b\">Los vers\u00e1tiles Atricionadores de Westpro proporcionan eficientes soluciones de lavado de lechada para aplicaciones en una variedad de industrias.<\/p>\n<\/div><\/div>\n\n\n\n<div class=\"wp-block-group\"><div class=\"wp-block-group__inner-container is-layout-constrained wp-block-group-is-layout-constrained\"><div class=\"wp-block-image\">\n<figure class=\"aligncenter size-full\"><a href=\"\/es\/product\/flocculant-preparation-dosing-systems\/\"><img loading=\"lazy\" decoding=\"async\" width=\"300\" height=\"225\" src=\"https:\/\/www.westpromachinery.com\/wp-content\/uploads\/2020\/05\/thumb_1485187311.jpg\" alt=\"\" class=\"wp-image-130\"\/><\/a><\/figure><\/div>\n\n\n<h5 class=\"wp-block-heading has-text-align-center\"><a href=\"\/es\/product\/flocculant-preparation-dosing-systems\/\" title=\"\">Sistemas de preparaci\u00f3n y dosificaci\u00f3n de floculantes<\/a><\/h5>\n\n\n\n<p class=\"has-text-align-center has-primary-color has-text-color has-link-color wp-elements-e4c7b22e4957494aaaebe999c374ff24\">Westpro\u2019s designs and manufactures turnkey modular Flocculant Preparation &amp; Dosing Systems.<\/p>\n<\/div><\/div>\n\n\n\n<div class=\"wp-block-group\"><div class=\"wp-block-group__inner-container is-layout-constrained wp-block-group-is-layout-constrained\"><div class=\"wp-block-image\">\n<figure class=\"aligncenter size-full\"><a href=\"\/es\/product\/flotation-machines-conventional\/\"><img loading=\"lazy\" decoding=\"async\" width=\"300\" height=\"225\" src=\"https:\/\/www.westpromachinery.com\/wp-content\/uploads\/2020\/05\/thumb_1497373005.jpg\" alt=\"\" class=\"wp-image-128\"\/><\/a><\/figure><\/div>\n\n\n<h5 class=\"wp-block-heading has-text-align-center\"><a href=\"\/es\/product\/flotation-machines-conventional\/\" title=\"\">Celdas de flotaci\u00f3n (convencionales)<\/a><\/h5>\n\n\n\n<p class=\"has-text-align-center has-primary-color has-text-color has-link-color wp-elements-3953d8949a8b54d53ccf46b2e4d3c953\">Las celdas de flotaci\u00f3n de Westpro est\u00e1n dise\u00f1adas para un rendimiento eficiente y \u00f3ptimo, en todas las aplicaciones de flotaci\u00f3n de mineral<\/p>\n<\/div><\/div>\n\n\n\n<div class=\"wp-block-group\"><div class=\"wp-block-group__inner-container is-layout-constrained wp-block-group-is-layout-constrained\"><div class=\"wp-block-image\">\n<figure class=\"aligncenter size-full\"><a href=\"\/es\/product\/lime-slaking-systems\/\"><img loading=\"lazy\" decoding=\"async\" width=\"300\" height=\"225\" src=\"https:\/\/www.westpromachinery.com\/wp-content\/uploads\/2020\/05\/thumb_1485187908.jpg\" alt=\"\" class=\"wp-image-116\"\/><\/a><\/figure><\/div>\n\n\n<h5 class=\"wp-block-heading has-text-align-center\"><a href=\"\/es\/product\/lime-slaking-systems\/\" title=\"\">Sistemas de apagado de cal<\/a><\/h5>\n\n\n\n<p class=\"has-text-align-center has-primary-color has-text-color has-link-color wp-elements-73134ce0b80e0920acd6ef45ec3f1679\">Completamente personalizable en t\u00e9rminos de suministro de equipos, distribuci\u00f3n, y condiciones de la planta.<\/p>\n<\/div><\/div>\n\n\n\n<div class=\"wp-block-group\"><div class=\"wp-block-group__inner-container is-layout-constrained wp-block-group-is-layout-constrained\"><div class=\"wp-block-image\">\n<figure class=\"aligncenter size-full\"><a href=\"\/es\/product\/thickeners\/\"><img loading=\"lazy\" decoding=\"async\" width=\"300\" height=\"225\" src=\"https:\/\/www.westpromachinery.com\/wp-content\/uploads\/2020\/05\/thumb_1485188200.jpg\" alt=\"\" class=\"wp-image-102\"\/><\/a><\/figure><\/div>\n\n\n<h5 class=\"wp-block-heading has-text-align-center\"><a href=\"\/es\/product\/thickeners\/\" title=\"\">Espesadores<\/a><\/h5>\n\n\n\n<p class=\"has-text-align-center has-primary-color has-text-color has-link-color wp-elements-b21f875f9d399058ba66080b23ca123e\">Equipados con motores hidr\u00e1ulicos de \u00faltima generaci\u00f3n y rastrillos de bajo arrastre y alta capacidad.<\/p>\n<\/div><\/div>\n<\/div>\n<\/div><\/div>\n\n\n\n<div style=\"height:var(--wp--preset--spacing--80)\" aria-hidden=\"true\" class=\"wp-block-spacer\"><\/div>","protected":false},"excerpt":{"rendered":"<p>PRODUCTS WESTPRO DELIVERS QUALITY MACHINERY TO ASSIST OUR CUSTOMERS IN ACHIEVING PEAK PERFORMANCE FEATURED Agglomerators Westpro Agglomerators are trusted worldwide to take on the toughest challenges while delivering consistent, reliable results. Attrition Scrubbers Westpro\u2019s versatile attrition scrubbers provide efficient slurry scrubbing solutions for applications in a variety of industries. Flocculant Preparation &amp; Dosing Systems Westpro\u2019s [&hellip;]<\/p>\n","protected":false},"author":1,"featured_media":0,"parent":0,"menu_order":2,"comment_status":"closed","ping_status":"closed","template":"","meta":{"_acf_changed":false,"footnotes":""},"class_list":["post-12","page","type-page","status-publish","hentry"],"acf":[],"aioseo_notices":[],"_links":{"self":[{"href":"https:\/\/www.westpromachinery.com\/es\/wp-json\/wp\/v2\/pages\/12","targetHints":{"allow":["GET"]}}],"collection":[{"href":"https:\/\/www.westpromachinery.com\/es\/wp-json\/wp\/v2\/pages"}],"about":[{"href":"https:\/\/www.westpromachinery.com\/es\/wp-json\/wp\/v2\/types\/page"}],"author":[{"embeddable":true,"href":"https:\/\/www.westpromachinery.com\/es\/wp-json\/wp\/v2\/users\/1"}],"replies":[{"embeddable":true,"href":"https:\/\/www.westpromachinery.com\/es\/wp-json\/wp\/v2\/comments?post=12"}],"version-history":[{"count":41,"href":"https:\/\/www.westpromachinery.com\/es\/wp-json\/wp\/v2\/pages\/12\/revisions"}],"predecessor-version":[{"id":4139,"href":"https:\/\/www.westpromachinery.com\/es\/wp-json\/wp\/v2\/pages\/12\/revisions\/4139"}],"wp:attachment":[{"href":"https:\/\/www.westpromachinery.com\/es\/wp-json\/wp\/v2\/media?parent=12"}],"curies":[{"name":"wp","href":"https:\/\/api.w.org\/{rel}","templated":true}]}}