{"id":14,"date":"2020-05-06T23:37:20","date_gmt":"2020-05-06T23:37:20","guid":{"rendered":"https:\/\/www.westpromachinery.com\/?page_id=14"},"modified":"2020-06-04T15:28:48","modified_gmt":"2020-06-04T21:28:48","slug":"modular-systems","status":"publish","type":"page","link":"https:\/\/www.westpromachinery.com\/es\/modular-systems\/","title":{"rendered":"Sistemas Modulares"},"content":{"rendered":"<h1 class=\"wp-block-heading\">Plantas modulares de proceso<\/h1>\n\n\n\n<p>Utilizando experiencia en procesamiento de minerales l\u00edder en la industria y capacidades de ingenier\u00eda integradas, Westpro dise\u00f1a y fabrica plantas modulares de procesamiento llave en mano, dise\u00f1adas para cumplir requisitos y condiciones espec\u00edficos de una obra. Las plantas combinan operaciones de unidad de la l\u00ednea de productos integral de Westpro, junto con sistemas auxiliares, para ofrecer a los clientes una soluci\u00f3n de tecnolog\u00eda de procesos completa.<\/p>\n\n\n\n<p>Las opciones de adaptaci\u00f3n del sistema incluyen dise\u00f1os de equipos, dise\u00f1os optimizados de plantas para una utilizaci\u00f3n eficiente del espacio, y el agregado de equipos auxiliares, seg\u00fan se requiera. Las plantas modulares se configuran con un enfoque particular en la facilidad de env\u00edo, instalaci\u00f3n y operabilidad. Antes del env\u00edo, Westpro ensambla y prueba cada m\u00f3dulo en la mayor medida posible, para garantizar que cada unidad cumpla con las normas de calidad de Westpro.<\/p>\n\n\n\n<div class=\"wp-block-columns is-layout-flex wp-container-core-columns-is-layout-9d6595d7 wp-block-columns-is-layout-flex\">\n<div class=\"wp-block-column is-layout-flow wp-block-column-is-layout-flow\">\n<h4 class=\"normal wp-block-heading\">LAS PLANTAS MODULARES DE PROCESO DE WESTPRO PUEDEN INCLUIR:<\/h4>\n\n\n\n<ul class=\"wp-block-list\"><li>Equipamiento de proceso principal<\/li><li>Equipos auxiliares (tal como limpieza de gases, sopladores, etc.)<\/li><li>Transportadores<\/li><li>Bombas, tuber\u00edas y v\u00e1lvulas<\/li><li>Instrumentaci\u00f3n y sistemas de control<\/li><li>Centro de Control de Motores (Motor Control Center o MCC, por sus siglas en ingl\u00e9s) con cableado el\u00e9ctrico<\/li><li>Marcos de soporte de equipos<\/li><li>Plataformas de acceso, pasarelas, y escaleras fijas y de mano<\/li><\/ul>\n<\/div>\n\n\n\n<div class=\"wp-block-column is-layout-flow wp-block-column-is-layout-flow\">\n<figure class=\"wp-block-image size-large\"><img loading=\"lazy\" decoding=\"async\" width=\"940\" height=\"705\" src=\"https:\/\/www.westpromachinery.com\/wp-content\/uploads\/2020\/05\/1489766440_1771-FL-Plant-Full-View-Large-Scale.jpg\" alt=\"\" class=\"wp-image-589\" srcset=\"https:\/\/www.westpromachinery.com\/wp-content\/uploads\/2020\/05\/1489766440_1771-FL-Plant-Full-View-Large-Scale.jpg 940w, https:\/\/www.westpromachinery.com\/wp-content\/uploads\/2020\/05\/1489766440_1771-FL-Plant-Full-View-Large-Scale-300x225.jpg 300w, https:\/\/www.westpromachinery.com\/wp-content\/uploads\/2020\/05\/1489766440_1771-FL-Plant-Full-View-Large-Scale-768x576.jpg 768w\" sizes=\"auto, (max-width: 940px) 100vw, 940px\" \/><\/figure>\n<\/div>\n<\/div>\n\n\n\n<hr class=\"wp-block-separator\"\/>","protected":false},"excerpt":{"rendered":"<p>Modular Process Plants Utilizing industry-leading mineral processing expertise and integrated engineering capabilities, Westpro designs and manufactures turnkey modular processing plants that are tailored to meet site specific requirements and conditions. The plants combine unit operations from Westpro\u2019s comprehensive product line, along with auxiliary items, to offer customers a complete process technology solution. System customization options [&hellip;]<\/p>\n","protected":false},"author":1,"featured_media":0,"parent":0,"menu_order":3,"comment_status":"closed","ping_status":"closed","template":"","meta":{"_acf_changed":false,"footnotes":""},"class_list":["post-14","page","type-page","status-publish","hentry"],"acf":[],"aioseo_notices":[],"_links":{"self":[{"href":"https:\/\/www.westpromachinery.com\/es\/wp-json\/wp\/v2\/pages\/14","targetHints":{"allow":["GET"]}}],"collection":[{"href":"https:\/\/www.westpromachinery.com\/es\/wp-json\/wp\/v2\/pages"}],"about":[{"href":"https:\/\/www.westpromachinery.com\/es\/wp-json\/wp\/v2\/types\/page"}],"author":[{"embeddable":true,"href":"https:\/\/www.westpromachinery.com\/es\/wp-json\/wp\/v2\/users\/1"}],"replies":[{"embeddable":true,"href":"https:\/\/www.westpromachinery.com\/es\/wp-json\/wp\/v2\/comments?post=14"}],"version-history":[{"count":5,"href":"https:\/\/www.westpromachinery.com\/es\/wp-json\/wp\/v2\/pages\/14\/revisions"}],"predecessor-version":[{"id":593,"href":"https:\/\/www.westpromachinery.com\/es\/wp-json\/wp\/v2\/pages\/14\/revisions\/593"}],"wp:attachment":[{"href":"https:\/\/www.westpromachinery.com\/es\/wp-json\/wp\/v2\/media?parent=14"}],"curies":[{"name":"wp","href":"https:\/\/api.w.org\/{rel}","templated":true}]}}