{"id":16,"date":"2020-05-06T23:37:48","date_gmt":"2020-05-06T23:37:48","guid":{"rendered":"https:\/\/www.westpromachinery.com\/?page_id=16"},"modified":"2022-03-10T09:47:12","modified_gmt":"2022-03-10T16:47:12","slug":"turnkey-systems","status":"publish","type":"page","link":"https:\/\/www.westpromachinery.com\/es\/turnkey-systems\/","title":{"rendered":"Sistemas llave en mano"},"content":{"rendered":"<h1 class=\"wp-block-heading\">Sistemas llave en mano<\/h1>\n\n\n\n<h4 class=\"wp-block-heading\">Su socio tecnol\u00f3gico de procesos desde 1985<\/h4>\n\n\n\n<div class=\"wp-block-columns is-layout-flex wp-container-core-columns-is-layout-9d6595d7 wp-block-columns-is-layout-flex\">\n<div class=\"wp-block-column is-layout-flow wp-block-column-is-layout-flow\" style=\"flex-basis:65%\">\n<p>The essence of a turnkey system is its readiness to be used immediately. This is the philosophy applied to all of Westpro&#8217;s Turnkey Systems. Our turnkey designs mean that customers do not need to manage a thing. Provide us with your performance expectations, technical specifications and battery limits and we will manage the rest. Perfect for small companies and those with limited technical capabilities.<\/p>\n<\/div>\n\n\n\n<div class=\"wp-block-column is-layout-flow wp-block-column-is-layout-flow\">\n<div class=\"wp-block-image\"><figure class=\"aligncenter size-large\"><img loading=\"lazy\" decoding=\"async\" width=\"330\" height=\"153\" src=\"https:\/\/www.westpromachinery.com\/wp-content\/uploads\/2020\/05\/1482519883_1476370852_Screen-Shot-2016-10-13-at-11.00.41-AM.png\" alt=\"\" class=\"wp-image-595\" srcset=\"https:\/\/www.westpromachinery.com\/wp-content\/uploads\/2020\/05\/1482519883_1476370852_Screen-Shot-2016-10-13-at-11.00.41-AM.png 330w, https:\/\/www.westpromachinery.com\/wp-content\/uploads\/2020\/05\/1482519883_1476370852_Screen-Shot-2016-10-13-at-11.00.41-AM-300x139.png 300w\" sizes=\"auto, (max-width: 330px) 100vw, 330px\" \/><\/figure><\/div>\n<\/div>\n<\/div>\n\n\n\n<div style=\"height:20px\" aria-hidden=\"true\" class=\"wp-block-spacer\"><\/div>\n\n\n\n<div class=\"wp-block-columns is-layout-flex wp-container-core-columns-is-layout-9d6595d7 wp-block-columns-is-layout-flex\">\n<div class=\"wp-block-column is-layout-flow wp-block-column-is-layout-flow\" style=\"flex-basis:45%\">\n<div class=\"wp-block-image\"><figure class=\"aligncenter size-large is-resized\"><img decoding=\"async\" src=\"https:\/\/www.westpromachinery.com\/wp-content\/uploads\/2020\/05\/1489777171_1771-FL-Plant-Installation-3.jpg\" alt=\"\" class=\"wp-image-596\" width=\"415\" srcset=\"https:\/\/www.westpromachinery.com\/wp-content\/uploads\/2020\/05\/1489777171_1771-FL-Plant-Installation-3.jpg 640w, https:\/\/www.westpromachinery.com\/wp-content\/uploads\/2020\/05\/1489777171_1771-FL-Plant-Installation-3-300x225.jpg 300w\" sizes=\"(max-width: 640px) 100vw, 640px\" \/><\/figure><\/div>\n<\/div>\n\n\n\n<div class=\"wp-block-column is-layout-flow wp-block-column-is-layout-flow\">\n<p>Westpro puede dise\u00f1ar, fabricar, transportar, instalar y poner en marcha su instalaci\u00f3n modular llave en mano. Tenemos experiencia en la supervisi\u00f3n de contratistas de construcci\u00f3n y, cuando es necesario, la instalaci\u00f3n de infraestructura completamente por nuestra cuenta. La decisi\u00f3n es suya. El punto de \"entrega\" al cliente de una instalaci\u00f3n llave en mano tambi\u00e9n puede variar. Algunas de las opciones de entrega ofrecidas a nuestros clientes incluyen:<\/p>\n\n\n\n<ul class=\"wp-block-list\"><li>Entrega completa de la instalaci\u00f3n modular en la obra (desmontada)<\/li><li>Infraestructura completa instalada en la obra<\/li><li>Entrega con comisionado (del 40 % - 50 % de la capacidad nominal)<\/li><li>Instalaci\u00f3n totalmente optimizada que opera al 100 % de la capacidad nominal<\/li><\/ul>\n<\/div>\n<\/div>\n\n\n\n<div style=\"height:60px\" aria-hidden=\"true\" class=\"wp-block-spacer\"><\/div>\n\n\n\n<h6 class=\"wp-block-heading\"><a href=\"https:\/\/www.westpromachinery.com\/es\/modular-systems\/\" target=\"_blank\" aria-label=\"undefined (opens in a new tab)\" rel=\"noreferrer noopener\">Una Planta Modular Llave en Mano de Westpro puede brindarle la tranquilidad que usted necesita.<\/a><\/h6>\n\n\n\n<p><\/p>","protected":false},"excerpt":{"rendered":"<p>Turnkey Systems YOUR PROCESS TECHNOLOGY PARTNER SINCE 1985 The essence of a turnkey system is its readiness to be used immediately. This is the philosophy applied to all of Westpro&#8217;s Turnkey Systems. Our turnkey designs mean that customers do not need to manage a thing. Provide us with your performance expectations, technical specifications and battery [&hellip;]<\/p>\n","protected":false},"author":1,"featured_media":0,"parent":0,"menu_order":4,"comment_status":"closed","ping_status":"closed","template":"","meta":{"_acf_changed":false,"footnotes":""},"class_list":["post-16","page","type-page","status-publish","hentry"],"acf":[],"aioseo_notices":[],"_links":{"self":[{"href":"https:\/\/www.westpromachinery.com\/es\/wp-json\/wp\/v2\/pages\/16","targetHints":{"allow":["GET"]}}],"collection":[{"href":"https:\/\/www.westpromachinery.com\/es\/wp-json\/wp\/v2\/pages"}],"about":[{"href":"https:\/\/www.westpromachinery.com\/es\/wp-json\/wp\/v2\/types\/page"}],"author":[{"embeddable":true,"href":"https:\/\/www.westpromachinery.com\/es\/wp-json\/wp\/v2\/users\/1"}],"replies":[{"embeddable":true,"href":"https:\/\/www.westpromachinery.com\/es\/wp-json\/wp\/v2\/comments?post=16"}],"version-history":[{"count":9,"href":"https:\/\/www.westpromachinery.com\/es\/wp-json\/wp\/v2\/pages\/16\/revisions"}],"predecessor-version":[{"id":1486,"href":"https:\/\/www.westpromachinery.com\/es\/wp-json\/wp\/v2\/pages\/16\/revisions\/1486"}],"wp:attachment":[{"href":"https:\/\/www.westpromachinery.com\/es\/wp-json\/wp\/v2\/media?parent=16"}],"curies":[{"name":"wp","href":"https:\/\/api.w.org\/{rel}","templated":true}]}}