{"id":18,"date":"2020-05-06T23:38:00","date_gmt":"2020-05-06T23:38:00","guid":{"rendered":"https:\/\/www.westpromachinery.com\/?page_id=18"},"modified":"2020-06-04T15:33:02","modified_gmt":"2020-06-04T21:33:02","slug":"parts-and-services","status":"publish","type":"page","link":"https:\/\/www.westpromachinery.com\/es\/parts-and-services\/","title":{"rendered":"Refacciones y servicio"},"content":{"rendered":"<div class=\"alignfull slider-wrapper non-home\">\r\n        <div class=\"acf-slider\">\r\n                            <div class=\"slide\" style=\"background: url('https:\/\/www.westpromachinery.com\/wp-content\/uploads\/2020\/05\/thumb_1501173439.jpg');\">\r\n                                    <\/div>\r\n                            <div class=\"slide\" style=\"background: url('https:\/\/www.westpromachinery.com\/wp-content\/uploads\/2020\/05\/thumb_1499969474.jpg');\">\r\n                                    <\/div>\r\n                            <div class=\"slide\" style=\"background: url('https:\/\/www.westpromachinery.com\/wp-content\/uploads\/2020\/05\/thumb_1499897822.jpg');\">\r\n                                    <\/div>\r\n                    <\/div>\r\n\r\n        \r\n        <div class=\"loader\" id=\"loader\">\r\n            <span><\/span>\r\n            <span><\/span>\r\n            <span><\/span>\r\n        <\/div>\r\n    <\/div>\r\n\r\n\n\n\n<h1 class=\"has-text-align-center wp-block-heading\">Piezas y servicio<\/h1>\n\n\n\n<p class=\"has-text-align-center\">La experiencia de Westpro en ingenier\u00eda nos permite ayudar a nuestros clientes a desarrollar soluciones de procesos innovadoras y eficientes. Estamos dedicados a la satisfacci\u00f3n del cliente, y lo demostramos con nuestro caracter\u00edstico soporte durante el ciclo de vida por parte de Westpro, como su socio de tecnolog\u00eda de procesos. Westpro presta la m\u00e1xima atenci\u00f3n a la satisfacci\u00f3n del cliente, no solo durante la venta inicial sino tambi\u00e9n durante el ciclo de vida de los equipos. Ofrecemos una gran variedad de servicios postventa y repuestos, para proporcionar una variedad de soluciones de proceso.<\/p>\n\n\n\n<div class=\"wp-block-image\"><figure class=\"aligncenter size-large is-resized\"><img decoding=\"async\" src=\"https:\/\/www.westpromachinery.com\/wp-content\/uploads\/2020\/05\/1501764131_CWB-Certification-Mark-EN-W47_1-709x1024.jpg\" alt=\"\" class=\"wp-image-612\" width=\"120\" srcset=\"https:\/\/www.westpromachinery.com\/wp-content\/uploads\/2020\/05\/1501764131_CWB-Certification-Mark-EN-W47_1-709x1024.jpg 709w, https:\/\/www.westpromachinery.com\/wp-content\/uploads\/2020\/05\/1501764131_CWB-Certification-Mark-EN-W47_1-208x300.jpg 208w, https:\/\/www.westpromachinery.com\/wp-content\/uploads\/2020\/05\/1501764131_CWB-Certification-Mark-EN-W47_1-768x1109.jpg 768w, https:\/\/www.westpromachinery.com\/wp-content\/uploads\/2020\/05\/1501764131_CWB-Certification-Mark-EN-W47_1.jpg 940w\" sizes=\"(max-width: 709px) 100vw, 709px\" \/><\/figure><\/div>\n\n\n\n<hr class=\"wp-block-separator\"\/>\n\n\n\n<div class=\"wp-block-columns tribox is-layout-flex wp-container-core-columns-is-layout-9d6595d7 wp-block-columns-is-layout-flex\">\n<div class=\"wp-block-column is-layout-flow wp-block-column-is-layout-flow\">\n<div class=\"wp-block-image\"><figure class=\"aligncenter size-large\"><a href=\"\/es\/parts-and-services\/after-market-services\/\"><img loading=\"lazy\" decoding=\"async\" width=\"300\" height=\"225\" src=\"https:\/\/www.westpromachinery.com\/wp-content\/uploads\/2020\/05\/thumb_1500304026.jpg\" alt=\"\" class=\"wp-image-615\"\/><\/a><\/figure><\/div>\n\n\n\n<h5 class=\"has-text-align-center wp-block-heading\"><a href=\"\/es\/parts-and-services\/after-market-services\/\">Servicios postventa<\/a><\/h5>\n\n\n\n<p class=\"has-text-align-center\">Como una empresa centrada en el cliente, Westpro se compromete a mantener a sus clientes en funcionamiento. Westpro tiene una divisi\u00f3n establecida de servi<\/p>\n<\/div>\n\n\n\n<div class=\"wp-block-column is-layout-flow wp-block-column-is-layout-flow\">\n<div class=\"wp-block-image\"><figure class=\"aligncenter size-large\"><a href=\"\/es\/parts-and-services\/engineering-design-capabilities\/\"><img loading=\"lazy\" decoding=\"async\" width=\"300\" height=\"225\" src=\"https:\/\/www.westpromachinery.com\/wp-content\/uploads\/2020\/05\/thumb_1476370355.png\" alt=\"\" class=\"wp-image-616\"\/><\/a><\/figure><\/div>\n\n\n\n<h5 class=\"has-text-align-center wp-block-heading\"><a href=\"\/es\/parts-and-services\/engineering-design-capabilities\/\">Capacidades de Dise\u00f1o de Ingenier\u00eda<\/a><\/h5>\n\n\n\n<p class=\"has-text-align-center\">El \u00e9xito de Westpro se ha construido sobre una s\u00f3lida base de calidad, lograda a trav\u00e9s de un dise\u00f1o de ingenier\u00eda innovador y robusto.<\/p>\n<\/div>\n\n\n\n<div class=\"wp-block-column is-layout-flow wp-block-column-is-layout-flow\">\n<div class=\"wp-block-image\"><figure class=\"aligncenter size-large\"><a href=\"\/es\/parts-and-services\/oem-replacement-parts\/\"><img loading=\"lazy\" decoding=\"async\" width=\"300\" height=\"226\" src=\"https:\/\/www.westpromachinery.com\/wp-content\/uploads\/2020\/05\/thumb_1483648249.png\" alt=\"\" class=\"wp-image-617\"\/><\/a><\/figure><\/div>\n\n\n\n<h5 class=\"has-text-align-center wp-block-heading\"><a href=\"\/es\/parts-and-services\/oem-replacement-parts\/\">Repuestos de OEM<\/a><\/h5>\n\n\n\n<p class=\"has-text-align-center\">Incluso los mejores sistemas tienen una vida \u00fatil limitada. Westpro est\u00e1 comprometida con la gesti\u00f3n proactiva del ciclo de vida de todos nuestros sistemas<\/p>\n<\/div>\n<\/div>\n\n\n\n<div style=\"height:40px\" aria-hidden=\"true\" class=\"wp-block-spacer\"><\/div>\n\n\n\n<hr class=\"wp-block-separator\"\/>\n\n\n\n<div class=\"wp-block-buttons aligncenter is-layout-flex wp-block-buttons-is-layout-flex\">\n<div class=\"wp-block-button block\"><a class=\"wp-block-button__link no-border-radius\" href=\"\/es\/contact\/#form\">\u00a1Pregunte ahora!<\/a><\/div>\n<\/div>","protected":false},"excerpt":{"rendered":"<p>Parts &amp; Services Westpro has the engineering expertise to support our customers in developing innovative and efficient process solutions. We are devoted to customer satisfaction and we demonstrate this with our signature Westpro life-cycle support as your process technology partner. Westpro offers the utmost attention to customer satisfaction not only during the initial sale but [&hellip;]<\/p>\n","protected":false},"author":1,"featured_media":0,"parent":0,"menu_order":5,"comment_status":"closed","ping_status":"closed","template":"","meta":{"_acf_changed":false,"footnotes":""},"class_list":["post-18","page","type-page","status-publish","hentry"],"acf":[],"aioseo_notices":[],"_links":{"self":[{"href":"https:\/\/www.westpromachinery.com\/es\/wp-json\/wp\/v2\/pages\/18","targetHints":{"allow":["GET"]}}],"collection":[{"href":"https:\/\/www.westpromachinery.com\/es\/wp-json\/wp\/v2\/pages"}],"about":[{"href":"https:\/\/www.westpromachinery.com\/es\/wp-json\/wp\/v2\/types\/page"}],"author":[{"embeddable":true,"href":"https:\/\/www.westpromachinery.com\/es\/wp-json\/wp\/v2\/users\/1"}],"replies":[{"embeddable":true,"href":"https:\/\/www.westpromachinery.com\/es\/wp-json\/wp\/v2\/comments?post=18"}],"version-history":[{"count":24,"href":"https:\/\/www.westpromachinery.com\/es\/wp-json\/wp\/v2\/pages\/18\/revisions"}],"predecessor-version":[{"id":632,"href":"https:\/\/www.westpromachinery.com\/es\/wp-json\/wp\/v2\/pages\/18\/revisions\/632"}],"wp:attachment":[{"href":"https:\/\/www.westpromachinery.com\/es\/wp-json\/wp\/v2\/media?parent=18"}],"curies":[{"name":"wp","href":"https:\/\/api.w.org\/{rel}","templated":true}]}}