{"id":22,"date":"2020-05-06T23:39:12","date_gmt":"2020-05-06T23:39:12","guid":{"rendered":"https:\/\/www.westpromachinery.com\/?page_id=22"},"modified":"2020-06-04T15:19:26","modified_gmt":"2020-06-04T21:19:26","slug":"mining","status":"publish","type":"page","link":"https:\/\/www.westpromachinery.com\/es\/process-technology\/mining\/","title":{"rendered":"Miner\u00eda"},"content":{"rendered":"<div class=\"alignfull slider-wrapper non-home\">\r\n        <div class=\"acf-slider\">\r\n                            <div class=\"slide\" style=\"background: url('https:\/\/www.westpromachinery.com\/wp-content\/uploads\/2020\/05\/thumb_1501182594.jpg');\">\r\n                                    <\/div>\r\n                            <div class=\"slide\" style=\"background: url('https:\/\/www.westpromachinery.com\/wp-content\/uploads\/2020\/05\/thumb_1501182145.jpg');\">\r\n                                    <\/div>\r\n                            <div class=\"slide\" style=\"background: url('https:\/\/www.westpromachinery.com\/wp-content\/uploads\/2020\/05\/thumb_1499787241.jpg');\">\r\n                                    <\/div>\r\n                    <\/div>\r\n\r\n        \r\n        <div class=\"loader\" id=\"loader\">\r\n            <span><\/span>\r\n            <span><\/span>\r\n            <span><\/span>\r\n        <\/div>\r\n    <\/div>\r\n\r\n\n\n\n<h1 class=\"wp-block-heading\">Miner\u00eda<\/h1>\n\n\n\n<div class=\"wp-block-image\"><figure class=\"alignright size-large\"><img loading=\"lazy\" decoding=\"async\" width=\"300\" height=\"225\" src=\"https:\/\/www.westpromachinery.com\/wp-content\/uploads\/2020\/05\/1489695449_thumb_1480094014.jpg\" alt=\"\" class=\"wp-image-483\"\/><\/figure><\/div>\n\n\n\n<p>Los sistemas y equipos de procesamiento de minerales son nuestra especialidad. Los equipos de Westpro son reconocidos en todo el mundo por su s\u00f3lida construcci\u00f3n, confiabilidad y alto rendimiento. Todos nuestros productos son para \"trabajo pesado minero\". Desde megaproyectos de miner\u00eda hasta operaciones piloto, Westpro tiene la capacidad de dise\u00f1ar y fabricar equipos de proceso, para cualquier escala de proyecto.<\/p>\n\n\n\n<p>El procesamiento de minerales, consiste en la separaci\u00f3n de minerales comercialmente valiosos. El procesamiento de minerales involucra cuatro tipos generales de operaciones unitarias:<\/p>\n\n\n\n<ul class=\"wp-block-list\"><li><strong>Reducci\u00f3n de tama\u00f1o<\/strong>&nbsp;\u2013 reducci\u00f3n del tama\u00f1o de las part\u00edculas (es decir, trituraci\u00f3n, molienda, etc.)<\/li><li><strong>Dimensionamiento<\/strong>&nbsp;\u2013 separaci\u00f3n de los tama\u00f1os de las part\u00edculas (es decir, detecci\u00f3n, clasificaci\u00f3n, etc.)<\/li><li><strong>Concentraci\u00f3n<\/strong>&nbsp;\u2013 concentraci\u00f3n de part\u00edculas usando diferencias en las propiedades f\u00edsicas y qu\u00edmicas de su superficie<\/li><li><strong>Filtrado<\/strong>&nbsp;\u2013 separaci\u00f3n s\u00f3lido\/l\u00edquido.<\/li><\/ul>\n\n\n\n<h6 class=\"wp-block-heading\">Westpro proporciona equipos e instalaciones modulares para triturar, separar, concentrar y filtrar minerales ricos en metales, en materiales de mayor contenido para su posterior procesamiento en lingotes met\u00e1licos, aleaciones met\u00e1licas o productos qu\u00edmicos industriales.<\/h6>\n\n\n\n<hr class=\"wp-block-separator\"\/>","protected":false},"excerpt":{"rendered":"<p>Mining Mineral processing systems and equipment are our bread and butter. Westpro&#8217;s equipment is renowned world-wide for robust construction, reliability and high performance. All our products are &#8220;mine-duty&#8221;. From mining mega projects to pilot operations, Westpro has the capabilities to design and manufacture process equipment for any project scale. Mineral processing, also known as ore [&hellip;]<\/p>\n","protected":false},"author":1,"featured_media":0,"parent":10,"menu_order":1,"comment_status":"closed","ping_status":"closed","template":"","meta":{"_acf_changed":false,"footnotes":""},"class_list":["post-22","page","type-page","status-publish","hentry"],"acf":[],"aioseo_notices":[],"_links":{"self":[{"href":"https:\/\/www.westpromachinery.com\/es\/wp-json\/wp\/v2\/pages\/22","targetHints":{"allow":["GET"]}}],"collection":[{"href":"https:\/\/www.westpromachinery.com\/es\/wp-json\/wp\/v2\/pages"}],"about":[{"href":"https:\/\/www.westpromachinery.com\/es\/wp-json\/wp\/v2\/types\/page"}],"author":[{"embeddable":true,"href":"https:\/\/www.westpromachinery.com\/es\/wp-json\/wp\/v2\/users\/1"}],"replies":[{"embeddable":true,"href":"https:\/\/www.westpromachinery.com\/es\/wp-json\/wp\/v2\/comments?post=22"}],"version-history":[{"count":10,"href":"https:\/\/www.westpromachinery.com\/es\/wp-json\/wp\/v2\/pages\/22\/revisions"}],"predecessor-version":[{"id":1257,"href":"https:\/\/www.westpromachinery.com\/es\/wp-json\/wp\/v2\/pages\/22\/revisions\/1257"}],"up":[{"embeddable":true,"href":"https:\/\/www.westpromachinery.com\/es\/wp-json\/wp\/v2\/pages\/10"}],"wp:attachment":[{"href":"https:\/\/www.westpromachinery.com\/es\/wp-json\/wp\/v2\/media?parent=22"}],"curies":[{"name":"wp","href":"https:\/\/api.w.org\/{rel}","templated":true}]}}