{"id":24,"date":"2020-05-06T23:39:30","date_gmt":"2020-05-06T23:39:30","guid":{"rendered":"https:\/\/www.westpromachinery.com\/?page_id=24"},"modified":"2020-08-26T11:36:15","modified_gmt":"2020-08-26T17:36:15","slug":"aggregate","status":"publish","type":"page","link":"https:\/\/www.westpromachinery.com\/es\/process-technology\/aggregate\/","title":{"rendered":"Agregados"},"content":{"rendered":"<div class=\"alignfull slider-wrapper non-home\">\r\n        <div class=\"acf-slider\">\r\n                            <div class=\"slide\" style=\"background: url('https:\/\/www.westpromachinery.com\/wp-content\/uploads\/2020\/05\/thumb_1501182594.jpg');\">\r\n                                    <\/div>\r\n                            <div class=\"slide\" style=\"background: url('https:\/\/www.westpromachinery.com\/wp-content\/uploads\/2020\/05\/thumb_1501182145.jpg');\">\r\n                                    <\/div>\r\n                            <div class=\"slide\" style=\"background: url('https:\/\/www.westpromachinery.com\/wp-content\/uploads\/2020\/05\/thumb_1499787241.jpg');\">\r\n                                    <\/div>\r\n                    <\/div>\r\n\r\n        \r\n        <div class=\"loader\" id=\"loader\">\r\n            <span><\/span>\r\n            <span><\/span>\r\n            <span><\/span>\r\n        <\/div>\r\n    <\/div>\r\n\r\n\n\n\n<h1 class=\"wp-block-heading\">Agregados<\/h1>\n\n\n\n<div class=\"wp-block-image\"><figure class=\"alignright size-large\"><img loading=\"lazy\" decoding=\"async\" width=\"300\" height=\"225\" src=\"https:\/\/www.westpromachinery.com\/wp-content\/uploads\/2020\/05\/1489695515_thumb_1480093968.jpg\" alt=\"\" class=\"wp-image-492\"\/><\/figure><\/div>\n\n\n\n<p>Las industrias de procesamiento de agregados y arenas de fractura ha sido un componente clave del negocio de Westpro, desde el inicio de la empresa en 1985. Westpro aplica su experiencia en reducci\u00f3n de tama\u00f1o, lavado de s\u00f3lidos y filtraci\u00f3n, para desarrollar soluciones tecnol\u00f3gicas de proceso rentables y confiables, configuradas a medida, seg\u00fan las demandas de la industria de agregados.<\/p>\n\n\n\n<p>Los agregados para la construcci\u00f3n, o simplemente \"agregados\", son una amplia categor\u00eda de material de part\u00edculas gruesas utilizado en la construcci\u00f3n, que incluye arena, grava, piedra triturada, escoria, concreto reciclado y agregados geosint\u00e9ticos. Los agregados son los materiales m\u00e1s minados en el mundo. Los agregados son un componente de materiales compuestos, que sirven como refuerzo para agregar resistencia al material compuesto en general. Los agregados tambi\u00e9n se usan ampliamente en aplicaciones de drenaje, y como material base bajo cimientos, carreteras y ferrocarriles.<\/p>\n\n\n\n<hr class=\"wp-block-separator\"\/>\n\n\n\n<h4 class=\"normal wp-block-heading\">Las fuentes de agregados se pueden agrupar en tres \u00e1reas principales:<\/h4>\n\n\n\n<div class=\"wp-block-columns is-layout-flex wp-container-core-columns-is-layout-9d6595d7 wp-block-columns-is-layout-flex\">\n<div class=\"wp-block-column is-layout-flow wp-block-column-is-layout-flow\" style=\"flex-basis:55%\">\n<ol class=\"wp-block-list\"><li>Miner\u00eda de dep\u00f3sitos de agregados minerales<\/li><li>Reutilizaci\u00f3n de desechos de escoria de la fabricaci\u00f3n de hierro y acero<\/li><li>Reciclaje de hormig\u00f3n<\/li><\/ol>\n<\/div>\n\n\n\n<div class=\"wp-block-column is-layout-flow wp-block-column-is-layout-flow\">\n<div class=\"wp-block-image\"><figure class=\"aligncenter size-full\"><img loading=\"lazy\" decoding=\"async\" width=\"940\" height=\"705\" src=\"https:\/\/www.westpromachinery.com\/wp-content\/uploads\/2020\/05\/1489780008_IMG_8128.jpg\" alt=\"\" class=\"wp-image-496\" srcset=\"https:\/\/www.westpromachinery.com\/wp-content\/uploads\/2020\/05\/1489780008_IMG_8128.jpg 940w, https:\/\/www.westpromachinery.com\/wp-content\/uploads\/2020\/05\/1489780008_IMG_8128-300x225.jpg 300w, https:\/\/www.westpromachinery.com\/wp-content\/uploads\/2020\/05\/1489780008_IMG_8128-768x576.jpg 768w\" sizes=\"auto, (max-width: 940px) 100vw, 940px\" \/><\/figure><\/div>\n\n\n\n<p><\/p>\n<\/div>\n<\/div>\n\n\n\n<hr class=\"wp-block-separator\"\/>\n\n\n\n<h4 class=\"normal wp-block-heading\">LAS L\u00cdNEAS DE PRODUCTOS DE PROCESAMIENTO DE AGREGADOS DE WESTPRO INCLUYEN:<\/h4>\n\n\n\n<div class=\"wp-block-columns is-layout-flex wp-container-core-columns-is-layout-9d6595d7 wp-block-columns-is-layout-flex\">\n<div class=\"wp-block-column is-layout-flow wp-block-column-is-layout-flow\">\n<ul class=\"wp-block-list\"><li><a aria-label=\"undefined (opens in a new tab)\" href=\"https:\/\/www.westpromachinery.com\/es\/product\/agitators\/\" target=\"_blank\" rel=\"noreferrer noopener\">Agitadores<\/a><\/li><li><a aria-label=\"undefined (opens in a new tab)\" href=\"https:\/\/www.westpromachinery.com\/es\/product\/attrition-scrubbers\/\" target=\"_blank\" rel=\"noreferrer noopener\">Atricionadores<\/a><\/li><li><a aria-label=\"undefined (opens in a new tab)\" href=\"https:\/\/www.westpromachinery.com\/es\/product\/cone-crushers\/\" target=\"_blank\" rel=\"noreferrer noopener\">Qebradoras de Cono<\/a><\/li><li><a aria-label=\"undefined (opens in a new tab)\" href=\"https:\/\/www.westpromachinery.com\/es\/product\/clarifiers\/\" target=\"_blank\" rel=\"noreferrer noopener\">Clarificadores<\/a><\/li><li><a aria-label=\"undefined (opens in a new tab)\" href=\"https:\/\/www.westpromachinery.com\/es\/product\/filter-presses\/\" target=\"_blank\" rel=\"noreferrer noopener\">Filtros prensa<\/a><\/li><li><a aria-label=\"undefined (opens in a new tab)\" href=\"https:\/\/www.westpromachinery.com\/es\/product\/flocculant-preparation-dosing-systems\/\" target=\"_blank\" rel=\"noreferrer noopener\">Sistemas de preparaci\u00f3n y dosificaci\u00f3n de floculantes<\/a><\/li><li><a href=\"https:\/\/www.westpromachinery.com\/es\/product\/grinding-mills\/\" target=\"_blank\" aria-label=\"undefined (opens in a new tab)\" rel=\"noreferrer noopener\">Molinos<\/a><\/li><\/ul>\n\n\n\n<p><\/p>\n<\/div>\n\n\n\n<div class=\"wp-block-column is-layout-flow wp-block-column-is-layout-flow\">\n<ul class=\"wp-block-list\"><li><a href=\"https:\/\/www.westpromachinery.com\/es\/product\/hopper-feeders\/\" target=\"_blank\" aria-label=\"undefined (opens in a new tab)\" rel=\"noreferrer noopener\">Alimentadores de tolva<\/a><\/li><li><a href=\"https:\/\/www.westpromachinery.com\/es\/product\/jaw-crushers\/\" target=\"_blank\" aria-label=\"undefined (opens in a new tab)\" rel=\"noreferrer noopener\">Quebradoras de mand\u00edbula<\/a><\/li><li><a href=\"https:\/\/www.westpromachinery.com\/es\/product\/rotary-dryers\/\" target=\"_blank\" aria-label=\"undefined (opens in a new tab)\" rel=\"noreferrer noopener\">Secadores Rotatorios<\/a><\/li><li><a href=\"https:\/\/www.westpromachinery.com\/es\/product\/rotary-trommels\/\" target=\"_blank\" aria-label=\"undefined (opens in a new tab)\" rel=\"noreferrer noopener\">Tr\u00f3meles Rotatorios<\/a><\/li><li><a href=\"https:\/\/www.westpromachinery.com\/es\/product\/thickeners\/\" target=\"_blank\" aria-label=\"undefined (opens in a new tab)\" rel=\"noreferrer noopener\">Espesadores<\/a><\/li><li><a href=\"https:\/\/www.westpromachinery.com\/es\/modular-systems\/crushing-plants\/\" target=\"_blank\" aria-label=\"undefined (opens in a new tab)\" rel=\"noreferrer noopener\">Trituradoras Port\u00e1tiles<\/a><\/li><\/ul>\n<\/div>\n<\/div>\n\n\n\n<p>Nuestro equipo cubre todo el rango de operaciones unitarias para plantas de agregados. Westpro posee experiencia en la industria, para combinar estos productos en una planta modular, proporcionando a sus clientes una soluci\u00f3n de proceso completa.<\/p>\n\n\n\n<hr class=\"wp-block-separator\"\/>","protected":false},"excerpt":{"rendered":"<p>Aggregate The aggregate and frac sand processing industries have made up a key component of Westpro\u2019s business since the company\u2019s inception in 1985. Westpro applies its expertise in comminution, solid scrubbing and dewatering to develop cost-effective and reliable process technology solutions custom-configured to the demands of the aggregate industry. Construction aggregate, or simply &#8220;aggregate&#8221;, is [&hellip;]<\/p>\n","protected":false},"author":1,"featured_media":0,"parent":10,"menu_order":2,"comment_status":"closed","ping_status":"closed","template":"","meta":{"_acf_changed":false,"footnotes":""},"class_list":["post-24","page","type-page","status-publish","hentry"],"acf":[],"aioseo_notices":[],"_links":{"self":[{"href":"https:\/\/www.westpromachinery.com\/es\/wp-json\/wp\/v2\/pages\/24","targetHints":{"allow":["GET"]}}],"collection":[{"href":"https:\/\/www.westpromachinery.com\/es\/wp-json\/wp\/v2\/pages"}],"about":[{"href":"https:\/\/www.westpromachinery.com\/es\/wp-json\/wp\/v2\/types\/page"}],"author":[{"embeddable":true,"href":"https:\/\/www.westpromachinery.com\/es\/wp-json\/wp\/v2\/users\/1"}],"replies":[{"embeddable":true,"href":"https:\/\/www.westpromachinery.com\/es\/wp-json\/wp\/v2\/comments?post=24"}],"version-history":[{"count":23,"href":"https:\/\/www.westpromachinery.com\/es\/wp-json\/wp\/v2\/pages\/24\/revisions"}],"predecessor-version":[{"id":1294,"href":"https:\/\/www.westpromachinery.com\/es\/wp-json\/wp\/v2\/pages\/24\/revisions\/1294"}],"up":[{"embeddable":true,"href":"https:\/\/www.westpromachinery.com\/es\/wp-json\/wp\/v2\/pages\/10"}],"wp:attachment":[{"href":"https:\/\/www.westpromachinery.com\/es\/wp-json\/wp\/v2\/media?parent=24"}],"curies":[{"name":"wp","href":"https:\/\/api.w.org\/{rel}","templated":true}]}}