{"id":26,"date":"2020-05-06T23:39:39","date_gmt":"2020-05-06T23:39:39","guid":{"rendered":"https:\/\/www.westpromachinery.com\/?page_id=26"},"modified":"2024-05-27T11:12:50","modified_gmt":"2024-05-27T17:12:50","slug":"wastewater","status":"publish","type":"page","link":"https:\/\/www.westpromachinery.com\/es\/process-technology\/wastewater\/","title":{"rendered":"Aguas residuales"},"content":{"rendered":"<div class=\"alignfull slider-wrapper non-home\">\r\n        <div class=\"acf-slider\">\r\n                            <div class=\"slide\" style=\"background: url('https:\/\/www.westpromachinery.com\/wp-content\/uploads\/2020\/05\/thumb_1501182594.jpg');\">\r\n                                    <\/div>\r\n                            <div class=\"slide\" style=\"background: url('https:\/\/www.westpromachinery.com\/wp-content\/uploads\/2020\/05\/thumb_1501182145.jpg');\">\r\n                                    <\/div>\r\n                            <div class=\"slide\" style=\"background: url('https:\/\/www.westpromachinery.com\/wp-content\/uploads\/2020\/05\/thumb_1499787241.jpg');\">\r\n                                    <\/div>\r\n                    <\/div>\r\n\r\n        \r\n        <div class=\"loader\" id=\"loader\">\r\n            <span><\/span>\r\n            <span><\/span>\r\n            <span><\/span>\r\n        <\/div>\r\n    <\/div>\r\n\r\n\n\n\n<h1 class=\"wp-block-heading\">Agua y aguas residuales<\/h1>\n\n\n<div class=\"wp-block-image\">\n<figure class=\"alignright size-full\"><img loading=\"lazy\" decoding=\"async\" width=\"300\" height=\"226\" src=\"https:\/\/www.westpromachinery.com\/wp-content\/uploads\/2020\/05\/1489695637_thumb_1489669745.jpg\" alt=\"\" class=\"wp-image-511\"\/><\/figure><\/div>\n\n\n<p>Westpro has over 38 years of proven performance in the Water and Wastewater Treatment industry. Working with a variety of stakeholders and municipalities, Westpro is prepared to supply the right equipment for any sized project. Our insight combined with our expertise in solids settling and solid-liquid separation technologies allow Westpro to continually deliver efficient and reliable process solutions to the Water and Wastewater Treatment Industry.<\/p>\n\n\n\n<p>La l\u00ednea de equipos de tratamiento de agua y aguas residuales de Westpro se puede utilizar para un n\u00famero significativo de operaciones unitarias en el proceso de tratamiento de aguas residuales, desde el filtrado de s\u00f3lidos suspendidos hasta la eliminaci\u00f3n de finos en un clarificador circular secundario. Se pueden combinar m\u00faltiples unidades de equipos, para proporcionar una soluci\u00f3n de proceso modular para las secciones de la planta de tratamiento.<\/p>\n\n\n\n<hr class=\"wp-block-separator has-css-opacity\"\/>\n\n\n\n<figure class=\"wp-block-embed is-type-video is-provider-youtube wp-block-embed-youtube wp-embed-aspect-16-9 wp-has-aspect-ratio\"><div class=\"wp-block-embed__wrapper\">\n<iframe loading=\"lazy\" title=\"Westpro Machinery: WasteWater\" width=\"580\" height=\"326\" src=\"https:\/\/www.youtube.com\/embed\/wEDcOWciwLs?feature=oembed\" frameborder=\"0\" allow=\"accelerometer; autoplay; clipboard-write; encrypted-media; gyroscope; picture-in-picture; web-share\" referrerpolicy=\"strict-origin-when-cross-origin\" allowfullscreen><\/iframe>\n<\/div><\/figure>\n\n\n\n<hr class=\"wp-block-separator has-css-opacity\"\/>\n\n\n\n<figure class=\"wp-block-image size-full\"><img loading=\"lazy\" decoding=\"async\" width=\"940\" height=\"529\" src=\"https:\/\/www.westpromachinery.com\/wp-content\/uploads\/2020\/05\/1501620942_Fermentor-Vernon-Top-Right-Side-View-7.jpg\" alt=\"\" class=\"wp-image-517\" srcset=\"https:\/\/www.westpromachinery.com\/wp-content\/uploads\/2020\/05\/1501620942_Fermentor-Vernon-Top-Right-Side-View-7.jpg 940w, https:\/\/www.westpromachinery.com\/wp-content\/uploads\/2020\/05\/1501620942_Fermentor-Vernon-Top-Right-Side-View-7-300x169.jpg 300w, https:\/\/www.westpromachinery.com\/wp-content\/uploads\/2020\/05\/1501620942_Fermentor-Vernon-Top-Right-Side-View-7-768x432.jpg 768w\" sizes=\"auto, (max-width: 940px) 100vw, 940px\" \/><figcaption class=\"wp-element-caption\"><em>Fermentador en Vernon, British Columbia, Canad\u00e1<\/em><\/figcaption><\/figure>\n\n\n\n<hr class=\"wp-block-separator has-css-opacity\"\/>\n\n\n\n<figure class=\"wp-block-image size-full\"><img loading=\"lazy\" decoding=\"async\" width=\"940\" height=\"529\" src=\"https:\/\/www.westpromachinery.com\/wp-content\/uploads\/2020\/05\/1501620923_Clarifier-Lillooet-34.jpg\" alt=\"\" class=\"wp-image-519\" srcset=\"https:\/\/www.westpromachinery.com\/wp-content\/uploads\/2020\/05\/1501620923_Clarifier-Lillooet-34.jpg 940w, https:\/\/www.westpromachinery.com\/wp-content\/uploads\/2020\/05\/1501620923_Clarifier-Lillooet-34-300x169.jpg 300w, https:\/\/www.westpromachinery.com\/wp-content\/uploads\/2020\/05\/1501620923_Clarifier-Lillooet-34-768x432.jpg 768w\" sizes=\"auto, (max-width: 940px) 100vw, 940px\" \/><figcaption class=\"wp-element-caption\"><em>Clarificador en Lillooet, British Columbia, Canad\u00e1<\/em><\/figcaption><\/figure>\n\n\n\n<hr class=\"wp-block-separator has-css-opacity\"\/>\n\n\n\n<figure class=\"wp-block-image size-full\"><img loading=\"lazy\" decoding=\"async\" width=\"940\" height=\"529\" src=\"https:\/\/www.westpromachinery.com\/wp-content\/uploads\/2020\/05\/1501620951_Clarifier-Squamish-1.jpg\" alt=\"\" class=\"wp-image-520\" srcset=\"https:\/\/www.westpromachinery.com\/wp-content\/uploads\/2020\/05\/1501620951_Clarifier-Squamish-1.jpg 940w, https:\/\/www.westpromachinery.com\/wp-content\/uploads\/2020\/05\/1501620951_Clarifier-Squamish-1-300x169.jpg 300w, https:\/\/www.westpromachinery.com\/wp-content\/uploads\/2020\/05\/1501620951_Clarifier-Squamish-1-768x432.jpg 768w\" sizes=\"auto, (max-width: 940px) 100vw, 940px\" \/><figcaption class=\"wp-element-caption\"><em>Clarificador en Squamish, British Columbia, Canad\u00e1<\/em><\/figcaption><\/figure>\n\n\n\n<hr class=\"wp-block-separator has-css-opacity\"\/>","protected":false},"excerpt":{"rendered":"<p>Water &amp; Wastewater Westpro has over 38 years of proven performance in the Water and Wastewater Treatment industry. Working with a variety of stakeholders and municipalities, Westpro is prepared to supply the right equipment for any sized project. Our insight combined with our expertise in solids settling and solid-liquid separation technologies allow Westpro to continually [&hellip;]<\/p>\n","protected":false},"author":1,"featured_media":0,"parent":10,"menu_order":3,"comment_status":"closed","ping_status":"closed","template":"","meta":{"_acf_changed":false,"footnotes":""},"class_list":["post-26","page","type-page","status-publish","hentry"],"acf":[],"aioseo_notices":[],"_links":{"self":[{"href":"https:\/\/www.westpromachinery.com\/es\/wp-json\/wp\/v2\/pages\/26","targetHints":{"allow":["GET"]}}],"collection":[{"href":"https:\/\/www.westpromachinery.com\/es\/wp-json\/wp\/v2\/pages"}],"about":[{"href":"https:\/\/www.westpromachinery.com\/es\/wp-json\/wp\/v2\/types\/page"}],"author":[{"embeddable":true,"href":"https:\/\/www.westpromachinery.com\/es\/wp-json\/wp\/v2\/users\/1"}],"replies":[{"embeddable":true,"href":"https:\/\/www.westpromachinery.com\/es\/wp-json\/wp\/v2\/comments?post=26"}],"version-history":[{"count":15,"href":"https:\/\/www.westpromachinery.com\/es\/wp-json\/wp\/v2\/pages\/26\/revisions"}],"predecessor-version":[{"id":3766,"href":"https:\/\/www.westpromachinery.com\/es\/wp-json\/wp\/v2\/pages\/26\/revisions\/3766"}],"up":[{"embeddable":true,"href":"https:\/\/www.westpromachinery.com\/es\/wp-json\/wp\/v2\/pages\/10"}],"wp:attachment":[{"href":"https:\/\/www.westpromachinery.com\/es\/wp-json\/wp\/v2\/media?parent=26"}],"curies":[{"name":"wp","href":"https:\/\/api.w.org\/{rel}","templated":true}]}}