{"id":28,"date":"2020-05-06T23:40:01","date_gmt":"2020-05-06T23:40:01","guid":{"rendered":"https:\/\/www.westpromachinery.com\/?page_id=28"},"modified":"2025-03-14T12:30:36","modified_gmt":"2025-03-14T18:30:36","slug":"about","status":"publish","type":"page","link":"https:\/\/www.westpromachinery.com\/es\/about\/","title":{"rendered":"Acerca de nosotros"},"content":{"rendered":"<h1 class=\"wp-block-heading\">Nosotros<\/h1>\n\n\n\n<h4 class=\"wp-block-heading\">Su socio tecnol\u00f3gico de procesos desde 1985<\/h4>\n\n\n\n<p>Westpro Machinery Inc. is an innovative Canadian mineral processing technology company with over 40 years of experience in the mining, wastewater and aggregate industries. As a result of an unwavering focus on quality and customer satisfaction, Westpro\u2019s equipment is renowned world-wide for robust construction, reliability and high performance.<\/p>\n\n\n<div class=\"wp-block-image\">\n<figure class=\"alignright size-large is-resized\"><img loading=\"lazy\" decoding=\"async\" width=\"940\" height=\"529\" src=\"https:\/\/www.westpromachinery.com\/wp-content\/uploads\/2020\/05\/1501268891_20170728_150421.jpg\" alt=\"\" class=\"wp-image-645\" style=\"width:300px;height:undefinedpx\" srcset=\"https:\/\/www.westpromachinery.com\/wp-content\/uploads\/2020\/05\/1501268891_20170728_150421.jpg 940w, https:\/\/www.westpromachinery.com\/wp-content\/uploads\/2020\/05\/1501268891_20170728_150421-300x169.jpg 300w, https:\/\/www.westpromachinery.com\/wp-content\/uploads\/2020\/05\/1501268891_20170728_150421-768x432.jpg 768w\" sizes=\"auto, (max-width: 940px) 100vw, 940px\" \/><\/figure><\/div>\n\n\n<p>Desde megaproyectos de miner\u00eda hasta operaciones de planta piloto, Westpro tiene la capacidad de dise\u00f1ar y fabricar equipos de proceso para toda escala de proyectos. Adem\u00e1s, la amplia gama de equipos de procesamiento de minerales de la empresa le permite integrar diferentes l\u00edneas de productos en el dise\u00f1o de plantas modulares de proceso.<\/p>\n\n\n\n<p>Utilizando las habilidades de un personal talentoso y experimentado de ingenieros multidisciplinarios, todos los equipos de Westpro est\u00e1n dise\u00f1ados para ofrecer un rendimiento \u00f3ptimo en cada aplicaci\u00f3n. Proveemos servicios adicionales, tales como supervisi\u00f3n de la instalaci\u00f3n, puesta en marcha, auditor\u00eda de procesos y equipo, y piezas de repuesto, lo que garantiza que los clientes reciban una soluci\u00f3n de tecnolog\u00eda de procesos completa.<\/p>\n\n\n\n<p>Los equipos y sistemas de proceso de Westpro est\u00e1n probados en operaciones mineras, con instalaciones en m\u00e1s de 20 pa\u00edses de todo el mundo, incluyendo Canad\u00e1, Chile, Guatemala, Guyana, Indonesia, Mal\u00ed, M\u00e9xico, Nigeria, Per\u00fa, Filipinas, Rusia, Arabia Saudita, Espa\u00f1a, Suriname, Turqu\u00eda y Estados Unidos de Am\u00e9rica. Con asociaciones globales de suministros y fabricaci\u00f3n, Westpro est\u00e1 en una posici\u00f3n ideal para ofrecer soluciones de alta calidad y competitivas para proyectos, en cualquier parte del mundo.<\/p>\n\n\n\n<p>El compromiso de Westpro con la excelencia lo ha establecido como l\u00edder de la industria, con las \u00faltimas tecnolog\u00edas, los mejores precios, las entregas m\u00e1s r\u00e1pidas y un servicio sin igual.<\/p>\n\n\n\n<h6 class=\"wp-block-heading\"><strong><em>P\u00f3ngase en contacto con Westpro, su socio en tecnolog\u00eda de procesos, hoy mismo.<\/em><\/strong><\/h6>\n\n\n\n<hr class=\"wp-block-separator has-css-opacity\"\/>\n\n\n\n<figure class=\"wp-block-embed is-type-video is-provider-youtube wp-block-embed-youtube wp-embed-aspect-16-9 wp-has-aspect-ratio\"><div class=\"wp-block-embed__wrapper\">\n<iframe loading=\"lazy\" title=\"Westpro Machinery Inc.\" width=\"580\" height=\"326\" src=\"https:\/\/www.youtube.com\/embed\/PHQTL8lWfcM?feature=oembed\" frameborder=\"0\" allow=\"accelerometer; autoplay; clipboard-write; encrypted-media; gyroscope; picture-in-picture; web-share\" referrerpolicy=\"strict-origin-when-cross-origin\" allowfullscreen><\/iframe>\n<\/div><\/figure>\n\n\n\n<div style=\"height:100px\" aria-hidden=\"true\" class=\"wp-block-spacer\"><\/div>\n\n\n\n<div class=\"wp-block-group alignfull yellow-strip\"><div class=\"wp-block-group__inner-container is-layout-flow wp-block-group-is-layout-flow\">\n<div class=\"wp-block-cover is-light leadership container\"><span aria-hidden=\"true\" class=\"wp-block-cover__background has-background-dim-0 has-background-dim\"><\/span><img loading=\"lazy\" decoding=\"async\" width=\"1100\" height=\"500\" class=\"wp-block-cover__image-background wp-image-652\" alt=\"\" src=\"https:\/\/www.westpromachinery.com\/wp-content\/uploads\/2020\/05\/wire_background.png\" data-object-fit=\"cover\" srcset=\"https:\/\/www.westpromachinery.com\/wp-content\/uploads\/2020\/05\/wire_background.png 1100w, https:\/\/www.westpromachinery.com\/wp-content\/uploads\/2020\/05\/wire_background-300x136.png 300w, https:\/\/www.westpromachinery.com\/wp-content\/uploads\/2020\/05\/wire_background-1024x465.png 1024w, https:\/\/www.westpromachinery.com\/wp-content\/uploads\/2020\/05\/wire_background-768x349.png 768w\" sizes=\"auto, (max-width: 1100px) 100vw, 1100px\" \/><div class=\"wp-block-cover__inner-container is-layout-flow wp-block-cover-is-layout-flow\">\n<div class=\"wp-block-columns is-layout-flex wp-container-core-columns-is-layout-9d6595d7 wp-block-columns-is-layout-flex\">\n<div class=\"wp-block-column is-layout-flow wp-block-column-is-layout-flow\"><\/div>\n\n\n\n<div class=\"wp-block-column is-layout-flow wp-block-column-is-layout-flow\" style=\"flex-basis:65%\">\n<h3 class=\"wp-block-heading has-text-align-center\">Liderazgo<\/h3>\n\n\n\n<p class=\"has-text-align-center\">El \u00e9xito de una empresa requiere un liderazgo probado, confiable e innovador. Nuestro personal de gesti\u00f3n ha establecido un historial probado, manifestado por la satisfacci\u00f3n del cliente y el \u00e9xito empresarial de Westpro. Somos reconocidos como socios confiables para alcanzar y superar los objetivos y expectativas de los clientes. Fomentando soluciones innovadoras con resultados medibles, los l\u00edderes corporativos de Westpro establecen el alto est\u00e1ndar de excelencia que se encuentra en cada producto y servicio de Westpro.<\/p>\n<\/div>\n<\/div>\n<\/div><\/div>\n<\/div><\/div>\n\n\n\n<div class=\"wp-block-columns alignfull about-tribox is-layout-flex wp-container-core-columns-is-layout-9d6595d7 wp-block-columns-is-layout-flex\">\n<div class=\"wp-block-column is-layout-flow wp-block-column-is-layout-flow\">\n<div class=\"wp-block-cover is-light\" style=\"min-height:500px;aspect-ratio:unset;\"><span aria-hidden=\"true\" class=\"wp-block-cover__background has-background-dim\"><\/span><img loading=\"lazy\" decoding=\"async\" width=\"1000\" height=\"667\" class=\"wp-block-cover__image-background wp-image-665\" alt=\"\" src=\"https:\/\/www.westpromachinery.com\/wp-content\/uploads\/2020\/05\/testimonals.jpg\" data-object-fit=\"cover\" srcset=\"https:\/\/www.westpromachinery.com\/wp-content\/uploads\/2020\/05\/testimonals.jpg 1000w, https:\/\/www.westpromachinery.com\/wp-content\/uploads\/2020\/05\/testimonals-300x200.jpg 300w, https:\/\/www.westpromachinery.com\/wp-content\/uploads\/2020\/05\/testimonals-768x512.jpg 768w\" sizes=\"auto, (max-width: 1000px) 100vw, 1000px\" \/><div class=\"wp-block-cover__inner-container is-layout-flow wp-block-cover-is-layout-flow\">\n<h3 class=\"wp-block-heading has-text-align-center\"><a href=\"\/es\/about\/testimonials\/\">Testimonios<\/a><\/h3>\n<\/div><\/div>\n<\/div>\n\n\n\n<div class=\"wp-block-column is-layout-flow wp-block-column-is-layout-flow\">\n<div class=\"wp-block-cover\" style=\"min-height:500px;aspect-ratio:unset;\"><span aria-hidden=\"true\" class=\"wp-block-cover__background has-background-dim\"><\/span><img loading=\"lazy\" decoding=\"async\" width=\"1000\" height=\"651\" class=\"wp-block-cover__image-background wp-image-670\" alt=\"\" src=\"https:\/\/www.westpromachinery.com\/wp-content\/uploads\/2020\/05\/howtoworkwithus.jpg\" data-object-fit=\"cover\" srcset=\"https:\/\/www.westpromachinery.com\/wp-content\/uploads\/2020\/05\/howtoworkwithus.jpg 1000w, https:\/\/www.westpromachinery.com\/wp-content\/uploads\/2020\/05\/howtoworkwithus-300x195.jpg 300w, https:\/\/www.westpromachinery.com\/wp-content\/uploads\/2020\/05\/howtoworkwithus-768x500.jpg 768w\" sizes=\"auto, (max-width: 1000px) 100vw, 1000px\" \/><div class=\"wp-block-cover__inner-container is-layout-flow wp-block-cover-is-layout-flow\">\n<h3 class=\"wp-block-heading has-text-align-center\"><a href=\"\/es\/about\/how-to-work-with-us\/\">C\u00f3mo trabajar con nosotros<\/a><\/h3>\n<\/div><\/div>\n<\/div>\n\n\n\n<div class=\"wp-block-column is-layout-flow wp-block-column-is-layout-flow\">\n<div class=\"wp-block-cover is-light\" style=\"min-height:500px;aspect-ratio:unset;\"><span aria-hidden=\"true\" class=\"wp-block-cover__background has-background-dim\"><\/span><img loading=\"lazy\" decoding=\"async\" width=\"1000\" height=\"656\" class=\"wp-block-cover__image-background wp-image-671\" alt=\"\" src=\"https:\/\/www.westpromachinery.com\/wp-content\/uploads\/2020\/05\/westproadvatgage.jpg\" data-object-fit=\"cover\" srcset=\"https:\/\/www.westpromachinery.com\/wp-content\/uploads\/2020\/05\/westproadvatgage.jpg 1000w, https:\/\/www.westpromachinery.com\/wp-content\/uploads\/2020\/05\/westproadvatgage-300x197.jpg 300w, https:\/\/www.westpromachinery.com\/wp-content\/uploads\/2020\/05\/westproadvatgage-768x504.jpg 768w\" sizes=\"auto, (max-width: 1000px) 100vw, 1000px\" \/><div class=\"wp-block-cover__inner-container is-layout-flow wp-block-cover-is-layout-flow\">\n<h3 class=\"wp-block-heading has-text-align-center\"><a href=\"\/es\/about\/the-westpro-advantage\/\">La ventaja de Westpro<\/a><\/h3>\n<\/div><\/div>\n<\/div>\n<\/div>","protected":false},"excerpt":{"rendered":"<p>About Us YOUR PROCESS TECHNOLOGY PARTNER SINCE 1985 Westpro Machinery Inc. is an innovative Canadian mineral processing technology company with over 40 years of experience in the mining, wastewater and aggregate industries. As a result of an unwavering focus on quality and customer satisfaction, Westpro\u2019s equipment is renowned world-wide for robust construction, reliability and high [&hellip;]<\/p>\n","protected":false},"author":1,"featured_media":0,"parent":0,"menu_order":7,"comment_status":"closed","ping_status":"closed","template":"","meta":{"_acf_changed":false,"footnotes":""},"class_list":["post-28","page","type-page","status-publish","hentry"],"acf":[],"aioseo_notices":[],"_links":{"self":[{"href":"https:\/\/www.westpromachinery.com\/es\/wp-json\/wp\/v2\/pages\/28","targetHints":{"allow":["GET"]}}],"collection":[{"href":"https:\/\/www.westpromachinery.com\/es\/wp-json\/wp\/v2\/pages"}],"about":[{"href":"https:\/\/www.westpromachinery.com\/es\/wp-json\/wp\/v2\/types\/page"}],"author":[{"embeddable":true,"href":"https:\/\/www.westpromachinery.com\/es\/wp-json\/wp\/v2\/users\/1"}],"replies":[{"embeddable":true,"href":"https:\/\/www.westpromachinery.com\/es\/wp-json\/wp\/v2\/comments?post=28"}],"version-history":[{"count":31,"href":"https:\/\/www.westpromachinery.com\/es\/wp-json\/wp\/v2\/pages\/28\/revisions"}],"predecessor-version":[{"id":2683,"href":"https:\/\/www.westpromachinery.com\/es\/wp-json\/wp\/v2\/pages\/28\/revisions\/2683"}],"wp:attachment":[{"href":"https:\/\/www.westpromachinery.com\/es\/wp-json\/wp\/v2\/media?parent=28"}],"curies":[{"name":"wp","href":"https:\/\/api.w.org\/{rel}","templated":true}]}}