{"id":299,"date":"2020-05-15T10:57:29","date_gmt":"2020-05-15T16:57:29","guid":{"rendered":"https:\/\/www.westpromachinery.com\/?page_id=299"},"modified":"2020-06-04T15:39:30","modified_gmt":"2020-06-04T21:39:30","slug":"how-to-work-with-us","status":"publish","type":"page","link":"https:\/\/www.westpromachinery.com\/es\/about\/how-to-work-with-us\/","title":{"rendered":"How to Work With Us"},"content":{"rendered":"<h1 class=\"wp-block-heading\">C\u00f3mo trabajar con nosotros<\/h1>\n\n\n\n<p>En Westpro conocemos el Procesamiento de Minerales. Sabemos qu\u00e9 funciona, la primera vez, y todo el tiempo. Estamos orgullosos de nuestra experiencia y nuestros logros. Ver nuestros productos y sistemas funcionando a la capacidad de dise\u00f1o en aplicaciones del mundo real, es la raz\u00f3n por la que lo hacemos. Ya sea que se trate de adaptar el equipo, o de impulsar la innovaci\u00f3n en el dise\u00f1o de plantas, fomentando nuevas ideas y alentando los avances en ingenier\u00eda, en Westpro siempre estamos buscando formas de mejorar.<\/p>\n\n\n\n<hr class=\"wp-block-separator\"\/>\n\n\n\n<h4 class=\"has-text-align-center wp-block-heading\"><a href=\"https:\/\/www.westpromachinery.com\/es\/contact\/\">P\u00d3NGASE EN CONTACTO CON WESTPRO HOY<\/a><\/h4>\n\n\n\n<hr class=\"wp-block-separator\"\/>\n\n\n\n<p>Una vez que usted se ponga en contacto con Westpro, nuestro personal de ventas especializado lo ayudar\u00e1 a encontrar su soluci\u00f3n de procesos. Adem\u00e1s, uno de nuestros expertos en tecnolog\u00eda de procesos analizar\u00e1 los requisitos espec\u00edficos del cliente. Los representantes de Westpro se dedican a escuchar al cliente, para crear la soluci\u00f3n de procesos m\u00e1s eficiente para su aplicaci\u00f3n. En base a esto, el personal de ingenieros expertos de Westpro crear\u00e1 un dise\u00f1o a la medida, que se adaptar\u00e1 exactamente a los requisitos del cliente. Una vez que el personal tenga un dise\u00f1o a la medida completo, nuestro grupo de expertos en fabricaci\u00f3n altamente capacitado lo fabrica en nuestras instalaciones de Westpro. No mucho despu\u00e9s de la fabricaci\u00f3n, el equipo est\u00e1 construido y listo para ser enviado a todas partes el mundo, para cumplir con los requisitos de entrega r\u00e1pida del cliente. Al final, el equipo se instala, se pone en servicio, y un representante de Westpro capacita a todo el personal, en la planta. El equipo de atenci\u00f3n al cliente de Westpro, especializado y multiling\u00fce, siempre est\u00e1 preparado para mantener la m\u00e1xima eficiencia de la tecnolog\u00eda de procesos de minerales de Westpro. Este es nuestro soporte de ciclo de vida.<\/p>\n\n\n\n<hr class=\"wp-block-separator\"\/>\n\n\n\n<h4 class=\"has-text-align-center wp-block-heading\"><a href=\"https:\/\/www.westpromachinery.com\/es\/contact\/\">P\u00d3NGASE EN CONTACTO CON WESTPRO Y ENCUENTRE SU SOLUCI\u00d3N DE PROCESO HOY<\/a><\/h4>\n\n\n\n<hr class=\"wp-block-separator\"\/>","protected":false},"excerpt":{"rendered":"<p>How To Work With Us At Westpro we know Mineral Processing. We know what works, first time, every time. We are proud of our experience and our accomplishments. Seeing our products and systems performing to name-plate capacity in real-world applications is why we do it. Whether it&#8217;s customizing equipment or pushing innovation in plant design [&hellip;]<\/p>\n","protected":false},"author":1,"featured_media":0,"parent":28,"menu_order":2,"comment_status":"closed","ping_status":"closed","template":"","meta":{"_acf_changed":false,"footnotes":""},"class_list":["post-299","page","type-page","status-publish","hentry"],"acf":[],"aioseo_notices":[],"_links":{"self":[{"href":"https:\/\/www.westpromachinery.com\/es\/wp-json\/wp\/v2\/pages\/299","targetHints":{"allow":["GET"]}}],"collection":[{"href":"https:\/\/www.westpromachinery.com\/es\/wp-json\/wp\/v2\/pages"}],"about":[{"href":"https:\/\/www.westpromachinery.com\/es\/wp-json\/wp\/v2\/types\/page"}],"author":[{"embeddable":true,"href":"https:\/\/www.westpromachinery.com\/es\/wp-json\/wp\/v2\/users\/1"}],"replies":[{"embeddable":true,"href":"https:\/\/www.westpromachinery.com\/es\/wp-json\/wp\/v2\/comments?post=299"}],"version-history":[{"count":3,"href":"https:\/\/www.westpromachinery.com\/es\/wp-json\/wp\/v2\/pages\/299\/revisions"}],"predecessor-version":[{"id":3378,"href":"https:\/\/www.westpromachinery.com\/es\/wp-json\/wp\/v2\/pages\/299\/revisions\/3378"}],"up":[{"embeddable":true,"href":"https:\/\/www.westpromachinery.com\/es\/wp-json\/wp\/v2\/pages\/28"}],"wp:attachment":[{"href":"https:\/\/www.westpromachinery.com\/es\/wp-json\/wp\/v2\/media?parent=299"}],"curies":[{"name":"wp","href":"https:\/\/api.w.org\/{rel}","templated":true}]}}