{"id":301,"date":"2020-05-15T10:57:43","date_gmt":"2020-05-15T16:57:43","guid":{"rendered":"https:\/\/www.westpromachinery.com\/?page_id=301"},"modified":"2020-06-04T15:39:38","modified_gmt":"2020-06-04T21:39:38","slug":"the-westpro-advantage","status":"publish","type":"page","link":"https:\/\/www.westpromachinery.com\/es\/about\/the-westpro-advantage\/","title":{"rendered":"La ventaja de Westpro"},"content":{"rendered":"<h1 class=\"wp-block-heading\">La ventaja de Westpro<\/h1>\n\n\n\n<h4 class=\"wp-block-heading\">EXPERIENCIA EN LA INDUSTRIA<\/h4>\n\n\n\n<p>En Westpro, conocemos el procesamiento de minerales. Nuestra experiencia l\u00edder en la industria se ha desarrollado a trav\u00e9s de m\u00e1s de 30 a\u00f1os de experiencia en el dise\u00f1o y la fabricaci\u00f3n de tecnolog\u00eda para el procesamiento de minerales. Nuestro talentoso personal de ingenieros combina sus conocimientos y habilidades, para desarrollar soluciones \u00f3ptimas para el procesamiento de una gama de productos, en proyectos de todo el mundo.<\/p>\n\n\n\n<div style=\"height:20px\" aria-hidden=\"true\" class=\"wp-block-spacer\"><\/div>\n\n\n\n<h4 class=\"wp-block-heading\">CALIDAD INQUEBRANTABLE<\/h4>\n\n\n\n<p>El enfoque en la calidad es la piedra angular de la filosof\u00eda de Westpro, y se hace evidente en el rendimiento de nuestras m\u00e1quinas. Los dise\u00f1os de trabajo pesado aseguran que los equipos de Westpro brinden alto rendimiento y necesiten poco mantenimiento, en los entornos m\u00e1s competitivos.<\/p>\n\n\n\n<div style=\"height:20px\" aria-hidden=\"true\" class=\"wp-block-spacer\"><\/div>\n\n\n\n<h4 class=\"wp-block-heading\">SOLUCIONES A LA MEDIDA<\/h4>\n\n\n\n<p>La capacidad de adaptar soluciones a los requisitos espec\u00edficos de cada proyecto es un diferenciador clave para Westpro. Nuestro personal de ingenier\u00eda trabaja en estrecha colaboraci\u00f3n con cada cliente, para dise\u00f1ar y fabricar equipos o plantas de procesamiento a la medida que cumplan con los objetivos y requisitos espec\u00edficos del proyecto. Comprendemos totalmente que un equipo \u201cstandard \u201d no es una soluci\u00f3n para todo<\/p>\n\n\n\n<div style=\"height:20px\" aria-hidden=\"true\" class=\"wp-block-spacer\"><\/div>\n\n\n\n<h4 class=\"wp-block-heading\">SOPORTE DURANTE EL CICLO DE VIDA COMPLETO<\/h4>\n\n\n\n<p>La satisfacci\u00f3n del cliente durante el ciclo de vida del equipo es de primordial importancia para Westpro. Nos enorgullece ofrecer los servicios de un personal de soporte multiling\u00fce, para brindar a nuestros clientes un soporte integral que incluye repuestos r\u00e1pidos, asistencia en planta, experiencia t\u00e9cnica y reparaci\u00f3n de equipos.<\/p>\n\n\n\n<div style=\"height:20px\" aria-hidden=\"true\" class=\"wp-block-spacer\"><\/div>\n\n\n\n<h4 class=\"wp-block-heading\">TECNOLOG\u00cdA DE VANGUARDIA<\/h4>\n\n\n\n<p>Comprometido con la mejora continua y la Investigaci\u00f3n y el Desarrollo, Westpro cuenta con un comprobado historial de desarrollo de tecnolog\u00edas innovadoras, para ayudar a impulsar el retorno de las Inversiones de nuestros clientes. Usted puede confiar en que los equipos de Westpro lo mantendr\u00e1n a la vanguardia, gracias a su enfoque en la mejora del rendimiento operativo, la eficiencia energ\u00e9tica y la confiabilidad.<\/p>\n\n\n\n<div style=\"height:20px\" aria-hidden=\"true\" class=\"wp-block-spacer\"><\/div>\n\n\n\n<h4 class=\"wp-block-heading\">TIEMPOS DE ENTREGA L\u00cdDERES EN LA INDUSTRIA<\/h4>\n\n\n\n<p>Westpro es l\u00edder de la industria en plazos de entrega. Nos enorgullece trabajar con nuestros clientes para ofrecer los plazos de entrega m\u00e1s r\u00e1pidos en la industria. Este es uno de nuestros principales diferenciadores. Ya sea que hablemos de entrega en planta o desde nuestras instalaciones de fabricaci\u00f3n, \u00a1tener su equipo y sistemas listos a tiempo es todo!<\/p>\n\n\n\n<div style=\"height:20px\" aria-hidden=\"true\" class=\"wp-block-spacer\"><\/div>\n\n\n\n<h4 class=\"wp-block-heading\">MEJOR PRECIO<\/h4>\n\n\n\n<p>La estrategia de precios de Westpro es simple, ofrecemos a nuestros clientes la m\u00e1s alta calidad, al precio m\u00e1s bajo. Puede confiar en que Westpro lo ayudar\u00e1 a mantener su proyecto dentro del plazo y del presupuesto.<\/p>","protected":false},"excerpt":{"rendered":"<p>The Westpro Advantage INDUSTRY EXPERTISE At Westpro, we know mineral processing. Our industry-leading expertise has been developed through over 30 years of experience in the design and manufacture of mineral processing technology. Our talented team of engineers combine their knowledge and skills to develop optimal solutions for the processing of a range of commodities in [&hellip;]<\/p>\n","protected":false},"author":1,"featured_media":0,"parent":28,"menu_order":3,"comment_status":"closed","ping_status":"closed","template":"","meta":{"_acf_changed":false,"footnotes":""},"class_list":["post-301","page","type-page","status-publish","hentry"],"acf":[],"aioseo_notices":[],"_links":{"self":[{"href":"https:\/\/www.westpromachinery.com\/es\/wp-json\/wp\/v2\/pages\/301","targetHints":{"allow":["GET"]}}],"collection":[{"href":"https:\/\/www.westpromachinery.com\/es\/wp-json\/wp\/v2\/pages"}],"about":[{"href":"https:\/\/www.westpromachinery.com\/es\/wp-json\/wp\/v2\/types\/page"}],"author":[{"embeddable":true,"href":"https:\/\/www.westpromachinery.com\/es\/wp-json\/wp\/v2\/users\/1"}],"replies":[{"embeddable":true,"href":"https:\/\/www.westpromachinery.com\/es\/wp-json\/wp\/v2\/comments?post=301"}],"version-history":[{"count":4,"href":"https:\/\/www.westpromachinery.com\/es\/wp-json\/wp\/v2\/pages\/301\/revisions"}],"predecessor-version":[{"id":1247,"href":"https:\/\/www.westpromachinery.com\/es\/wp-json\/wp\/v2\/pages\/301\/revisions\/1247"}],"up":[{"embeddable":true,"href":"https:\/\/www.westpromachinery.com\/es\/wp-json\/wp\/v2\/pages\/28"}],"wp:attachment":[{"href":"https:\/\/www.westpromachinery.com\/es\/wp-json\/wp\/v2\/media?parent=301"}],"curies":[{"name":"wp","href":"https:\/\/api.w.org\/{rel}","templated":true}]}}