{"id":32,"date":"2020-05-06T23:40:32","date_gmt":"2020-05-06T23:40:32","guid":{"rendered":"https:\/\/www.westpromachinery.com\/?page_id=32"},"modified":"2020-09-03T10:16:59","modified_gmt":"2020-09-03T16:16:59","slug":"resources","status":"publish","type":"page","link":"https:\/\/www.westpromachinery.com\/es\/resources\/","title":{"rendered":"Descargas"},"content":{"rendered":"<h1 class=\"wp-block-heading\">Descargas<\/h1>\n\n\n\n<p>Si\u00e9ntase libre de explorar nuestro material y h\u00e1ganos saber si tiene alguna pregunta. \u00a1Estamos aqu\u00ed para ayudar!<\/p>\n\n\n\n<figure class=\"wp-block-image size-large is-resized\"><img decoding=\"async\" src=\"https:\/\/www.westpromachinery.com\/wp-content\/uploads\/2020\/05\/1489774489_IMG_8878.jpg\" alt=\"\" class=\"wp-image-681\" width=\"440\"\/><\/figure>\n\n\n\n<hr class=\"wp-block-separator\"\/>\n\n\n\n<h4 class=\"wp-block-heading\">PREGUNTAS FRECUENTES<\/h4>\n\n\n\n<div class=\"wp-block-group faq\"><div class=\"wp-block-group__inner-container is-layout-flow wp-block-group-is-layout-flow\">\n<h5 class=\"wp-block-heading\">\u00bfWESTPRO OFRECE COMISIONAMIENTO, SOPORTE PARA LA PUESTA EN MARCHA Y CAPACITACI\u00d3N?<\/h5>\n\n\n\n<div class=\"wp-block-group answer\"><div class=\"wp-block-group__inner-container is-layout-flow wp-block-group-is-layout-flow\">\n<p>Westpro puede proporcionar lo siguiente:<\/p>\n\n\n\n<ul class=\"wp-block-list\"><li>Precomisionamiento<\/li><li>Servicios de instalaci\u00f3n y\/o supervisi\u00f3n<\/li><li>Puesta en marchaComisionamiento<\/li><li>Capacitaci\u00f3n<\/li><li>Servicios de puesta en marcha para todos sus equipos y plantas modulares<\/li><\/ul>\n<\/div><\/div>\n<\/div><\/div>\n\n\n\n<div class=\"wp-block-group faq\"><div class=\"wp-block-group__inner-container is-layout-flow wp-block-group-is-layout-flow\">\n<h5 class=\"wp-block-heading\">\u00bfCON QU\u00c9 C\u00d3DIGOS Y NORMAS DISE\u00d1A Y FABRICA WESTPRO?<\/h5>\n\n\n\n<div class=\"wp-block-group answer\"><div class=\"wp-block-group__inner-container is-layout-flow wp-block-group-is-layout-flow\">\n<h5 class=\"wp-block-heading\">COMO FABRICANTE GLOBAL, WESTPRO PUEDE TRABAJAR CON VARIOS C\u00d3DIGOS Y NORMAS DE INGENIER\u00cdA, QUE INCLUYEN:<\/h5>\n\n\n\n<ul class=\"wp-block-list\"><li>Normas de Am\u00e9rica del Norte (ASME, ANSI, ASTM, etc.)<\/li><li>C\u00f3digos canadienses (CSA, etc.)<\/li><li>C\u00f3digos europeos (EN, DIN, CE, etc.)<\/li><li>Norma internacional (ISO, etc.)<\/li><li>C\u00f3digos rusos (GOST, etc.)<\/li><li>Est\u00e1ndares australianos (AS, etc.)<\/li><li>Oficina Canadiense de Soldadura (CWB)<\/li><li>Administraci\u00f3n de Seguridad y Salud Ocupacional (OSHA)<\/li><\/ul>\n<\/div><\/div>\n<\/div><\/div>\n\n\n\n<div class=\"wp-block-group faq\"><div class=\"wp-block-group__inner-container is-layout-flow wp-block-group-is-layout-flow\">\n<h5 class=\"wp-block-heading\">\u00bfCU\u00c1L ES LA GARANT\u00cdA EST\u00c1NDAR DE WESTPRO?<\/h5>\n\n\n\n<div class=\"wp-block-group answer\"><div class=\"wp-block-group__inner-container is-layout-flow wp-block-group-is-layout-flow\">\n<p>Westpro Machinery garantiza sus equipos por un per\u00edodo de 12 meses a partir de la fecha de puesta en marcha, sin exceder un per\u00edodo de 18 meses a partir de la fecha de env\u00edo, ante defectos de materiales y mano de obra, en condiciones normales de operaci\u00f3n. Los planes de garant\u00eda extendida est\u00e1n disponibles a pedido.<\/p>\n<\/div><\/div>\n<\/div><\/div>\n\n\n\n<hr class=\"wp-block-separator\"\/>\n\n\n\n<h4 class=\"wp-block-heading\">ENLACES A<\/h4>\n\n\n    <div class=\"buttons-container\">\r\n        \r\n            <a href=\"https:\/\/www.bloomberg.com\/markets\/commodities\/futures\/metals\" target=\"_blank\" class=\"download-btn\">Bloomberg &#8211; Precious &amp; Industrial Metal Prices<\/a>\r\n\r\n        \r\n            <a href=\"https:\/\/mstacanada.ca\/\" target=\"_blank\" class=\"download-btn\">CAMESE<\/a>\r\n\r\n        \r\n            <a href=\"https:\/\/www.edc.ca\/\" target=\"_blank\" class=\"download-btn\">Export Development Canada (EDC)<\/a>\r\n\r\n        \r\n            <a href=\"http:\/\/www.infomine.com\/index\/suppliers\/westpro_machinery_inc..html\" target=\"_blank\" class=\"download-btn\">InfoMine<\/a>\r\n\r\n        \r\n            <a href=\"http:\/\/www.ic.gc.ca\/eic\/site\/icgc.nsf\/eng\/home\" target=\"_blank\" class=\"download-btn\">Innovation, Science and Economic Development<\/a>\r\n\r\n        \r\n            <a href=\"http:\/\/www.mining.com\/web\/westpro-machinery-awarded-55-high-capacity-thickener-and-40x50-jaw-crusher-for-stornoway-diamonds-renard-project\/\" target=\"_blank\" class=\"download-btn\">MINING.com<\/a>\r\n\r\n            <\/div>\r\n\n\n\n<hr class=\"wp-block-separator\"\/>\n\n\n\n<h4 class=\"wp-block-heading\">DOCUMENTOS<\/h4>\n\n\n    <div class=\"buttons-container\">\r\n        \r\n            <a href=\"https:\/\/www.westpromachinery.com\/wp-content\/uploads\/2020\/05\/1504015888_Agglomerator-Chain-Drive-Product-Brochure.pdf\" class=\"download-btn\">Chain Drive Brochure and Sizing Chart<\/a>\r\n\r\n        \r\n            <a href=\"https:\/\/www.westpromachinery.com\/wp-content\/uploads\/2020\/05\/1504015929_Agglomerator-Tire-Drive-Product-Brochure.pdf\" class=\"download-btn\">Agglomerators Tire Drive &#8211; Brochure<\/a>\r\n\r\n        \r\n            <a href=\"https:\/\/www.westpromachinery.com\/wp-content\/uploads\/2020\/05\/1504015985_Agitator-Product-Brochure.pdf\" class=\"download-btn\">Agitators &#8211; Brochure<\/a>\r\n\r\n        \r\n            <a href=\"https:\/\/www.westpromachinery.com\/wp-content\/uploads\/2020\/05\/1504016027_Apron-Feeder-Product-Brochure.pdf\" class=\"download-btn\">Apron Feeders &#8211; Brochure<\/a>\r\n\r\n        \r\n            <a href=\"https:\/\/www.westpromachinery.com\/wp-content\/uploads\/2020\/06\/1504016062_Attrition-Scubber-Product-Brochure.pdf\" class=\"download-btn\">Attrition Scrubbers &#8211; Brochure<\/a>\r\n\r\n        \r\n            <a href=\"https:\/\/www.westpromachinery.com\/wp-content\/uploads\/2020\/06\/1504016091_Ball-Mill-Product-Brochure.pdf\" class=\"download-btn\">Ball Mills &#8211; Brochure<\/a>\r\n\r\n        \r\n            <a href=\"https:\/\/www.westpromachinery.com\/wp-content\/uploads\/2020\/06\/1504016126_Batch-Ball-Mill-Product-Brochure.pdf\" class=\"download-btn\">Batch Ball Mills &#8211; Brochure<\/a>\r\n\r\n        \r\n            <a href=\"https:\/\/www.westpromachinery.com\/wp-content\/uploads\/2020\/06\/1504016076_Clarifier-Product-Brochure.pdf\" class=\"download-btn\">Clarifiers &#8211; Brochure<\/a>\r\n\r\n        \r\n            <a href=\"https:\/\/www.westpromachinery.com\/wp-content\/uploads\/2020\/06\/1504016104_Cone-Crusher-Product-Brochure.pdf\" class=\"download-btn\">Cone Crushers &#8211; Brochure<\/a>\r\n\r\n        \r\n            <a href=\"https:\/\/www.westpromachinery.com\/wp-content\/uploads\/2020\/06\/1504016213_Disk-Filter-Product-Brochure.pdf\" class=\"download-btn\">Disc Filters &#8211; Brochure<\/a>\r\n\r\n        \r\n            <a href=\"https:\/\/www.westpromachinery.com\/wp-content\/uploads\/2020\/06\/1504016157_Drum-Scrubber-Product-Brochure.pdf\" class=\"download-btn\">Drum Scrubbers &#8211; Brochure<\/a>\r\n\r\n        \r\n            <a href=\"https:\/\/www.westpromachinery.com\/wp-content\/uploads\/2020\/06\/1504016219_Filter-Press-Product-Brochure.pdf\" class=\"download-btn\">Filter Press &#8211; Brochure<\/a>\r\n\r\n        \r\n            <a href=\"https:\/\/www.westpromachinery.com\/wp-content\/uploads\/2020\/06\/1504016318_Fines-Removal-Systems-Brochure.pdf\" class=\"download-btn\">Fines Removal Systems &#8211; Brochure<\/a>\r\n\r\n        \r\n            <a href=\"https:\/\/www.westpromachinery.com\/wp-content\/uploads\/2020\/06\/1504016358_Flocculant-Preparation-and-Dosing-Systems-Product-Brochure.pdf\" class=\"download-btn\">Flocculant Preparation &#038; Dosing Systems &#8211; Brochure<\/a>\r\n\r\n        \r\n            <a href=\"https:\/\/www.westpromachinery.com\/wp-content\/uploads\/2020\/06\/1504016345_Flotation-Conventional-Product-Brochure.pdf\" class=\"download-btn\">Flotation (Conventional) &#8211; Brochure<\/a>\r\n\r\n        \r\n            <a href=\"https:\/\/www.westpromachinery.com\/wp-content\/uploads\/2020\/06\/1504016425_Flotation-Tank-Cell-Product-Brochure.pdf\" class=\"download-btn\">Flotation (Tank Cell) &#8211; Brochure<\/a>\r\n\r\n        \r\n            <a href=\"https:\/\/www.westpromachinery.com\/wp-content\/uploads\/2020\/06\/1504016459_Grinding-Mill-Accessories-Product-Brochure.pdf\" class=\"download-btn\">Grinding Mill Accessories &#8211; Brochure<\/a>\r\n\r\n        \r\n            <a href=\"https:\/\/www.westpromachinery.com\/wp-content\/uploads\/2020\/06\/1504016489_Grinding-Mills-Product-Brochure.pdf\" class=\"download-btn\">Grinding Mills &#8211; Brochure<\/a>\r\n\r\n        \r\n            <a href=\"https:\/\/www.westpromachinery.com\/wp-content\/uploads\/2020\/06\/1504016429_Hopper-Feeder-Product-Brochure.pdf\" class=\"download-btn\">Hopper Feeders &#8211; Brochure<\/a>\r\n\r\n        \r\n            <a href=\"https:\/\/www.westpromachinery.com\/wp-content\/uploads\/2020\/06\/1511545075_Jaw-Crusher-Product-Brochure-Rev-1.pdf\" class=\"download-btn\">Jaw Crushers &#8211; Brochure<\/a>\r\n\r\n        \r\n            <a href=\"https:\/\/www.westpromachinery.com\/wp-content\/uploads\/2020\/06\/1504016484_Lime-Slaking-System-Product-Brochure.pdf\" class=\"download-btn\">Lime Slaking Systems &#8211; Brochure<\/a>\r\n\r\n        \r\n            <a href=\"https:\/\/www.westpromachinery.com\/wp-content\/uploads\/2020\/06\/1504016519_Pilot-and-Laboratory-Equipment-Product-Brochure.pdf\" class=\"download-btn\">Pilot &#038; Laboratory Equipment &#8211; Brochure<\/a>\r\n\r\n        \r\n            <a href=\"https:\/\/www.westpromachinery.com\/wp-content\/uploads\/2020\/06\/1504016632_Portable-Cone-Crusher-Product-Brochure.pdf\" class=\"download-btn\">Portable Cone Crusher &#8211; Brochure<\/a>\r\n\r\n        \r\n            <a href=\"https:\/\/www.westpromachinery.com\/wp-content\/uploads\/2020\/06\/1504016587_Portable-Hopper-Feeders.pdf\" class=\"download-btn\">Portable Hopper Feeders &#8211; Brochure<\/a>\r\n\r\n        \r\n            <a href=\"https:\/\/www.westpromachinery.com\/wp-content\/uploads\/2020\/06\/1504016703_Portable-Jaw-Crusher-Product-Brochure.pdf\" class=\"download-btn\">Portable Jaw Crushers &#8211; Brochure<\/a>\r\n\r\n        \r\n            <a href=\"https:\/\/www.westpromachinery.com\/wp-content\/uploads\/2020\/06\/1504016729_Portable-Rotary-Dryers-Product-Brochure.pdf\" class=\"download-btn\">Portable Rotary Dryers &#8211; Brochure<\/a>\r\n\r\n        \r\n            <a href=\"https:\/\/www.westpromachinery.com\/wp-content\/uploads\/2020\/06\/1504016760_Portable-Rotary-Trommel-Product-Brochure.pdf\" class=\"download-btn\">Portable Rotary Trommels &#8211; Brochure<\/a>\r\n\r\n        \r\n            <a href=\"https:\/\/www.westpromachinery.com\/wp-content\/uploads\/2020\/06\/1504016788_Reagent-Preparation-and-Dosing-Systems-Product-Brochure.pdf\" class=\"download-btn\">Reagent Preparation &#038; Dosing Systems &#8211; Brochure<\/a>\r\n\r\n        \r\n            <a href=\"https:\/\/www.westpromachinery.com\/wp-content\/uploads\/2020\/06\/1504016820_Rod-Mill-Product-Brochure.pdf\" class=\"download-btn\">Rod Mills &#8211; Brochure<\/a>\r\n\r\n        \r\n            <a href=\"https:\/\/www.westpromachinery.com\/wp-content\/uploads\/2020\/06\/1504016800_Rotary-Dryer-Product-Brochure.pdf\" class=\"download-btn\">Rotary Dryers &#8211; Brochure<\/a>\r\n\r\n        \r\n            <a href=\"https:\/\/www.westpromachinery.com\/wp-content\/uploads\/2020\/06\/1504016871_Rotary-Trommels-Product-Brochure.pdf\" class=\"download-btn\">Rotary Trommels &#8211; Brochure<\/a>\r\n\r\n        \r\n            <a href=\"https:\/\/www.westpromachinery.com\/wp-content\/uploads\/2020\/06\/1587494836_Tailings-Management-Product-Brochure.pdf\" class=\"download-btn\">Tailings Management<\/a>\r\n\r\n        \r\n            <a href=\"https:\/\/www.westpromachinery.com\/wp-content\/uploads\/2020\/06\/1504016882_Thickener-HDU-Product-Brochure.pdf\" class=\"download-btn\">Thickener HDU &#8211; Brochure<\/a>\r\n\r\n        \r\n            <a href=\"https:\/\/www.westpromachinery.com\/wp-content\/uploads\/2020\/06\/1504016894_Thickener-HC-Product-Brochure.pdf\" class=\"download-btn\">Thickeners High Capacity &#8211; Brochure<\/a>\r\n\r\n        \r\n            <a href=\"https:\/\/www.westpromachinery.com\/wp-content\/uploads\/2020\/06\/1489436569_Westpro-Machinery-Company-Brochure.pdf\" class=\"download-btn\">Westpro Machinery - Folleto de la empresa<\/a>\r\n\r\n        \r\n            <a href=\"https:\/\/www.westpromachinery.com\/wp-content\/uploads\/2020\/06\/1556025238_Westpro_Spanish.pdf\" class=\"download-btn\">Westpro Machinery &#8211; Spanish Company Brochure<\/a>\r\n\r\n        \r\n            <a href=\"\" class=\"download-btn\"><\/a>\r\n\r\n            <\/div>","protected":false},"excerpt":{"rendered":"<p>Resources Feel free to browse our Resources and let us know if you have any questions. We are here to help. FAQ&#8217;S DOES WESTPRO OFFER COMMISSIONING, START-UP SUPPORT AND TRAINING? Westpro can provide the following: Pre-commissioning Installation services and\/or supervision Commissioning Training Start-up services for all of its equipment and modular plants WHAT CODES AND [&hellip;]<\/p>\n","protected":false},"author":1,"featured_media":0,"parent":0,"menu_order":9,"comment_status":"closed","ping_status":"closed","template":"","meta":{"_acf_changed":false,"footnotes":""},"class_list":["post-32","page","type-page","status-publish","hentry"],"acf":[],"aioseo_notices":[],"_links":{"self":[{"href":"https:\/\/www.westpromachinery.com\/es\/wp-json\/wp\/v2\/pages\/32","targetHints":{"allow":["GET"]}}],"collection":[{"href":"https:\/\/www.westpromachinery.com\/es\/wp-json\/wp\/v2\/pages"}],"about":[{"href":"https:\/\/www.westpromachinery.com\/es\/wp-json\/wp\/v2\/types\/page"}],"author":[{"embeddable":true,"href":"https:\/\/www.westpromachinery.com\/es\/wp-json\/wp\/v2\/users\/1"}],"replies":[{"embeddable":true,"href":"https:\/\/www.westpromachinery.com\/es\/wp-json\/wp\/v2\/comments?post=32"}],"version-history":[{"count":44,"href":"https:\/\/www.westpromachinery.com\/es\/wp-json\/wp\/v2\/pages\/32\/revisions"}],"predecessor-version":[{"id":1309,"href":"https:\/\/www.westpromachinery.com\/es\/wp-json\/wp\/v2\/pages\/32\/revisions\/1309"}],"wp:attachment":[{"href":"https:\/\/www.westpromachinery.com\/es\/wp-json\/wp\/v2\/media?parent=32"}],"curies":[{"name":"wp","href":"https:\/\/api.w.org\/{rel}","templated":true}]}}