{"id":34,"date":"2020-05-06T23:40:40","date_gmt":"2020-05-06T23:40:40","guid":{"rendered":"https:\/\/www.westpromachinery.com\/?page_id=34"},"modified":"2020-09-28T15:44:52","modified_gmt":"2020-09-28T21:44:52","slug":"careers","status":"publish","type":"page","link":"https:\/\/www.westpromachinery.com\/es\/careers\/","title":{"rendered":"Carreras"},"content":{"rendered":"<h1 class=\"wp-block-heading\">Carreras<\/h1>\n\n\n\n<p><strong><em>L\u00edder en tecnolog\u00eda de procesos<\/em>:&nbsp;<\/strong>Las ra\u00edces de Westpro datan de 1985. La tecnolog\u00eda de Westpro es reconocida en todo el mundo por su s\u00f3lida construcci\u00f3n, fiabilidad y alto rendimiento, y como resultado, se puede encontrar en m\u00e1s de 20 pa\u00edses de todo el mundo. Desde mega proyectos de miner\u00eda hasta las operaciones de planta piloto, Westpro tiene la capacidad de dise\u00f1ar y fabricar equipos de proceso a cualquier escala.<\/p>\n\n\n\n<p><strong><em>Un lugar de trabajo din\u00e1mico, flexible y emocionante<\/em>:&nbsp;<\/strong>Exposici\u00f3n global y oportunidades. Incluso mientras creamos una gran experiencia en un \u00e1rea del negocio, nuestros empleados pueden experimentar diferentes oportunidades de carrera al cambiar su rol en distintos departamentos y ubicaciones comerciales, mientras viajan alrededor del mundo.<\/p>\n\n\n\n<p><strong><em>Crecimiento ilimitado<\/em>:&nbsp;<\/strong>Los resultados abren oportunidades ilimitadas. Westpro es un entorno fant\u00e1stico para la clase de emprendedor que se desarrolla en un entorno creativo de ritmo vertiginoso, donde nada es imposible.<\/p>\n\n\n\n<figure class=\"wp-block-image size-large is-resized\"><img decoding=\"async\" src=\"https:\/\/www.westpromachinery.com\/wp-content\/uploads\/2020\/05\/1489766576_IMAG0303.jpg\" alt=\"\" class=\"wp-image-688\" width=\"500\" srcset=\"https:\/\/www.westpromachinery.com\/wp-content\/uploads\/2020\/05\/1489766576_IMAG0303.jpg 940w, https:\/\/www.westpromachinery.com\/wp-content\/uploads\/2020\/05\/1489766576_IMAG0303-300x170.jpg 300w, https:\/\/www.westpromachinery.com\/wp-content\/uploads\/2020\/05\/1489766576_IMAG0303-768x435.jpg 768w\" sizes=\"(max-width: 940px) 100vw, 940px\" \/><\/figure>\n\n\n\n<hr class=\"wp-block-separator\"\/>\n\n\n\n<div style=\"height:20px\" aria-hidden=\"true\" class=\"wp-block-spacer\"><\/div>\n\n\n\n<h4 class=\"wp-block-heading\">TODAS LAS CARRERAS<\/h4>","protected":false},"excerpt":{"rendered":"<p>Careers A process technology leader:&nbsp;Westpro\u2019s roots date back to 1985. Westpro\u2019s technology is renowned world-wide for it robust construction, reliability and high performance and as a result, can be found in more than 20 countries around the globe. From mining mega projects to pilot plant operations, Westpro has the capability to design and manufacture process [&hellip;]<\/p>\n","protected":false},"author":1,"featured_media":0,"parent":0,"menu_order":10,"comment_status":"closed","ping_status":"closed","template":"","meta":{"_acf_changed":false,"footnotes":""},"class_list":["post-34","page","type-page","status-publish","hentry"],"acf":[],"aioseo_notices":[],"_links":{"self":[{"href":"https:\/\/www.westpromachinery.com\/es\/wp-json\/wp\/v2\/pages\/34","targetHints":{"allow":["GET"]}}],"collection":[{"href":"https:\/\/www.westpromachinery.com\/es\/wp-json\/wp\/v2\/pages"}],"about":[{"href":"https:\/\/www.westpromachinery.com\/es\/wp-json\/wp\/v2\/types\/page"}],"author":[{"embeddable":true,"href":"https:\/\/www.westpromachinery.com\/es\/wp-json\/wp\/v2\/users\/1"}],"replies":[{"embeddable":true,"href":"https:\/\/www.westpromachinery.com\/es\/wp-json\/wp\/v2\/comments?post=34"}],"version-history":[{"count":9,"href":"https:\/\/www.westpromachinery.com\/es\/wp-json\/wp\/v2\/pages\/34\/revisions"}],"predecessor-version":[{"id":3695,"href":"https:\/\/www.westpromachinery.com\/es\/wp-json\/wp\/v2\/pages\/34\/revisions\/3695"}],"wp:attachment":[{"href":"https:\/\/www.westpromachinery.com\/es\/wp-json\/wp\/v2\/media?parent=34"}],"curies":[{"name":"wp","href":"https:\/\/api.w.org\/{rel}","templated":true}]}}