{"id":36,"date":"2020-05-06T23:40:54","date_gmt":"2020-05-06T23:40:54","guid":{"rendered":"https:\/\/www.westpromachinery.com\/?page_id=36"},"modified":"2026-01-07T17:29:01","modified_gmt":"2026-01-08T00:29:01","slug":"contact","status":"publish","type":"page","link":"https:\/\/www.westpromachinery.com\/es\/contact\/","title":{"rendered":"Contact us"},"content":{"rendered":"<div style=\"height:100px\" aria-hidden=\"true\" class=\"wp-block-spacer\"><\/div>\n\n\n\n<div class=\"wp-block-columns is-layout-flex wp-container-core-columns-is-layout-9d6595d7 wp-block-columns-is-layout-flex\">\n<div class=\"wp-block-column is-layout-flow wp-block-column-is-layout-flow\" style=\"flex-basis:66.66%\">\n<h1 class=\"wp-block-heading\">Contacto: 1.877.937.8776<\/h1>\n\n\n\n<p>Gracias por tomarse el tiempo para visitar nuestro sitio web. Esperamos que haya encontrado todo lo que estaba buscando, y que est\u00e9 listo para contactarnos. Complete nuestro formulario en l\u00ednea para enviar un mensaje a nuestro buz\u00f3n general de entrega, o ll\u00e1menos. \u00a1Esperamos recibir noticias suyas!<\/p>\n\n\n\n<h4 class=\"wp-block-heading\">P\u00d3NGASE EN CONTACTO CON WESTPRO, SU SOCIO DE TECNOLOG\u00cdA DE PROCESOS HOY MISMO.<\/h4>\n<\/div>\n\n\n\n<div class=\"wp-block-column is-layout-flow wp-block-column-is-layout-flow\" style=\"flex-basis:33.33%\"><div class=\"wp-block-image is-resized\">\n<figure class=\"aligncenter size-large\"><img loading=\"lazy\" decoding=\"async\" width=\"940\" height=\"705\" src=\"https:\/\/www.westpromachinery.com\/wp-content\/uploads\/2020\/05\/1489763906_IMG_8840.jpg\" alt=\"\" class=\"wp-image-691\" srcset=\"https:\/\/www.westpromachinery.com\/wp-content\/uploads\/2020\/05\/1489763906_IMG_8840.jpg 940w, https:\/\/www.westpromachinery.com\/wp-content\/uploads\/2020\/05\/1489763906_IMG_8840-300x225.jpg 300w, https:\/\/www.westpromachinery.com\/wp-content\/uploads\/2020\/05\/1489763906_IMG_8840-768x576.jpg 768w\" sizes=\"auto, (max-width: 940px) 100vw, 940px\" \/><\/figure><\/div><\/div>\n<\/div>\n\n\n\n<hr class=\"wp-block-separator has-alpha-channel-opacity\"\/>\n\n\n\n<div class=\"wp-block-group maps\"><div class=\"wp-block-group__inner-container is-layout-flow wp-block-group-is-layout-flow\">\n<div class=\"wp-block-columns is-layout-flex wp-container-core-columns-is-layout-9d6595d7 wp-block-columns-is-layout-flex\">\n<div class=\"wp-block-column is-layout-flow wp-block-column-is-layout-flow\" style=\"flex-basis:60%\">\n<iframe src=\"https:\/\/www.google.com\/maps\/embed?pb=!1m18!1m12!1m3!1d2602.3527222947814!2d-123.12175540000001!3d49.288661100000006!2m3!1f0!2f0!3f0!3m2!1i1024!2i768!4f13.1!3m3!1m2!1s0x548671840824a247%3A0x3202d327c9102ba2!2sIDI%2C%201177%20W%20Hastings%20St%20%232088%2C%20Vancouver%2C%20BC%20V6E%202K9!5e0!3m2!1sen!2sca!4v1761589566251!5m2!1sen!2sca\" width=\"600\" height=\"450\" style=\"border:0;\" allowfullscreen=\"\" loading=\"lazy\" referrerpolicy=\"no-referrer-when-downgrade\"><\/iframe>\n<\/div>\n\n\n\n<div class=\"wp-block-column is-layout-flow wp-block-column-is-layout-flow\" style=\"flex-basis:33.33%\">\n<h6 class=\"wp-block-heading\">Westpro Machinery Inc.<\/h6>\n\n\n\n<ul class=\"wp-block-list\">\n<li>1177 West Hastings St, Unit 2088<\/li>\n\n\n\n<li>Vancouver, British Columbia, Canada<\/li>\n\n\n\n<li>V6E 2K9<\/li>\n\n\n\n<li>Phone: 1.250.549.6710<\/li>\n<\/ul>\n<\/div>\n<\/div>\n\n\n\n<div class=\"wp-block-columns is-layout-flex wp-container-core-columns-is-layout-9d6595d7 wp-block-columns-is-layout-flex\">\n<div class=\"wp-block-column is-layout-flow wp-block-column-is-layout-flow\" style=\"flex-basis:60%\">\n<iframe loading=\"lazy\" tabindex=\"0\" aria-hidden=\"false\" src=\"https:\/\/www.google.com\/maps\/embed?pb=!1m14!1m8!1m3!1d163231.68154976377!2d-119.276675!3d50.264015!3m2!1i1024!2i768!4f13.1!3m3!1m2!1s0x537dd8c31b29a1cd%3A0x843f2cff965db562!2s3317%2030th%20Ave%2C%20Vernon%2C%20BC%20V1T%202C9%2C%20Canada!5e0!3m2!1sen!2sus!4v1590434592815!5m2!1sen!2sus\" allowfullscreen=\"\" style=\"border:0;\" width=\"100%\" height=\"300\" frameborder=\"0\"><\/iframe>\n<\/div>\n\n\n\n<div class=\"wp-block-column is-layout-flow wp-block-column-is-layout-flow\" style=\"flex-basis:33.33%\">\n<h6 class=\"wp-block-heading\">Westpro Machinery Inc.<\/h6>\n\n\n\n<ul class=\"wp-block-list\">\n<li>3317 30th Avenue, Suite 202<br>Vernon, British Columbia, Canada<br>V1T 2C9<\/li>\n\n\n\n<li>Phone: 1.250.549.6710<\/li>\n\n\n\n<li>Fax: 1.250.549.6735<\/li>\n<\/ul>\n\n\n\n<p><\/p>\n<\/div>\n<\/div>\n\n\n\n<div class=\"wp-block-columns is-layout-flex wp-container-core-columns-is-layout-9d6595d7 wp-block-columns-is-layout-flex\">\n<div class=\"wp-block-column is-layout-flow wp-block-column-is-layout-flow\" style=\"flex-basis:60%\">\n<iframe loading=\"lazy\" tabindex=\"0\" aria-hidden=\"false\" src=\"https:\/\/www.google.com\/maps\/embed?pb=!1m14!1m8!1m3!1d185358.70535802332!2d-80.14187000000001!3d43.4558!3m2!1i1024!2i768!4f13.1!3m3!1m2!1s0x882b823359269377%3A0xa231c3464c8e2cb6!2s33%20Kerr%20Crescent%2C%20Puslinch%2C%20ON%20N0B%202J0%2C%20Canada!5e0!3m2!1sen!2sus!4v1590435204137!5m2!1sen!2sus\" allowfullscreen=\"\" style=\"border:0;\" width=\"100%\" height=\"300\" frameborder=\"0\"><\/iframe>\n<\/div>\n\n\n\n<div class=\"wp-block-column is-layout-flow wp-block-column-is-layout-flow\" style=\"flex-basis:33.33%\">\n<h6 class=\"wp-block-heading\">Westpro Contract Services Ltd.<\/h6>\n\n\n\n<ul class=\"wp-block-list\">\n<li>33 Kerr Crescent,<br>Puslinch, Ontario, Canada<br>N0B 2J0<\/li>\n\n\n\n<li>Phone: 1.519.766.9462<\/li>\n\n\n\n<li>Fax: 1.519.766.9692<\/li>\n<\/ul>\n<\/div>\n<\/div>\n\n\n\n<div class=\"wp-block-columns is-layout-flex wp-container-core-columns-is-layout-9d6595d7 wp-block-columns-is-layout-flex\">\n<div class=\"wp-block-column is-layout-flow wp-block-column-is-layout-flow\" style=\"flex-basis:60%\">\n<iframe loading=\"lazy\" tabindex=\"0\" aria-hidden=\"false\" src=\"https:\/\/www.google.com\/maps\/embed?pb=!1m14!1m8!1m3!1d228780.46261222055!2d-80.126377!3d26.368734!3m2!1i1024!2i768!4f13.1!3m3!1m2!1s0x88d91e71631ea44d%3A0xc164081c7b6d756a!2s2255%20Glades%20Rd%2C%20Boca%20Raton%2C%20FL%2033431!5e0!3m2!1sen!2sus!4v1590435261053!5m2!1sen!2sus\" allowfullscreen=\"\" style=\"border:0;\" width=\"100%\" height=\"300\" frameborder=\"0\"><\/iframe>\n<\/div>\n\n\n\n<div class=\"wp-block-column is-layout-flow wp-block-column-is-layout-flow\" style=\"flex-basis:33.33%\">\n<h6 class=\"wp-block-heading\">Westpro Equipment Company<\/h6>\n\n\n\n<ul class=\"wp-block-list\">\n<li>2255 Glades Road, Suite 324A<\/li>\n\n\n\n<li>Boca Raton, Florida, USA<\/li>\n\n\n\n<li>33431<\/li>\n\n\n\n<li>Phone: 561.395.6955<\/li>\n<\/ul>\n<\/div>\n<\/div>\n<\/div><\/div>\n\n\n\n<hr class=\"wp-block-separator has-css-opacity\"\/>\n\n\n\n<h3 class=\"wp-block-heading has-text-align-left\" id=\"form\">Conectate con nosotros<\/h3>\n\n\n\n<div class=\"wp-block-columns is-layout-flex wp-container-core-columns-is-layout-9d6595d7 wp-block-columns-is-layout-flex\">\n<div class=\"wp-block-column is-layout-flow wp-block-column-is-layout-flow\" style=\"flex-basis:100%\">\n<div class=\"wp-block-group\"><div class=\"wp-block-group__inner-container is-layout-constrained wp-block-group-is-layout-constrained\">\n<div class=\"wp-block-columns is-layout-flex wp-container-core-columns-is-layout-9d6595d7 wp-block-columns-is-layout-flex\">\n<div class=\"wp-block-column is-layout-flow wp-block-column-is-layout-flow\" style=\"flex-basis:100%\">\n<div class=\"wp-block-group\"><div class=\"wp-block-group__inner-container is-layout-constrained wp-block-group-is-layout-constrained\"><div class=\"forminator-ui forminator-custom-form forminator-custom-form-1759 forminator-design--bold forminator-enclosed forminator_ajax\" data-forminator-render=\"0\" data-form=\"forminator-module-1759\" data-uid=\"69e08b938ce29\"><br\/><\/div><form\n\t\t\t\tid=\"forminator-module-1759\"\n\t\t\t\tclass=\"forminator-ui forminator-custom-form forminator-custom-form-1759 forminator-design--bold forminator-enclosed forminator_ajax\"\n\t\t\t\tmethod=\"post\"\n\t\t\t\tdata-forminator-render=\"0\"\n\t\t\t\tdata-form-id=\"1759\"\n\t\t\t\t\n\t\t\t\tdata-design=\"bold\"\n\t\t\t\t\n\t\t\t\t\n\t\t\t\t\n\t\t\t\tdata-grid=\"enclosed\"\n\t\t\t\t\n\t\t\t\t\n\t\t\t\tstyle=\"display: none;\"\n\t\t\t\t\n\t\t\t\tdata-uid=\"69e08b938ce29\" action=\"\"\n\t\t\t><div role=\"alert\" aria-live=\"polite\" class=\"forminator-response-message forminator-error\" aria-hidden=\"true\"><\/div><div class=\"forminator-row\"><div id=\"name-1\" class=\"forminator-field-name forminator-col forminator-col-12\"><div class=\"forminator-field\"><label for=\"forminator-field-name-1_69e08b938ce29\" id=\"forminator-field-name-1_69e08b938ce29-label\" class=\"forminator-label\">Full Name <span class=\"forminator-required\">*<\/span><\/label><input type=\"text\" name=\"name-1\" value=\"\" placeholder=\"\" id=\"forminator-field-name-1_69e08b938ce29\" class=\"forminator-input forminator-name--field\" aria-required=\"true\" \/><\/div><\/div><\/div><div class=\"forminator-row\"><div id=\"name-2\" class=\"forminator-field-name forminator-col forminator-col-12\"><div class=\"forminator-field\"><label for=\"forminator-field-name-2_69e08b938ce29\" id=\"forminator-field-name-2_69e08b938ce29-label\" class=\"forminator-label\">Company Name <span class=\"forminator-required\">*<\/span><\/label><input type=\"text\" name=\"name-2\" value=\"\" placeholder=\"\" id=\"forminator-field-name-2_69e08b938ce29\" class=\"forminator-input forminator-name--field\" aria-required=\"true\" \/><\/div><\/div><\/div><div class=\"forminator-row\"><div id=\"email-1\" class=\"forminator-field-email forminator-col forminator-col-12\"><div class=\"forminator-field\"><label for=\"forminator-field-email-1_69e08b938ce29\" id=\"forminator-field-email-1_69e08b938ce29-label\" class=\"forminator-label\">Email Address <span class=\"forminator-required\">*<\/span><\/label><input type=\"email\" name=\"email-1\" value=\"\" placeholder=\"\" id=\"forminator-field-email-1_69e08b938ce29\" class=\"forminator-input forminator-email--field\" data-required=\"true\" aria-required=\"true\" \/><\/div><\/div><\/div><div class=\"forminator-row\"><div id=\"phone-1\" class=\"forminator-field-phone forminator-col forminator-col-12\"><div class=\"forminator-field\"><label for=\"forminator-field-phone-1_69e08b938ce29\" id=\"forminator-field-phone-1_69e08b938ce29-label\" class=\"forminator-label\">Phone Number<\/label><input type=\"text\" name=\"phone-1\" value=\"\" placeholder=\"\" id=\"forminator-field-phone-1_69e08b938ce29\" class=\"forminator-input forminator-field--phone\" data-required=\"\" aria-required=\"false\" autocomplete=\"off\" \/><\/div><\/div><\/div><div class=\"forminator-row\"><div id=\"textarea-1\" class=\"forminator-field-textarea forminator-col forminator-col-12\"><div class=\"forminator-field\"><label for=\"forminator-field-textarea-1_69e08b938ce29\" id=\"forminator-field-textarea-1_69e08b938ce29-label\" class=\"forminator-label\">Message<\/label><textarea name=\"textarea-1\" placeholder=\"\" id=\"forminator-field-textarea-1_69e08b938ce29\" class=\"forminator-textarea\" rows=\"6\" style=\"min-height:140px;\" maxlength=\"180\" ><\/textarea><span id=\"forminator-field-textarea-1_69e08b938ce29-description\" class=\"forminator-description\"><span data-limit=\"180\" data-type=\"characters\" data-editor=\"\">0 \/ 180<\/span><\/span><\/div><\/div><\/div><input type=\"hidden\" name=\"referer_url\" value=\"\" \/><div class=\"forminator-row forminator-row-last\"><div class=\"forminator-col\"><div class=\"forminator-field\"><button class=\"forminator-button forminator-button-submit\">Send Message<\/button><\/div><\/div><\/div><input type=\"hidden\" id=\"forminator_nonce\" name=\"forminator_nonce\" value=\"c20ce08e7a\" \/><input type=\"hidden\" name=\"_wp_http_referer\" value=\"\/es\/wp-json\/wp\/v2\/pages\/36\" \/><input type=\"hidden\" name=\"form_id\" value=\"1759\"><input type=\"hidden\" name=\"page_id\" value=\"36\"><input type=\"hidden\" name=\"form_type\" value=\"default\"><input type=\"hidden\" name=\"current_url\" value=\"https:\/\/www.westpromachinery.com\/es\/contact\/\"><input type=\"hidden\" name=\"render_id\" value=\"0\"><input type=\"hidden\" name=\"action\" value=\"forminator_submit_form_custom-forms\"><input type=\"hidden\" name=\"trp-form-language\" value=\"es\"\/><\/form>\n<\/div><\/div>\n<\/div>\n<\/div>\n<\/div><\/div>\n<\/div>\n<\/div>","protected":false},"excerpt":{"rendered":"<p>Contact: 1.877.937.8776 Thank you for taking the time to visit our website. We hope that you found everything that you were looking for and that you are ready to contact us. Please complete our online form to send a message to our general delivery mailbox or give us a call, we look forward to hearing [&hellip;]<\/p>\n","protected":false},"author":1,"featured_media":0,"parent":0,"menu_order":11,"comment_status":"closed","ping_status":"closed","template":"","meta":{"_acf_changed":false,"footnotes":""},"class_list":["post-36","page","type-page","status-publish","hentry"],"acf":[],"aioseo_notices":[],"_links":{"self":[{"href":"https:\/\/www.westpromachinery.com\/es\/wp-json\/wp\/v2\/pages\/36","targetHints":{"allow":["GET"]}}],"collection":[{"href":"https:\/\/www.westpromachinery.com\/es\/wp-json\/wp\/v2\/pages"}],"about":[{"href":"https:\/\/www.westpromachinery.com\/es\/wp-json\/wp\/v2\/types\/page"}],"author":[{"embeddable":true,"href":"https:\/\/www.westpromachinery.com\/es\/wp-json\/wp\/v2\/users\/1"}],"replies":[{"embeddable":true,"href":"https:\/\/www.westpromachinery.com\/es\/wp-json\/wp\/v2\/comments?post=36"}],"version-history":[{"count":37,"href":"https:\/\/www.westpromachinery.com\/es\/wp-json\/wp\/v2\/pages\/36\/revisions"}],"predecessor-version":[{"id":3594,"href":"https:\/\/www.westpromachinery.com\/es\/wp-json\/wp\/v2\/pages\/36\/revisions\/3594"}],"wp:attachment":[{"href":"https:\/\/www.westpromachinery.com\/es\/wp-json\/wp\/v2\/media?parent=36"}],"curies":[{"name":"wp","href":"https:\/\/api.w.org\/{rel}","templated":true}]}}