{"id":5,"date":"2020-05-06T23:35:10","date_gmt":"2020-05-06T23:35:10","guid":{"rendered":"https:\/\/www.westpromachinery.com\/?page_id=5"},"modified":"2026-04-27T16:30:13","modified_gmt":"2026-04-27T23:30:13","slug":"home","status":"publish","type":"page","link":"https:\/\/www.westpromachinery.com\/es\/","title":{"rendered":"Inicio"},"content":{"rendered":"\r\n    <div class=\"alignfull slider-wrapper non-home\">\r\n        <div class=\"acf-slider\">\r\n                            <div class=\"slide\" style=\"background: url('https:\/\/www.westpromachinery.com\/wp-content\/uploads\/2026\/04\/CIM-CONNECT-2026-Website-homepage-banner.png');\">\r\n                                            <div class=\"container banner-content\">\r\n                            <h2>Meet You in Vancouver for CIM CONNECT 2026<\/h2>\n<p><a title=\"\" href=\"https:\/\/www.cimconnect.ca\/\"><strong>CIM CONNECT 2026<\/strong>\u00a0<\/a>is almost here! If you\u2019re heading to <strong>Vancouver<\/strong>, May 3-6, make sure Westpro is on your list of booths to visit<\/p>\n<p><a href=\"https:\/\/cim2026.mapyourshow.com\/8_0\/exhview\/index.cfm?selectedBooth=800\">Booth # 800<\/a> \u00a0\u00a0 \u00a0<a href=\"https:\/\/www.westpromachinery.com\/meet-you-in-vancouver-for-cim-connect-2026\/\">Learn More<\/a><\/p>\n                        <\/div>\r\n                                    <\/div>\r\n                            <div class=\"slide\" style=\"background: url('https:\/\/www.westpromachinery.com\/wp-content\/uploads\/2026\/01\/Website-Homepage-Banner-Images-11.png');\">\r\n                                            <div class=\"container banner-content\">\r\n                            <h2>The Processor&#8217;s Playbook: Lime Slaking Systems<\/h2>\n<p>When operated to its full potential, the Lime Slaking System provides a highly necessary pH regulation and balance that keeps your process running at peak performance. Discover our top 5 tips for optimizing your Lime Slaking process!<\/p>\n<p><a href=\"https:\/\/www.westpromachinery.com\/the-processors-playbook-proven-ways-to-optimize-your-lime-slaking-system\/\">Learn More<\/a><\/p>\n                        <\/div>\r\n                                    <\/div>\r\n                            <div class=\"slide\" style=\"background: url('https:\/\/www.westpromachinery.com\/wp-content\/uploads\/2025\/12\/Website-Homepage-Banner-Images-10-scaled.png');\">\r\n                                            <div class=\"container banner-content\">\r\n                            <h2>Design Stage Complete: Modular Pilot Plant for Critical Minerals<\/h2>\n<p>Westpro has completed the design phase for a custom-engineered, containerized pilot plant featuring an integrated flotation circuit, marking another step forward in advancing pilot-scale innovation for the critical minerals sector.<\/p>\n<p><a href=\"https:\/\/www.westpromachinery.com\/press-release-westpro-machinery-advances-design-of-modular-pilot-plant-through-strategic-industry-collaboration\/\">Learn More<\/a><\/p>\n                        <\/div>\r\n                                    <\/div>\r\n                            <div class=\"slide\" style=\"background: url('https:\/\/www.westpromachinery.com\/wp-content\/uploads\/2025\/10\/Website-Homepage-Banner-Images-8.png');\">\r\n                                            <div class=\"container banner-content\">\r\n                            <h2>Inside Westpro: Lime Slaking Systems<\/h2>\n<p>Introducing The Inside Westpro Series \u2014 a closer look at the equipment behind Westpro\u2019s proven mineral processing systems.<br \/>\nThe first feature highlights Westpro&#8217;s Lime Slaking Systems | Reliable, High-Performance Slaking for Mineral Processing.<\/p>\n<p><a href=\"https:\/\/www.westpromachinery.com\/inside-westpro-lime-slaking-systems\/\">Learn More<\/a><\/p>\n                        <\/div>\r\n                                    <\/div>\r\n                    <\/div>\r\n\r\n        \r\n        <div class=\"loader\" id=\"loader\">\r\n            <span><\/span>\r\n            <span><\/span>\r\n            <span><\/span>\r\n        <\/div>\r\n    <\/div>\r\n\r\n\n\n\n<div class=\"wp-block-group alignfull intro-wrapper\"><div class=\"wp-block-group__inner-container is-layout-flow wp-block-group-is-layout-flow\">\n<div class=\"wp-block-group intro\"><div class=\"wp-block-group__inner-container is-layout-flow wp-block-group-is-layout-flow\">\n<h1 class=\"wp-block-heading underline\">WESTPRO<\/h1>\n\n\n\n<h5 class=\"wp-block-heading has-text-color\" style=\"color:#9a9a9a\"><a href=\"\/about\/the-westpro-advantage\/\">YOUR PROCESS TECHNOLOGY PARTNER SINCE 1985<\/a><\/h5>\n\n\n\n<p>Westpro is an innovative mineral processing technology company with over 40 years of experience in the mining, wastewater and aggregate industries. As a result of an unwavering focus on quality and customer satisfaction, Westpro\u2019s equipment is renowned world-wide for robust construction, reliability and high performance.<\/p>\n\n\n\n<p><strong><em>Westpro\u2019s commitment to excellence has established it as an industry-leader with the latest technologies, best prices, quickest deliveries and unmatched service.<\/em><\/strong><\/p>\n\n\n\n<div class=\"wp-block-buttons is-content-justification-center is-layout-flex wp-container-core-buttons-is-layout-16018d1d wp-block-buttons-is-layout-flex\">\n<div class=\"wp-block-button\"><a class=\"wp-block-button__link has-text-color has-background wp-element-button\" href=\"https:\/\/www.westpromachinery.com\/wp-content\/uploads\/2026\/04\/English-Brochure-2026-1.pdf\" style=\"color:#2b3559;background-color:#fcc637\" target=\"_blank\" rel=\"https:\/\/westpromachinery-my.sharepoint.com\/:b:\/p\/csmith\/EdBwsyisGfBIgyMybQv_wSsBzE6gbJXsS5h1scjhOGCgcg?e=B5SWBt noopener noreferrer noopener\">DOWNLOAD OUR COMPANY BROCHURE<\/a><\/div>\n<\/div>\n<\/div><\/div>\n<\/div><\/div>\n\n\n\n<h2 class=\"wp-block-heading has-text-align-center underline\">FEATURED PRODUCTS<\/h2>\n\n\n\n<hr class=\"wp-block-separator has-css-opacity\"\/>\n\n\n\n<div class=\"wp-block-group featured-products-slider is-layout-grid wp-container-core-group-is-layout-6be84c55 wp-block-group-is-layout-grid\">\n<div class=\"wp-block-group\"><div class=\"wp-block-group__inner-container is-layout-constrained wp-block-group-is-layout-constrained\"><div class=\"wp-block-image\">\n<figure class=\"aligncenter size-full\"><a href=\"\/product\/agglomerators\/\"><img loading=\"lazy\" decoding=\"async\" width=\"300\" height=\"225\" src=\"https:\/\/www.westpromachinery.com\/wp-content\/uploads\/2020\/05\/thumb_1483720633.png\" alt=\"\" class=\"wp-image-148\"\/><\/a><\/figure><\/div>\n\n\n<h5 class=\"wp-block-heading has-text-align-center\"><a href=\"\/product\/agglomerators\/\" title=\"\">Agglomerators<\/a><\/h5>\n\n\n\n<p class=\"has-text-align-center\">Westpro Agglomerators are trusted worldwide to take on the toughest challenges while delivering consistent, reliable results.<\/p>\n<\/div><\/div>\n\n\n\n<div class=\"wp-block-group\"><div class=\"wp-block-group__inner-container is-layout-constrained wp-block-group-is-layout-constrained\"><div class=\"wp-block-image\">\n<figure class=\"aligncenter size-full\"><a href=\"\/product\/attrition-scrubbers\/\"><img loading=\"lazy\" decoding=\"async\" width=\"300\" height=\"226\" src=\"https:\/\/www.westpromachinery.com\/wp-content\/uploads\/2020\/05\/thumb_1485186988.jpg\" alt=\"\" class=\"wp-image-142\"\/><\/a><\/figure><\/div>\n\n\n<h5 class=\"wp-block-heading has-text-align-center\"><a href=\"\/product\/attrition-scrubbers\/\" title=\"\">Attrition Scrubbers<\/a><\/h5>\n\n\n\n<p class=\"has-text-align-center\">Westpro\u2019s versatile attrition scrubbers provide efficient slurry scrubbing solutions for applications in a variety of industries.<\/p>\n<\/div><\/div>\n\n\n\n<div class=\"wp-block-group\"><div class=\"wp-block-group__inner-container is-layout-constrained wp-block-group-is-layout-constrained\"><div class=\"wp-block-image\">\n<figure class=\"aligncenter size-full\"><a href=\"\/product\/flocculant-preparation-dosing-systems\/\"><img loading=\"lazy\" decoding=\"async\" width=\"300\" height=\"225\" src=\"https:\/\/www.westpromachinery.com\/wp-content\/uploads\/2020\/05\/thumb_1485187311.jpg\" alt=\"\" class=\"wp-image-130\"\/><\/a><\/figure><\/div>\n\n\n<h5 class=\"wp-block-heading has-text-align-center\"><a href=\"\/product\/flocculant-preparation-dosing-systems\/\" title=\"\">Flocculant Preparation &amp; Dosing Systems<\/a><\/h5>\n\n\n\n<p class=\"has-text-align-center\">Westpro\u2019s designs and manufactures turnkey modular Flocculant Preparation &amp; Dosing Systems.<\/p>\n<\/div><\/div>\n\n\n\n<div class=\"wp-block-group\"><div class=\"wp-block-group__inner-container is-layout-constrained wp-block-group-is-layout-constrained\"><div class=\"wp-block-image\">\n<figure class=\"aligncenter size-full\"><a href=\"\/product\/flotation-machines-conventional\/\"><img loading=\"lazy\" decoding=\"async\" width=\"300\" height=\"225\" src=\"https:\/\/www.westpromachinery.com\/wp-content\/uploads\/2020\/05\/thumb_1497373005.jpg\" alt=\"\" class=\"wp-image-128\"\/><\/a><\/figure><\/div>\n\n\n<h5 class=\"wp-block-heading has-text-align-center\"><a href=\"\/product\/flotation-machines-conventional\/\" title=\"\">Flotation Machines (Conventional)<\/a><\/h5>\n\n\n\n<p class=\"has-text-align-center\">Westpro\u2019s flotation machines are designed for efficient and optimal performance in all mineral flotation applications (gold, base metals, potash etc.).<\/p>\n<\/div><\/div>\n\n\n\n<div class=\"wp-block-group\"><div class=\"wp-block-group__inner-container is-layout-constrained wp-block-group-is-layout-constrained\"><div class=\"wp-block-image\">\n<figure class=\"aligncenter size-full\"><a href=\"\/product\/lime-slaking-systems\/\"><img loading=\"lazy\" decoding=\"async\" width=\"300\" height=\"225\" src=\"https:\/\/www.westpromachinery.com\/wp-content\/uploads\/2020\/05\/thumb_1485187908.jpg\" alt=\"\" class=\"wp-image-116\"\/><\/a><\/figure><\/div>\n\n\n<h5 class=\"wp-block-heading has-text-align-center\"><a href=\"\/product\/lime-slaking-systems\/\" title=\"\">Lime Slaking Systems<\/a><\/h5>\n\n\n\n<p class=\"has-text-align-center\">Fully customizable in terms of equipment supply, layout and site conditions, Westpro\u2019s Lime Slaking Systems offer an optimized, turnkey slaking solution.<\/p>\n<\/div><\/div>\n\n\n\n<div class=\"wp-block-group\"><div class=\"wp-block-group__inner-container is-layout-constrained wp-block-group-is-layout-constrained\"><div class=\"wp-block-image\">\n<figure class=\"aligncenter size-full\"><a href=\"\/product\/thickeners\/\"><img loading=\"lazy\" decoding=\"async\" width=\"300\" height=\"225\" src=\"https:\/\/www.westpromachinery.com\/wp-content\/uploads\/2020\/05\/thumb_1485188200.jpg\" alt=\"\" class=\"wp-image-102\"\/><\/a><\/figure><\/div>\n\n\n<h5 class=\"wp-block-heading has-text-align-center\"><a href=\"\/product\/thickeners\/\" title=\"\">Thickeners<\/a><\/h5>\n\n\n\n<p class=\"has-text-align-center\">Equipped with new generation hydraulic drives and low drag, high capacity rakes, Westpro\u2019s thickeners deliver superior solids settling performance.<\/p>\n<\/div><\/div>\n<\/div>\n\n\n\r\n    <div class=\"alignfull carousel-wrapper\">\r\n        <div class=\"parallax-bg\" style=\"background-image: url('https:\/\/www.westpromachinery.com\/wp-content\/uploads\/2020\/05\/swiper_bg.jpg');\"><\/div>\r\n        <div class=\"acf-carousel\">\r\n                            <div class=\"slide\">\r\n                    <div class=\"container carousel-content\">\r\n                        <img decoding=\"async\" src=\"https:\/\/www.westpromachinery.com\/wp-content\/uploads\/2020\/05\/what_image.jpg\" alt=\"\" class=\"image\">\r\n                        <div class=\"left-side\">\r\n                            <div class=\"number-title\">\r\n                                <span class=\"number\">1<\/span>\r\n                                <h3>What We Do<\/h3>\r\n                            <\/div>\r\n                            <img decoding=\"async\" src=\"https:\/\/www.westpromachinery.com\/wp-content\/uploads\/2020\/05\/icon_what.png\" alt=\"\" class=\"icon\">\r\n                        <\/div>\r\n                        <div class=\"text\">\r\n                            <p>Westpro is an innovative mineral processing technology company with over 40 years of experience in the mining, wastewater and aggregate industries. Our equipment is renowned world-wide for robust construction, reliability and high performance.<\/p>\n<p>From mining mega-projects to pilot plant operations, Westpro has the capabilities to design and manufacture process equipment for all project scales. All of Westpro&#8217;s equipment is tailored to deliver optimum performance in each application. Additional services such as installation supervision, commissioning, plant auditing and spare parts ensure that customers are delivered a complete process technology solution.<\/p>\n<p>Westpro&#8217;s process equipment and systems are proven in mining operations in over 20 countries including: Canada, Chile, Guatemala, Guyana, Indonesia, Mali, Mexico, Nigeria, Peru, Philippines, Russia, Saudi Arabia, Spain, Suriname, Turkey and the United States of America.<\/p>\n                        <\/div>\r\n                    <\/div>\r\n                <\/div>\r\n                            <div class=\"slide\">\r\n                    <div class=\"container carousel-content\">\r\n                        <img decoding=\"async\" src=\"https:\/\/www.westpromachinery.com\/wp-content\/uploads\/2020\/05\/who_image.jpg\" alt=\"\" class=\"image\">\r\n                        <div class=\"left-side\">\r\n                            <div class=\"number-title\">\r\n                                <span class=\"number\">2<\/span>\r\n                                <h3>Who We Are<\/h3>\r\n                            <\/div>\r\n                            <img decoding=\"async\" src=\"https:\/\/www.westpromachinery.com\/wp-content\/uploads\/2020\/05\/icon_who.png\" alt=\"\" class=\"icon\">\r\n                        <\/div>\r\n                        <div class=\"text\">\r\n                            <p>Our team of industry-leading experts has been developing technology for our clients for over 40 years. Designing and manufacturing mineral processing technology is in our blood. Our talented teams work closely with every customer to custom-design and manufacture equipment and systems to achieve their specific goals.<\/p>\n<p>As a team of experienced professionals our focus is always on quality. It&#8217;s the cornerstone of Westpro&#8217;s philosophy and at the core of our beliefs.<\/p>\n                        <\/div>\r\n                    <\/div>\r\n                <\/div>\r\n                            <div class=\"slide\">\r\n                    <div class=\"container carousel-content\">\r\n                        <img decoding=\"async\" src=\"https:\/\/www.westpromachinery.com\/wp-content\/uploads\/2020\/05\/why_image.jpg\" alt=\"\" class=\"image\">\r\n                        <div class=\"left-side\">\r\n                            <div class=\"number-title\">\r\n                                <span class=\"number\">3<\/span>\r\n                                <h3>Why We Do It<\/h3>\r\n                            <\/div>\r\n                            <img decoding=\"async\" src=\"https:\/\/www.westpromachinery.com\/wp-content\/uploads\/2020\/05\/icon_why.png\" alt=\"\" class=\"icon\">\r\n                        <\/div>\r\n                        <div class=\"text\">\r\n                            <p>At Westpro we know Mineral Processing. We know what works, first time, every time. We are proud of our experience and our accomplishments. Seeing our products and systems performing to name-plate capacity in real world applications is why we do it. Whether it&#8217;s customizing equipment or pushing innovation in plant design by fostering new ideas and encouraging advances in engineering, we at Westpro are always finding ways to be better.<\/p>\n                        <\/div>\r\n                    <\/div>\r\n                <\/div>\r\n                            <div class=\"slide\">\r\n                    <div class=\"container carousel-content\">\r\n                        <img decoding=\"async\" src=\"https:\/\/www.westpromachinery.com\/wp-content\/uploads\/2020\/05\/how_image.jpg\" alt=\"\" class=\"image\">\r\n                        <div class=\"left-side\">\r\n                            <div class=\"number-title\">\r\n                                <span class=\"number\">4<\/span>\r\n                                <h3>How To Work With Us<\/h3>\r\n                            <\/div>\r\n                            <img decoding=\"async\" src=\"https:\/\/www.westpromachinery.com\/wp-content\/uploads\/2020\/05\/icon_how.png\" alt=\"\" class=\"icon\">\r\n                        <\/div>\r\n                        <div class=\"text\">\r\n                            <p>Working with Westpro is easy. We want to make your experience with Westpro both exciting and cost effective. Whether you are a major operating company, an international EPCM service provider, or simply an individual with a dream, we want to help you get to where you&#8217;re going. Fill out our inquiry forms, speak to one of our sales representatives, or send us a formal Request For Quotation (RFQ). We are your process technology partner.<\/p>\n<p><a href=\"\/contact\" class=\"button\">Contact Us<\/a><\/p>\n                        <\/div>\r\n                    <\/div>\r\n                <\/div>\r\n                    <\/div>\r\n    <\/div>\r\n\r\n\n\n\n<div class=\"wp-block-cover alignfull map\" style=\"min-height:700px;aspect-ratio:unset;\"><img loading=\"lazy\" decoding=\"async\" width=\"1254\" height=\"539\" class=\"wp-block-cover__image-background wp-image-365\" alt=\"\" src=\"https:\/\/www.westpromachinery.com\/wp-content\/uploads\/2020\/05\/world_map_bg.png\" data-object-fit=\"cover\" srcset=\"https:\/\/www.westpromachinery.com\/wp-content\/uploads\/2020\/05\/world_map_bg.png 1254w, https:\/\/www.westpromachinery.com\/wp-content\/uploads\/2020\/05\/world_map_bg-300x129.png 300w, https:\/\/www.westpromachinery.com\/wp-content\/uploads\/2020\/05\/world_map_bg-1024x440.png 1024w, https:\/\/www.westpromachinery.com\/wp-content\/uploads\/2020\/05\/world_map_bg-768x330.png 768w, https:\/\/www.westpromachinery.com\/wp-content\/uploads\/2020\/05\/world_map_bg-1200x516.png 1200w\" sizes=\"auto, (max-width: 1254px) 100vw, 1254px\" \/><span aria-hidden=\"true\" class=\"wp-block-cover__background has-background-dim-0 has-background-dim\"><\/span><div class=\"wp-block-cover__inner-container is-layout-flow wp-block-cover-is-layout-flow\">\n<h2 class=\"wp-block-heading underline\">Westpro Machinery Worldwide!<\/h2>\n\n\n\n<div class=\"wp-block-group\"><div class=\"wp-block-group__inner-container is-layout-flow wp-block-group-is-layout-flow\">\n<p>We at Westpro Machinery are proud of all of our projects around the world!<\/p>\n\n\n\n<div class=\"wp-block-buttons is-layout-flex wp-block-buttons-is-layout-flex\">\n<div class=\"wp-block-button is-style-outline is-style-outline--1\"><a class=\"wp-block-button__link has-text-color wp-element-button\" href=\"\/projects\/\" style=\"color:#fcc637\" rel=\"\">View Key Projects<\/a><\/div>\n<\/div>\n<\/div><\/div>\n<\/div><\/div>\n\n\n<div class=\"quad\">\r\n    <div class=\"box\" style=\"background-image: url('https:\/\/www.westpromachinery.com\/wp-content\/uploads\/2020\/05\/mine_duty.jpg')\">\r\n        <div class=\"move\">\r\n            <div class=\"icon icon-1\"><\/div>\r\n            <h3>Mine Duty<\/h3>\r\n            <p>Westpro&#8217;s equipment has a solid reputation for robust construction, reliability and high performance.<\/p>\r\n        <\/div>\r\n        <a href=\"\/mine-duty\/\"><\/a>\r\n    <\/div>\r\n    <div class=\"box\" style=\"background-image: url('https:\/\/www.westpromachinery.com\/wp-content\/uploads\/2020\/05\/modular_systems.jpg')\">\r\n        <div class=\"move\">\r\n            <div class=\"icon icon-2\"><\/div>\r\n            <h3>Modular Systems<\/h3>\r\n            <p>Westpro&#8217;s modular systems make shipping, installation and operability quick and easy.<\/p>\r\n        <\/div>\r\n        <a href=\"\/modular-systems\/\"><\/a>\r\n    <\/div>\r\n    <div class=\"box\" style=\"background-image: url('https:\/\/www.westpromachinery.com\/wp-content\/uploads\/2020\/05\/turnkey.jpg')\">\r\n        <div class=\"move\">\r\n            <div class=\"icon icon-3\"><\/div>\r\n            <h3>Turnkey Systems<\/h3>\r\n            <p>Our turnkey designs mean that you can be worry-free.<\/p>\r\n        <\/div>\r\n        <a href=\"\/turnkey-systems\/\"><\/a>\r\n    <\/div>\r\n    <div class=\"box\" style=\"background-image: url('https:\/\/www.westpromachinery.com\/wp-content\/uploads\/2020\/05\/focused_quality.jpg')\">\r\n        <div class=\"move\">\r\n            <div class=\"icon icon-4\"><\/div>\r\n            <h3>Quality<\/h3>\r\n            <p>Westpro has an unwavering focus on quality and customer satisfaction.<\/p>\r\n        <\/div>\r\n        <a href=\"\/about\/\"><\/a>\r\n    <\/div>\r\n<\/div>\r\n\r\n\r\n<style>\r\n    .icon-1:before{ content: url(\"https:\/\/www.westpromachinery.com\/wp-content\/uploads\/2020\/05\/icon_box01.png\"); }\r\n    .icon-2:before{ content: url(\"https:\/\/www.westpromachinery.com\/wp-content\/uploads\/2020\/05\/icon_box02.png\"); }\r\n    .icon-3:before{ content: url(\"https:\/\/www.westpromachinery.com\/wp-content\/uploads\/2020\/05\/icon_box03.png\"); }\r\n    .icon-4:before{ content: url(\"https:\/\/www.westpromachinery.com\/wp-content\/uploads\/2020\/05\/icon_box04.png\"); }\r\n    .icon-1:after{ content: url(\"https:\/\/www.westpromachinery.com\/wp-content\/uploads\/2020\/05\/icon_box01_hover.png\"); }\r\n    .icon-2:after{ content: url(\"https:\/\/www.westpromachinery.com\/wp-content\/uploads\/2020\/05\/icon_box02_hover.png\"); }\r\n    .icon-3:after{ content: url(\"https:\/\/www.westpromachinery.com\/wp-content\/uploads\/2020\/05\/icon_box03_hover.png\"); }\r\n    .icon-4:after{ content: url(\"https:\/\/www.westpromachinery.com\/wp-content\/uploads\/2020\/05\/icon_box04_hover.png\"); }\r\n\r\n<\/style>\r\n\r\n\n\n\n<div class=\"wp-block-group home-news\"><div class=\"wp-block-group__inner-container is-layout-flow wp-block-group-is-layout-flow\">\n<div style=\"height:150px\" aria-hidden=\"true\" class=\"wp-block-spacer\"><\/div>\n\n\n\n<h2 class=\"wp-block-heading has-text-align-left underline\">News<\/h2>\n\n\n\n<h5 class=\"wp-block-heading\">Whats new at Westpro Machinery<\/h5>\n\n\n\n<div style=\"height:50px\" aria-hidden=\"true\" class=\"wp-block-spacer\"><\/div>\n\n\n\r\n<div class=\"container\">\r\n        <div class=\"news\">\r\n        <h5><a href=\"https:\/\/www.westpromachinery.com\/es\/nos-vemos-en-argentina-para-la-expo-internacional-minera-de-san-juan\/\">\u00a1Nos Vemos en Argentina para la Expo Internacional San Juan Minera!<\/a><\/h5>\r\n        <p>En Westpro nos preparamos para asistir a la Expo Internacional San Juan Minera, y no podr\u00edamos estar m\u00e1s entusiasmados. Esperamos con inter\u00e9s reencontrarnos con colegas del sector minero, establecer alianzas estrat\u00e9gicas con nuevos l\u00edderes y, sobre todo, colaborar para que los proyectos de la regi\u00f3n alcancen su m\u00e1ximo potencial operativo, tanto en sus fases actuales [&hellip;]<\/p>\n        <span class=\"date\">Publication Date: abril 29th, 2026<\/span>\r\n    <\/div>\r\n        <div class=\"news\">\r\n        <h5><a href=\"https:\/\/www.westpromachinery.com\/es\/meet-you-in-argentina-for-the-11th-san-juan-international-mining-expo\/\">Meet You in Argentina for the 11th San Juan International Mining Expo<\/a><\/h5>\r\n        <p>Westpro&#8217;s is heading to Argentina for the 11th San Juan International Mining Expo, and we couldn&#8217;t be more excited. We&#8217;re looking forward to reconnecting with some incredible colleagues, make new connections with other industry leaders, and support projects in the region reach optimized plant performance in their current and upcoming projects. You&#8217;ll find Westpro at [&hellip;]<\/p>\n        <span class=\"date\">Publication Date: <\/span>\r\n    <\/div>\r\n    <\/div>\r\n<\/div><\/div>\n\n\n\n<p><\/p>\n","protected":false},"excerpt":{"rendered":"<p>WESTPRO YOUR PROCESS TECHNOLOGY PARTNER SINCE 1985 Westpro is an innovative mineral processing technology company with over 40 years of experience in the mining, wastewater and aggregate industries. As a result of an unwavering focus on quality and customer satisfaction, Westpro\u2019s equipment is renowned world-wide for robust construction, reliability and high performance. Westpro\u2019s commitment to [&hellip;]<\/p>\n","protected":false},"author":1,"featured_media":0,"parent":0,"menu_order":0,"comment_status":"closed","ping_status":"closed","template":"","meta":{"_acf_changed":false,"footnotes":""},"class_list":["post-5","page","type-page","status-publish","hentry"],"acf":[],"aioseo_notices":[],"_links":{"self":[{"href":"https:\/\/www.westpromachinery.com\/es\/wp-json\/wp\/v2\/pages\/5","targetHints":{"allow":["GET"]}}],"collection":[{"href":"https:\/\/www.westpromachinery.com\/es\/wp-json\/wp\/v2\/pages"}],"about":[{"href":"https:\/\/www.westpromachinery.com\/es\/wp-json\/wp\/v2\/types\/page"}],"author":[{"embeddable":true,"href":"https:\/\/www.westpromachinery.com\/es\/wp-json\/wp\/v2\/users\/1"}],"replies":[{"embeddable":true,"href":"https:\/\/www.westpromachinery.com\/es\/wp-json\/wp\/v2\/comments?post=5"}],"version-history":[{"count":214,"href":"https:\/\/www.westpromachinery.com\/es\/wp-json\/wp\/v2\/pages\/5\/revisions"}],"predecessor-version":[{"id":4252,"href":"https:\/\/www.westpromachinery.com\/es\/wp-json\/wp\/v2\/pages\/5\/revisions\/4252"}],"wp:attachment":[{"href":"https:\/\/www.westpromachinery.com\/es\/wp-json\/wp\/v2\/media?parent=5"}],"curies":[{"name":"wp","href":"https:\/\/api.w.org\/{rel}","templated":true}]}}