{"id":94,"date":"2020-05-07T15:46:15","date_gmt":"2020-05-07T15:46:15","guid":{"rendered":"https:\/\/www.westpromachinery.com\/?page_id=94"},"modified":"2020-06-04T15:33:30","modified_gmt":"2020-06-04T21:33:30","slug":"engineering-design-capabilities","status":"publish","type":"page","link":"https:\/\/www.westpromachinery.com\/es\/parts-and-services\/engineering-design-capabilities\/","title":{"rendered":"Capacidades de Dise\u00f1o de Ingenier\u00eda"},"content":{"rendered":"<h1 class=\"wp-block-heading\">Capacidades de Dise\u00f1o de Ingenier\u00eda<\/h1>\n\n\n\n<p>El \u00e9xito de Westpro se ha construido sobre una s\u00f3lida base de calidad, lograda a trav\u00e9s de un dise\u00f1o de ingenier\u00eda innovador y robusto. Utilizando un equipo multidisciplinario de ingenieros de procesos, mec\u00e1nicos, estructurales, el\u00e9ctricos y de instrumentaci\u00f3n, Westpro puede ofrecer a sus clientes soluciones de ingenier\u00eda integradas a complejas cuestiones de proceso.<\/p>\n\n\n\n<h4 class=\"wp-block-heading\">LOS CLIENTES CONF\u00cdAN EN WESTPRO PARA OBTENER CONOCIMIENTOS DE INGENIER\u00cdA EN:<\/h4>\n\n\n\n<div class=\"wp-block-columns is-layout-flex wp-container-core-columns-is-layout-9d6595d7 wp-block-columns-is-layout-flex\">\n<div class=\"wp-block-column is-layout-flow wp-block-column-is-layout-flow\">\n<ul class=\"wp-block-list\"><li>Desarrollo de procesos para una variedad de productos b\u00e1sicos y tratamiento de agua<\/li><li>Dise\u00f1o de procesos y plantas<\/li><li>An\u00e1lisis de estr\u00e9s y FEA<\/li><li>An\u00e1lisis de Din\u00e1mica de Fluidos Computacional (CFD)<\/li><li>Dimensionamiento del equipo<\/li><li>Dise\u00f1o y fabricaci\u00f3n de equipos<\/li><li>Dise\u00f1o estructural<\/li><li>Instalaci\u00f3n y puesta en marcha<\/li><li>Auditor\u00eda y servicio de equipos<\/li><li>Auditor\u00eda y consultor\u00eda de procesos<\/li><\/ul>\n<\/div>\n\n\n\n<div class=\"wp-block-column is-layout-flow wp-block-column-is-layout-flow\">\n<div class=\"wp-block-image\"><figure class=\"alignright size-large is-resized\"><img decoding=\"async\" src=\"https:\/\/www.westpromachinery.com\/wp-content\/uploads\/2020\/06\/1476370290_engeering.png\" alt=\"\" class=\"wp-image-1106\" width=\"340\" srcset=\"https:\/\/www.westpromachinery.com\/wp-content\/uploads\/2020\/06\/1476370290_engeering.png 855w, https:\/\/www.westpromachinery.com\/wp-content\/uploads\/2020\/06\/1476370290_engeering-300x286.png 300w, https:\/\/www.westpromachinery.com\/wp-content\/uploads\/2020\/06\/1476370290_engeering-768x731.png 768w\" sizes=\"(max-width: 855px) 100vw, 855px\" \/><\/figure><\/div>\n<\/div>\n<\/div>\n\n\n\n<div style=\"height:30px\" aria-hidden=\"true\" class=\"wp-block-spacer\"><\/div>\n\n\n\n<h6 class=\"border-left wp-block-heading\">EL EQUIPO DE INGENIER\u00cdA DE WESTPRO UTILIZA UNA SUITE DE SOFTWARE DE DISE\u00d1O EN SUS ACTIVIDADES DE PROYECTOS E I + D. ESTOS INCLUYEN SOLIDWORKS, AUTOCAD, RISA-3D Y STAAD.<\/h6>\n\n\n\n<hr class=\"wp-block-separator\"\/>\n\n\n\n<figure class=\"wp-block-gallery columns-2 is-cropped wp-block-gallery-1 is-layout-flex wp-block-gallery-is-layout-flex\"><ul class=\"blocks-gallery-grid\"><li class=\"blocks-gallery-item\"><figure><a href=\"https:\/\/www.westpromachinery.com\/wp-content\/uploads\/2020\/06\/image_1476370355.png\"><img loading=\"lazy\" decoding=\"async\" width=\"367\" height=\"282\" src=\"https:\/\/www.westpromachinery.com\/wp-content\/uploads\/2020\/06\/image_1476370355.png\" alt=\"\" data-id=\"1109\" data-full-url=\"https:\/\/www.westpromachinery.com\/wp-content\/uploads\/2020\/06\/image_1476370355.png\" data-link=\"https:\/\/www.westpromachinery.com\/parts-and-services\/engineering-design-capabilities\/image_1476370355\/\" class=\"wp-image-1109\" srcset=\"https:\/\/www.westpromachinery.com\/wp-content\/uploads\/2020\/06\/image_1476370355.png 367w, https:\/\/www.westpromachinery.com\/wp-content\/uploads\/2020\/06\/image_1476370355-300x231.png 300w\" sizes=\"auto, (max-width: 367px) 100vw, 367px\" \/><\/a><\/figure><\/li><li class=\"blocks-gallery-item\"><figure><a href=\"https:\/\/www.westpromachinery.com\/wp-content\/uploads\/2020\/06\/image_1489503765.gif\"><img loading=\"lazy\" decoding=\"async\" width=\"526\" height=\"310\" src=\"https:\/\/www.westpromachinery.com\/wp-content\/uploads\/2020\/06\/image_1489503765.gif\" alt=\"\" data-id=\"1108\" data-full-url=\"https:\/\/www.westpromachinery.com\/wp-content\/uploads\/2020\/06\/image_1489503765.gif\" data-link=\"https:\/\/www.westpromachinery.com\/parts-and-services\/engineering-design-capabilities\/image_1489503765\/\" class=\"wp-image-1108\"\/><\/a><\/figure><\/li><\/ul><\/figure>","protected":false},"excerpt":{"rendered":"<p>Engineering Design Capabilities Westpro\u2019s success has been built on a strong foundation of quality, achieved through innovative and robust engineering design. Utilizing a multidisciplinary team of process, mechanical, structural, electrical and instrumentation engineers, Westpro can offer its customers integrated engineering solutions to complex process issues. CUSTOMERS RELY ON WESTPRO FOR ENGINEERING EXPERTISE IN: Process development [&hellip;]<\/p>\n","protected":false},"author":1,"featured_media":0,"parent":18,"menu_order":2,"comment_status":"closed","ping_status":"closed","template":"","meta":{"_acf_changed":false,"footnotes":""},"class_list":["post-94","page","type-page","status-publish","hentry"],"acf":[],"aioseo_notices":[],"_links":{"self":[{"href":"https:\/\/www.westpromachinery.com\/es\/wp-json\/wp\/v2\/pages\/94","targetHints":{"allow":["GET"]}}],"collection":[{"href":"https:\/\/www.westpromachinery.com\/es\/wp-json\/wp\/v2\/pages"}],"about":[{"href":"https:\/\/www.westpromachinery.com\/es\/wp-json\/wp\/v2\/types\/page"}],"author":[{"embeddable":true,"href":"https:\/\/www.westpromachinery.com\/es\/wp-json\/wp\/v2\/users\/1"}],"replies":[{"embeddable":true,"href":"https:\/\/www.westpromachinery.com\/es\/wp-json\/wp\/v2\/comments?post=94"}],"version-history":[{"count":7,"href":"https:\/\/www.westpromachinery.com\/es\/wp-json\/wp\/v2\/pages\/94\/revisions"}],"predecessor-version":[{"id":1114,"href":"https:\/\/www.westpromachinery.com\/es\/wp-json\/wp\/v2\/pages\/94\/revisions\/1114"}],"up":[{"embeddable":true,"href":"https:\/\/www.westpromachinery.com\/es\/wp-json\/wp\/v2\/pages\/18"}],"wp:attachment":[{"href":"https:\/\/www.westpromachinery.com\/es\/wp-json\/wp\/v2\/media?parent=94"}],"curies":[{"name":"wp","href":"https:\/\/api.w.org\/{rel}","templated":true}]}}