{"id":96,"date":"2020-05-07T15:46:25","date_gmt":"2020-05-07T15:46:25","guid":{"rendered":"https:\/\/www.westpromachinery.com\/?page_id=96"},"modified":"2020-06-04T15:33:45","modified_gmt":"2020-06-04T21:33:45","slug":"oem-replacement-parts","status":"publish","type":"page","link":"https:\/\/www.westpromachinery.com\/es\/parts-and-services\/oem-replacement-parts\/","title":{"rendered":"Repuestos de OEM"},"content":{"rendered":"<h1 class=\"wp-block-heading\">Repuestos de OEM<\/h1>\n\n\n\n<h4 class=\"wp-block-heading\">MANTENIENDO SUS SISTEMAS CR\u00cdTICOS EN FUNCIONAMIENTO<\/h4>\n\n\n\n<p>Incluso los mejores sistemas tienen una vida \u00fatil limitada. Westpro est\u00e1 comprometida con la gesti\u00f3n proactiva del ciclo de vida de todos nuestros sistemas. Le permitimos planear con anticipaci\u00f3n y tomar medidas para prevenir el fallo del sistema.<\/p>\n\n\n\n<div class=\"wp-block-columns is-layout-flex wp-container-core-columns-is-layout-9d6595d7 wp-block-columns-is-layout-flex\">\n<div class=\"wp-block-column is-layout-flow wp-block-column-is-layout-flow\">\n<p>Cuando se trata de piezas de repuesto, usted tiene muchas opciones. \u00bfPero est\u00e1 usted tomando las decisiones correctas? Con Westpro, obtiene piezas originales suministradas por OEM que preservan la integridad de su activo. Pero eso es solo el comienzo. Experimenta una verdadera colaboraci\u00f3n que ayuda a mejorar el rendimiento, la fiabilidad y la seguridad de tu planta. Y conserva su capacidad para incorporar mejoras tecnol\u00f3gicas en el futuro. Solamente Westpro puede ofrecer soluciones con visi\u00f3n de futuro.<\/p>\n\n\n\n<p class=\"translation-block\">Todas nuestras piezas de recambio de post-venta OEM se entregan con velocidad, precisi\u00f3n y rentabilidad. Ofrecemos una l\u00ednea completa de repuestos OEM y retrofits tanto para Westpro como para equipos de terceros.<\/p>\n<\/div>\n\n\n\n<div class=\"wp-block-column is-layout-flow wp-block-column-is-layout-flow\">\n<figure class=\"wp-block-image size-large\"><img loading=\"lazy\" decoding=\"async\" width=\"940\" height=\"705\" src=\"https:\/\/www.westpromachinery.com\/wp-content\/uploads\/2020\/06\/1489769887_Page-40-Top-Right.jpg\" alt=\"\" class=\"wp-image-1115\" srcset=\"https:\/\/www.westpromachinery.com\/wp-content\/uploads\/2020\/06\/1489769887_Page-40-Top-Right.jpg 940w, https:\/\/www.westpromachinery.com\/wp-content\/uploads\/2020\/06\/1489769887_Page-40-Top-Right-300x225.jpg 300w, https:\/\/www.westpromachinery.com\/wp-content\/uploads\/2020\/06\/1489769887_Page-40-Top-Right-768x576.jpg 768w\" sizes=\"auto, (max-width: 940px) 100vw, 940px\" \/><figcaption><em>New Flotation Mechanism preparing to ship.<\/em><\/figcaption><\/figure>\n<\/div>\n<\/div>\n\n\n\n<hr class=\"wp-block-separator\"\/>\n\n\n\n<h4 class=\"has-text-align-center wp-block-heading\">WESTPRO PROVIDES THE NEWEST TECHNOLOGY UPGRADES<\/h4>\n\n\n\n<hr class=\"wp-block-separator\"\/>\n\n\n\n<figure class=\"wp-block-gallery columns-4 is-cropped wp-block-gallery-1 is-layout-flex wp-block-gallery-is-layout-flex\"><ul class=\"blocks-gallery-grid\"><li class=\"blocks-gallery-item\"><figure><a href=\"https:\/\/www.westpromachinery.com\/wp-content\/uploads\/2020\/06\/image_1481120064.jpg\"><img loading=\"lazy\" decoding=\"async\" width=\"680\" height=\"451\" src=\"https:\/\/www.westpromachinery.com\/wp-content\/uploads\/2020\/06\/image_1481120064.jpg\" alt=\"\" data-id=\"1121\" data-full-url=\"https:\/\/www.westpromachinery.com\/wp-content\/uploads\/2020\/06\/image_1481120064.jpg\" data-link=\"https:\/\/www.westpromachinery.com\/parts-and-services\/oem-replacement-parts\/image_1481120064\/\" class=\"wp-image-1121\" srcset=\"https:\/\/www.westpromachinery.com\/wp-content\/uploads\/2020\/06\/image_1481120064.jpg 680w, https:\/\/www.westpromachinery.com\/wp-content\/uploads\/2020\/06\/image_1481120064-300x199.jpg 300w\" sizes=\"auto, (max-width: 680px) 100vw, 680px\" \/><\/a><\/figure><\/li><li class=\"blocks-gallery-item\"><figure><a href=\"https:\/\/www.westpromachinery.com\/wp-content\/uploads\/2020\/06\/image_1481120379.jpg\"><img loading=\"lazy\" decoding=\"async\" width=\"680\" height=\"451\" src=\"https:\/\/www.westpromachinery.com\/wp-content\/uploads\/2020\/06\/image_1481120379.jpg\" alt=\"\" data-id=\"1120\" data-full-url=\"https:\/\/www.westpromachinery.com\/wp-content\/uploads\/2020\/06\/image_1481120379.jpg\" data-link=\"https:\/\/www.westpromachinery.com\/parts-and-services\/oem-replacement-parts\/image_1481120379\/\" class=\"wp-image-1120\" srcset=\"https:\/\/www.westpromachinery.com\/wp-content\/uploads\/2020\/06\/image_1481120379.jpg 680w, https:\/\/www.westpromachinery.com\/wp-content\/uploads\/2020\/06\/image_1481120379-300x199.jpg 300w\" sizes=\"auto, (max-width: 680px) 100vw, 680px\" \/><\/a><\/figure><\/li><li class=\"blocks-gallery-item\"><figure><a href=\"https:\/\/www.westpromachinery.com\/wp-content\/uploads\/2020\/06\/image_1481120401.jpg\"><img loading=\"lazy\" decoding=\"async\" width=\"680\" height=\"383\" src=\"https:\/\/www.westpromachinery.com\/wp-content\/uploads\/2020\/06\/image_1481120401.jpg\" alt=\"\" data-id=\"1119\" data-full-url=\"https:\/\/www.westpromachinery.com\/wp-content\/uploads\/2020\/06\/image_1481120401.jpg\" data-link=\"https:\/\/www.westpromachinery.com\/parts-and-services\/oem-replacement-parts\/image_1481120401\/\" class=\"wp-image-1119\" srcset=\"https:\/\/www.westpromachinery.com\/wp-content\/uploads\/2020\/06\/image_1481120401.jpg 680w, https:\/\/www.westpromachinery.com\/wp-content\/uploads\/2020\/06\/image_1481120401-300x169.jpg 300w\" sizes=\"auto, (max-width: 680px) 100vw, 680px\" \/><\/a><\/figure><\/li><li class=\"blocks-gallery-item\"><figure><a href=\"https:\/\/www.westpromachinery.com\/wp-content\/uploads\/2020\/06\/image_1481120034.jpg\"><img loading=\"lazy\" decoding=\"async\" width=\"680\" height=\"451\" src=\"https:\/\/www.westpromachinery.com\/wp-content\/uploads\/2020\/06\/image_1481120034.jpg\" alt=\"\" data-id=\"1118\" data-full-url=\"https:\/\/www.westpromachinery.com\/wp-content\/uploads\/2020\/06\/image_1481120034.jpg\" data-link=\"https:\/\/www.westpromachinery.com\/parts-and-services\/oem-replacement-parts\/image_1481120034\/\" class=\"wp-image-1118\" srcset=\"https:\/\/www.westpromachinery.com\/wp-content\/uploads\/2020\/06\/image_1481120034.jpg 680w, https:\/\/www.westpromachinery.com\/wp-content\/uploads\/2020\/06\/image_1481120034-300x199.jpg 300w\" sizes=\"auto, (max-width: 680px) 100vw, 680px\" \/><\/a><\/figure><\/li><\/ul><\/figure>","protected":false},"excerpt":{"rendered":"<p>OEM Replacement Parts KEEPING YOUR CRITICAL SYSTEMS RUNNING Even the best systems have a limited lifetime. Westpro is committed to the proactive lifecycle management of all our systems. We enable you to plan ahead and take action to pre-empt system failure. When it comes to replacement parts, you have many choices. But are you making [&hellip;]<\/p>\n","protected":false},"author":1,"featured_media":0,"parent":18,"menu_order":3,"comment_status":"closed","ping_status":"closed","template":"","meta":{"_acf_changed":false,"footnotes":""},"class_list":["post-96","page","type-page","status-publish","hentry"],"acf":[],"aioseo_notices":[],"_links":{"self":[{"href":"https:\/\/www.westpromachinery.com\/es\/wp-json\/wp\/v2\/pages\/96","targetHints":{"allow":["GET"]}}],"collection":[{"href":"https:\/\/www.westpromachinery.com\/es\/wp-json\/wp\/v2\/pages"}],"about":[{"href":"https:\/\/www.westpromachinery.com\/es\/wp-json\/wp\/v2\/types\/page"}],"author":[{"embeddable":true,"href":"https:\/\/www.westpromachinery.com\/es\/wp-json\/wp\/v2\/users\/1"}],"replies":[{"embeddable":true,"href":"https:\/\/www.westpromachinery.com\/es\/wp-json\/wp\/v2\/comments?post=96"}],"version-history":[{"count":9,"href":"https:\/\/www.westpromachinery.com\/es\/wp-json\/wp\/v2\/pages\/96\/revisions"}],"predecessor-version":[{"id":1259,"href":"https:\/\/www.westpromachinery.com\/es\/wp-json\/wp\/v2\/pages\/96\/revisions\/1259"}],"up":[{"embeddable":true,"href":"https:\/\/www.westpromachinery.com\/es\/wp-json\/wp\/v2\/pages\/18"}],"wp:attachment":[{"href":"https:\/\/www.westpromachinery.com\/es\/wp-json\/wp\/v2\/media?parent=96"}],"curies":[{"name":"wp","href":"https:\/\/api.w.org\/{rel}","templated":true}]}}