{"id":105,"date":"2020-05-07T16:06:52","date_gmt":"2020-05-07T22:06:52","guid":{"rendered":"https:\/\/www.westpromachinery.com\/?post_type=product&#038;p=105"},"modified":"2022-06-13T13:26:57","modified_gmt":"2022-06-13T19:26:57","slug":"rotary-dryers","status":"publish","type":"product","link":"https:\/\/www.westpromachinery.com\/es\/product\/rotary-dryers\/","title":{"rendered":"Secadores Rotatorios"},"content":{"rendered":"<div class=\"alignfull slider-wrapper non-home\">\r\n        <div class=\"acf-slider\">\r\n                            <div class=\"slide\" style=\"background: url('https:\/\/www.westpromachinery.com\/wp-content\/uploads\/2020\/05\/thumb_1497380710.jpg');\">\r\n                                            <div class=\"container banner-content\">\r\n                            <h2>Secadores Rotatorios<\/h2>\n                        <\/div>\r\n                                    <\/div>\r\n                    <\/div>\r\n\r\n                    <style>\r\n                .slick-dots {\r\n                    display: none;\r\n                }\r\n            <\/style>\r\n        \r\n        <div class=\"loader\" id=\"loader\">\r\n            <span><\/span>\r\n            <span><\/span>\r\n            <span><\/span>\r\n        <\/div>\r\n    <\/div>\r\n\r\n\n\n\n<div class=\"wp-block-columns is-layout-flex wp-container-core-columns-is-layout-9d6595d7 wp-block-columns-is-layout-flex\">\n<div class=\"wp-block-column is-layout-flow wp-block-column-is-layout-flow\" style=\"flex-basis:66.66%\">\n<h1 class=\"wp-block-heading\">Secadores Rotatorios<\/h1>\n\n\n\n<p>Dise\u00f1ados a medida para cada aplicaci\u00f3n, los secadores rotatorios de Westpro ofrecen un rendimiento de secado eficiente y rentable.<\/p>\n\n\n\n<div style=\"height:20px\" aria-hidden=\"true\" class=\"wp-block-spacer\"><\/div>\n\n\n\n<h4 class=\"wp-block-heading\">ESPECIFICACIONES<\/h4>\n\n\n\n<ul class=\"wp-block-list\"><li>Los tama\u00f1os de secador var\u00edan desde 0,6m (2 ft) de di\u00e1metro hasta 2,7m (9 ft) de di\u00e1metro<\/li><li>Dise\u00f1ado para aplicaciones de secado a alta temperatura<\/li><li>Los anillos de rodado y rodillos especialmente forjados garantizan una larga vida \u00fatil y un bajo mantenimiento<\/li><li>Configuraci\u00f3n del elevador a medida, para optimizar el secado del material<\/li><li>Los secadores pueden montarse en muelles de hormig\u00f3n, marcos port\u00e1tiles o marcos modulares<\/li><li>Los complementos disponibles incluyen c\u00e1maras de combusti\u00f3n revestidas de material refractario, quemadores y sistemas de recolecci\u00f3n de polvo<\/li><\/ul>\n<\/div>\n\n\n\n<div class=\"wp-block-column is-layout-flow wp-block-column-is-layout-flow\" style=\"flex-basis:33.33%\"><div class=\"product-sidebar\">\r\n    <img loading=\"lazy\" decoding=\"async\" width=\"300\" height=\"226\" src=\"https:\/\/www.westpromachinery.com\/wp-content\/uploads\/2020\/05\/thumb_1485188027.jpg\" class=\"attachment-post-thumbnail size-post-thumbnail wp-post-image\" alt=\"\" \/>        <a href=\"\/es\/products\/inquiry\/?prod=Rotary Dryers\" class=\"inquiry-btn\">\u00a1Deje que nuestro ingeniero de procesos la califique para usted!<\/a>\r\n                    <div class=\"english-files\">\r\n                                                            <a href=\"https:\/\/www.westpromachinery.com\/wp-content\/uploads\/2020\/05\/1498239312_Questionnaire-Rotary-Dryer-R1.doc\" class=\"download-btn\" target=\"_blank\">Descargar el cuestionario de dimensionamiento espec\u00edfico del producto<\/a>\r\n                                                    <a href=\"https:\/\/www.westpromachinery.com\/wp-content\/uploads\/2020\/05\/1534188555_1502726652_Rotary-Dryer-Product-Brochure.pdf\" class=\"download-btn\" target=\"_blank\">Rotary Dryer Brochure and Sizing Chart<\/a>\r\n                                        <\/div>\r\n                        <div class=\"spanish-files\">\r\n                                        <a href=\"https:\/\/www.westpromachinery.com\/wp-content\/uploads\/2020\/05\/Cuestionario-de-Secadores-Rotatorios.docx\" class=\"download-btn\" target=\"_blank\">Cuestionario de Secadores Rotatorios<\/a>\r\n                                            <a href=\"https:\/\/www.westpromachinery.com\/wp-content\/uploads\/2020\/05\/Secadores-Rotatorios.pdf\" class=\"download-btn\" target=\"_blank\">Folleto y Tabla de Tama\u00f1os de Secadores Rotatorios<\/a>\r\n                                <\/div>\r\n        \r\n    <h5>SOLICITAR M\u00c1S INFORMACI\u00d3N<\/h5>\r\n    <!-- START OF ACTIVECONVERSION FORM CODE -->\r\n    <div id=\"acForm_269cb\"><\/div>\r\n    <!-- END OF ACTIVECONVERSION FORM CODE -->\r\n\r\n    <\/div>\r\n<\/div>\n<\/div>\n\n\n\n<ul class=\"links-list wp-block-list\"><li><strong>ENTREGAS R\u00c1PIDAS<\/strong><\/li><li><strong>CONSTRUCCI\u00d3N S\u00d3LIDA<\/strong><\/li><li><strong>DISE\u00d1O COMPROBADO<\/strong><\/li><\/ul>\n\n\n\n<hr class=\"wp-block-separator\"\/>\n\n\n\n<div class=\"wp-block-columns is-layout-flex wp-container-core-columns-is-layout-9d6595d7 wp-block-columns-is-layout-flex\">\n<div class=\"wp-block-column is-layout-flow wp-block-column-is-layout-flow\">\n<h4 class=\"wp-block-heading\">APLICACIONES<\/h4>\n\n\n\n<ul class=\"wp-block-list\"><li>Agregados<\/li><li>Remediaci\u00f3n de suelos<\/li><li>Concentrate<\/li><li>Minerales industriales<\/li><li>Muchas otras aplicaciones de secado<\/li><\/ul>\n<\/div>\n\n\n\n<div class=\"wp-block-column is-layout-flow wp-block-column-is-layout-flow\">\n<figure class=\"wp-block-image size-large\"><img loading=\"lazy\" decoding=\"async\" width=\"940\" height=\"705\" src=\"https:\/\/www.westpromachinery.com\/wp-content\/uploads\/2020\/06\/1501711129_1.2m-4ft-diameter-RD428-Rotary-Dryer-at-a-garnet-sand-processing-plant-in-Louisiana-USA.jpg\" alt=\"\" class=\"wp-image-1022\" srcset=\"https:\/\/www.westpromachinery.com\/wp-content\/uploads\/2020\/06\/1501711129_1.2m-4ft-diameter-RD428-Rotary-Dryer-at-a-garnet-sand-processing-plant-in-Louisiana-USA.jpg 940w, https:\/\/www.westpromachinery.com\/wp-content\/uploads\/2020\/06\/1501711129_1.2m-4ft-diameter-RD428-Rotary-Dryer-at-a-garnet-sand-processing-plant-in-Louisiana-USA-300x225.jpg 300w, https:\/\/www.westpromachinery.com\/wp-content\/uploads\/2020\/06\/1501711129_1.2m-4ft-diameter-RD428-Rotary-Dryer-at-a-garnet-sand-processing-plant-in-Louisiana-USA-768x576.jpg 768w\" sizes=\"auto, (max-width: 940px) 100vw, 940px\" \/><\/figure>\n<\/div>\n<\/div>\n\n\n\n<hr class=\"wp-block-separator\"\/>\n\n\n\n<div class=\"wp-block-columns is-layout-flex wp-container-core-columns-is-layout-9d6595d7 wp-block-columns-is-layout-flex\">\n<div class=\"wp-block-column is-layout-flow wp-block-column-is-layout-flow\">\n<h4 class=\"wp-block-heading\">SECADORES ROTATORIOS ACCIONADOS POR CADENAS<\/h4>\n\n\n\n<h6 class=\"border-left wp-block-heading\">VENTAJAS<\/h6>\n\n\n\n<ul class=\"wp-block-list\"><li>Bajo mantenimiento<\/li><li>La opci\u00f3n m\u00e1s econ\u00f3mica<\/li><li>Dise\u00f1o robusto<\/li><li>Instalaci\u00f3n simple<\/li><\/ul>\n<\/div>\n\n\n\n<div class=\"wp-block-column is-layout-flow wp-block-column-is-layout-flow\">\n<figure class=\"wp-block-image size-large\"><img loading=\"lazy\" decoding=\"async\" width=\"940\" height=\"705\" src=\"https:\/\/www.westpromachinery.com\/wp-content\/uploads\/2020\/06\/1501713585_1.2m-4ft-diameter-Rotary-Dryer-at-an-industrial-sands-processing-plant-in-Louisiana-USA.jpg\" alt=\"\" class=\"wp-image-1023\" srcset=\"https:\/\/www.westpromachinery.com\/wp-content\/uploads\/2020\/06\/1501713585_1.2m-4ft-diameter-Rotary-Dryer-at-an-industrial-sands-processing-plant-in-Louisiana-USA.jpg 940w, https:\/\/www.westpromachinery.com\/wp-content\/uploads\/2020\/06\/1501713585_1.2m-4ft-diameter-Rotary-Dryer-at-an-industrial-sands-processing-plant-in-Louisiana-USA-300x225.jpg 300w, https:\/\/www.westpromachinery.com\/wp-content\/uploads\/2020\/06\/1501713585_1.2m-4ft-diameter-Rotary-Dryer-at-an-industrial-sands-processing-plant-in-Louisiana-USA-768x576.jpg 768w\" sizes=\"auto, (max-width: 940px) 100vw, 940px\" \/><\/figure>\n<\/div>\n<\/div>\n\n\n\n<hr class=\"wp-block-separator\"\/>\n\n\n\n<div class=\"wp-block-columns is-layout-flex wp-container-core-columns-is-layout-9d6595d7 wp-block-columns-is-layout-flex\">\n<div class=\"wp-block-column is-layout-flow wp-block-column-is-layout-flow\">\n<h4 class=\"wp-block-heading\">SECADORES ROTATORIOS DE ACCIONAMIENTO DIRECTO<\/h4>\n\n\n\n<h6 class=\"border-left wp-block-heading\">VENTAJAS<\/h6>\n\n\n\n<ul class=\"wp-block-list\"><li>Bajo costo de piezas de repuesto<\/li><li>Bajo mantenimiento<\/li><li>El anillo de rodadura es autoalineable<\/li><li>No open gearing or chain to lubricate and maintain<\/li><\/ul>\n<\/div>\n\n\n\n<div class=\"wp-block-column is-layout-flow wp-block-column-is-layout-flow\">\n<figure class=\"wp-block-image size-large\"><img loading=\"lazy\" decoding=\"async\" width=\"940\" height=\"488\" src=\"https:\/\/www.westpromachinery.com\/wp-content\/uploads\/2020\/06\/1501180718_RD740DD-Rendering.jpg\" alt=\"\" class=\"wp-image-1024\" srcset=\"https:\/\/www.westpromachinery.com\/wp-content\/uploads\/2020\/06\/1501180718_RD740DD-Rendering.jpg 940w, https:\/\/www.westpromachinery.com\/wp-content\/uploads\/2020\/06\/1501180718_RD740DD-Rendering-300x156.jpg 300w, https:\/\/www.westpromachinery.com\/wp-content\/uploads\/2020\/06\/1501180718_RD740DD-Rendering-768x399.jpg 768w\" sizes=\"auto, (max-width: 940px) 100vw, 940px\" \/><\/figure>\n<\/div>\n<\/div>\n\n\n\n<hr class=\"wp-block-separator\"\/>\n\n\n\n<div class=\"wp-block-columns is-layout-flex wp-container-core-columns-is-layout-9d6595d7 wp-block-columns-is-layout-flex\">\n<div class=\"wp-block-column is-layout-flow wp-block-column-is-layout-flow\">\n<h4 class=\"wp-block-heading\">SECADORES ROTATORIOS ACCIONADOS POR ENGRANAJES<\/h4>\n\n\n\n<h6 class=\"border-left wp-block-heading\">VENTAJAS<\/h6>\n\n\n\n<ul class=\"wp-block-list\"><li>Capacidades de alto tonelaje<\/li><li>Accionamiento positivo de la transmisi\u00f3n<\/li><li>Larga vida \u00fatil del tren de transmisi\u00f3n y de los engranajes<\/li><\/ul>\n<\/div>\n\n\n\n<div class=\"wp-block-column is-layout-flow wp-block-column-is-layout-flow\">\n<figure class=\"wp-block-image size-large\"><img loading=\"lazy\" decoding=\"async\" width=\"940\" height=\"529\" src=\"https:\/\/www.westpromachinery.com\/wp-content\/uploads\/2020\/06\/1501712223_RD428-Rendering-Exploded.jpg\" alt=\"\" class=\"wp-image-1025\" srcset=\"https:\/\/www.westpromachinery.com\/wp-content\/uploads\/2020\/06\/1501712223_RD428-Rendering-Exploded.jpg 940w, https:\/\/www.westpromachinery.com\/wp-content\/uploads\/2020\/06\/1501712223_RD428-Rendering-Exploded-300x169.jpg 300w, https:\/\/www.westpromachinery.com\/wp-content\/uploads\/2020\/06\/1501712223_RD428-Rendering-Exploded-768x432.jpg 768w\" sizes=\"auto, (max-width: 940px) 100vw, 940px\" \/><\/figure>\n\n\n\n<p><\/p>\n<\/div>\n<\/div>\n\n\n\n<hr class=\"wp-block-separator\"\/>\n\n\n\n<h4 class=\"wp-block-heading\">STANDARD SIZES*<\/h4>\n\n\n\n<figure class=\"wp-block-table mb-0\"><table class=\"has-fixed-layout\"><thead><tr><th>Modelo<\/th><th>Tama\u00f1o (Di\u00e1metro X Longitud)<\/th><\/tr><\/thead><tbody><tr><td><strong>RD215<\/strong><\/td><td>2&#8242; X 15&#8242;<\/td><\/tr><tr><td><strong>RD324<\/strong><\/td><td>3&#8242; X 24&#8242;<\/td><\/tr><tr><td><strong>RD428<\/strong><\/td><td>4&#8242; X 28&#8242;<\/td><\/tr><tr><td><strong>RD535<\/strong><\/td><td>5&#8242; X 35&#8242;<\/td><\/tr><tr><td><strong>RD635<\/strong><\/td><td>6&#8242; X 35&#8242;<\/td><\/tr><tr><td><strong>RD740<\/strong><\/td><td>7&#8242; X 40&#8242;<\/td><\/tr><tr><td><strong>RD965<\/strong><\/td><td>9&#8242; X 65&#8242;<\/td><\/tr><\/tbody><\/table><\/figure>\n\n\n\n<p>*Other Sizes Available<\/p>\n\n\n\n<hr class=\"wp-block-separator\"\/>\n\n\n\n<figure class=\"wp-block-gallery has-nested-images columns-3 is-cropped wp-block-gallery-1 is-layout-flex wp-block-gallery-is-layout-flex\">\n<figure class=\"wp-block-image size-large\"><a href=\"https:\/\/www.westpromachinery.com\/wp-content\/uploads\/2020\/05\/image_1476819321.png\"><img loading=\"lazy\" decoding=\"async\" width=\"680\" height=\"323\" data-id=\"1028\" src=\"https:\/\/www.westpromachinery.com\/wp-content\/uploads\/2020\/05\/image_1476819321.png\" alt=\"\" class=\"wp-image-1028\" srcset=\"https:\/\/www.westpromachinery.com\/wp-content\/uploads\/2020\/05\/image_1476819321.png 680w, https:\/\/www.westpromachinery.com\/wp-content\/uploads\/2020\/05\/image_1476819321-300x143.png 300w\" sizes=\"auto, (max-width: 680px) 100vw, 680px\" \/><\/a><\/figure>\n\n\n\n<figure class=\"wp-block-image size-large\"><a href=\"https:\/\/www.westpromachinery.com\/wp-content\/uploads\/2020\/05\/image_1496355170.jpg\"><img loading=\"lazy\" decoding=\"async\" width=\"1024\" height=\"768\" data-id=\"1027\" src=\"https:\/\/www.westpromachinery.com\/wp-content\/uploads\/2020\/05\/image_1496355170-1024x768.jpg\" alt=\"\" class=\"wp-image-1027\" srcset=\"https:\/\/www.westpromachinery.com\/wp-content\/uploads\/2020\/05\/image_1496355170-1024x768.jpg 1024w, https:\/\/www.westpromachinery.com\/wp-content\/uploads\/2020\/05\/image_1496355170-300x225.jpg 300w, https:\/\/www.westpromachinery.com\/wp-content\/uploads\/2020\/05\/image_1496355170-768x576.jpg 768w, https:\/\/www.westpromachinery.com\/wp-content\/uploads\/2020\/05\/image_1496355170.jpg 1200w\" sizes=\"auto, (max-width: 1024px) 100vw, 1024px\" \/><\/a><\/figure>\n\n\n\n<figure class=\"wp-block-image size-large\"><a href=\"https:\/\/www.westpromachinery.com\/wp-content\/uploads\/2020\/05\/image_1496355592.jpg\"><img loading=\"lazy\" decoding=\"async\" width=\"1024\" height=\"768\" data-id=\"1026\" src=\"https:\/\/www.westpromachinery.com\/wp-content\/uploads\/2020\/05\/image_1496355592-1024x768.jpg\" alt=\"\" class=\"wp-image-1026\" srcset=\"https:\/\/www.westpromachinery.com\/wp-content\/uploads\/2020\/05\/image_1496355592-1024x768.jpg 1024w, https:\/\/www.westpromachinery.com\/wp-content\/uploads\/2020\/05\/image_1496355592-300x225.jpg 300w, https:\/\/www.westpromachinery.com\/wp-content\/uploads\/2020\/05\/image_1496355592-768x576.jpg 768w, https:\/\/www.westpromachinery.com\/wp-content\/uploads\/2020\/05\/image_1496355592.jpg 1200w\" sizes=\"auto, (max-width: 1024px) 100vw, 1024px\" \/><\/a><\/figure>\n<\/figure>","protected":false},"excerpt":{"rendered":"<p>Dise\u00f1ados a medida para cada aplicaci\u00f3n, los secadores rotatorios de Westpro ofrecen un rendimiento de secado eficiente y rentable.<\/p>","protected":false},"featured_media":106,"template":"","utilized_in":[19,8,10,12,18],"class_list":["post-105","product","type-product","status-publish","has-post-thumbnail","hentry","utilized_in-aggregate","utilized_in-aggregates-processing","utilized_in-dewatering-plants","utilized_in-flotation-plants","utilized_in-mining"],"acf":[],"aioseo_notices":[],"_links":{"self":[{"href":"https:\/\/www.westpromachinery.com\/es\/wp-json\/wp\/v2\/product\/105","targetHints":{"allow":["GET"]}}],"collection":[{"href":"https:\/\/www.westpromachinery.com\/es\/wp-json\/wp\/v2\/product"}],"about":[{"href":"https:\/\/www.westpromachinery.com\/es\/wp-json\/wp\/v2\/types\/product"}],"wp:featuredmedia":[{"embeddable":true,"href":"https:\/\/www.westpromachinery.com\/es\/wp-json\/wp\/v2\/media\/106"}],"wp:attachment":[{"href":"https:\/\/www.westpromachinery.com\/es\/wp-json\/wp\/v2\/media?parent=105"}],"wp:term":[{"taxonomy":"utilized_in","embeddable":true,"href":"https:\/\/www.westpromachinery.com\/es\/wp-json\/wp\/v2\/utilized_in?post=105"}],"curies":[{"name":"wp","href":"https:\/\/api.w.org\/{rel}","templated":true}]}}