{"id":111,"date":"2020-05-07T16:08:38","date_gmt":"2020-05-07T16:08:38","guid":{"rendered":"https:\/\/www.westpromachinery.com\/?post_type=product&#038;p=111"},"modified":"2022-06-29T02:05:12","modified_gmt":"2022-06-29T08:05:12","slug":"portable-crushers","status":"publish","type":"product","link":"https:\/\/www.westpromachinery.com\/es\/product\/portable-crushers\/","title":{"rendered":"Trituradoras Port\u00e1tiles"},"content":{"rendered":"<div class=\"alignfull slider-wrapper non-home\">\r\n        <div class=\"acf-slider\">\r\n                            <div class=\"slide\" style=\"background: url('https:\/\/www.westpromachinery.com\/wp-content\/uploads\/2020\/05\/thumb_1497481774.jpg');\">\r\n                                            <div class=\"container banner-content\">\r\n                            <h2>Trituradoras Port\u00e1tiles<\/h2>\n                        <\/div>\r\n                                    <\/div>\r\n                            <div class=\"slide\" style=\"background: url('https:\/\/www.westpromachinery.com\/wp-content\/uploads\/2020\/05\/thumb_1497375541.jpg');\">\r\n                                            <div class=\"container banner-content\">\r\n                            <h2>Trituradoras Port\u00e1tiles<\/h2>\n                        <\/div>\r\n                                    <\/div>\r\n                            <div class=\"slide\" style=\"background: url('https:\/\/www.westpromachinery.com\/wp-content\/uploads\/2020\/05\/thumb_1497374610.jpg');\">\r\n                                            <div class=\"container banner-content\">\r\n                            <h2>Trituradoras Port\u00e1tiles<\/h2>\n                        <\/div>\r\n                                    <\/div>\r\n                    <\/div>\r\n\r\n        \r\n        <div class=\"loader\" id=\"loader\">\r\n            <span><\/span>\r\n            <span><\/span>\r\n            <span><\/span>\r\n        <\/div>\r\n    <\/div>\r\n\r\n\n\n\n<div class=\"wp-block-columns is-layout-flex wp-container-core-columns-is-layout-9d6595d7 wp-block-columns-is-layout-flex\">\n<div class=\"wp-block-column is-layout-flow wp-block-column-is-layout-flow\" style=\"flex-basis:66.66%\">\n<h1 class=\"wp-block-heading\">Trituradoras Port\u00e1tiles<\/h1>\n\n\n\n<p>Las unidades de trituradoras de cono y mand\u00edbula port\u00e1tiles de Westpro ofrecen soluciones de trituraci\u00f3n aut\u00f3nomas para canteras, obras remotas y proyectos de construcci\u00f3n. Estas Quebradoras est\u00e1n disponibles como unidades independientes. M\u00faltiples unidades tambi\u00e9n pueden combinarse en plantas de trituraci\u00f3n port\u00e1tiles de 2 o 3 etapas.<\/p>\n\n\n\n<figure class=\"wp-block-image size-large\"><img loading=\"lazy\" decoding=\"async\" width=\"940\" height=\"705\" src=\"https:\/\/www.westpromachinery.com\/wp-content\/uploads\/2020\/05\/1495135842_IMG_1389.jpg\" alt=\"\" class=\"wp-image-969\" srcset=\"https:\/\/www.westpromachinery.com\/wp-content\/uploads\/2020\/05\/1495135842_IMG_1389.jpg 940w, https:\/\/www.westpromachinery.com\/wp-content\/uploads\/2020\/05\/1495135842_IMG_1389-300x225.jpg 300w, https:\/\/www.westpromachinery.com\/wp-content\/uploads\/2020\/05\/1495135842_IMG_1389-768x576.jpg 768w\" sizes=\"auto, (max-width: 940px) 100vw, 940px\" \/><figcaption><em><em>Quebradora de mand\u00edbula port\u00e1til en planta de British Columbia, Canad\u00e1.<\/em><\/em><\/figcaption><\/figure>\n<\/div>\n\n\n\n<div class=\"wp-block-column is-layout-flow wp-block-column-is-layout-flow\" style=\"flex-basis:33.33%\"><div class=\"product-sidebar\">\r\n    <img loading=\"lazy\" decoding=\"async\" width=\"300\" height=\"226\" src=\"https:\/\/www.westpromachinery.com\/wp-content\/uploads\/2020\/05\/thumb_1496770150.jpg\" class=\"attachment-post-thumbnail size-post-thumbnail wp-post-image\" alt=\"\" \/>        <a href=\"\/es\/products\/inquiry\/?prod=Portable Crushers\" class=\"inquiry-btn\">\u00a1Deje que nuestro ingeniero de procesos la califique para usted!<\/a>\r\n                    <div class=\"english-files\">\r\n                                                            <a href=\"https:\/\/www.westpromachinery.com\/wp-content\/uploads\/2020\/05\/1534188329_1502726440_Portable-Cone-Crusher-Product-Brochure.pdf\" class=\"download-btn\" target=\"_blank\">Portable Cone Crusher Brochure<\/a>\r\n                                                    <a href=\"https:\/\/www.westpromachinery.com\/wp-content\/uploads\/2020\/05\/1534188373_1489508103_Portable-Crushing-Unit.pdf\" class=\"download-btn\" target=\"_blank\">Portable Crushing Unit Brochure<\/a>\r\n                                                    <a href=\"https:\/\/www.westpromachinery.com\/wp-content\/uploads\/2020\/05\/1534188350_1502726471_Portable-Jaw-Crusher-Product-Brochure.pdf\" class=\"download-btn\" target=\"_blank\">Portable Jaw Crusher Brochure and Sizing Chart<\/a>\r\n                                        <\/div>\r\n                        <div class=\"spanish-files\">\r\n                                        <a href=\"https:\/\/www.westpromachinery.com\/wp-content\/uploads\/2020\/05\/Quebradora-de-Cono-Portatil.pdf\" class=\"download-btn\" target=\"_blank\">Folleto de Quebradora de Cono Port\u00e1til<\/a>\r\n                                            <a href=\"https:\/\/www.westpromachinery.com\/wp-content\/uploads\/2020\/05\/Trituradoras-Portatiles.pdf\" class=\"download-btn\" target=\"_blank\">Folleto de Trituradoras Port\u00e1tiles<\/a>\r\n                                            <a href=\"https:\/\/www.westpromachinery.com\/wp-content\/uploads\/2020\/05\/Quebradora-de-Mandibula-Portatil.pdf\" class=\"download-btn\" target=\"_blank\">Folleto y Tabla de Tama\u00f1os de Trituradora de Mand\u00edbula Port\u00e1til<\/a>\r\n                                <\/div>\r\n        \r\n    <h5>SOLICITAR M\u00c1S INFORMACI\u00d3N<\/h5>\r\n    <!-- START OF ACTIVECONVERSION FORM CODE -->\r\n    <div id=\"acForm_269cb\"><\/div>\r\n    <!-- END OF ACTIVECONVERSION FORM CODE -->\r\n\r\n    <\/div>\r\n<\/div>\n<\/div>\n\n\n\n<hr class=\"wp-block-separator\"\/>\n\n\n\n<div class=\"wp-block-columns is-layout-flex wp-container-core-columns-is-layout-9d6595d7 wp-block-columns-is-layout-flex\">\n<div class=\"wp-block-column is-layout-flow wp-block-column-is-layout-flow\" style=\"flex-basis:55%\">\n<h6 class=\"border-left wp-block-heading\">VENTAJAS<\/h6>\n\n\n\n<ul class=\"wp-block-list\"><li>Construcci\u00f3n resistente y robusta<\/li><li>Rango de tama\u00f1os disponibles para cumplir con diferentes requisitos de capacidad<\/li><li>Incluye todos los equipos auxiliares, tales como tolvas, alimentadores vibratorios grizzly, transportadores y mallas vibratorias, seg\u00fan sea necesario para cada unidad<\/li><li>Dise\u00f1o apto para carreteras con ensamble completo del chasis<\/li><li>Bases niveladoras hidr\u00e1ulicas ajustables<\/li><li>Las unidades de potencia hidr\u00e1ulica y di\u00e9sel eliminan la necesidad de energ\u00eda el\u00e9ctrica en el campo<\/li><li>Se puede convertir a unidades de trituraci\u00f3n modulares en la obra<\/li><\/ul>\n<\/div>\n\n\n\n<div class=\"wp-block-column is-layout-flow wp-block-column-is-layout-flow\">\n<h6 class=\"border-left wp-block-heading\">QUICK SET-UP<\/h6>\n\n\n\n<hr class=\"wp-block-separator\"\/>\n\n\n\n<h6 class=\"border-left wp-block-heading\">COST EFFECTIVE<\/h6>\n\n\n\n<hr class=\"wp-block-separator\"\/>\n\n\n\n<h6 class=\"border-left wp-block-heading\">COMPLETELY ADJUSTABLE FOR DIFFERENT CAPACITIES<\/h6>\n\n\n\n<hr class=\"wp-block-separator\"\/>\n\n\n\n<h6 class=\"border-left wp-block-heading\">EASILY CONVERTED TO HANDLE DIFFERENT PRODUCTS<\/h6>\n<\/div>\n<\/div>\n\n\n\n<hr class=\"wp-block-separator\"\/>\n\n\n\n<div class=\"wp-block-columns is-layout-flex wp-container-core-columns-is-layout-9d6595d7 wp-block-columns-is-layout-flex\">\n<div class=\"wp-block-column is-layout-flow wp-block-column-is-layout-flow\" style=\"flex-basis:45%\">\n<h4 class=\"wp-block-heading\">UNIDAD DE TRITURACI\u00d3N PORT\u00c1TIL<\/h4>\n\n\n\n<h6 class=\"border-left wp-block-heading\">VENTAJAS<\/h6>\n\n\n\n<ul class=\"wp-block-list\"><li>F\u00e1cilmente transportable en cami\u00f3n de 1 tonelada o de volteo<\/li><li>Transportador de descarga de apilamiento alto<\/li><\/ul>\n\n\n\n<h6 class=\"border-left wp-block-heading\">APLICACIONES<\/h6>\n\n\n\n<ul class=\"wp-block-list\"><li>Operaciones de agregados<\/li><li>Minas medianas<\/li><\/ul>\n\n\n\n<h6 class=\"wp-block-heading\"><a href=\"https:\/\/www.westpromachinery.com\/wp-content\/uploads\/2020\/05\/1534188373_1489508103_Portable-Crushing-Unit.pdf\" target=\"_blank\" aria-label=\"undefined (opens in a new tab)\" rel=\"noreferrer noopener\">Descargue nuestro folleto para m\u00e1s detalles.<\/a><\/h6>\n<\/div>\n\n\n\n<div class=\"wp-block-column is-layout-flow wp-block-column-is-layout-flow\">\n<figure class=\"wp-block-image size-large\"><img loading=\"lazy\" decoding=\"async\" width=\"940\" height=\"705\" src=\"https:\/\/www.westpromachinery.com\/wp-content\/uploads\/2020\/05\/1501871535_250mm-10in-x-750mm-30in-Portable-Jaw-Crusher-with-foldable-discharge-conveyor.jpg\" alt=\"\" class=\"wp-image-974\" srcset=\"https:\/\/www.westpromachinery.com\/wp-content\/uploads\/2020\/05\/1501871535_250mm-10in-x-750mm-30in-Portable-Jaw-Crusher-with-foldable-discharge-conveyor.jpg 940w, https:\/\/www.westpromachinery.com\/wp-content\/uploads\/2020\/05\/1501871535_250mm-10in-x-750mm-30in-Portable-Jaw-Crusher-with-foldable-discharge-conveyor-300x225.jpg 300w, https:\/\/www.westpromachinery.com\/wp-content\/uploads\/2020\/05\/1501871535_250mm-10in-x-750mm-30in-Portable-Jaw-Crusher-with-foldable-discharge-conveyor-768x576.jpg 768w\" sizes=\"auto, (max-width: 940px) 100vw, 940px\" \/><figcaption><em>Quebradora de mand\u00edbula port\u00e1til de 10 \"x 30\" (25.40 cm x 76.20 cm) en el taller de Westpro<\/em><\/figcaption><\/figure>\n<\/div>\n<\/div>\n\n\n\n<hr class=\"wp-block-separator\"\/>\n\n\n\n<div class=\"wp-block-columns is-layout-flex wp-container-core-columns-is-layout-9d6595d7 wp-block-columns-is-layout-flex\">\n<div class=\"wp-block-column is-layout-flow wp-block-column-is-layout-flow\" style=\"flex-basis:45%\">\n<h4 class=\"wp-block-heading\">QUEBRADORA DE CONO PORT\u00c1TIL<\/h4>\n\n\n\n<h6 class=\"border-left wp-block-heading\">VENTAJAS<\/h6>\n\n\n\n<ul class=\"wp-block-list\"><li>F\u00e1cil de transportar entre obras<\/li><li>Configuraci\u00f3n r\u00e1pida<\/li><\/ul>\n\n\n\n<h6 class=\"border-left wp-block-heading\">APLICACIONES<\/h6>\n\n\n\n<ul class=\"wp-block-list\"><li>Miner\u00eda<\/li><li>Agregados<\/li><\/ul>\n\n\n\n<h6 class=\"wp-block-heading\"><a href=\"https:\/\/www.westpromachinery.com\/wp-content\/uploads\/2020\/05\/1534188329_1502726440_Portable-Cone-Crusher-Product-Brochure.pdf\" target=\"_blank\" aria-label=\"undefined (opens in a new tab)\" rel=\"noreferrer noopener\">Descargue nuestro folleto para m\u00e1s detalles.<\/a><\/h6>\n<\/div>\n\n\n\n<div class=\"wp-block-column is-layout-flow wp-block-column-is-layout-flow\">\n<figure class=\"wp-block-image size-large\"><img loading=\"lazy\" decoding=\"async\" width=\"940\" height=\"630\" src=\"https:\/\/www.westpromachinery.com\/wp-content\/uploads\/2020\/05\/1495740194_DSC_0022.jpg\" alt=\"\" class=\"wp-image-975\" srcset=\"https:\/\/www.westpromachinery.com\/wp-content\/uploads\/2020\/05\/1495740194_DSC_0022.jpg 940w, https:\/\/www.westpromachinery.com\/wp-content\/uploads\/2020\/05\/1495740194_DSC_0022-300x201.jpg 300w, https:\/\/www.westpromachinery.com\/wp-content\/uploads\/2020\/05\/1495740194_DSC_0022-768x515.jpg 768w\" sizes=\"auto, (max-width: 940px) 100vw, 940px\" \/><figcaption><em>Quebradora de cono port\u00e1til 1300 lista para env\u00edo<\/em><\/figcaption><\/figure>\n<\/div>\n<\/div>\n\n\n\n<hr class=\"wp-block-separator\"\/>\n\n\n\n<div class=\"wp-block-columns is-layout-flex wp-container-core-columns-is-layout-9d6595d7 wp-block-columns-is-layout-flex\">\n<div class=\"wp-block-column is-layout-flow wp-block-column-is-layout-flow\" style=\"flex-basis:45%\">\n<h4 class=\"wp-block-heading\">QUEBRADORA DE QUIJADA PORT\u00c1TIL<\/h4>\n\n\n\n<h6 class=\"border-left wp-block-heading\">VENTAJAS<\/h6>\n\n\n\n<ul class=\"wp-block-list\"><li>F\u00e1cil de transportar entre obras<\/li><li>Configuraci\u00f3n r\u00e1pida<\/li><\/ul>\n\n\n\n<h6 class=\"border-left wp-block-heading\">APLICACIONES<\/h6>\n\n\n\n<ul class=\"wp-block-list\"><li>Operaciones de agregados<\/li><li>Miner\u00eda<\/li><\/ul>\n\n\n\n<h6 class=\"wp-block-heading\"><a href=\"https:\/\/www.westpromachinery.com\/wp-content\/uploads\/2020\/05\/1534188350_1502726471_Portable-Jaw-Crusher-Product-Brochure.pdf\" target=\"_blank\" aria-label=\"undefined (opens in a new tab)\" rel=\"noreferrer noopener\">Descargue nuestro folleto para m\u00e1s detalles.<\/a><\/h6>\n<\/div>\n\n\n\n<div class=\"wp-block-column is-layout-flow wp-block-column-is-layout-flow\">\n<figure class=\"wp-block-image size-large\"><img loading=\"lazy\" decoding=\"async\" width=\"940\" height=\"705\" src=\"https:\/\/www.westpromachinery.com\/wp-content\/uploads\/2020\/05\/1495134286_1626-Jaw-Module-at-Shop-2.jpg\" alt=\"\" class=\"wp-image-976\" srcset=\"https:\/\/www.westpromachinery.com\/wp-content\/uploads\/2020\/05\/1495134286_1626-Jaw-Module-at-Shop-2.jpg 940w, https:\/\/www.westpromachinery.com\/wp-content\/uploads\/2020\/05\/1495134286_1626-Jaw-Module-at-Shop-2-300x225.jpg 300w, https:\/\/www.westpromachinery.com\/wp-content\/uploads\/2020\/05\/1495134286_1626-Jaw-Module-at-Shop-2-768x576.jpg 768w\" sizes=\"auto, (max-width: 940px) 100vw, 940px\" \/><figcaption><em>Quebradora de mand\u00edbula port\u00e1til en el taller de Westpro<\/em><\/figcaption><\/figure>\n<\/div>\n<\/div>\n\n\n\n<hr class=\"wp-block-separator\"\/>\n\n\n\n<h4 class=\"wp-block-heading\">TAMA\u00d1OS<\/h4>\n\n\n\n<figure class=\"wp-block-table wbreak-normal fs-13\"><table><thead><tr><th>Modelos<\/th><th class=\"has-text-align-center\" data-align=\"center\">Feed Opening<br>(mm)<\/th><th class=\"has-text-align-center\" data-align=\"center\">20<\/th><th class=\"has-text-align-center\" data-align=\"center\">25<\/th><th class=\"has-text-align-center\" data-align=\"center\">40<\/th><th class=\"has-text-align-center\" data-align=\"center\">50<\/th><th class=\"has-text-align-center\" data-align=\"center\">65<\/th><th class=\"has-text-align-center\" data-align=\"center\">75<\/th><th class=\"has-text-align-center\" data-align=\"center\">100<\/th><th class=\"has-text-align-center\" data-align=\"center\">130<\/th><th class=\"has-text-align-center\" data-align=\"center\">150<\/th><th class=\"has-text-align-center\" data-align=\"center\">175<\/th><th class=\"has-text-align-center\" data-align=\"center\">200<\/th><\/tr><\/thead><tbody><tr><td><strong>JC1030P<\/strong><\/td><td class=\"has-text-align-center\" data-align=\"center\">250 X 750<\/td><td class=\"has-text-align-center\" data-align=\"center\">10-15<\/td><td class=\"has-text-align-center\" data-align=\"center\">15-25<\/td><td class=\"has-text-align-center\" data-align=\"center\">25-35<\/td><td class=\"has-text-align-center\" data-align=\"center\">35-40<\/td><td class=\"has-text-align-center\" data-align=\"center\">30-45<\/td><td class=\"has-text-align-center\" data-align=\"center\">45-50<\/td><td class=\"has-text-align-center\" data-align=\"center\"><\/td><td class=\"has-text-align-center\" data-align=\"center\"><\/td><td class=\"has-text-align-center\" data-align=\"center\"><\/td><td class=\"has-text-align-center\" data-align=\"center\"><\/td><td class=\"has-text-align-center\" data-align=\"center\"><\/td><\/tr><tr><td><strong>JC1624P<\/strong><\/td><td class=\"has-text-align-center\" data-align=\"center\">400 X 600<\/td><td class=\"has-text-align-center\" data-align=\"center\"><\/td><td class=\"has-text-align-center\" data-align=\"center\"><\/td><td class=\"has-text-align-center\" data-align=\"center\">20-35<\/td><td class=\"has-text-align-center\" data-align=\"center\">30-50<\/td><td class=\"has-text-align-center\" data-align=\"center\">35-60<\/td><td class=\"has-text-align-center\" data-align=\"center\">45-70<\/td><td class=\"has-text-align-center\" data-align=\"center\">60-80<\/td><td class=\"has-text-align-center\" data-align=\"center\"><\/td><td class=\"has-text-align-center\" data-align=\"center\"><\/td><td class=\"has-text-align-center\" data-align=\"center\"><\/td><td class=\"has-text-align-center\" data-align=\"center\"><\/td><\/tr><tr><td><strong>JC2436P<\/strong><\/td><td class=\"has-text-align-center\" data-align=\"center\">600 X 900<\/td><td class=\"has-text-align-center\" data-align=\"center\"><\/td><td class=\"has-text-align-center\" data-align=\"center\"><\/td><td class=\"has-text-align-center\" data-align=\"center\"><\/td><td class=\"has-text-align-center\" data-align=\"center\"><\/td><td class=\"has-text-align-center\" data-align=\"center\"><\/td><td class=\"has-text-align-center\" data-align=\"center\">70-110<\/td><td class=\"has-text-align-center\" data-align=\"center\">110-135<\/td><td class=\"has-text-align-center\" data-align=\"center\">125-185<\/td><td class=\"has-text-align-center\" data-align=\"center\">140-205<\/td><td class=\"has-text-align-center\" data-align=\"center\"><\/td><td class=\"has-text-align-center\" data-align=\"center\"><\/td><\/tr><tr><td><strong>JC3240P<\/strong><\/td><td class=\"has-text-align-center\" data-align=\"center\">800 X 1000<\/td><td class=\"has-text-align-center\" data-align=\"center\"><\/td><td class=\"has-text-align-center\" data-align=\"center\"><\/td><td class=\"has-text-align-center\" data-align=\"center\"><\/td><td class=\"has-text-align-center\" data-align=\"center\"><\/td><td class=\"has-text-align-center\" data-align=\"center\"><\/td><td class=\"has-text-align-center\" data-align=\"center\">110-165<\/td><td class=\"has-text-align-center\" data-align=\"center\">135-205<\/td><td class=\"has-text-align-center\" data-align=\"center\">155-230<\/td><td class=\"has-text-align-center\" data-align=\"center\">205-305<\/td><td class=\"has-text-align-center\" data-align=\"center\">230-340<\/td><td class=\"has-text-align-center\" data-align=\"center\">250-370<\/td><\/tr><\/tbody><\/table><\/figure>\n\n\n\n<hr class=\"wp-block-separator\"\/>\n\n\n\n<figure class=\"wp-block-gallery has-nested-images columns-5 is-cropped wp-block-gallery-1 is-layout-flex wp-block-gallery-is-layout-flex\">\n<figure class=\"wp-block-image size-large\"><a href=\"https:\/\/www.westpromachinery.com\/wp-content\/uploads\/2020\/05\/image_1476820651.png\"><img loading=\"lazy\" decoding=\"async\" width=\"668\" height=\"468\" data-id=\"981\" src=\"https:\/\/www.westpromachinery.com\/wp-content\/uploads\/2020\/05\/image_1476820651.png\" alt=\"\" class=\"wp-image-981\" srcset=\"https:\/\/www.westpromachinery.com\/wp-content\/uploads\/2020\/05\/image_1476820651.png 668w, https:\/\/www.westpromachinery.com\/wp-content\/uploads\/2020\/05\/image_1476820651-300x210.png 300w\" sizes=\"auto, (max-width: 668px) 100vw, 668px\" \/><\/a><\/figure>\n\n\n\n<figure class=\"wp-block-image size-large\"><a href=\"https:\/\/www.westpromachinery.com\/wp-content\/uploads\/2020\/05\/image_1495815752.jpg\"><img loading=\"lazy\" decoding=\"async\" width=\"1024\" height=\"768\" data-id=\"980\" src=\"https:\/\/www.westpromachinery.com\/wp-content\/uploads\/2020\/05\/image_1495815752-1024x768.jpg\" alt=\"\" class=\"wp-image-980\" srcset=\"https:\/\/www.westpromachinery.com\/wp-content\/uploads\/2020\/05\/image_1495815752-1024x768.jpg 1024w, https:\/\/www.westpromachinery.com\/wp-content\/uploads\/2020\/05\/image_1495815752-300x225.jpg 300w, https:\/\/www.westpromachinery.com\/wp-content\/uploads\/2020\/05\/image_1495815752-768x576.jpg 768w, https:\/\/www.westpromachinery.com\/wp-content\/uploads\/2020\/05\/image_1495815752.jpg 1200w\" sizes=\"auto, (max-width: 1024px) 100vw, 1024px\" \/><\/a><\/figure>\n\n\n\n<figure class=\"wp-block-image size-large\"><a href=\"https:\/\/www.westpromachinery.com\/wp-content\/uploads\/2020\/05\/image_1495815836.jpg\"><img loading=\"lazy\" decoding=\"async\" width=\"1024\" height=\"768\" data-id=\"979\" src=\"https:\/\/www.westpromachinery.com\/wp-content\/uploads\/2020\/05\/image_1495815836-1024x768.jpg\" alt=\"\" class=\"wp-image-979\" srcset=\"https:\/\/www.westpromachinery.com\/wp-content\/uploads\/2020\/05\/image_1495815836-1024x768.jpg 1024w, https:\/\/www.westpromachinery.com\/wp-content\/uploads\/2020\/05\/image_1495815836-300x225.jpg 300w, https:\/\/www.westpromachinery.com\/wp-content\/uploads\/2020\/05\/image_1495815836-768x576.jpg 768w, https:\/\/www.westpromachinery.com\/wp-content\/uploads\/2020\/05\/image_1495815836.jpg 1200w\" sizes=\"auto, (max-width: 1024px) 100vw, 1024px\" \/><\/a><\/figure>\n\n\n\n<figure class=\"wp-block-image size-large\"><a href=\"https:\/\/www.westpromachinery.com\/wp-content\/uploads\/2020\/05\/image_1495815917.jpg\"><img loading=\"lazy\" decoding=\"async\" width=\"1024\" height=\"686\" data-id=\"978\" src=\"https:\/\/www.westpromachinery.com\/wp-content\/uploads\/2020\/05\/image_1495815917-1024x686.jpg\" alt=\"\" class=\"wp-image-978\" srcset=\"https:\/\/www.westpromachinery.com\/wp-content\/uploads\/2020\/05\/image_1495815917-1024x686.jpg 1024w, https:\/\/www.westpromachinery.com\/wp-content\/uploads\/2020\/05\/image_1495815917-300x201.jpg 300w, https:\/\/www.westpromachinery.com\/wp-content\/uploads\/2020\/05\/image_1495815917-768x515.jpg 768w, https:\/\/www.westpromachinery.com\/wp-content\/uploads\/2020\/05\/image_1495815917.jpg 1200w\" sizes=\"auto, (max-width: 1024px) 100vw, 1024px\" \/><\/a><\/figure>\n\n\n\n<figure class=\"wp-block-image size-large\"><a href=\"https:\/\/www.westpromachinery.com\/wp-content\/uploads\/2020\/05\/image_1495816126.jpg\"><img loading=\"lazy\" decoding=\"async\" width=\"1024\" height=\"768\" data-id=\"977\" src=\"https:\/\/www.westpromachinery.com\/wp-content\/uploads\/2020\/05\/image_1495816126-1024x768.jpg\" alt=\"\" class=\"wp-image-977\" srcset=\"https:\/\/www.westpromachinery.com\/wp-content\/uploads\/2020\/05\/image_1495816126-1024x768.jpg 1024w, https:\/\/www.westpromachinery.com\/wp-content\/uploads\/2020\/05\/image_1495816126-300x225.jpg 300w, https:\/\/www.westpromachinery.com\/wp-content\/uploads\/2020\/05\/image_1495816126-768x576.jpg 768w, https:\/\/www.westpromachinery.com\/wp-content\/uploads\/2020\/05\/image_1495816126.jpg 1200w\" sizes=\"auto, (max-width: 1024px) 100vw, 1024px\" \/><\/a><\/figure>\n<\/figure>","protected":false},"excerpt":{"rendered":"<p>Las unidades de trituradoras de mand\u00edbula y cono port\u00e1tiles de Westpro ofrecen soluciones aut\u00f3nomas para canteras, plantas y proyectos remotos.<\/p>","protected":false},"featured_media":112,"template":"","utilized_in":[19,8,9,14,18,15],"class_list":["post-111","product","type-product","status-publish","has-post-thumbnail","hentry","utilized_in-aggregate","utilized_in-aggregates-processing","utilized_in-crushing-plants","utilized_in-heap-leach-ore-preparation","utilized_in-mining","utilized_in-pilot-and-demonstration-plants"],"acf":[],"aioseo_notices":[],"_links":{"self":[{"href":"https:\/\/www.westpromachinery.com\/es\/wp-json\/wp\/v2\/product\/111","targetHints":{"allow":["GET"]}}],"collection":[{"href":"https:\/\/www.westpromachinery.com\/es\/wp-json\/wp\/v2\/product"}],"about":[{"href":"https:\/\/www.westpromachinery.com\/es\/wp-json\/wp\/v2\/types\/product"}],"wp:featuredmedia":[{"embeddable":true,"href":"https:\/\/www.westpromachinery.com\/es\/wp-json\/wp\/v2\/media\/112"}],"wp:attachment":[{"href":"https:\/\/www.westpromachinery.com\/es\/wp-json\/wp\/v2\/media?parent=111"}],"wp:term":[{"taxonomy":"utilized_in","embeddable":true,"href":"https:\/\/www.westpromachinery.com\/es\/wp-json\/wp\/v2\/utilized_in?post=111"}],"curies":[{"name":"wp","href":"https:\/\/api.w.org\/{rel}","templated":true}]}}