{"id":113,"date":"2020-05-07T16:09:16","date_gmt":"2020-05-07T22:09:16","guid":{"rendered":"https:\/\/www.westpromachinery.com\/?post_type=product&#038;p=113"},"modified":"2020-11-27T13:17:09","modified_gmt":"2020-11-27T20:17:09","slug":"pilot-and-laboratory-equipment","status":"publish","type":"product","link":"https:\/\/www.westpromachinery.com\/es\/product\/pilot-and-laboratory-equipment\/","title":{"rendered":"Equipo de Piloto y de Laboratorio"},"content":{"rendered":"<div class=\"alignfull slider-wrapper non-home\">\r\n        <div class=\"acf-slider\">\r\n                            <div class=\"slide\" style=\"background: url('https:\/\/www.westpromachinery.com\/wp-content\/uploads\/2020\/05\/thumb_1497543777.jpg');\">\r\n                                            <div class=\"container banner-content\">\r\n                            <h2>Equipo de Piloto y de Laboratorio<\/h2>\n                        <\/div>\r\n                                    <\/div>\r\n                            <div class=\"slide\" style=\"background: url('https:\/\/www.westpromachinery.com\/wp-content\/uploads\/2020\/05\/thumb_1497482759.jpg');\">\r\n                                            <div class=\"container banner-content\">\r\n                            <h2>Equipo de Piloto y de Laboratorio<\/h2>\n                        <\/div>\r\n                                    <\/div>\r\n                            <div class=\"slide\" style=\"background: url('https:\/\/www.westpromachinery.com\/wp-content\/uploads\/2020\/05\/thumb_1497378212.jpg');\">\r\n                                            <div class=\"container banner-content\">\r\n                            <h2>Equipo de Piloto y de Laboratorio<\/h2>\n                        <\/div>\r\n                                    <\/div>\r\n                    <\/div>\r\n\r\n        \r\n        <div class=\"loader\" id=\"loader\">\r\n            <span><\/span>\r\n            <span><\/span>\r\n            <span><\/span>\r\n        <\/div>\r\n    <\/div>\r\n\r\n\n\n\n<div class=\"wp-block-columns is-layout-flex wp-container-core-columns-is-layout-9d6595d7 wp-block-columns-is-layout-flex\">\n<div class=\"wp-block-column is-layout-flow wp-block-column-is-layout-flow\" style=\"flex-basis:66.66%\">\n<h1 class=\"wp-block-heading\">Equipo de Piloto y de Laboratorio<\/h1>\n\n\n\n<p>Adem\u00e1s de su l\u00ednea de maquinarias de producci\u00f3n, Westpro fabrica una amplia gama de equipos piloto y a escala de laboratorio. Dise\u00f1adas con el mismo enfoque en la calidad y la facilidad de operaci\u00f3n, estas unidades son ideales para laboratorios de procesamiento de minerales y plantas piloto \/ de demostraci\u00f3n.<\/p>\n\n\n\n<p>Las unidades se pueden dise\u00f1ar en configuraci\u00f3n discontinua o continua, seg\u00fan los requerimientos del proyecto. La disponibilidad de equipos est\u00e1ndar con numerosas opciones de personalizaci\u00f3n le permite a Westpro tener flexibilidad para cumplir con la variedad de desaf\u00edos que presentan las nuevas tecnolog\u00edas de proceso.<\/p>\n\n\n\n<figure class=\"wp-block-image size-large\"><img loading=\"lazy\" decoding=\"async\" width=\"940\" height=\"705\" src=\"https:\/\/www.westpromachinery.com\/wp-content\/uploads\/2020\/05\/1497377903_IMG_7009.jpg\" alt=\"\" class=\"wp-image-940\" srcset=\"https:\/\/www.westpromachinery.com\/wp-content\/uploads\/2020\/05\/1497377903_IMG_7009.jpg 940w, https:\/\/www.westpromachinery.com\/wp-content\/uploads\/2020\/05\/1497377903_IMG_7009-300x225.jpg 300w, https:\/\/www.westpromachinery.com\/wp-content\/uploads\/2020\/05\/1497377903_IMG_7009-768x576.jpg 768w\" sizes=\"auto, (max-width: 940px) 100vw, 940px\" \/><figcaption><em><em>Planta de demostraci\u00f3n modular de 10 toneladas por d\u00eda<\/em><\/em><\/figcaption><\/figure>\n<\/div>\n\n\n\n<div class=\"wp-block-column is-layout-flow wp-block-column-is-layout-flow\" style=\"flex-basis:33.33%\"><div class=\"product-sidebar\">\r\n    <img loading=\"lazy\" decoding=\"async\" width=\"300\" height=\"226\" src=\"https:\/\/www.westpromachinery.com\/wp-content\/uploads\/2020\/05\/thumb_1496775970.jpg\" class=\"attachment-post-thumbnail size-post-thumbnail wp-post-image\" alt=\"\" \/>        <a href=\"\/es\/products\/inquiry\/?prod=Pilot and Laboratory Equipment\" class=\"inquiry-btn\">\u00a1Deje que nuestro ingeniero de procesos la califique para usted!<\/a>\r\n                    <div class=\"english-files\">\r\n                                                            <a href=\"https:\/\/www.westpromachinery.com\/wp-content\/uploads\/2020\/05\/1534187990_1502726402_Pilot-and-Laboratory-Equipment-Product-Brochure.pdf\" class=\"download-btn\" target=\"_blank\">Pilot and Laboratory Equipment Brochure<\/a>\r\n                                        <\/div>\r\n                        <div class=\"spanish-files\">\r\n                                        <a href=\"https:\/\/www.westpromachinery.com\/wp-content\/uploads\/2020\/05\/Equipo-Piloto-y-de-Laboratorio.pdf\" class=\"download-btn\" target=\"_blank\">Folleto de Equipo Piloto y de Laboratorio<\/a>\r\n                                <\/div>\r\n        \r\n    <h5>SOLICITAR M\u00c1S INFORMACI\u00d3N<\/h5>\r\n    <!-- START OF ACTIVECONVERSION FORM CODE -->\r\n    <div id=\"acForm_269cb\"><\/div>\r\n    <!-- END OF ACTIVECONVERSION FORM CODE -->\r\n\r\n            <hr class=\"wp-block-separator\">\r\n        <h4 class=\"center\">Videos<\/h4>\r\n                    <a href=\"https:\/\/www.youtube.com\/watch?v=v9AEcvj4wRk\"><img decoding=\"async\" src=\"https:\/\/www.westpromachinery.com\/wp-content\/uploads\/2020\/05\/hqdefault-3.jpg\" alt=\"\"><\/a>\r\n        <\/div>\r\n<\/div>\n<\/div>\n\n\n\n<hr class=\"wp-block-separator\"\/>\n\n\n\n<h4 class=\"wp-block-heading\"><strong>WESTPRO PUEDE PROPORCIONAR SISTEMAS COMPLETOS PILOTO Y DE LABORATORIO<\/strong><\/h4>\n\n\n\n<hr class=\"wp-block-separator\"\/>\n\n\n\n<div class=\"wp-block-image\"><figure class=\"aligncenter size-large\"><img loading=\"lazy\" decoding=\"async\" width=\"568\" height=\"316\" src=\"https:\/\/www.westpromachinery.com\/wp-content\/uploads\/2020\/05\/1501870928_Containerized-pilot-plant-system.jpg\" alt=\"\" class=\"wp-image-943\" srcset=\"https:\/\/www.westpromachinery.com\/wp-content\/uploads\/2020\/05\/1501870928_Containerized-pilot-plant-system.jpg 568w, https:\/\/www.westpromachinery.com\/wp-content\/uploads\/2020\/05\/1501870928_Containerized-pilot-plant-system-300x167.jpg 300w\" sizes=\"auto, (max-width: 568px) 100vw, 568px\" \/><figcaption>Sistema de planta piloto en contenedor<\/figcaption><\/figure><\/div>\n\n\n\n<hr class=\"wp-block-separator\"\/>\n\n\n\n<h4 class=\"wp-block-heading\"><strong>DISE\u00d1ADAS A MEDIDA PARA SU APLICACI\u00d3N<\/strong><\/h4>\n\n\n\n<hr class=\"wp-block-separator\"\/>\n\n\n\n<figure class=\"wp-block-image size-large\"><img loading=\"lazy\" decoding=\"async\" width=\"940\" height=\"518\" src=\"https:\/\/www.westpromachinery.com\/wp-content\/uploads\/2020\/05\/1502290926_thumb_1497543777.jpg\" alt=\"\" class=\"wp-image-944\" srcset=\"https:\/\/www.westpromachinery.com\/wp-content\/uploads\/2020\/05\/1502290926_thumb_1497543777.jpg 940w, https:\/\/www.westpromachinery.com\/wp-content\/uploads\/2020\/05\/1502290926_thumb_1497543777-300x165.jpg 300w, https:\/\/www.westpromachinery.com\/wp-content\/uploads\/2020\/05\/1502290926_thumb_1497543777-768x423.jpg 768w\" sizes=\"auto, (max-width: 940px) 100vw, 940px\" \/><figcaption>Amplia selecci\u00f3n de equipos piloto y de laboratorio de Westpro.<\/figcaption><\/figure>\n\n\n\n<hr class=\"wp-block-separator\"\/>\n\n\n\n<h6 class=\"border-left wp-block-heading\">ALIMENTADORES DE TOLVA<\/h6>\n\n\n\n<figure class=\"wp-block-image size-large\"><img loading=\"lazy\" decoding=\"async\" width=\"720\" height=\"405\" src=\"https:\/\/www.westpromachinery.com\/wp-content\/uploads\/2020\/05\/1501871395_Hopper-Feeder-for-Lab.jpg\" alt=\"\" class=\"wp-image-945\" srcset=\"https:\/\/www.westpromachinery.com\/wp-content\/uploads\/2020\/05\/1501871395_Hopper-Feeder-for-Lab.jpg 720w, https:\/\/www.westpromachinery.com\/wp-content\/uploads\/2020\/05\/1501871395_Hopper-Feeder-for-Lab-300x169.jpg 300w\" sizes=\"auto, (max-width: 720px) 100vw, 720px\" \/><figcaption>HF2 para uso piloto<\/figcaption><\/figure>\n\n\n\n<hr class=\"wp-block-separator\"\/>\n\n\n\n<h6 class=\"border-left wp-block-heading\">SISTEMAS DE TRITURACI\u00d3N<\/h6>\n\n\n\n<figure class=\"wp-block-image size-large\"><img loading=\"lazy\" decoding=\"async\" width=\"940\" height=\"705\" src=\"https:\/\/www.westpromachinery.com\/wp-content\/uploads\/2020\/05\/1502373461_1854-05-Jul-11_Jaw-rear-cover.jpg\" alt=\"\" class=\"wp-image-946\" srcset=\"https:\/\/www.westpromachinery.com\/wp-content\/uploads\/2020\/05\/1502373461_1854-05-Jul-11_Jaw-rear-cover.jpg 940w, https:\/\/www.westpromachinery.com\/wp-content\/uploads\/2020\/05\/1502373461_1854-05-Jul-11_Jaw-rear-cover-300x225.jpg 300w, https:\/\/www.westpromachinery.com\/wp-content\/uploads\/2020\/05\/1502373461_1854-05-Jul-11_Jaw-rear-cover-768x576.jpg 768w\" sizes=\"auto, (max-width: 940px) 100vw, 940px\" \/><figcaption>Quebradora de mand\u00edbula dentro de planta piloto en contenedor mar\u00edtimo<\/figcaption><\/figure>\n\n\n\n<hr class=\"wp-block-separator\"\/>\n\n\n\n<h6 class=\"border-left wp-block-heading\">MOLINOS<\/h6>\n\n\n\n<figure class=\"wp-block-image size-large\"><img loading=\"lazy\" decoding=\"async\" width=\"941\" height=\"623\" src=\"https:\/\/www.westpromachinery.com\/wp-content\/uploads\/2020\/05\/1501872700_400mm-16in-diameter-pilot-scale-grinding-mills.jpg\" alt=\"\" class=\"wp-image-947\" srcset=\"https:\/\/www.westpromachinery.com\/wp-content\/uploads\/2020\/05\/1501872700_400mm-16in-diameter-pilot-scale-grinding-mills.jpg 941w, https:\/\/www.westpromachinery.com\/wp-content\/uploads\/2020\/05\/1501872700_400mm-16in-diameter-pilot-scale-grinding-mills-300x199.jpg 300w, https:\/\/www.westpromachinery.com\/wp-content\/uploads\/2020\/05\/1501872700_400mm-16in-diameter-pilot-scale-grinding-mills-768x508.jpg 768w\" sizes=\"auto, (max-width: 941px) 100vw, 941px\" \/><figcaption>BM1632 y BM1636<\/figcaption><\/figure>\n\n\n\n<hr class=\"wp-block-separator\"\/>\n\n\n\n<h6 class=\"border-left wp-block-heading\">AGITADOR Y ACONDICIONADORES<\/h6>\n\n\n\n<figure class=\"wp-block-image size-large\"><img loading=\"lazy\" decoding=\"async\" width=\"391\" height=\"591\" src=\"https:\/\/www.westpromachinery.com\/wp-content\/uploads\/2020\/05\/1501872263_AGT4x4-for-lab.jpg\" alt=\"\" class=\"wp-image-948\" srcset=\"https:\/\/www.westpromachinery.com\/wp-content\/uploads\/2020\/05\/1501872263_AGT4x4-for-lab.jpg 391w, https:\/\/www.westpromachinery.com\/wp-content\/uploads\/2020\/05\/1501872263_AGT4x4-for-lab-198x300.jpg 198w\" sizes=\"auto, (max-width: 391px) 100vw, 391px\" \/><figcaption>AGT4x4<\/figcaption><\/figure>\n\n\n\n<hr class=\"wp-block-separator\"\/>\n\n\n\n<h6 class=\"border-left wp-block-heading\">FLOTATION<\/h6>\n\n\n\n<figure class=\"wp-block-image size-large\"><img loading=\"lazy\" decoding=\"async\" width=\"941\" height=\"527\" src=\"https:\/\/www.westpromachinery.com\/wp-content\/uploads\/2020\/05\/1501872316_FL6TC-for-lab.jpg\" alt=\"\" class=\"wp-image-949\" srcset=\"https:\/\/www.westpromachinery.com\/wp-content\/uploads\/2020\/05\/1501872316_FL6TC-for-lab.jpg 941w, https:\/\/www.westpromachinery.com\/wp-content\/uploads\/2020\/05\/1501872316_FL6TC-for-lab-300x168.jpg 300w, https:\/\/www.westpromachinery.com\/wp-content\/uploads\/2020\/05\/1501872316_FL6TC-for-lab-768x430.jpg 768w\" sizes=\"auto, (max-width: 941px) 100vw, 941px\" \/><figcaption>FL6TC<\/figcaption><\/figure>\n\n\n\n<hr class=\"wp-block-separator\"\/>\n\n\n\n<h6 class=\"border-left wp-block-heading\">ESPESADORES<\/h6>\n\n\n\n<figure class=\"wp-block-image size-large\"><img loading=\"lazy\" decoding=\"async\" width=\"940\" height=\"470\" src=\"https:\/\/www.westpromachinery.com\/wp-content\/uploads\/2020\/05\/1501872388_Thickener-for-lab.jpg\" alt=\"\" class=\"wp-image-950\" srcset=\"https:\/\/www.westpromachinery.com\/wp-content\/uploads\/2020\/05\/1501872388_Thickener-for-lab.jpg 940w, https:\/\/www.westpromachinery.com\/wp-content\/uploads\/2020\/05\/1501872388_Thickener-for-lab-300x150.jpg 300w, https:\/\/www.westpromachinery.com\/wp-content\/uploads\/2020\/05\/1501872388_Thickener-for-lab-768x384.jpg 768w\" sizes=\"auto, (max-width: 940px) 100vw, 940px\" \/><figcaption>TH4<\/figcaption><\/figure>\n\n\n\n<hr class=\"wp-block-separator\"\/>\n\n\n\n<h6 class=\"border-left wp-block-heading\">FILTRO PRENSA<\/h6>\n\n\n\n<figure class=\"wp-block-image size-large\"><img loading=\"lazy\" decoding=\"async\" width=\"767\" height=\"507\" src=\"https:\/\/www.westpromachinery.com\/wp-content\/uploads\/2020\/05\/1501871578_FP400-for-lab.jpg\" alt=\"\" class=\"wp-image-951\" srcset=\"https:\/\/www.westpromachinery.com\/wp-content\/uploads\/2020\/05\/1501871578_FP400-for-lab.jpg 767w, https:\/\/www.westpromachinery.com\/wp-content\/uploads\/2020\/05\/1501871578_FP400-for-lab-300x198.jpg 300w\" sizes=\"auto, (max-width: 767px) 100vw, 767px\" \/><figcaption>FP400<\/figcaption><\/figure>\n\n\n\n<hr class=\"wp-block-separator\"\/>\n\n\n\n<h6 class=\"border-left wp-block-heading\">AGLOMERADORES<\/h6>\n\n\n\n<figure class=\"wp-block-image size-large\"><img loading=\"lazy\" decoding=\"async\" width=\"940\" height=\"529\" src=\"https:\/\/www.westpromachinery.com\/wp-content\/uploads\/2020\/05\/1501871618_1501802926_AG1616-Test-Unit-3.jpg\" alt=\"\" class=\"wp-image-952\" srcset=\"https:\/\/www.westpromachinery.com\/wp-content\/uploads\/2020\/05\/1501871618_1501802926_AG1616-Test-Unit-3.jpg 940w, https:\/\/www.westpromachinery.com\/wp-content\/uploads\/2020\/05\/1501871618_1501802926_AG1616-Test-Unit-3-300x169.jpg 300w, https:\/\/www.westpromachinery.com\/wp-content\/uploads\/2020\/05\/1501871618_1501802926_AG1616-Test-Unit-3-768x432.jpg 768w\" sizes=\"auto, (max-width: 940px) 100vw, 940px\" \/><figcaption>Unidad de prueba AG1616<\/figcaption><\/figure>\n\n\n\n<hr class=\"wp-block-separator\"\/>\n\n\n\n<h6 class=\"border-left wp-block-heading\">TANQUES DE LIXIVIACI\u00d3N<\/h6>\n\n\n\n<figure class=\"wp-block-image size-large\"><img loading=\"lazy\" decoding=\"async\" width=\"767\" height=\"507\" src=\"https:\/\/www.westpromachinery.com\/wp-content\/uploads\/2020\/05\/1501871635_4-LT-12x15-4-Cell-Leach-Tanks.jpg\" alt=\"\" class=\"wp-image-954\" srcset=\"https:\/\/www.westpromachinery.com\/wp-content\/uploads\/2020\/05\/1501871635_4-LT-12x15-4-Cell-Leach-Tanks.jpg 767w, https:\/\/www.westpromachinery.com\/wp-content\/uploads\/2020\/05\/1501871635_4-LT-12x15-4-Cell-Leach-Tanks-300x198.jpg 300w\" sizes=\"auto, (max-width: 767px) 100vw, 767px\" \/><figcaption>Tanques de lixiviaci\u00f3n LT1215-4<\/figcaption><\/figure>\n\n\n\n<hr class=\"wp-block-separator\"\/>\n\n\n\n<h6 class=\"border-left wp-block-heading\">CLARIFICADORES<\/h6>\n\n\n\n<figure class=\"wp-block-image size-large\"><img loading=\"lazy\" decoding=\"async\" width=\"415\" height=\"504\" src=\"https:\/\/www.westpromachinery.com\/wp-content\/uploads\/2020\/05\/1501871853_CL4-for-lab.jpg\" alt=\"\" class=\"wp-image-955\" srcset=\"https:\/\/www.westpromachinery.com\/wp-content\/uploads\/2020\/05\/1501871853_CL4-for-lab.jpg 415w, https:\/\/www.westpromachinery.com\/wp-content\/uploads\/2020\/05\/1501871853_CL4-for-lab-247x300.jpg 247w\" sizes=\"auto, (max-width: 415px) 100vw, 415px\" \/><figcaption>CL4<\/figcaption><\/figure>\n\n\n\n<hr class=\"wp-block-separator\"\/>\n\n\n\n<h6 class=\"border-left wp-block-heading\">MALLAS VIBRATORIAS<\/h6>\n\n\n\n<figure class=\"wp-block-image size-large\"><img loading=\"lazy\" decoding=\"async\" width=\"320\" height=\"484\" src=\"https:\/\/www.westpromachinery.com\/wp-content\/uploads\/2020\/05\/1501871877_Vibrating-screen-for-lab.jpg\" alt=\"\" class=\"wp-image-956\" srcset=\"https:\/\/www.westpromachinery.com\/wp-content\/uploads\/2020\/05\/1501871877_Vibrating-screen-for-lab.jpg 320w, https:\/\/www.westpromachinery.com\/wp-content\/uploads\/2020\/05\/1501871877_Vibrating-screen-for-lab-198x300.jpg 198w\" sizes=\"auto, (max-width: 320px) 100vw, 320px\" \/><figcaption>VS30-1<\/figcaption><\/figure>\n\n\n\n<hr class=\"wp-block-separator\"\/>\n\n\n\n<div style=\"height:50px\" aria-hidden=\"true\" class=\"wp-block-spacer\"><\/div>\n\n\n\n<hr class=\"wp-block-separator\"\/>\n\n\n\n<figure class=\"wp-block-gallery columns-4 is-cropped wp-block-gallery-1 is-layout-flex wp-block-gallery-is-layout-flex\"><ul class=\"blocks-gallery-grid\"><li class=\"blocks-gallery-item\"><figure><a href=\"https:\/\/www.westpromachinery.com\/wp-content\/uploads\/2020\/05\/image_1476821126.png\"><img loading=\"lazy\" decoding=\"async\" width=\"680\" height=\"276\" src=\"https:\/\/www.westpromachinery.com\/wp-content\/uploads\/2020\/05\/image_1476821126.png\" alt=\"\" data-id=\"964\" data-full-url=\"https:\/\/www.westpromachinery.com\/wp-content\/uploads\/2020\/05\/image_1476821126.png\" data-link=\"https:\/\/www.westpromachinery.com\/product\/pilot-and-laboratory-equipment\/image_1476821126\/\" class=\"wp-image-964\" srcset=\"https:\/\/www.westpromachinery.com\/wp-content\/uploads\/2020\/05\/image_1476821126.png 680w, https:\/\/www.westpromachinery.com\/wp-content\/uploads\/2020\/05\/image_1476821126-300x122.png 300w\" sizes=\"auto, (max-width: 680px) 100vw, 680px\" \/><\/a><\/figure><\/li><li class=\"blocks-gallery-item\"><figure><a href=\"https:\/\/www.westpromachinery.com\/wp-content\/uploads\/2020\/05\/image_1476821147.png\"><img loading=\"lazy\" decoding=\"async\" width=\"680\" height=\"433\" src=\"https:\/\/www.westpromachinery.com\/wp-content\/uploads\/2020\/05\/image_1476821147.png\" alt=\"\" data-id=\"963\" data-full-url=\"https:\/\/www.westpromachinery.com\/wp-content\/uploads\/2020\/05\/image_1476821147.png\" data-link=\"https:\/\/www.westpromachinery.com\/product\/pilot-and-laboratory-equipment\/image_1476821147\/\" class=\"wp-image-963\" srcset=\"https:\/\/www.westpromachinery.com\/wp-content\/uploads\/2020\/05\/image_1476821147.png 680w, https:\/\/www.westpromachinery.com\/wp-content\/uploads\/2020\/05\/image_1476821147-300x191.png 300w\" sizes=\"auto, (max-width: 680px) 100vw, 680px\" \/><\/a><\/figure><\/li><li class=\"blocks-gallery-item\"><figure><a href=\"https:\/\/www.westpromachinery.com\/wp-content\/uploads\/2020\/05\/image_1476821160.png\"><img loading=\"lazy\" decoding=\"async\" width=\"680\" height=\"421\" src=\"https:\/\/www.westpromachinery.com\/wp-content\/uploads\/2020\/05\/image_1476821160.png\" alt=\"\" data-id=\"962\" data-full-url=\"https:\/\/www.westpromachinery.com\/wp-content\/uploads\/2020\/05\/image_1476821160.png\" data-link=\"https:\/\/www.westpromachinery.com\/product\/pilot-and-laboratory-equipment\/image_1476821160\/\" class=\"wp-image-962\" srcset=\"https:\/\/www.westpromachinery.com\/wp-content\/uploads\/2020\/05\/image_1476821160.png 680w, https:\/\/www.westpromachinery.com\/wp-content\/uploads\/2020\/05\/image_1476821160-300x186.png 300w\" sizes=\"auto, (max-width: 680px) 100vw, 680px\" \/><\/a><\/figure><\/li><li class=\"blocks-gallery-item\"><figure><a href=\"https:\/\/www.westpromachinery.com\/wp-content\/uploads\/2020\/05\/image_1495735224.jpg\"><img loading=\"lazy\" decoding=\"async\" width=\"1024\" height=\"768\" src=\"https:\/\/www.westpromachinery.com\/wp-content\/uploads\/2020\/05\/image_1495735224-1024x768.jpg\" alt=\"\" data-id=\"961\" data-full-url=\"https:\/\/www.westpromachinery.com\/wp-content\/uploads\/2020\/05\/image_1495735224.jpg\" data-link=\"https:\/\/www.westpromachinery.com\/product\/pilot-and-laboratory-equipment\/image_1495735224\/\" class=\"wp-image-961\" srcset=\"https:\/\/www.westpromachinery.com\/wp-content\/uploads\/2020\/05\/image_1495735224-1024x768.jpg 1024w, https:\/\/www.westpromachinery.com\/wp-content\/uploads\/2020\/05\/image_1495735224-300x225.jpg 300w, https:\/\/www.westpromachinery.com\/wp-content\/uploads\/2020\/05\/image_1495735224-768x576.jpg 768w, https:\/\/www.westpromachinery.com\/wp-content\/uploads\/2020\/05\/image_1495735224.jpg 1200w\" sizes=\"auto, (max-width: 1024px) 100vw, 1024px\" \/><\/a><\/figure><\/li><li class=\"blocks-gallery-item\"><figure><a href=\"https:\/\/www.westpromachinery.com\/wp-content\/uploads\/2020\/05\/image_1496418982.jpg\"><img loading=\"lazy\" decoding=\"async\" width=\"1024\" height=\"678\" src=\"https:\/\/www.westpromachinery.com\/wp-content\/uploads\/2020\/05\/image_1496418982-1024x678.jpg\" alt=\"\" data-id=\"960\" data-full-url=\"https:\/\/www.westpromachinery.com\/wp-content\/uploads\/2020\/05\/image_1496418982.jpg\" data-link=\"https:\/\/www.westpromachinery.com\/product\/pilot-and-laboratory-equipment\/image_1496418982\/\" class=\"wp-image-960\" srcset=\"https:\/\/www.westpromachinery.com\/wp-content\/uploads\/2020\/05\/image_1496418982-1024x678.jpg 1024w, https:\/\/www.westpromachinery.com\/wp-content\/uploads\/2020\/05\/image_1496418982-300x199.jpg 300w, https:\/\/www.westpromachinery.com\/wp-content\/uploads\/2020\/05\/image_1496418982-768x509.jpg 768w, https:\/\/www.westpromachinery.com\/wp-content\/uploads\/2020\/05\/image_1496418982.jpg 1200w\" sizes=\"auto, (max-width: 1024px) 100vw, 1024px\" \/><\/a><\/figure><\/li><li class=\"blocks-gallery-item\"><figure><a href=\"https:\/\/www.westpromachinery.com\/wp-content\/uploads\/2020\/05\/image_1502298135.jpg\"><img loading=\"lazy\" decoding=\"async\" width=\"1024\" height=\"678\" src=\"https:\/\/www.westpromachinery.com\/wp-content\/uploads\/2020\/05\/image_1502298135-1024x678.jpg\" alt=\"\" data-id=\"959\" data-full-url=\"https:\/\/www.westpromachinery.com\/wp-content\/uploads\/2020\/05\/image_1502298135.jpg\" data-link=\"https:\/\/www.westpromachinery.com\/product\/pilot-and-laboratory-equipment\/image_1502298135\/\" class=\"wp-image-959\" srcset=\"https:\/\/www.westpromachinery.com\/wp-content\/uploads\/2020\/05\/image_1502298135-1024x678.jpg 1024w, https:\/\/www.westpromachinery.com\/wp-content\/uploads\/2020\/05\/image_1502298135-300x199.jpg 300w, https:\/\/www.westpromachinery.com\/wp-content\/uploads\/2020\/05\/image_1502298135-768x509.jpg 768w, https:\/\/www.westpromachinery.com\/wp-content\/uploads\/2020\/05\/image_1502298135.jpg 1200w\" sizes=\"auto, (max-width: 1024px) 100vw, 1024px\" \/><\/a><\/figure><\/li><li class=\"blocks-gallery-item\"><figure><a href=\"https:\/\/www.westpromachinery.com\/wp-content\/uploads\/2020\/05\/image_1502298553.jpg\"><img loading=\"lazy\" decoding=\"async\" width=\"1024\" height=\"678\" src=\"https:\/\/www.westpromachinery.com\/wp-content\/uploads\/2020\/05\/image_1502298553-1024x678.jpg\" alt=\"\" data-id=\"958\" data-full-url=\"https:\/\/www.westpromachinery.com\/wp-content\/uploads\/2020\/05\/image_1502298553.jpg\" data-link=\"https:\/\/www.westpromachinery.com\/product\/pilot-and-laboratory-equipment\/image_1502298553\/\" class=\"wp-image-958\" srcset=\"https:\/\/www.westpromachinery.com\/wp-content\/uploads\/2020\/05\/image_1502298553-1024x678.jpg 1024w, https:\/\/www.westpromachinery.com\/wp-content\/uploads\/2020\/05\/image_1502298553-300x199.jpg 300w, https:\/\/www.westpromachinery.com\/wp-content\/uploads\/2020\/05\/image_1502298553-768x509.jpg 768w, https:\/\/www.westpromachinery.com\/wp-content\/uploads\/2020\/05\/image_1502298553.jpg 1200w\" sizes=\"auto, (max-width: 1024px) 100vw, 1024px\" \/><\/a><\/figure><\/li><li class=\"blocks-gallery-item\"><figure><a href=\"https:\/\/www.westpromachinery.com\/wp-content\/uploads\/2020\/05\/image_1502314517.jpg\"><img loading=\"lazy\" decoding=\"async\" width=\"1024\" height=\"681\" src=\"https:\/\/www.westpromachinery.com\/wp-content\/uploads\/2020\/05\/image_1502314517-1024x681.jpg\" alt=\"\" data-id=\"957\" data-full-url=\"https:\/\/www.westpromachinery.com\/wp-content\/uploads\/2020\/05\/image_1502314517.jpg\" data-link=\"https:\/\/www.westpromachinery.com\/product\/pilot-and-laboratory-equipment\/image_1502314517\/\" class=\"wp-image-957\" srcset=\"https:\/\/www.westpromachinery.com\/wp-content\/uploads\/2020\/05\/image_1502314517-1024x681.jpg 1024w, https:\/\/www.westpromachinery.com\/wp-content\/uploads\/2020\/05\/image_1502314517-300x200.jpg 300w, https:\/\/www.westpromachinery.com\/wp-content\/uploads\/2020\/05\/image_1502314517-768x511.jpg 768w, https:\/\/www.westpromachinery.com\/wp-content\/uploads\/2020\/05\/image_1502314517.jpg 1200w\" sizes=\"auto, (max-width: 1024px) 100vw, 1024px\" \/><\/a><\/figure><\/li><\/ul><\/figure>","protected":false},"excerpt":{"rendered":"<p>Adem\u00e1s de su l\u00ednea de maquinaria de producci\u00f3n, Westpro fabrica una amplia gama de equipos a escala piloto y de laboratorio.<\/p>","protected":false},"featured_media":114,"template":"","utilized_in":[19,12,13,18,15],"class_list":["post-113","product","type-product","status-publish","has-post-thumbnail","hentry","utilized_in-aggregate","utilized_in-flotation-plants","utilized_in-grinding-plants","utilized_in-mining","utilized_in-pilot-and-demonstration-plants"],"acf":[],"aioseo_notices":[],"_links":{"self":[{"href":"https:\/\/www.westpromachinery.com\/es\/wp-json\/wp\/v2\/product\/113","targetHints":{"allow":["GET"]}}],"collection":[{"href":"https:\/\/www.westpromachinery.com\/es\/wp-json\/wp\/v2\/product"}],"about":[{"href":"https:\/\/www.westpromachinery.com\/es\/wp-json\/wp\/v2\/types\/product"}],"wp:featuredmedia":[{"embeddable":true,"href":"https:\/\/www.westpromachinery.com\/es\/wp-json\/wp\/v2\/media\/114"}],"wp:attachment":[{"href":"https:\/\/www.westpromachinery.com\/es\/wp-json\/wp\/v2\/media?parent=113"}],"wp:term":[{"taxonomy":"utilized_in","embeddable":true,"href":"https:\/\/www.westpromachinery.com\/es\/wp-json\/wp\/v2\/utilized_in?post=113"}],"curies":[{"name":"wp","href":"https:\/\/api.w.org\/{rel}","templated":true}]}}