{"id":119,"date":"2020-05-07T16:10:22","date_gmt":"2020-05-07T16:10:22","guid":{"rendered":"https:\/\/www.westpromachinery.com\/?post_type=product&#038;p=119"},"modified":"2022-06-13T12:21:32","modified_gmt":"2022-06-13T18:21:32","slug":"hopper-feeders","status":"publish","type":"product","link":"https:\/\/www.westpromachinery.com\/es\/product\/hopper-feeders\/","title":{"rendered":"Alimentadores de tolva"},"content":{"rendered":"<div class=\"alignfull slider-wrapper non-home\">\r\n        <div class=\"acf-slider\">\r\n                            <div class=\"slide\" style=\"background: url('https:\/\/www.westpromachinery.com\/wp-content\/uploads\/2020\/05\/thumb_1497541490.jpg');\">\r\n                                            <div class=\"container banner-content\">\r\n                            <h2>Alimentadores de tolva<\/h2>\n                        <\/div>\r\n                                    <\/div>\r\n                            <div class=\"slide\" style=\"background: url('https:\/\/www.westpromachinery.com\/wp-content\/uploads\/2020\/05\/thumb_1497541209.jpg');\">\r\n                                            <div class=\"container banner-content\">\r\n                            <h2>Alimentadores de tolva<\/h2>\n                        <\/div>\r\n                                    <\/div>\r\n                            <div class=\"slide\" style=\"background: url('https:\/\/www.westpromachinery.com\/wp-content\/uploads\/2020\/05\/thumb_1497540016.jpg');\">\r\n                                            <div class=\"container banner-content\">\r\n                            <h2>Alimentadores de tolva<\/h2>\n                        <\/div>\r\n                                    <\/div>\r\n                    <\/div>\r\n\r\n        \r\n        <div class=\"loader\" id=\"loader\">\r\n            <span><\/span>\r\n            <span><\/span>\r\n            <span><\/span>\r\n        <\/div>\r\n    <\/div>\r\n\r\n\n\n\n<div class=\"wp-block-columns is-layout-flex wp-container-core-columns-is-layout-9d6595d7 wp-block-columns-is-layout-flex\">\n<div class=\"wp-block-column is-layout-flow wp-block-column-is-layout-flow\" style=\"flex-basis:66.66%\">\n<h1 class=\"wp-block-heading\">Alimentadores de tolva<\/h1>\n\n\n\n<p>Disponibles como unidades estacionarias, modulares y port\u00e1tiles, los Alimentadores de Tolva de uso rudo de Westpro son ideales para proyectos de cualquier escala, de miner\u00eda o agregados.<\/p>\n\n\n\n<ul class=\"wp-block-list\"><li>Capacidad de hasta 100 toneladas<\/li><li>Dimensiones a la medida del cargador del cliente<\/li><li>Revestimiento resistente a la abrasi\u00f3n disponible<\/li><li>Grizzly inclinado estacionario o accionado hidr\u00e1ulicamente disponible<\/li><li>Dise\u00f1ado para promover el flujo de material a trav\u00e9s de la tolva y minimizar bloqueos<\/li><li>Opciones de alimentador de correa o de tornillo disponibles<\/li><li>Variador de Frecuencia (VFD) disponible para controlar la velocidad de avance del material mediante el accionamiento del alimentador<\/li><li>Opci\u00f3n de capacidad de separaci\u00f3n magn\u00e9tica<\/li><li>Las unidades port\u00e1tiles incluyen ensambles de chasis completos y unidades de potencia hidr\u00e1ulica viables<\/li><\/ul>\n\n\n\n<h4 class=\"wp-block-heading\">ADAPTABLE A CUALQUIER APLICACI\u00d3N DE ALMACENAMIENTO S\u00d3LIDO TEMPORAL<\/h4>\n\n\n\n<p><\/p>\n<\/div>\n\n\n\n<div class=\"wp-block-column is-layout-flow wp-block-column-is-layout-flow\" style=\"flex-basis:33.33%\"><div class=\"product-sidebar\">\r\n    <img loading=\"lazy\" decoding=\"async\" width=\"300\" height=\"225\" src=\"https:\/\/www.westpromachinery.com\/wp-content\/uploads\/2020\/05\/thumb_1487962172.png\" class=\"attachment-post-thumbnail size-post-thumbnail wp-post-image\" alt=\"\" \/>        <a href=\"\/es\/products\/inquiry\/?prod=Hopper Feeders\" class=\"inquiry-btn\">\u00a1Deje que nuestro ingeniero de procesos la califique para usted!<\/a>\r\n                    <div class=\"english-files\">\r\n                                                            <a href=\"https:\/\/www.westpromachinery.com\/wp-content\/uploads\/2020\/05\/1486401698_Questionnaire-Hopper-Feeder-R1.doc\" class=\"download-btn\" target=\"_blank\">Descargar el cuestionario de dimensionamiento espec\u00edfico del producto<\/a>\r\n                                                    <a href=\"https:\/\/www.westpromachinery.com\/wp-content\/uploads\/2020\/05\/1534187648_1502726300_Hopper-Feeder-Product-Brochure.pdf\" class=\"download-btn\" target=\"_blank\">Hopper Feeder Brochure and Sizing Chart<\/a>\r\n                                        <\/div>\r\n                        <div class=\"spanish-files\">\r\n                                        <a href=\"https:\/\/www.westpromachinery.com\/wp-content\/uploads\/2020\/05\/Cuestionario-Tolva-de-Alimentacion.docx\" class=\"download-btn\" target=\"_blank\">Cuestionario Tolva de Alimentacion<\/a>\r\n                                            <a href=\"https:\/\/www.westpromachinery.com\/wp-content\/uploads\/2020\/05\/Alimentadores-de-Tolva.pdf\" class=\"download-btn\" target=\"_blank\">Folleto y Tabla de Tema\u00f1os de Alimentador de Tolva<\/a>\r\n                                <\/div>\r\n        \r\n    <h5>SOLICITAR M\u00c1S INFORMACI\u00d3N<\/h5>\r\n    <!-- START OF ACTIVECONVERSION FORM CODE -->\r\n    <div id=\"acForm_269cb\"><\/div>\r\n    <!-- END OF ACTIVECONVERSION FORM CODE -->\r\n\r\n    <\/div>\r\n<\/div>\n<\/div>\n\n\n\n<hr class=\"wp-block-separator\"\/>\n\n\n\n<div class=\"wp-block-columns is-layout-flex wp-container-core-columns-is-layout-9d6595d7 wp-block-columns-is-layout-flex\">\n<div class=\"wp-block-column is-layout-flow wp-block-column-is-layout-flow\" style=\"flex-basis:50%\">\n<h4 class=\"wp-block-heading\">VENTAJAS<\/h4>\n\n\n\n<ul class=\"wp-block-list\"><li>Mallas para Grizzly extra\u00edbles y ajustables<\/li><li>Mallas para Grizzly de larga duraci\u00f3n comprobada<\/li><\/ul>\n\n\n\n<h6 class=\"wp-block-heading\"><a href=\"https:\/\/www.westpromachinery.com\/wp-content\/uploads\/2020\/05\/1534187648_1502726300_Hopper-Feeder-Product-Brochure.pdf\" target=\"_blank\" aria-label=\"undefined (opens in a new tab)\" rel=\"noreferrer noopener\">Descargue nuestro folleto para m\u00e1s detalles.<\/a><\/h6>\n<\/div>\n\n\n\n<div class=\"wp-block-column is-layout-flow wp-block-column-is-layout-flow\">\n<h4 class=\"wp-block-heading\">APLICACIONES<\/h4>\n\n\n\n<ul class=\"wp-block-list\"><li>Absorci\u00f3n de variaciones de flujo<\/li><li>Sistema de alimentaci\u00f3n uniforme<\/li><\/ul>\n<\/div>\n<\/div>\n\n\n\n<hr class=\"wp-block-separator\"\/>\n\n\n\n<h6 class=\"border-left wp-block-heading\"><strong>LA CONFIGURACI\u00d3N ESPECIALMENTE DESARROLLADA DE LA TOLVA PERMITE UN FLUJO CONSTANTE DE MATERIAL<\/strong><\/h6>\n\n\n\n<hr class=\"wp-block-separator\"\/>\n\n\n\n<figure class=\"wp-block-image size-large\"><img loading=\"lazy\" decoding=\"async\" width=\"941\" height=\"625\" src=\"https:\/\/www.westpromachinery.com\/wp-content\/uploads\/2020\/05\/1495149817_00280063.jpg\" alt=\"\" class=\"wp-image-902\" srcset=\"https:\/\/www.westpromachinery.com\/wp-content\/uploads\/2020\/05\/1495149817_00280063.jpg 941w, https:\/\/www.westpromachinery.com\/wp-content\/uploads\/2020\/05\/1495149817_00280063-300x199.jpg 300w, https:\/\/www.westpromachinery.com\/wp-content\/uploads\/2020\/05\/1495149817_00280063-768x510.jpg 768w\" sizes=\"auto, (max-width: 941px) 100vw, 941px\" \/><figcaption>Alimentador de tolva de 35 toneladas<\/figcaption><\/figure>\n\n\n\n<hr class=\"wp-block-separator\"\/>\n\n\n\n<h4 class=\"wp-block-heading\">TAMA\u00d1OS<\/h4>\n\n\n\n<figure class=\"wp-block-table\"><table class=\"has-fixed-layout\"><thead><tr><th>Modelo<\/th><th class=\"has-text-align-center\" data-align=\"center\">Tons<\/th><th class=\"has-text-align-center\" data-align=\"center\">Yards\u00b3<\/th><th>Modelo<\/th><th class=\"has-text-align-center\" data-align=\"center\">Tons<\/th><th class=\"has-text-align-center\" data-align=\"center\">Yards\u00b3<\/th><\/tr><\/thead><tbody><tr><td><strong>HF0.25<\/strong><\/td><td class=\"has-text-align-center\" data-align=\"center\">0.25<\/td><td class=\"has-text-align-center\" data-align=\"center\">0.18<\/td><td><strong>HF40<\/strong><\/td><td class=\"has-text-align-center\" data-align=\"center\">40<\/td><td class=\"has-text-align-center\" data-align=\"center\">29.6<\/td><\/tr><tr><td><strong>HF1<\/strong><\/td><td class=\"has-text-align-center\" data-align=\"center\">1<\/td><td class=\"has-text-align-center\" data-align=\"center\">0.7<\/td><td><strong>HF50<\/strong><\/td><td class=\"has-text-align-center\" data-align=\"center\">50<\/td><td class=\"has-text-align-center\" data-align=\"center\">37<\/td><\/tr><tr><td><strong>HF2<\/strong><\/td><td class=\"has-text-align-center\" data-align=\"center\">2<\/td><td class=\"has-text-align-center\" data-align=\"center\">1.5<\/td><td><strong>HF55<\/strong><\/td><td class=\"has-text-align-center\" data-align=\"center\">55<\/td><td class=\"has-text-align-center\" data-align=\"center\">40.7<\/td><\/tr><tr><td><strong>HF5<\/strong><\/td><td class=\"has-text-align-center\" data-align=\"center\">5<\/td><td class=\"has-text-align-center\" data-align=\"center\">3.7<\/td><td><strong>HF60<\/strong><\/td><td class=\"has-text-align-center\" data-align=\"center\">60<\/td><td class=\"has-text-align-center\" data-align=\"center\">44.4<\/td><\/tr><tr><td><strong>HF10<\/strong><\/td><td class=\"has-text-align-center\" data-align=\"center\">10<\/td><td class=\"has-text-align-center\" data-align=\"center\">7.4<\/td><td><strong>HF70<\/strong><\/td><td class=\"has-text-align-center\" data-align=\"center\">70<\/td><td class=\"has-text-align-center\" data-align=\"center\">51.8<\/td><\/tr><tr><td><strong>HF20<\/strong><\/td><td class=\"has-text-align-center\" data-align=\"center\">20<\/td><td class=\"has-text-align-center\" data-align=\"center\">14.8<\/td><td><strong>HF100<\/strong><\/td><td class=\"has-text-align-center\" data-align=\"center\">100<\/td><td class=\"has-text-align-center\" data-align=\"center\">74<\/td><\/tr><tr><td><strong>HF25<\/strong><\/td><td class=\"has-text-align-center\" data-align=\"center\">25<\/td><td class=\"has-text-align-center\" data-align=\"center\">18.5<\/td><td><strong>HF140<\/strong><\/td><td class=\"has-text-align-center\" data-align=\"center\">140<\/td><td class=\"has-text-align-center\" data-align=\"center\">103.6<\/td><\/tr><tr><td><strong>HF30<\/strong><\/td><td class=\"has-text-align-center\" data-align=\"center\">30<\/td><td class=\"has-text-align-center\" data-align=\"center\">22.2<\/td><td><strong>HF200<\/strong><\/td><td class=\"has-text-align-center\" data-align=\"center\">200<\/td><td class=\"has-text-align-center\" data-align=\"center\">148<\/td><\/tr><tr><td><strong>HF35<\/strong><\/td><td class=\"has-text-align-center\" data-align=\"center\">35<\/td><td class=\"has-text-align-center\" data-align=\"center\">25.9<\/td><td><strong>HF1000<\/strong><\/td><td class=\"has-text-align-center\" data-align=\"center\">1000<\/td><td class=\"has-text-align-center\" data-align=\"center\">740<\/td><\/tr><\/tbody><\/table><\/figure>\n\n\n\n<hr class=\"wp-block-separator\"\/>\n\n\n\n<figure class=\"wp-block-gallery has-nested-images columns-5 is-cropped wp-block-gallery-1 is-layout-flex wp-block-gallery-is-layout-flex\">\n<figure class=\"wp-block-image size-large\"><a href=\"https:\/\/www.westpromachinery.com\/wp-content\/uploads\/2020\/05\/image_1496095437.jpg\"><img loading=\"lazy\" decoding=\"async\" width=\"1024\" height=\"678\" data-id=\"891\" src=\"https:\/\/www.westpromachinery.com\/wp-content\/uploads\/2020\/05\/image_1496095437-1024x678.jpg\" alt=\"\" class=\"wp-image-891\" srcset=\"https:\/\/www.westpromachinery.com\/wp-content\/uploads\/2020\/05\/image_1496095437-1024x678.jpg 1024w, https:\/\/www.westpromachinery.com\/wp-content\/uploads\/2020\/05\/image_1496095437-300x199.jpg 300w, https:\/\/www.westpromachinery.com\/wp-content\/uploads\/2020\/05\/image_1496095437-768x509.jpg 768w, https:\/\/www.westpromachinery.com\/wp-content\/uploads\/2020\/05\/image_1496095437.jpg 1200w\" sizes=\"auto, (max-width: 1024px) 100vw, 1024px\" \/><\/a><\/figure>\n\n\n\n<figure class=\"wp-block-image size-large\"><a href=\"https:\/\/www.westpromachinery.com\/wp-content\/uploads\/2020\/05\/image_1496096326.jpg\"><img loading=\"lazy\" decoding=\"async\" width=\"1024\" height=\"609\" data-id=\"890\" src=\"https:\/\/www.westpromachinery.com\/wp-content\/uploads\/2020\/05\/image_1496096326-1024x609.jpg\" alt=\"\" class=\"wp-image-890\" srcset=\"https:\/\/www.westpromachinery.com\/wp-content\/uploads\/2020\/05\/image_1496096326-1024x609.jpg 1024w, https:\/\/www.westpromachinery.com\/wp-content\/uploads\/2020\/05\/image_1496096326-300x179.jpg 300w, https:\/\/www.westpromachinery.com\/wp-content\/uploads\/2020\/05\/image_1496096326-768x457.jpg 768w, https:\/\/www.westpromachinery.com\/wp-content\/uploads\/2020\/05\/image_1496096326.jpg 1200w\" sizes=\"auto, (max-width: 1024px) 100vw, 1024px\" \/><\/a><\/figure>\n\n\n\n<figure class=\"wp-block-image size-large\"><a href=\"https:\/\/www.westpromachinery.com\/wp-content\/uploads\/2020\/05\/image_1496096392.jpg\"><img loading=\"lazy\" decoding=\"async\" width=\"1024\" height=\"768\" data-id=\"889\" src=\"https:\/\/www.westpromachinery.com\/wp-content\/uploads\/2020\/05\/image_1496096392-1024x768.jpg\" alt=\"\" class=\"wp-image-889\" srcset=\"https:\/\/www.westpromachinery.com\/wp-content\/uploads\/2020\/05\/image_1496096392-1024x768.jpg 1024w, https:\/\/www.westpromachinery.com\/wp-content\/uploads\/2020\/05\/image_1496096392-300x225.jpg 300w, https:\/\/www.westpromachinery.com\/wp-content\/uploads\/2020\/05\/image_1496096392-768x576.jpg 768w, https:\/\/www.westpromachinery.com\/wp-content\/uploads\/2020\/05\/image_1496096392.jpg 1200w\" sizes=\"auto, (max-width: 1024px) 100vw, 1024px\" \/><\/a><\/figure>\n\n\n\n<figure class=\"wp-block-image size-large\"><a href=\"https:\/\/www.westpromachinery.com\/wp-content\/uploads\/2020\/05\/image_1499799990.jpg\"><img loading=\"lazy\" decoding=\"async\" width=\"1024\" height=\"678\" data-id=\"888\" src=\"https:\/\/www.westpromachinery.com\/wp-content\/uploads\/2020\/05\/image_1499799990-1024x678.jpg\" alt=\"\" class=\"wp-image-888\" srcset=\"https:\/\/www.westpromachinery.com\/wp-content\/uploads\/2020\/05\/image_1499799990-1024x678.jpg 1024w, https:\/\/www.westpromachinery.com\/wp-content\/uploads\/2020\/05\/image_1499799990-300x199.jpg 300w, https:\/\/www.westpromachinery.com\/wp-content\/uploads\/2020\/05\/image_1499799990-768x509.jpg 768w, https:\/\/www.westpromachinery.com\/wp-content\/uploads\/2020\/05\/image_1499799990.jpg 1200w\" sizes=\"auto, (max-width: 1024px) 100vw, 1024px\" \/><\/a><\/figure>\n\n\n\n<figure class=\"wp-block-image size-large\"><a href=\"https:\/\/www.westpromachinery.com\/wp-content\/uploads\/2020\/05\/image_1499806094.jpg\"><img loading=\"lazy\" decoding=\"async\" width=\"1024\" height=\"678\" data-id=\"887\" src=\"https:\/\/www.westpromachinery.com\/wp-content\/uploads\/2020\/05\/image_1499806094-1024x678.jpg\" alt=\"\" class=\"wp-image-887\" srcset=\"https:\/\/www.westpromachinery.com\/wp-content\/uploads\/2020\/05\/image_1499806094-1024x678.jpg 1024w, https:\/\/www.westpromachinery.com\/wp-content\/uploads\/2020\/05\/image_1499806094-300x199.jpg 300w, https:\/\/www.westpromachinery.com\/wp-content\/uploads\/2020\/05\/image_1499806094-768x509.jpg 768w, https:\/\/www.westpromachinery.com\/wp-content\/uploads\/2020\/05\/image_1499806094.jpg 1200w\" sizes=\"auto, (max-width: 1024px) 100vw, 1024px\" \/><\/a><\/figure>\n<\/figure>","protected":false},"excerpt":{"rendered":"<p>Disponible como unidades estacionarias, modulares y port\u00e1tiles. Los alimentadores de tolva de servicio pesado Westpro son adecuados para cualquier<\/p>","protected":false},"featured_media":120,"template":"","utilized_in":[19,8,9,13,14,18,15],"class_list":["post-119","product","type-product","status-publish","has-post-thumbnail","hentry","utilized_in-aggregate","utilized_in-aggregates-processing","utilized_in-crushing-plants","utilized_in-grinding-plants","utilized_in-heap-leach-ore-preparation","utilized_in-mining","utilized_in-pilot-and-demonstration-plants"],"acf":[],"aioseo_notices":[],"_links":{"self":[{"href":"https:\/\/www.westpromachinery.com\/es\/wp-json\/wp\/v2\/product\/119","targetHints":{"allow":["GET"]}}],"collection":[{"href":"https:\/\/www.westpromachinery.com\/es\/wp-json\/wp\/v2\/product"}],"about":[{"href":"https:\/\/www.westpromachinery.com\/es\/wp-json\/wp\/v2\/types\/product"}],"wp:featuredmedia":[{"embeddable":true,"href":"https:\/\/www.westpromachinery.com\/es\/wp-json\/wp\/v2\/media\/120"}],"wp:attachment":[{"href":"https:\/\/www.westpromachinery.com\/es\/wp-json\/wp\/v2\/media?parent=119"}],"wp:term":[{"taxonomy":"utilized_in","embeddable":true,"href":"https:\/\/www.westpromachinery.com\/es\/wp-json\/wp\/v2\/utilized_in?post=119"}],"curies":[{"name":"wp","href":"https:\/\/api.w.org\/{rel}","templated":true}]}}