{"id":125,"date":"2020-05-07T16:11:40","date_gmt":"2020-05-07T22:11:40","guid":{"rendered":"https:\/\/www.westpromachinery.com\/?post_type=product&#038;p=125"},"modified":"2022-07-26T16:15:18","modified_gmt":"2022-07-26T22:15:18","slug":"flotation-tank-cells","status":"publish","type":"product","link":"https:\/\/www.westpromachinery.com\/es\/product\/flotation-tank-cells\/","title":{"rendered":"Celdas Tanque de flotaci\u00f3n"},"content":{"rendered":"<div class=\"alignfull slider-wrapper non-home\">\r\n        <div class=\"acf-slider\">\r\n                            <div class=\"slide\" style=\"background: url('https:\/\/www.westpromachinery.com\/wp-content\/uploads\/2020\/05\/thumb_1497473737.jpg');\">\r\n                                            <div class=\"container banner-content\">\r\n                            <h2>Celdas Tanque de flotaci\u00f3n<\/h2>\n                        <\/div>\r\n                                    <\/div>\r\n                            <div class=\"slide\" style=\"background: url('https:\/\/www.westpromachinery.com\/wp-content\/uploads\/2020\/05\/thumb_1497472362.jpg');\">\r\n                                            <div class=\"container banner-content\">\r\n                            <h2>Celdas Tanque de flotaci\u00f3n<\/h2>\n                        <\/div>\r\n                                    <\/div>\r\n                            <div class=\"slide\" style=\"background: url('https:\/\/www.westpromachinery.com\/wp-content\/uploads\/2020\/05\/thumb_1497372789.jpg');\">\r\n                                            <div class=\"container banner-content\">\r\n                            <h2>Celdas Tanque de flotaci\u00f3n<\/h2>\n                        <\/div>\r\n                                    <\/div>\r\n                    <\/div>\r\n\r\n        \r\n        <div class=\"loader\" id=\"loader\">\r\n            <span><\/span>\r\n            <span><\/span>\r\n            <span><\/span>\r\n        <\/div>\r\n    <\/div>\r\n\r\n\n\n\n<div class=\"wp-block-columns is-layout-flex wp-container-core-columns-is-layout-9d6595d7 wp-block-columns-is-layout-flex\">\n<div class=\"wp-block-column is-layout-flow wp-block-column-is-layout-flow\" style=\"flex-basis:66.66%\">\n<h1 class=\"wp-block-heading\">Celdas Tanque de flotaci\u00f3n<\/h1>\n\n\n\n<p>Desarrolladas a trav\u00e9s de un extenso proceso de investigaci\u00f3n y desarrollo, las Celdas Tanque de Flotaci\u00f3n de Westpro ofrecen un rendimiento de flotaci\u00f3n l\u00edder en la industria, en una amplia variedad de aplicaciones. Adem\u00e1s de un dise\u00f1o del mecanismo optimizado, las Celdas Tanque de Flotaci\u00f3n incluyen una serie de funciones para facilitar la operaci\u00f3n y el mantenimiento, con el objetivo de maximizar la productividad de la planta.<\/p>\n\n\n\n<figure class=\"wp-block-image size-large\"><img loading=\"lazy\" decoding=\"async\" width=\"940\" height=\"705\" src=\"https:\/\/www.westpromachinery.com\/wp-content\/uploads\/2020\/05\/1495745929_1587-FL500TC-On-Site-with-People.jpg\" alt=\"\" class=\"wp-image-852\" srcset=\"https:\/\/www.westpromachinery.com\/wp-content\/uploads\/2020\/05\/1495745929_1587-FL500TC-On-Site-with-People.jpg 940w, https:\/\/www.westpromachinery.com\/wp-content\/uploads\/2020\/05\/1495745929_1587-FL500TC-On-Site-with-People-300x225.jpg 300w, https:\/\/www.westpromachinery.com\/wp-content\/uploads\/2020\/05\/1495745929_1587-FL500TC-On-Site-with-People-768x576.jpg 768w\" sizes=\"auto, (max-width: 940px) 100vw, 940px\" \/><figcaption><em>Celdas tanque de 500 ft\u00b3 (15 m\u00b3) instaladas en campo en Yukon, Canad\u00e1<\/em><\/figcaption><\/figure>\n<\/div>\n\n\n\n<div class=\"wp-block-column is-layout-flow wp-block-column-is-layout-flow\" style=\"flex-basis:33.33%\"><div class=\"product-sidebar\">\r\n    <img loading=\"lazy\" decoding=\"async\" width=\"300\" height=\"225\" src=\"https:\/\/www.westpromachinery.com\/wp-content\/uploads\/2020\/05\/thumb_1486402661.jpg\" class=\"attachment-post-thumbnail size-post-thumbnail wp-post-image\" alt=\"\" \/>        <a href=\"\/es\/products\/inquiry\/?prod=Flotation Tank Cells\" class=\"inquiry-btn\">\u00a1Deje que nuestro ingeniero de procesos la califique para usted!<\/a>\r\n                    <div class=\"english-files\">\r\n                                                            <a href=\"https:\/\/www.westpromachinery.com\/wp-content\/uploads\/2020\/05\/1534186355_1502726124_Flotation-Tank-Cell-Product-Brochure.pdf\" class=\"download-btn\" target=\"_blank\">Flotation Tank Cells Brochure and Sizing Chart<\/a>\r\n                                        <\/div>\r\n                        <div class=\"spanish-files\">\r\n                                        <a href=\"https:\/\/www.westpromachinery.com\/wp-content\/uploads\/2020\/05\/Celdas-Tanque-de-Flotacion.pdf\" class=\"download-btn\" target=\"_blank\">Folleto y Tabla de Tama\u00f1os de Celdas Tanque de Flotaci\u00f3n<\/a>\r\n                                <\/div>\r\n        \r\n    <h5>SOLICITAR M\u00c1S INFORMACI\u00d3N<\/h5>\r\n    <!-- START OF ACTIVECONVERSION FORM CODE -->\r\n    <div id=\"acForm_269cb\"><\/div>\r\n    <!-- END OF ACTIVECONVERSION FORM CODE -->\r\n\r\n    <\/div>\r\n<\/div>\n<\/div>\n\n\n\n<hr class=\"wp-block-separator\"\/>\n\n\n\n<div class=\"wp-block-columns is-layout-flex wp-container-core-columns-is-layout-9d6595d7 wp-block-columns-is-layout-flex\">\n<div class=\"wp-block-column is-layout-flow wp-block-column-is-layout-flow\" style=\"flex-basis:65%\">\n<h4 class=\"wp-block-heading\">VENTAJAS<\/h4>\n\n\n\n<ul class=\"wp-block-list\"><li>Las capacidades de las celdas van desde 0.17 m\u00b3 (6 ft\u00b3) hasta 300 m\u00b3 (10,600 ft\u00b3)<\/li><li>Robusto disco biselado\/helicoidal con conexi\u00f3n de aire directa, dise\u00f1ado espec\u00edficamente para celdas tanque de flotaci\u00f3n Westpro<\/li><\/ul>\n\n\n\n<h6 class=\"wp-block-heading\"><a href=\"https:\/\/www.westpromachinery.com\/wp-content\/uploads\/2020\/05\/1534186355_1502726124_Flotation-Tank-Cell-Product-Brochure.pdf\" target=\"_blank\" aria-label=\"undefined (opens in a new tab)\" rel=\"noreferrer noopener\">Descargue nuestro folleto para m\u00e1s detalles.<\/a><\/h6>\n<\/div>\n\n\n\n<div class=\"wp-block-column is-layout-flow wp-block-column-is-layout-flow\">\n<h6 class=\"border-left wp-block-heading\">EXCELENTE SUSPENSI\u00d3N DE LA PULPA<\/h6>\n\n\n\n<hr class=\"wp-block-separator\"\/>\n\n\n\n<h6 class=\"border-left wp-block-heading\">MAYOR GENERACI\u00d3N DE BURBUJAS<\/h6>\n\n\n\n<hr class=\"wp-block-separator\"\/>\n\n\n\n<h6 class=\"border-left wp-block-heading\">TECNOLOG\u00cdA DE COMPUTACIONAL DE DIN\u00c1MICA FLUIDOS (CFD)<\/h6>\n<\/div>\n<\/div>\n\n\n\n<hr class=\"wp-block-separator\"\/>\n\n\n\n<figure class=\"wp-block-image size-large\"><img loading=\"lazy\" decoding=\"async\" width=\"940\" height=\"705\" src=\"https:\/\/www.westpromachinery.com\/wp-content\/uploads\/2020\/05\/1495147434_14m-500ft-Flotation-Tanks-during-freight-to-site.jpg\" alt=\"\" class=\"wp-image-858\" srcset=\"https:\/\/www.westpromachinery.com\/wp-content\/uploads\/2020\/05\/1495147434_14m-500ft-Flotation-Tanks-during-freight-to-site.jpg 940w, https:\/\/www.westpromachinery.com\/wp-content\/uploads\/2020\/05\/1495147434_14m-500ft-Flotation-Tanks-during-freight-to-site-300x225.jpg 300w, https:\/\/www.westpromachinery.com\/wp-content\/uploads\/2020\/05\/1495147434_14m-500ft-Flotation-Tanks-during-freight-to-site-768x576.jpg 768w\" sizes=\"auto, (max-width: 940px) 100vw, 940px\" \/><figcaption>Celdas de tanque de 500 ft\u00b3 (15 m\u00b3) en el taller de Westpro<\/figcaption><\/figure>\n\n\n\n<hr class=\"wp-block-separator\"\/>\n\n\n\n<h4 class=\"wp-block-heading\">TAMA\u00d1OS<\/h4>\n\n\n\n<figure class=\"wp-block-table\"><table class=\"has-fixed-layout\"><thead><tr><th>Modelo<\/th><th class=\"has-text-align-center\" data-align=\"center\">ft\u00b3\/Cell<\/th><th class=\"has-text-align-center\" data-align=\"center\">m\u00b3\/Cell<\/th><th class=\"has-text-align-center\" data-align=\"center\">Motor HP<\/th><th>Modelo<\/th><th class=\"has-text-align-center\" data-align=\"center\">ft\u00b3\/Cell<\/th><th class=\"has-text-align-center\" data-align=\"center\">m\u00b3\/Cell<\/th><th class=\"has-text-align-center\" data-align=\"center\">Motor HP<\/th><\/tr><\/thead><tbody><tr><td><strong>FL350TC<\/strong><\/td><td class=\"has-text-align-center\" data-align=\"center\">350<\/td><td class=\"has-text-align-center\" data-align=\"center\">10<\/td><td class=\"has-text-align-center\" data-align=\"center\">25<\/td><td><strong>FL2500TC<\/strong><\/td><td class=\"has-text-align-center\" data-align=\"center\">2500<\/td><td class=\"has-text-align-center\" data-align=\"center\">70<\/td><td class=\"has-text-align-center\" data-align=\"center\">125<\/td><\/tr><tr><td><strong>FL500TC<\/strong><\/td><td class=\"has-text-align-center\" data-align=\"center\">500<\/td><td class=\"has-text-align-center\" data-align=\"center\">15<\/td><td class=\"has-text-align-center\" data-align=\"center\">40<\/td><td><strong>FL3500TC<\/strong><\/td><td class=\"has-text-align-center\" data-align=\"center\">3500<\/td><td class=\"has-text-align-center\" data-align=\"center\">100<\/td><td class=\"has-text-align-center\" data-align=\"center\">150<\/td><\/tr><tr><td><strong>FL700TC<\/strong><\/td><td class=\"has-text-align-center\" data-align=\"center\">700<\/td><td class=\"has-text-align-center\" data-align=\"center\">20<\/td><td class=\"has-text-align-center\" data-align=\"center\">50<\/td><td><strong>FL4600TC<\/strong><\/td><td class=\"has-text-align-center\" data-align=\"center\">4600<\/td><td class=\"has-text-align-center\" data-align=\"center\">130<\/td><td class=\"has-text-align-center\" data-align=\"center\">200<\/td><\/tr><tr><td><strong>FL875TC<\/strong><\/td><td class=\"has-text-align-center\" data-align=\"center\">875<\/td><td class=\"has-text-align-center\" data-align=\"center\">25<\/td><td class=\"has-text-align-center\" data-align=\"center\">60<\/td><td><strong>FL5700TC<\/strong><\/td><td class=\"has-text-align-center\" data-align=\"center\">5700<\/td><td class=\"has-text-align-center\" data-align=\"center\">160<\/td><td class=\"has-text-align-center\" data-align=\"center\">250<\/td><\/tr><tr><td><strong>FL1100TC<\/strong><\/td><td class=\"has-text-align-center\" data-align=\"center\">1100<\/td><td class=\"has-text-align-center\" data-align=\"center\">30<\/td><td class=\"has-text-align-center\" data-align=\"center\">60<\/td><td><strong>FL7100TC<\/strong><\/td><td class=\"has-text-align-center\" data-align=\"center\">7100<\/td><td class=\"has-text-align-center\" data-align=\"center\">200<\/td><td class=\"has-text-align-center\" data-align=\"center\">250<\/td><\/tr><tr><td><strong>FL1400TC<\/strong><\/td><td class=\"has-text-align-center\" data-align=\"center\">1400<\/td><td class=\"has-text-align-center\" data-align=\"center\">40<\/td><td class=\"has-text-align-center\" data-align=\"center\">75<\/td><td><strong>FL10600TC<\/strong><\/td><td class=\"has-text-align-center\" data-align=\"center\">10600<\/td><td class=\"has-text-align-center\" data-align=\"center\">300<\/td><td class=\"has-text-align-center\" data-align=\"center\">300<\/td><\/tr><tr><td><strong>FL1800TC<\/strong><\/td><td class=\"has-text-align-center\" data-align=\"center\">1800<\/td><td class=\"has-text-align-center\" data-align=\"center\">50<\/td><td class=\"has-text-align-center\" data-align=\"center\">100<\/td><td><\/td><td class=\"has-text-align-center\" data-align=\"center\"><\/td><td class=\"has-text-align-center\" data-align=\"center\"><\/td><td class=\"has-text-align-center\" data-align=\"center\"><\/td><\/tr><\/tbody><\/table><\/figure>\n\n\n\n<hr class=\"wp-block-separator\"\/>\n\n\n\n<figure class=\"wp-block-gallery has-nested-images columns-5 is-cropped wp-block-gallery-1 is-layout-flex wp-block-gallery-is-layout-flex\">\n<figure class=\"wp-block-image size-large\"><a href=\"https:\/\/www.westpromachinery.com\/wp-content\/uploads\/2020\/05\/image_1496077437.jpg\"><img loading=\"lazy\" decoding=\"async\" width=\"1024\" height=\"466\" data-id=\"864\" src=\"https:\/\/www.westpromachinery.com\/wp-content\/uploads\/2020\/05\/image_1496077437-1024x466.jpg\" alt=\"\" class=\"wp-image-864\" srcset=\"https:\/\/www.westpromachinery.com\/wp-content\/uploads\/2020\/05\/image_1496077437-1024x466.jpg 1024w, https:\/\/www.westpromachinery.com\/wp-content\/uploads\/2020\/05\/image_1496077437-300x137.jpg 300w, https:\/\/www.westpromachinery.com\/wp-content\/uploads\/2020\/05\/image_1496077437-768x349.jpg 768w, https:\/\/www.westpromachinery.com\/wp-content\/uploads\/2020\/05\/image_1496077437.jpg 1200w\" sizes=\"auto, (max-width: 1024px) 100vw, 1024px\" \/><\/a><\/figure>\n\n\n\n<figure class=\"wp-block-image size-large\"><a href=\"https:\/\/www.westpromachinery.com\/wp-content\/uploads\/2020\/05\/image_1496077596.jpg\"><img loading=\"lazy\" decoding=\"async\" width=\"1024\" height=\"768\" data-id=\"863\" src=\"https:\/\/www.westpromachinery.com\/wp-content\/uploads\/2020\/05\/image_1496077596-1024x768.jpg\" alt=\"\" class=\"wp-image-863\" srcset=\"https:\/\/www.westpromachinery.com\/wp-content\/uploads\/2020\/05\/image_1496077596-1024x768.jpg 1024w, https:\/\/www.westpromachinery.com\/wp-content\/uploads\/2020\/05\/image_1496077596-300x225.jpg 300w, https:\/\/www.westpromachinery.com\/wp-content\/uploads\/2020\/05\/image_1496077596-768x576.jpg 768w, https:\/\/www.westpromachinery.com\/wp-content\/uploads\/2020\/05\/image_1496077596.jpg 1200w\" sizes=\"auto, (max-width: 1024px) 100vw, 1024px\" \/><\/a><\/figure>\n\n\n\n<figure class=\"wp-block-image size-large\"><a href=\"https:\/\/www.westpromachinery.com\/wp-content\/uploads\/2020\/05\/image_1496077649.jpg\"><img loading=\"lazy\" decoding=\"async\" width=\"1024\" height=\"573\" data-id=\"862\" src=\"https:\/\/www.westpromachinery.com\/wp-content\/uploads\/2020\/05\/image_1496077649-1024x573.jpg\" alt=\"\" class=\"wp-image-862\" srcset=\"https:\/\/www.westpromachinery.com\/wp-content\/uploads\/2020\/05\/image_1496077649-1024x573.jpg 1024w, https:\/\/www.westpromachinery.com\/wp-content\/uploads\/2020\/05\/image_1496077649-300x168.jpg 300w, https:\/\/www.westpromachinery.com\/wp-content\/uploads\/2020\/05\/image_1496077649-768x430.jpg 768w, https:\/\/www.westpromachinery.com\/wp-content\/uploads\/2020\/05\/image_1496077649.jpg 1200w\" sizes=\"auto, (max-width: 1024px) 100vw, 1024px\" \/><\/a><\/figure>\n\n\n\n<figure class=\"wp-block-image size-large\"><a href=\"https:\/\/www.westpromachinery.com\/wp-content\/uploads\/2020\/05\/image_1496331148.jpg\"><img loading=\"lazy\" decoding=\"async\" width=\"1024\" height=\"678\" data-id=\"861\" src=\"https:\/\/www.westpromachinery.com\/wp-content\/uploads\/2020\/05\/image_1496331148-1024x678.jpg\" alt=\"\" class=\"wp-image-861\" srcset=\"https:\/\/www.westpromachinery.com\/wp-content\/uploads\/2020\/05\/image_1496331148-1024x678.jpg 1024w, https:\/\/www.westpromachinery.com\/wp-content\/uploads\/2020\/05\/image_1496331148-300x199.jpg 300w, https:\/\/www.westpromachinery.com\/wp-content\/uploads\/2020\/05\/image_1496331148-768x509.jpg 768w, https:\/\/www.westpromachinery.com\/wp-content\/uploads\/2020\/05\/image_1496331148.jpg 1200w\" sizes=\"auto, (max-width: 1024px) 100vw, 1024px\" \/><\/a><\/figure>\n\n\n\n<figure class=\"wp-block-image size-large\"><a href=\"https:\/\/www.westpromachinery.com\/wp-content\/uploads\/2020\/05\/image_1496331355.jpg\"><img loading=\"lazy\" decoding=\"async\" width=\"678\" height=\"1024\" data-id=\"860\" src=\"https:\/\/www.westpromachinery.com\/wp-content\/uploads\/2020\/05\/image_1496331355-678x1024.jpg\" alt=\"\" class=\"wp-image-860\" srcset=\"https:\/\/www.westpromachinery.com\/wp-content\/uploads\/2020\/05\/image_1496331355-678x1024.jpg 678w, https:\/\/www.westpromachinery.com\/wp-content\/uploads\/2020\/05\/image_1496331355-199x300.jpg 199w, https:\/\/www.westpromachinery.com\/wp-content\/uploads\/2020\/05\/image_1496331355-768x1160.jpg 768w, https:\/\/www.westpromachinery.com\/wp-content\/uploads\/2020\/05\/image_1496331355-1017x1536.jpg 1017w, https:\/\/www.westpromachinery.com\/wp-content\/uploads\/2020\/05\/image_1496331355.jpg 1200w\" sizes=\"auto, (max-width: 678px) 100vw, 678px\" \/><\/a><\/figure>\n\n\n\n<figure class=\"wp-block-image size-large\"><a href=\"https:\/\/www.westpromachinery.com\/wp-content\/uploads\/2022\/07\/FL50TC-scaled.jpg\"><img loading=\"lazy\" decoding=\"async\" width=\"1024\" height=\"973\" data-id=\"1536\" src=\"https:\/\/www.westpromachinery.com\/wp-content\/uploads\/2022\/07\/FL50TC-1024x973.jpg\" alt=\"\" class=\"wp-image-1536\" srcset=\"https:\/\/www.westpromachinery.com\/wp-content\/uploads\/2022\/07\/FL50TC-1024x973.jpg 1024w, https:\/\/www.westpromachinery.com\/wp-content\/uploads\/2022\/07\/FL50TC-300x285.jpg 300w, https:\/\/www.westpromachinery.com\/wp-content\/uploads\/2022\/07\/FL50TC-768x730.jpg 768w, https:\/\/www.westpromachinery.com\/wp-content\/uploads\/2022\/07\/FL50TC-1536x1460.jpg 1536w, https:\/\/www.westpromachinery.com\/wp-content\/uploads\/2022\/07\/FL50TC-2048x1947.jpg 2048w, https:\/\/www.westpromachinery.com\/wp-content\/uploads\/2022\/07\/FL50TC-13x12.jpg 13w, https:\/\/www.westpromachinery.com\/wp-content\/uploads\/2022\/07\/FL50TC-1200x1141.jpg 1200w, https:\/\/www.westpromachinery.com\/wp-content\/uploads\/2022\/07\/FL50TC-1980x1882.jpg 1980w\" sizes=\"auto, (max-width: 1024px) 100vw, 1024px\" \/><\/a><\/figure>\n\n\n\n<figure class=\"wp-block-image size-large\"><a href=\"https:\/\/www.westpromachinery.com\/wp-content\/uploads\/2022\/07\/FL100TC-scaled.jpg\"><img loading=\"lazy\" decoding=\"async\" width=\"576\" height=\"1024\" data-id=\"1539\" src=\"https:\/\/www.westpromachinery.com\/wp-content\/uploads\/2022\/07\/FL100TC-576x1024.jpg\" alt=\"\" class=\"wp-image-1539\" srcset=\"https:\/\/www.westpromachinery.com\/wp-content\/uploads\/2022\/07\/FL100TC-576x1024.jpg 576w, https:\/\/www.westpromachinery.com\/wp-content\/uploads\/2022\/07\/FL100TC-169x300.jpg 169w, https:\/\/www.westpromachinery.com\/wp-content\/uploads\/2022\/07\/FL100TC-768x1365.jpg 768w, https:\/\/www.westpromachinery.com\/wp-content\/uploads\/2022\/07\/FL100TC-864x1536.jpg 864w, https:\/\/www.westpromachinery.com\/wp-content\/uploads\/2022\/07\/FL100TC-1152x2048.jpg 1152w, https:\/\/www.westpromachinery.com\/wp-content\/uploads\/2022\/07\/FL100TC-7x12.jpg 7w, https:\/\/www.westpromachinery.com\/wp-content\/uploads\/2022\/07\/FL100TC-1200x2133.jpg 1200w, https:\/\/www.westpromachinery.com\/wp-content\/uploads\/2022\/07\/FL100TC-1980x3519.jpg 1980w, https:\/\/www.westpromachinery.com\/wp-content\/uploads\/2022\/07\/FL100TC-scaled.jpg 1440w\" sizes=\"auto, (max-width: 576px) 100vw, 576px\" \/><\/a><\/figure>\n\n\n\n<figure class=\"wp-block-image size-large\"><a href=\"https:\/\/www.westpromachinery.com\/wp-content\/uploads\/2022\/07\/FL200TC-scaled.jpg\"><img loading=\"lazy\" decoding=\"async\" width=\"683\" height=\"1024\" data-id=\"1538\" src=\"https:\/\/www.westpromachinery.com\/wp-content\/uploads\/2022\/07\/FL200TC-683x1024.jpg\" alt=\"\" class=\"wp-image-1538\" srcset=\"https:\/\/www.westpromachinery.com\/wp-content\/uploads\/2022\/07\/FL200TC-683x1024.jpg 683w, https:\/\/www.westpromachinery.com\/wp-content\/uploads\/2022\/07\/FL200TC-200x300.jpg 200w, https:\/\/www.westpromachinery.com\/wp-content\/uploads\/2022\/07\/FL200TC-768x1152.jpg 768w, https:\/\/www.westpromachinery.com\/wp-content\/uploads\/2022\/07\/FL200TC-1024x1536.jpg 1024w, https:\/\/www.westpromachinery.com\/wp-content\/uploads\/2022\/07\/FL200TC-1365x2048.jpg 1365w, https:\/\/www.westpromachinery.com\/wp-content\/uploads\/2022\/07\/FL200TC-8x12.jpg 8w, https:\/\/www.westpromachinery.com\/wp-content\/uploads\/2022\/07\/FL200TC-1200x1800.jpg 1200w, https:\/\/www.westpromachinery.com\/wp-content\/uploads\/2022\/07\/FL200TC-1980x2970.jpg 1980w, https:\/\/www.westpromachinery.com\/wp-content\/uploads\/2022\/07\/FL200TC-scaled.jpg 1707w\" sizes=\"auto, (max-width: 683px) 100vw, 683px\" \/><\/a><\/figure>\n\n\n\n<figure class=\"wp-block-image size-large\"><a href=\"https:\/\/www.westpromachinery.com\/wp-content\/uploads\/2022\/07\/Westpro_Flotation_TankCells-scaled.jpg\"><img loading=\"lazy\" decoding=\"async\" width=\"1024\" height=\"683\" data-id=\"1541\" src=\"https:\/\/www.westpromachinery.com\/wp-content\/uploads\/2022\/07\/Westpro_Flotation_TankCells-1024x683.jpg\" alt=\"\" class=\"wp-image-1541\" srcset=\"https:\/\/www.westpromachinery.com\/wp-content\/uploads\/2022\/07\/Westpro_Flotation_TankCells-1024x683.jpg 1024w, https:\/\/www.westpromachinery.com\/wp-content\/uploads\/2022\/07\/Westpro_Flotation_TankCells-300x200.jpg 300w, https:\/\/www.westpromachinery.com\/wp-content\/uploads\/2022\/07\/Westpro_Flotation_TankCells-768x512.jpg 768w, https:\/\/www.westpromachinery.com\/wp-content\/uploads\/2022\/07\/Westpro_Flotation_TankCells-1536x1024.jpg 1536w, https:\/\/www.westpromachinery.com\/wp-content\/uploads\/2022\/07\/Westpro_Flotation_TankCells-2048x1365.jpg 2048w, https:\/\/www.westpromachinery.com\/wp-content\/uploads\/2022\/07\/Westpro_Flotation_TankCells-18x12.jpg 18w, https:\/\/www.westpromachinery.com\/wp-content\/uploads\/2022\/07\/Westpro_Flotation_TankCells-1200x800.jpg 1200w, https:\/\/www.westpromachinery.com\/wp-content\/uploads\/2022\/07\/Westpro_Flotation_TankCells-1980x1320.jpg 1980w\" sizes=\"auto, (max-width: 1024px) 100vw, 1024px\" \/><\/a><\/figure>\n\n\n\n<figure class=\"wp-block-image size-large\"><a href=\"https:\/\/www.westpromachinery.com\/wp-content\/uploads\/2022\/07\/Westpro_Flotation_TankCells2-scaled.jpg\"><img decoding=\"async\" data-id=\"1540\" src=\"https:\/\/www.westpromachinery.com\/wp-content\/uploads\/2022\/07\/Westpro_Flotation_TankCells2-1024x683.jpg\" alt=\"\" class=\"wp-image-1540\"\/><\/a><\/figure>\n\n\n\n<figure class=\"wp-block-image size-large\"><a href=\"https:\/\/www.westpromachinery.com\/wp-content\/uploads\/2022\/07\/Westpro_Flotation_TankCells3-scaled.jpg\"><img loading=\"lazy\" decoding=\"async\" width=\"1024\" height=\"768\" data-id=\"1537\" src=\"https:\/\/www.westpromachinery.com\/wp-content\/uploads\/2022\/07\/Westpro_Flotation_TankCells3-1024x768.jpg\" alt=\"\" class=\"wp-image-1537\" srcset=\"https:\/\/www.westpromachinery.com\/wp-content\/uploads\/2022\/07\/Westpro_Flotation_TankCells3-1024x768.jpg 1024w, https:\/\/www.westpromachinery.com\/wp-content\/uploads\/2022\/07\/Westpro_Flotation_TankCells3-300x225.jpg 300w, https:\/\/www.westpromachinery.com\/wp-content\/uploads\/2022\/07\/Westpro_Flotation_TankCells3-768x576.jpg 768w, https:\/\/www.westpromachinery.com\/wp-content\/uploads\/2022\/07\/Westpro_Flotation_TankCells3-1536x1152.jpg 1536w, https:\/\/www.westpromachinery.com\/wp-content\/uploads\/2022\/07\/Westpro_Flotation_TankCells3-2048x1536.jpg 2048w, https:\/\/www.westpromachinery.com\/wp-content\/uploads\/2022\/07\/Westpro_Flotation_TankCells3-16x12.jpg 16w, https:\/\/www.westpromachinery.com\/wp-content\/uploads\/2022\/07\/Westpro_Flotation_TankCells3-1200x900.jpg 1200w, https:\/\/www.westpromachinery.com\/wp-content\/uploads\/2022\/07\/Westpro_Flotation_TankCells3-1980x1485.jpg 1980w\" sizes=\"auto, (max-width: 1024px) 100vw, 1024px\" \/><\/a><\/figure>\n<\/figure>","protected":false},"excerpt":{"rendered":"<p>Desarrolladas a trav\u00e9s de un extenso proceso de I + D, las Celdas Tanque de Flotaci\u00f3n de Westpro ofrecen un rendimiento de flotaci\u00f3n l\u00edder en la industria<\/p>","protected":false},"featured_media":126,"template":"","utilized_in":[12,13,18],"class_list":["post-125","product","type-product","status-publish","has-post-thumbnail","hentry","utilized_in-flotation-plants","utilized_in-grinding-plants","utilized_in-mining"],"acf":[],"aioseo_notices":[],"_links":{"self":[{"href":"https:\/\/www.westpromachinery.com\/es\/wp-json\/wp\/v2\/product\/125","targetHints":{"allow":["GET"]}}],"collection":[{"href":"https:\/\/www.westpromachinery.com\/es\/wp-json\/wp\/v2\/product"}],"about":[{"href":"https:\/\/www.westpromachinery.com\/es\/wp-json\/wp\/v2\/types\/product"}],"wp:featuredmedia":[{"embeddable":true,"href":"https:\/\/www.westpromachinery.com\/es\/wp-json\/wp\/v2\/media\/126"}],"wp:attachment":[{"href":"https:\/\/www.westpromachinery.com\/es\/wp-json\/wp\/v2\/media?parent=125"}],"wp:term":[{"taxonomy":"utilized_in","embeddable":true,"href":"https:\/\/www.westpromachinery.com\/es\/wp-json\/wp\/v2\/utilized_in?post=125"}],"curies":[{"name":"wp","href":"https:\/\/api.w.org\/{rel}","templated":true}]}}