{"id":129,"date":"2020-05-07T16:12:19","date_gmt":"2020-05-07T22:12:19","guid":{"rendered":"https:\/\/www.westpromachinery.com\/?post_type=product&#038;p=129"},"modified":"2026-02-20T17:08:57","modified_gmt":"2026-02-21T00:08:57","slug":"flocculant-preparation-dosing-systems","status":"publish","type":"product","link":"https:\/\/www.westpromachinery.com\/es\/product\/flocculant-preparation-dosing-systems\/","title":{"rendered":"Sistemas de preparaci\u00f3n y dosificaci\u00f3n de floculantes"},"content":{"rendered":"<div class=\"alignfull slider-wrapper non-home\">\r\n        <div class=\"acf-slider\">\r\n                            <div class=\"slide\" style=\"background: url('https:\/\/www.westpromachinery.com\/wp-content\/uploads\/2020\/05\/thumb_1497470963.jpg');\">\r\n                                            <div class=\"container banner-content\">\r\n                            <h2>Sistemas de preparaci\u00f3n y dosificaci\u00f3n de floculante<\/h2>\n                        <\/div>\r\n                                    <\/div>\r\n                    <\/div>\r\n\r\n                    <style>\r\n                .slick-dots {\r\n                    display: none;\r\n                }\r\n            <\/style>\r\n        \r\n        <div class=\"loader\" id=\"loader\">\r\n            <span><\/span>\r\n            <span><\/span>\r\n            <span><\/span>\r\n        <\/div>\r\n    <\/div>\r\n\r\n\n\n\n<div class=\"wp-block-columns is-layout-flex wp-container-core-columns-is-layout-9d6595d7 wp-block-columns-is-layout-flex\">\n<div class=\"wp-block-column is-layout-flow wp-block-column-is-layout-flow\" style=\"flex-basis:66.66%\">\n<h1 class=\"wp-block-heading\">Sistemas de preparaci\u00f3n y dosificaci\u00f3n de floculantes<\/h1>\n\n\n\n<p>Westpro dise\u00f1a y fabrica sistemas llave en mano de Dosificaci\u00f3n y Preparaci\u00f3n de Floculantes. Estos sistemas mezclan polvo floculante seco en sacos con agua de proceso, para producir una soluci\u00f3n floculante con la fuerza deseada.<\/p>\n\n\n\n<figure class=\"wp-block-image size-large\"><img loading=\"lazy\" decoding=\"async\" width=\"940\" height=\"623\" src=\"https:\/\/www.westpromachinery.com\/wp-content\/uploads\/2020\/05\/1489761376_DSC_6026.jpg\" alt=\"\" class=\"wp-image-835\" srcset=\"https:\/\/www.westpromachinery.com\/wp-content\/uploads\/2020\/05\/1489761376_DSC_6026.jpg 940w, https:\/\/www.westpromachinery.com\/wp-content\/uploads\/2020\/05\/1489761376_DSC_6026-300x199.jpg 300w, https:\/\/www.westpromachinery.com\/wp-content\/uploads\/2020\/05\/1489761376_DSC_6026-768x509.jpg 768w\" sizes=\"auto, (max-width: 940px) 100vw, 940px\" \/><figcaption class=\"wp-element-caption\">Sistemas modulares de mezcla de floculantes FMS25-4 durante pruebas en las instalaciones de producci\u00f3n de Westpro<\/figcaption><\/figure>\n<\/div>\n\n\n\n<div class=\"wp-block-column is-layout-flow wp-block-column-is-layout-flow\" style=\"flex-basis:33.33%\"><div class=\"product-sidebar\">\r\n    <img loading=\"lazy\" decoding=\"async\" width=\"300\" height=\"225\" src=\"https:\/\/www.westpromachinery.com\/wp-content\/uploads\/2020\/05\/thumb_1485187311.jpg\" class=\"attachment-post-thumbnail size-post-thumbnail wp-post-image\" alt=\"\" \/>        <a href=\"\/es\/products\/inquiry\/?prod=Flocculant Preparation &#038; Dosing Systems\" class=\"inquiry-btn\">\u00a1Deje que nuestro ingeniero de procesos la califique para usted!<\/a>\r\n                    <div class=\"english-files\">\r\n                                                            <a href=\"https:\/\/www.westpromachinery.com\/wp-content\/uploads\/2020\/05\/1486401608_Questionnaire-Flocculant-Mixing-System.doc\" class=\"download-btn\" target=\"_blank\">Descargar el cuestionario de dimensionamiento espec\u00edfico del producto<\/a>\r\n                                                    <a href=\"https:\/\/www.westpromachinery.com\/wp-content\/uploads\/2020\/05\/1534186151_1502725940_Flocculant-Preparation-and-Dosing-Systems-Product-Brochure.pdf\" class=\"download-btn\" target=\"_blank\">Flocculant Preparation &#038; Dosing Systems Brochure<\/a>\r\n                                        <\/div>\r\n                        <div class=\"spanish-files\">\r\n                                        <a href=\"https:\/\/www.westpromachinery.com\/wp-content\/uploads\/2020\/05\/Cuestionario-de-Mezclador-de-Floculante.docx\" class=\"download-btn\" target=\"_blank\">Cuestionario de Mezclador de Floculante<\/a>\r\n                                            <a href=\"https:\/\/www.westpromachinery.com\/wp-content\/uploads\/2020\/05\/Sistema-de-Preparacion-y-Dosificacion-de-Floculante.pdf\" class=\"download-btn\" target=\"_blank\">Folleto de Preparaci\u00f3n y Dosidicaci\u00f3n de Floculante<\/a>\r\n                                <\/div>\r\n        \r\n    <h5>SOLICITAR M\u00c1S INFORMACI\u00d3N<\/h5>\r\n    <!-- START OF ACTIVECONVERSION FORM CODE -->\r\n    <div id=\"acForm_269cb\"><\/div>\r\n    <!-- END OF ACTIVECONVERSION FORM CODE -->\r\n\r\n    <\/div>\r\n<\/div>\n<\/div>\n\n\n\n<hr class=\"wp-block-separator has-css-opacity\"\/>\n\n\n\n<div class=\"wp-block-columns is-layout-flex wp-container-core-columns-is-layout-9d6595d7 wp-block-columns-is-layout-flex\">\n<div class=\"wp-block-column is-layout-flow wp-block-column-is-layout-flow\">\n<h4 class=\"wp-block-heading border-left\">VENTAJAS<\/h4>\n\n\n\n<ul class=\"wp-block-list\">\n<li>Gran variedad de capacidades disponibles<\/li>\n\n\n\n<li>Tolva de recepci\u00f3n y alimentador de tornillo volum\u00e9trico. La tolva est\u00e1 provista de abridor de bolsa o descarga de bolsa, para unidades m\u00e1s grandes<\/li>\n\n\n\n<li>Sistema eductor-soplador para transportar neum\u00e1ticamente polvo floculante al tanque de mezclado<\/li>\n\n\n\n<li>Cabezal humectante para el contacto inicial del floculante seco con el agua<\/li>\n\n\n\n<li>Tanque de mezcla de trabajo pesado y tanque de retenci\u00f3n<\/li>\n\n\n\n<li>Agitador de tanque de mezcla dise\u00f1ado para una mezcla suave sin da\u00f1ar el pol\u00edmero expandido<\/li>\n\n\n\n<li>Bombas de dosificaci\u00f3n disponibles con Variador de Frecuencia (VFD)<\/li>\n\n\n\n<li>Panel de control local con (PLC)Panel de control local con Controladores L\u00f3gicos Programables (PLC)Panel de control local con Controladores L\u00f3gicos Programables (PLC)<\/li>\n<\/ul>\n<\/div>\n\n\n\n<div class=\"wp-block-column is-layout-flow wp-block-column-is-layout-flow\">\n<figure class=\"wp-block-image size-large\"><img loading=\"lazy\" decoding=\"async\" width=\"768\" height=\"1024\" src=\"https:\/\/www.westpromachinery.com\/wp-content\/uploads\/2020\/05\/1496168821_IMG_5220-768x1024.jpg\" alt=\"\" class=\"wp-image-836\" srcset=\"https:\/\/www.westpromachinery.com\/wp-content\/uploads\/2020\/05\/1496168821_IMG_5220-768x1023.jpg 768w, https:\/\/www.westpromachinery.com\/wp-content\/uploads\/2020\/05\/1496168821_IMG_5220-225x300.jpg 225w, https:\/\/www.westpromachinery.com\/wp-content\/uploads\/2020\/05\/1496168821_IMG_5220.jpg 941w\" sizes=\"auto, (max-width: 768px) 100vw, 768px\" \/><figcaption class=\"wp-element-caption\">Sistema de mezcla de floculantes FMS25 en planta en M\u00e9xico<\/figcaption><\/figure>\n<\/div>\n<\/div>\n\n\n\n<hr class=\"wp-block-separator has-alpha-channel-opacity\"\/>\n\n\n\n<h5 class=\"wp-block-heading has-text-align-left\">Click the gold circles below for an in-depth look at some of our key features!<\/h5>\n\n\n\n<style>\n\t#hotspot-2295 .hotspots-image-container,\n\t#hotspot-2295 .leaflet-container {\n\t\tbackground: #ffffff\t}\n\n\t#hotspot-2295 .hotspots-placeholder,\n\t.featherlight .featherlight-content.lightbox-2295 {\n\t\tbackground: #f9f2d6;\n\t\tborder: 0 #f9f2d6 solid;\n\t\tcolor: #25346e;\n\t}\n\n\t#hotspot-2295 .hotspot-title,\n\t#hotspot-2295 .bc-product__title a,\n\t.featherlight .featherlight-content.lightbox-2295 .hotspot-title,\n\t.featherlight .featherlight-content.lightbox-2295 .bc-product__title a {\n\t\tcolor: #25346e;\n\t}\n\n\t\t\t#hotspot-2295 .hotspot-style-1 {\n\t\t\tstroke-width: 1;\n\t\t\tfill: #ffffff;\n\t\t\tfill-opacity: 0;\n\t\t\tstroke: #ffffff;\n\t\t\tstroke-opacity: 0;\n\t\t}\n\t\t#hotspot-2295 .hotspot-style-1:hover,\n\t\t#hotspot-2295 .hotspot-style-1:focus-visible,\n\t\t#hotspot-2295 .hotspot-style-1.hotspot-active {\n\t\t\tfill: #ffffff;\n\t\t\tfill-opacity: 0.81;\n\t\t\toutline: none;\n\t\t\tstroke: #ffffff;\n\t\t\tstroke-opacity: 0.81;\n\t\t}\n\t\t\t#hotspot-2295 .hotspot-default {\n\t\t\tstroke-width: 1;\n\t\t\tfill: #ffffff;\n\t\t\tfill-opacity: 0;\n\t\t\tstroke: #ffffff;\n\t\t\tstroke-opacity: 0;\n\t\t}\n\t\t#hotspot-2295 .hotspot-default:hover,\n\t\t#hotspot-2295 .hotspot-default:focus-visible,\n\t\t#hotspot-2295 .hotspot-default.hotspot-active {\n\t\t\tfill: #25346e;\n\t\t\tfill-opacity: 0.81;\n\t\t\toutline: none;\n\t\t\tstroke: #25346e;\n\t\t\tstroke-opacity: 0.81;\n\t\t}\n\t\t#hotspot-2295 .leaflet-tooltip,\n\t#hotspot-2295 .leaflet-rrose-content-wrapper {\n\t\tbackground: #f9f2d6;\n\t\tborder-color: #f9f2d6;\n\t\tcolor: #25346e;\n\t}\n\n\t#hotspot-2295 a.leaflet-rrose-close-button {\n\t\tcolor: #25346e;\n\t}\n\n\t#hotspot-2295 .leaflet-rrose-tip {\n\t\tbackground: #f9f2d6;\n\t}\n\n\t#hotspot-2295 .leaflet-popup-scrolled {\n\t\tborder-bottom-color: #25346e;\n\t\tborder-top-color: #25346e;\n\t}\n\n\t#hotspot-2295 .leaflet-tooltip-top:before {\n\t\tborder-top-color: #f9f2d6;\n\t}\n\n\t#hotspot-2295 .leaflet-tooltip-bottom:before {\n\t\tborder-bottom-color: #f9f2d6;\n\t}\n\t#hotspot-2295 .leaflet-tooltip-left:before {\n\t\tborder-left-color: #f9f2d6;\n\t}\n\t#hotspot-2295 .leaflet-tooltip-right:before {\n\t\tborder-right-color: #f9f2d6;\n\t}\n<\/style>\n\n\n\t<div class=\"hotspots-container  layout-tooltip event-click\" id=\"hotspot-2295\" data-layout=\"tooltip\" data-trigger=\"click\">\n\t\t<div class=\"hotspots-interaction\">\n\t\t\t<div class=\"hotspots-image-container\">\n\t<img\n\t\twidth=\"4000\"\n\t\theight=\"2250\"\n\t\tsrc=\"https:\/\/www.westpromachinery.com\/wp-content\/uploads\/2025\/07\/Renders-WO-Background-1-1.png\"\n\t\talt=\"Process Advantages | Flocculant Mixing Systems\"\n\t\tclass=\"hotspots-image skip-lazy\"\n\t\tusemap=\"#hotspots-image-2295\"\n\t\tdata-image-title=\"Process Advantages | Flocculant Mixing Systems\"\n\t\tdata-image-description=\"\"\n\t\tdata-event-trigger=\"click\"\n\t\tdata-always-visible=\"false\"\n\t\tdata-id=\"2295\"\n\t\tdata-no-lazy=\"1\"\n\t\tdata-lazy-src=\"\"\n\t\tdata-lazy=\"false\"\n\t\tloading=\"eager\"\n\t\tdata-skip-lazy=\"1\"\n\t\t>\n<\/div>\t\t<\/div>\n\t\t<map name=\"hotspots-image-2295\" class=\"hotspots-map\">\n\t\t\t\t\t\t\t\t\t\t\t<area\n\t\t\t\t\tshape=\"circle\"\n\t\t\t\t\tcoords=\"970,1442,59\"\n\t\t\t\t\thref=\"#hotspot-hotspot-2295-0\"\n\t\t\t\t\trel=\"\"\n\t\t\t\t\ttitle=\"Calibrated Screw Feeder\"\n\t\t\t\t\talt=\"Calibrated Screw Feeder\"\n\t\t\t\t\tdata-action=\"\"\n\t\t\t\t\tdata-color-scheme=\"\"\n\t\t\t\t\tdata-id=\"area-hotspot-2295-0\"\n\t\t\t\t\ttarget=\"\"\n\t\t\t\t\tclass=\"more-info-area\"\n\t\t\t\t\t>\n\t\t\t\t\t\t\t\t\t\t\t<area\n\t\t\t\t\tshape=\"circle\"\n\t\t\t\t\tcoords=\"2896,1453,59\"\n\t\t\t\t\thref=\"#hotspot-hotspot-2295-1\"\n\t\t\t\t\trel=\"\"\n\t\t\t\t\ttitle=\"Calibrated Screw Feeder\"\n\t\t\t\t\talt=\"Calibrated Screw Feeder\"\n\t\t\t\t\tdata-action=\"\"\n\t\t\t\t\tdata-color-scheme=\"\"\n\t\t\t\t\tdata-id=\"area-hotspot-2295-1\"\n\t\t\t\t\ttarget=\"\"\n\t\t\t\t\tclass=\"more-info-area\"\n\t\t\t\t\t>\n\t\t\t\t\t\t\t\t\t\t\t<area\n\t\t\t\t\tshape=\"circle\"\n\t\t\t\t\tcoords=\"1128,1395,60\"\n\t\t\t\t\thref=\"#hotspot-hotspot-2295-2\"\n\t\t\t\t\trel=\"\"\n\t\t\t\t\ttitle=\"Integrated Bin Vibrator &amp; Heater\"\n\t\t\t\t\talt=\"Integrated Bin Vibrator &amp; Heater\"\n\t\t\t\t\tdata-action=\"\"\n\t\t\t\t\tdata-color-scheme=\"\"\n\t\t\t\t\tdata-id=\"area-hotspot-2295-2\"\n\t\t\t\t\ttarget=\"\"\n\t\t\t\t\tclass=\"more-info-area\"\n\t\t\t\t\t>\n\t\t\t\t\t\t\t\t\t\t\t<area\n\t\t\t\t\tshape=\"circle\"\n\t\t\t\t\tcoords=\"3056,1422,60\"\n\t\t\t\t\thref=\"#hotspot-hotspot-2295-3\"\n\t\t\t\t\trel=\"\"\n\t\t\t\t\ttitle=\"Integrated Bin Vibrator &amp; Heater\"\n\t\t\t\t\talt=\"Integrated Bin Vibrator &amp; Heater\"\n\t\t\t\t\tdata-action=\"\"\n\t\t\t\t\tdata-color-scheme=\"\"\n\t\t\t\t\tdata-id=\"area-hotspot-2295-3\"\n\t\t\t\t\ttarget=\"\"\n\t\t\t\t\tclass=\"more-info-area\"\n\t\t\t\t\t>\n\t\t\t\t\t\t\t\t\t\t\t<area\n\t\t\t\t\tshape=\"circle\"\n\t\t\t\t\tcoords=\"1244,531,58\"\n\t\t\t\t\thref=\"#hotspot-hotspot-2295-4\"\n\t\t\t\t\trel=\"\"\n\t\t\t\t\ttitle=\"Proprietary Wetting Head\"\n\t\t\t\t\talt=\"Proprietary Wetting Head\"\n\t\t\t\t\tdata-action=\"\"\n\t\t\t\t\tdata-color-scheme=\"\"\n\t\t\t\t\tdata-id=\"area-hotspot-2295-4\"\n\t\t\t\t\ttarget=\"\"\n\t\t\t\t\tclass=\"more-info-area\"\n\t\t\t\t\t>\n\t\t\t\t\t\t\t\t\t\t\t<area\n\t\t\t\t\tshape=\"circle\"\n\t\t\t\t\tcoords=\"2973,403,59\"\n\t\t\t\t\thref=\"#hotspot-hotspot-2295-5\"\n\t\t\t\t\trel=\"\"\n\t\t\t\t\ttitle=\"Proprietary Wetting Head\"\n\t\t\t\t\talt=\"Proprietary Wetting Head\"\n\t\t\t\t\tdata-action=\"\"\n\t\t\t\t\tdata-color-scheme=\"\"\n\t\t\t\t\tdata-id=\"area-hotspot-2295-5\"\n\t\t\t\t\ttarget=\"\"\n\t\t\t\t\tclass=\"more-info-area\"\n\t\t\t\t\t>\n\t\t\t\t\t\t\t\t\t\t\t<area\n\t\t\t\t\tshape=\"circle\"\n\t\t\t\t\tcoords=\"1378,792,60\"\n\t\t\t\t\thref=\"#hotspot-hotspot-2295-6\"\n\t\t\t\t\trel=\"\"\n\t\t\t\t\ttitle=\"Duel-Prop Agitator &amp; Mixing Tank\"\n\t\t\t\t\talt=\"Duel-Prop Agitator &amp; Mixing Tank\"\n\t\t\t\t\tdata-action=\"\"\n\t\t\t\t\tdata-color-scheme=\"\"\n\t\t\t\t\tdata-id=\"area-hotspot-2295-6\"\n\t\t\t\t\ttarget=\"\"\n\t\t\t\t\tclass=\"more-info-area\"\n\t\t\t\t\t>\n\t\t\t\t\t\t\t\t\t\t\t<area\n\t\t\t\t\tshape=\"circle\"\n\t\t\t\t\tcoords=\"3316,672,60\"\n\t\t\t\t\thref=\"#hotspot-hotspot-2295-7\"\n\t\t\t\t\trel=\"\"\n\t\t\t\t\ttitle=\"Duel-Prop Agitator &amp; Mixing Tank\"\n\t\t\t\t\talt=\"Duel-Prop Agitator &amp; Mixing Tank\"\n\t\t\t\t\tdata-action=\"\"\n\t\t\t\t\tdata-color-scheme=\"\"\n\t\t\t\t\tdata-id=\"area-hotspot-2295-7\"\n\t\t\t\t\ttarget=\"\"\n\t\t\t\t\tclass=\"more-info-area\"\n\t\t\t\t\t>\n\t\t\t\t\t\t\t\t\t\t\t<area\n\t\t\t\t\tshape=\"circle\"\n\t\t\t\t\tcoords=\"1438,1530,59\"\n\t\t\t\t\thref=\"#hotspot-hotspot-2295-8\"\n\t\t\t\t\trel=\"\"\n\t\t\t\t\ttitle=\"Fully Automated System\"\n\t\t\t\t\talt=\"Fully Automated System\"\n\t\t\t\t\tdata-action=\"\"\n\t\t\t\t\tdata-color-scheme=\"\"\n\t\t\t\t\tdata-id=\"area-hotspot-2295-8\"\n\t\t\t\t\ttarget=\"\"\n\t\t\t\t\tclass=\"more-info-area\"\n\t\t\t\t\t>\n\t\t\t\t\t\t\t\t\t\t\t<area\n\t\t\t\t\tshape=\"circle\"\n\t\t\t\t\tcoords=\"2350,1190,61\"\n\t\t\t\t\thref=\"#hotspot-hotspot-2295-9\"\n\t\t\t\t\trel=\"\"\n\t\t\t\t\ttitle=\"Fully Automated System\"\n\t\t\t\t\talt=\"Fully Automated System\"\n\t\t\t\t\tdata-action=\"\"\n\t\t\t\t\tdata-color-scheme=\"\"\n\t\t\t\t\tdata-id=\"area-hotspot-2295-9\"\n\t\t\t\t\ttarget=\"\"\n\t\t\t\t\tclass=\"more-info-area\"\n\t\t\t\t\t>\n\t\t\t\t\t\t\t\t\t\t\t<area\n\t\t\t\t\tshape=\"circle\"\n\t\t\t\t\tcoords=\"1596,1453,60\"\n\t\t\t\t\thref=\"#hotspot-hotspot-2295-10\"\n\t\t\t\t\trel=\"\"\n\t\t\t\t\ttitle=\"Precision Dosing Pumps\"\n\t\t\t\t\talt=\"Precision Dosing Pumps\"\n\t\t\t\t\tdata-action=\"\"\n\t\t\t\t\tdata-color-scheme=\"\"\n\t\t\t\t\tdata-id=\"area-hotspot-2295-10\"\n\t\t\t\t\ttarget=\"\"\n\t\t\t\t\tclass=\"more-info-area\"\n\t\t\t\t\t>\n\t\t\t\t\t\t\t\t\t\t\t<area\n\t\t\t\t\tshape=\"circle\"\n\t\t\t\t\tcoords=\"3683,1443,59\"\n\t\t\t\t\thref=\"#hotspot-hotspot-2295-11\"\n\t\t\t\t\trel=\"\"\n\t\t\t\t\ttitle=\"Precision Dosing Pumps\"\n\t\t\t\t\talt=\"Precision Dosing Pumps\"\n\t\t\t\t\tdata-action=\"\"\n\t\t\t\t\tdata-color-scheme=\"\"\n\t\t\t\t\tdata-id=\"area-hotspot-2295-11\"\n\t\t\t\t\ttarget=\"\"\n\t\t\t\t\tclass=\"more-info-area\"\n\t\t\t\t\t>\n\t\t\t\t\t\t\t\t\t\t\t<area\n\t\t\t\t\tshape=\"polygon\"\n\t\t\t\t\tcoords=\"\"\n\t\t\t\t\thref=\"#hotspot-hotspot-2295-12\"\n\t\t\t\t\trel=\"\"\n\t\t\t\t\ttitle=\"Customizable Features\"\n\t\t\t\t\talt=\"Customizable Features\"\n\t\t\t\t\tdata-action=\"\"\n\t\t\t\t\tdata-color-scheme=\"\"\n\t\t\t\t\tdata-id=\"area-hotspot-2295-12\"\n\t\t\t\t\ttarget=\"\"\n\t\t\t\t\tclass=\"more-info-area\"\n\t\t\t\t\t>\n\t\t\t\t\t\t\t\t\t\t\t<area\n\t\t\t\t\tshape=\"circle\"\n\t\t\t\t\tcoords=\"3822,1384,58\"\n\t\t\t\t\thref=\"#hotspot-hotspot-2295-13\"\n\t\t\t\t\trel=\"\"\n\t\t\t\t\ttitle=\"Customizable Features\"\n\t\t\t\t\talt=\"Customizable Features\"\n\t\t\t\t\tdata-action=\"\"\n\t\t\t\t\tdata-color-scheme=\"\"\n\t\t\t\t\tdata-id=\"area-hotspot-2295-13\"\n\t\t\t\t\ttarget=\"\"\n\t\t\t\t\tclass=\"more-info-area\"\n\t\t\t\t\t>\n\t\t\t\t\t<\/map>\n\n\t\t\n\t\t\t\t\t\n\t\t\t\t\t\t<div class=\"hotspot-info\" id=\"hotspot-hotspot-2295-0\">\n\t\t\t\t\n\t\t\t\t<h2 class=\"hotspot-title\">Calibrated Screw Feeder<\/h2>\t\t\t\t\t\t\t\t<div class=\"hotspot-content\">\n\t\t\t\t\t<p>The <strong>Calibrated Screw Feeder<\/strong> ensures consistent and controlled material dosing for reliable process performance.<\/p>\n\t\t\t\t<\/div>\n\t\t\t<\/div>\n\t\t\t\t\t\n\t\t\t\t\t\t<div class=\"hotspot-info\" id=\"hotspot-hotspot-2295-1\">\n\t\t\t\t\n\t\t\t\t<h2 class=\"hotspot-title\">Calibrated Screw Feeder<\/h2>\t\t\t\t\t\t\t\t<div class=\"hotspot-content\">\n\t\t\t\t\t<p>The <strong>Calibrated Screw Feeder<\/strong> ensures consistent and controlled material dosing for reliable process performance.<\/p>\n\t\t\t\t<\/div>\n\t\t\t<\/div>\n\t\t\t\t\t\n\t\t\t\t\t\t<div class=\"hotspot-info\" id=\"hotspot-hotspot-2295-2\">\n\t\t\t\t\n\t\t\t\t<h2 class=\"hotspot-title\">Integrated Bin Vibrator & Heater<\/h2>\t\t\t\t\t\t\t\t<div class=\"hotspot-content\">\n\t\t\t\t\t<p>The <strong>Integrated Bin Vibrator and Heater<\/strong> work to eliminate material bridging and moisture buildup, ensuring continuous operation.<\/p>\n\t\t\t\t<\/div>\n\t\t\t<\/div>\n\t\t\t\t\t\n\t\t\t\t\t\t<div class=\"hotspot-info\" id=\"hotspot-hotspot-2295-3\">\n\t\t\t\t\n\t\t\t\t<h2 class=\"hotspot-title\">Integrated Bin Vibrator & Heater<\/h2>\t\t\t\t\t\t\t\t<div class=\"hotspot-content\">\n\t\t\t\t\t<p>The <strong>Integrated Bin Vibrator and Heater<\/strong> work to eliminate material bridging and moisture buildup, ensuring continuous operation.<\/p>\n\t\t\t\t<\/div>\n\t\t\t<\/div>\n\t\t\t\t\t\n\t\t\t\t\t\t<div class=\"hotspot-info\" id=\"hotspot-hotspot-2295-4\">\n\t\t\t\t\n\t\t\t\t<h2 class=\"hotspot-title\">Proprietary Wetting Head<\/h2>\t\t\t\t\t\t\t\t<div class=\"hotspot-content\">\n\t\t\t\t\t<p>Westpro's <strong>Proprietary Wetting Head<\/strong> maximizes early-stage hydration for superior flocculant dissolution and system efficiency.<\/p>\n\t\t\t\t<\/div>\n\t\t\t<\/div>\n\t\t\t\t\t\n\t\t\t\t\t\t<div class=\"hotspot-info\" id=\"hotspot-hotspot-2295-5\">\n\t\t\t\t\n\t\t\t\t<h2 class=\"hotspot-title\">Proprietary Wetting Head<\/h2>\t\t\t\t\t\t\t\t<div class=\"hotspot-content\">\n\t\t\t\t\t<p>Westpro's <strong>Proprietary Wetting Head<\/strong> maximizes early-stage hydration for superior flocculant dissolution and system efficiency.<\/p>\n\t\t\t\t<\/div>\n\t\t\t<\/div>\n\t\t\t\t\t\n\t\t\t\t\t\t<div class=\"hotspot-info\" id=\"hotspot-hotspot-2295-6\">\n\t\t\t\t\n\t\t\t\t<h2 class=\"hotspot-title\">Duel-Prop Agitator & Mixing Tank<\/h2>\t\t\t\t\t\t\t\t<div class=\"hotspot-content\">\n\t\t\t\t\t<p>Westpro's Flocculant Systems feature a <strong>Duel-Prop Agitator and Mixing Tank<\/strong> that is meticulously engineered for gentle mixing and optimal polymer maturation.<\/p>\n\t\t\t\t<\/div>\n\t\t\t<\/div>\n\t\t\t\t\t\n\t\t\t\t\t\t<div class=\"hotspot-info\" id=\"hotspot-hotspot-2295-7\">\n\t\t\t\t\n\t\t\t\t<h2 class=\"hotspot-title\">Duel-Prop Agitator & Mixing Tank<\/h2>\t\t\t\t\t\t\t\t<div class=\"hotspot-content\">\n\t\t\t\t\t<p>Westpro's Flocculant Systems feature a <strong>Duel-Prop Agitator and Mixing Tank<\/strong> that is meticulously engineered for gentle mixing and optimal polymer maturation.<\/p>\n\t\t\t\t<\/div>\n\t\t\t<\/div>\n\t\t\t\t\t\n\t\t\t\t\t\t<div class=\"hotspot-info\" id=\"hotspot-hotspot-2295-8\">\n\t\t\t\t\n\t\t\t\t<h2 class=\"hotspot-title\">Fully Automated System<\/h2>\t\t\t\t\t\t\t\t<div class=\"hotspot-content\">\n\t\t\t\t\t<p><em><strong>Key Feature:<\/strong><\/em><\/p>\n<p>The Fully Automated System, with built-in safety interlocks and monitoring features, provides steady-state operation and a significantly reduced need for operator intervention.<\/p>\n\t\t\t\t<\/div>\n\t\t\t<\/div>\n\t\t\t\t\t\n\t\t\t\t\t\t<div class=\"hotspot-info\" id=\"hotspot-hotspot-2295-9\">\n\t\t\t\t\n\t\t\t\t<h2 class=\"hotspot-title\">Fully Automated System<\/h2>\t\t\t\t\t\t\t\t<div class=\"hotspot-content\">\n\t\t\t\t\t<p><em><strong>Key Feature:<\/strong><\/em><\/p>\n<p>The Fully Automated System, with built-in safety interlocks and monitoring features, provides steady-state operation and a significantly reduced need for operator intervention.<\/p>\n\t\t\t\t<\/div>\n\t\t\t<\/div>\n\t\t\t\t\t\n\t\t\t\t\t\t<div class=\"hotspot-info\" id=\"hotspot-hotspot-2295-10\">\n\t\t\t\t\n\t\t\t\t<h2 class=\"hotspot-title\">Precision Dosing Pumps<\/h2>\t\t\t\t\t\t\t\t<div class=\"hotspot-content\">\n\t\t\t\t\t<p>The <strong>Precision Dosing Pumps<\/strong> deliver well-conditioned polymer solution to downstream circuits for a complete and optimized flocculant mixing solution.<\/p>\n\t\t\t\t<\/div>\n\t\t\t<\/div>\n\t\t\t\t\t\n\t\t\t\t\t\t<div class=\"hotspot-info\" id=\"hotspot-hotspot-2295-11\">\n\t\t\t\t\n\t\t\t\t<h2 class=\"hotspot-title\">Precision Dosing Pumps<\/h2>\t\t\t\t\t\t\t\t<div class=\"hotspot-content\">\n\t\t\t\t\t<p>The <strong>Precision Dosing Pumps<\/strong> deliver well-conditioned polymer solution to downstream circuits for a complete and optimized flocculant mixing solution.<\/p>\n\t\t\t\t<\/div>\n\t\t\t<\/div>\n\t\t\t\t\t\n\t\t\t\t\t\t<div class=\"hotspot-info\" id=\"hotspot-hotspot-2295-12\">\n\t\t\t\t\n\t\t\t\t<h2 class=\"hotspot-title\">Customizable Features<\/h2>\t\t\t\t\t\t\t\t<div class=\"hotspot-content\">\n\t\t\t\t\t<p><em><strong>Optional:<\/strong><\/em><\/p>\n<ul>\n<li>Heated Water Tanks<\/li>\n<li>Static Mixers<\/li>\n<li>Safety Valves<\/li>\n<li>Access Platforms<\/li>\n<\/ul>\n\t\t\t\t<\/div>\n\t\t\t<\/div>\n\t\t\t\t\t\n\t\t\t\t\t\t<div class=\"hotspot-info\" id=\"hotspot-hotspot-2295-13\">\n\t\t\t\t\n\t\t\t\t<h2 class=\"hotspot-title\">Customizable Features<\/h2>\t\t\t\t\t\t\t\t<div class=\"hotspot-content\">\n\t\t\t\t\t<p><em><strong>Optional:<\/strong><\/em><\/p>\n<ul>\n<li>Heated Water Tanks<\/li>\n<li>Static Mixers<\/li>\n<li>Safety Valves<\/li>\n<li>Access Platforms<\/li>\n<\/ul>\n\t\t\t\t<\/div>\n\t\t\t<\/div>\n\t\t\t<\/div>","protected":false},"excerpt":{"rendered":"<p>Westpro dise\u00f1a y fabrica sistemas modulares llave en mano de Preparaci\u00f3n y Dosificaci\u00f3n de Floculantes.<\/p>","protected":false},"featured_media":130,"template":"","utilized_in":[19,8,10,48,11,12,18,15,16,20,17],"class_list":["post-129","product","type-product","status-publish","has-post-thumbnail","hentry","utilized_in-aggregate","utilized_in-aggregates-processing","utilized_in-dewatering-plants","utilized_in-draft-wastewater","utilized_in-fines-removal-systems","utilized_in-flotation-plants","utilized_in-mining","utilized_in-pilot-and-demonstration-plants","utilized_in-tailings-management-systems","utilized_in-wastewater","utilized_in-water-and-wastewater-treatment"],"acf":[],"aioseo_notices":[],"_links":{"self":[{"href":"https:\/\/www.westpromachinery.com\/es\/wp-json\/wp\/v2\/product\/129","targetHints":{"allow":["GET"]}}],"collection":[{"href":"https:\/\/www.westpromachinery.com\/es\/wp-json\/wp\/v2\/product"}],"about":[{"href":"https:\/\/www.westpromachinery.com\/es\/wp-json\/wp\/v2\/types\/product"}],"wp:featuredmedia":[{"embeddable":true,"href":"https:\/\/www.westpromachinery.com\/es\/wp-json\/wp\/v2\/media\/130"}],"wp:attachment":[{"href":"https:\/\/www.westpromachinery.com\/es\/wp-json\/wp\/v2\/media?parent=129"}],"wp:term":[{"taxonomy":"utilized_in","embeddable":true,"href":"https:\/\/www.westpromachinery.com\/es\/wp-json\/wp\/v2\/utilized_in?post=129"}],"curies":[{"name":"wp","href":"https:\/\/api.w.org\/{rel}","templated":true}]}}