{"id":133,"date":"2020-05-07T16:13:16","date_gmt":"2020-05-07T22:13:16","guid":{"rendered":"https:\/\/www.westpromachinery.com\/?post_type=product&#038;p=133"},"modified":"2026-02-20T11:24:20","modified_gmt":"2026-02-20T18:24:20","slug":"drum-scrubbers","status":"publish","type":"product","link":"https:\/\/www.westpromachinery.com\/es\/product\/drum-scrubbers\/","title":{"rendered":"Lavadores de Tambor"},"content":{"rendered":"<div class=\"alignfull slider-wrapper non-home\">\r\n        <div class=\"acf-slider\">\r\n                            <div class=\"slide\" style=\"background: url('https:\/\/www.westpromachinery.com\/wp-content\/uploads\/2020\/05\/thumb_1497477851.jpg');\">\r\n                                            <div class=\"container banner-content\">\r\n                            <h2>Lavadores de Tambor<\/h2>\n                        <\/div>\r\n                                    <\/div>\r\n                            <div class=\"slide\" style=\"background: url('https:\/\/www.westpromachinery.com\/wp-content\/uploads\/2020\/05\/thumb_1497477578.jpg');\">\r\n                                            <div class=\"container banner-content\">\r\n                            <h2>Lavadores de Tambor<\/h2>\n                        <\/div>\r\n                                    <\/div>\r\n                    <\/div>\r\n\r\n        \r\n        <div class=\"loader\" id=\"loader\">\r\n            <span><\/span>\r\n            <span><\/span>\r\n            <span><\/span>\r\n        <\/div>\r\n    <\/div>\r\n\r\n\n\n\n<div class=\"wp-block-columns is-layout-flex wp-container-core-columns-is-layout-9d6595d7 wp-block-columns-is-layout-flex\">\n<div class=\"wp-block-column is-layout-flow wp-block-column-is-layout-flow\" style=\"flex-basis:66.66%\">\n<h1 class=\"wp-block-heading\">Lavadores de Tambor<\/h1>\n\n\n\n<p>Dise\u00f1ados para maximizar el rendimiento del lavado por contacto de part\u00edculas s\u00f3lidas, los Lavadores de Tambor para trabajo pesado de Westpro son ideales para aplicaciones de lavado de s\u00f3lidos, en las industrias minera y de agregados.<\/p>\n\n\n\n<figure class=\"wp-block-image size-large\"><img loading=\"lazy\" decoding=\"async\" width=\"941\" height=\"529\" src=\"https:\/\/www.westpromachinery.com\/wp-content\/uploads\/2020\/05\/1501705671_CD1026-Render-01.jpg\" alt=\"\" class=\"wp-image-824\" srcset=\"https:\/\/www.westpromachinery.com\/wp-content\/uploads\/2020\/05\/1501705671_CD1026-Render-01.jpg 941w, https:\/\/www.westpromachinery.com\/wp-content\/uploads\/2020\/05\/1501705671_CD1026-Render-01-300x169.jpg 300w, https:\/\/www.westpromachinery.com\/wp-content\/uploads\/2020\/05\/1501705671_CD1026-Render-01-768x432.jpg 768w\" sizes=\"auto, (max-width: 941px) 100vw, 941px\" \/><figcaption class=\"wp-element-caption\">Representaci\u00f3n de lavador de tambor con accionamiento por cadenas<\/figcaption><\/figure>\n<\/div>\n\n\n\n<div class=\"wp-block-column is-layout-flow wp-block-column-is-layout-flow\" style=\"flex-basis:33.33%\"><div class=\"product-sidebar\">\r\n    <img loading=\"lazy\" decoding=\"async\" width=\"300\" height=\"225\" src=\"https:\/\/www.westpromachinery.com\/wp-content\/uploads\/2020\/05\/thumb_1487956890.png\" class=\"attachment-post-thumbnail size-post-thumbnail wp-post-image\" alt=\"\" \/>        <a href=\"\/es\/products\/inquiry\/?prod=Drum Scrubbers\" class=\"inquiry-btn\">\u00a1Deje que nuestro ingeniero de procesos la califique para usted!<\/a>\r\n                    <div class=\"english-files\">\r\n                                                            <a href=\"https:\/\/www.westpromachinery.com\/wp-content\/uploads\/2020\/05\/1534185930_1502725856_Drum-Scrubber-Product-Brochure.pdf\" class=\"download-btn\" target=\"_blank\">Drum Scrubber Brochure and Sizing Chart<\/a>\r\n                                        <\/div>\r\n                        <div class=\"spanish-files\">\r\n                                        <a href=\"https:\/\/www.westpromachinery.com\/wp-content\/uploads\/2020\/05\/Atricionadores-de-Tambor.pdf\" class=\"download-btn\" target=\"_blank\">Folleto y Tabla de Tama\u00f1os de Atricionador de Tambor<\/a>\r\n                                <\/div>\r\n        \r\n    <h5>SOLICITAR M\u00c1S INFORMACI\u00d3N<\/h5>\r\n    <!-- START OF ACTIVECONVERSION FORM CODE -->\r\n    <div id=\"acForm_269cb\"><\/div>\r\n    <!-- END OF ACTIVECONVERSION FORM CODE -->\r\n\r\n    <\/div>\r\n<\/div>\n<\/div>\n\n\n\n<hr class=\"wp-block-separator has-css-opacity\"\/>\n\n\n\n<h6 class=\"wp-block-heading border-left\">CONFIGURACIONES INCLUIDAS: ACCIONAMIENTO POR CADENAS, ACCIONAMIENTO POR NEUM\u00c1TICOS, O ACCIONAMIENTO POR ENGRANAJES.<\/h6>\n\n\n\n<hr class=\"wp-block-separator has-css-opacity\"\/>","protected":false},"excerpt":{"rendered":"<p>Dise\u00f1ados para maximizar el rendimiento de limpieza de part\u00edculas s\u00f3lidas, los lavadores de tambor de Westpro son ideales para sus necesidades.<\/p>","protected":false},"featured_media":134,"template":"","utilized_in":[19,8,9,12,18],"class_list":["post-133","product","type-product","status-publish","has-post-thumbnail","hentry","utilized_in-aggregate","utilized_in-aggregates-processing","utilized_in-crushing-plants","utilized_in-flotation-plants","utilized_in-mining"],"acf":[],"aioseo_notices":[],"_links":{"self":[{"href":"https:\/\/www.westpromachinery.com\/es\/wp-json\/wp\/v2\/product\/133","targetHints":{"allow":["GET"]}}],"collection":[{"href":"https:\/\/www.westpromachinery.com\/es\/wp-json\/wp\/v2\/product"}],"about":[{"href":"https:\/\/www.westpromachinery.com\/es\/wp-json\/wp\/v2\/types\/product"}],"wp:featuredmedia":[{"embeddable":true,"href":"https:\/\/www.westpromachinery.com\/es\/wp-json\/wp\/v2\/media\/134"}],"wp:attachment":[{"href":"https:\/\/www.westpromachinery.com\/es\/wp-json\/wp\/v2\/media?parent=133"}],"wp:term":[{"taxonomy":"utilized_in","embeddable":true,"href":"https:\/\/www.westpromachinery.com\/es\/wp-json\/wp\/v2\/utilized_in?post=133"}],"curies":[{"name":"wp","href":"https:\/\/api.w.org\/{rel}","templated":true}]}}