{"id":139,"date":"2020-05-07T16:13:59","date_gmt":"2020-05-07T16:13:59","guid":{"rendered":"https:\/\/www.westpromachinery.com\/?post_type=product&#038;p=139"},"modified":"2026-02-20T17:08:31","modified_gmt":"2026-02-21T00:08:31","slug":"clarifiers","status":"publish","type":"product","link":"https:\/\/www.westpromachinery.com\/es\/product\/clarifiers\/","title":{"rendered":"Clarificadores"},"content":{"rendered":"<div class=\"alignfull slider-wrapper non-home\">\r\n        <div class=\"acf-slider\">\r\n                            <div class=\"slide\" style=\"background: url('https:\/\/www.westpromachinery.com\/wp-content\/uploads\/2020\/05\/thumb_1497461622.jpg');\">\r\n                                            <div class=\"container banner-content\">\r\n                            <h2>CLARIFICADORES<\/h2>\n                        <\/div>\r\n                                    <\/div>\r\n                            <div class=\"slide\" style=\"background: url('https:\/\/www.westpromachinery.com\/wp-content\/uploads\/2020\/05\/thumb_1497460680.jpg');\">\r\n                                            <div class=\"container banner-content\">\r\n                            <h2>CLARIFICADORES<\/h2>\n                        <\/div>\r\n                                    <\/div>\r\n                            <div class=\"slide\" style=\"background: url('https:\/\/www.westpromachinery.com\/wp-content\/uploads\/2020\/05\/thumb_1497370165.jpg');\">\r\n                                            <div class=\"container banner-content\">\r\n                            <h2>CLARIFICADORES<\/h2>\n                        <\/div>\r\n                                    <\/div>\r\n                    <\/div>\r\n\r\n        \r\n        <div class=\"loader\" id=\"loader\">\r\n            <span><\/span>\r\n            <span><\/span>\r\n            <span><\/span>\r\n        <\/div>\r\n    <\/div>\r\n\r\n\n\n\n<div class=\"wp-block-columns is-layout-flex wp-container-core-columns-is-layout-9d6595d7 wp-block-columns-is-layout-flex\">\n<div class=\"wp-block-column is-layout-flow wp-block-column-is-layout-flow\" style=\"flex-basis:66.66%\">\n<h1 class=\"wp-block-heading\">Clarificadores<\/h1>\n\n\n\n<p>Los clarificadores de Westpro han demostrado excelentes resultados de purificaci\u00f3n de agua en Miner\u00eda, Agregados y Aguas Residuales. Cada clarificador individual est\u00e1 construido a la medida, para cubrir plenamente con los requerimientos de su proceso.<\/p>\n\n\n\n<figure class=\"wp-block-image size-large\"><img loading=\"lazy\" decoding=\"async\" width=\"940\" height=\"705\" src=\"https:\/\/www.westpromachinery.com\/wp-content\/uploads\/2020\/05\/1495126208_27m-90ft-diameter-CL90-Clarifier-with-concrete-tank-at-a-wastewater-treatment-plant-in-British-Columbia-Canada.jpg\" alt=\"\" class=\"wp-image-781\" srcset=\"https:\/\/www.westpromachinery.com\/wp-content\/uploads\/2020\/05\/1495126208_27m-90ft-diameter-CL90-Clarifier-with-concrete-tank-at-a-wastewater-treatment-plant-in-British-Columbia-Canada.jpg 940w, https:\/\/www.westpromachinery.com\/wp-content\/uploads\/2020\/05\/1495126208_27m-90ft-diameter-CL90-Clarifier-with-concrete-tank-at-a-wastewater-treatment-plant-in-British-Columbia-Canada-300x225.jpg 300w, https:\/\/www.westpromachinery.com\/wp-content\/uploads\/2020\/05\/1495126208_27m-90ft-diameter-CL90-Clarifier-with-concrete-tank-at-a-wastewater-treatment-plant-in-British-Columbia-Canada-768x576.jpg 768w\" sizes=\"auto, (max-width: 940px) 100vw, 940px\" \/><figcaption class=\"wp-element-caption\"><em><em>Clarificador de 90 pies (27,43 m) de di\u00e1metro, en una planta de tratamiento de aguas residuales en British Columbia, Canad\u00e1.<\/em><\/em><\/figcaption><\/figure>\n<\/div>\n\n\n\n<div class=\"wp-block-column is-layout-flow wp-block-column-is-layout-flow\" style=\"flex-basis:33.33%\"><div class=\"product-sidebar\">\r\n    <img loading=\"lazy\" decoding=\"async\" width=\"300\" height=\"226\" src=\"https:\/\/www.westpromachinery.com\/wp-content\/uploads\/2020\/05\/thumb_1486402717.jpg\" class=\"attachment-post-thumbnail size-post-thumbnail wp-post-image\" alt=\"\" \/>        <a href=\"\/es\/products\/inquiry\/?prod=Clarifiers\" class=\"inquiry-btn\">\u00a1Deje que nuestro ingeniero de procesos la califique para usted!<\/a>\r\n                    <div class=\"english-files\">\r\n                                                            <a href=\"https:\/\/www.westpromachinery.com\/wp-content\/uploads\/2020\/05\/1534184971_1502725736_Clarifier-Product-Brochure.pdf\" class=\"download-btn\" target=\"_blank\">Clarifier Brochure<\/a>\r\n                                                    <a href=\"https:\/\/www.westpromachinery.com\/wp-content\/uploads\/2020\/05\/Questionnaire-Clarifier-R2.doc\" class=\"download-btn\" target=\"_blank\">Descargar el cuestionario de dimensionamiento espec\u00edfico del producto<\/a>\r\n                                        <\/div>\r\n                        <div class=\"spanish-files\">\r\n                                        <a href=\"https:\/\/www.westpromachinery.com\/wp-content\/uploads\/2020\/05\/Cuestionario-de-Clarificadores.docx\" class=\"download-btn\" target=\"_blank\">Cuestionario de Clarificadores<\/a>\r\n                                            <a href=\"https:\/\/www.westpromachinery.com\/wp-content\/uploads\/2020\/05\/Clarificadores.pdf\" class=\"download-btn\" target=\"_blank\">Folleto de Clarificador<\/a>\r\n                                <\/div>\r\n        \r\n    <h5>SOLICITAR M\u00c1S INFORMACI\u00d3N<\/h5>\r\n    <!-- START OF ACTIVECONVERSION FORM CODE -->\r\n    <div id=\"acForm_269cb\"><\/div>\r\n    <!-- END OF ACTIVECONVERSION FORM CODE -->\r\n\r\n    <\/div>\r\n<\/div>\n<\/div>\n\n\n\n<hr class=\"wp-block-separator has-css-opacity\"\/>\n\n\n\n<h4 class=\"wp-block-heading\"><strong>EL DISE\u00d1O DE WESTPRO LE BRINDA VERSATILIDAD DONDE M\u00c1S LO NECESITA.<\/strong><\/h4>\n\n\n\n<hr class=\"wp-block-separator has-css-opacity\"\/>\n\n\n\n<div class=\"wp-block-columns is-layout-flex wp-container-core-columns-is-layout-9d6595d7 wp-block-columns-is-layout-flex\">\n<div class=\"wp-block-column is-layout-flow wp-block-column-is-layout-flow\">\n<h4 class=\"wp-block-heading\">VENTAJAS<\/h4>\n\n\n\n<ul class=\"wp-block-list\">\n<li>Velocidad variable, incluidas las opciones de avance y retroceso<\/li>\n\n\n\n<li>Varias opciones de construcci\u00f3n de tanques<\/li>\n\n\n\n<li>Sistemas de alimentaci\u00f3n de alta capacidad dise\u00f1ados a la medida<\/li>\n\n\n\n<li>Dise\u00f1os avanzados de fuentes de alimentaci\u00f3n para mejorar el rendimiento de asentamiento de materiales<\/li>\n\n\n\n<li>Bajo arrastre, sistema de rastrillos de alta capacidad<\/li>\n\n\n\n<li>Motor de alto torque<\/li>\n\n\n\n<li>Alarmas de torque<\/li>\n\n\n\n<li>Sistemas de motor hidr\u00e1ulico o el\u00e9ctrico<\/li>\n\n\n\n<li>Sistema de control local totalmente programable<\/li>\n<\/ul>\n<\/div>\n\n\n\n<div class=\"wp-block-column is-layout-flow wp-block-column-is-layout-flow\">\n<h6 class=\"wp-block-heading border-left\">MOTOR DE ALTO TORQUE<\/h6>\n\n\n\n<hr class=\"wp-block-separator has-css-opacity\"\/>\n\n\n\n<h6 class=\"wp-block-heading border-left\">TOTALMENTE PROGRAMABLE<\/h6>\n\n\n\n<hr class=\"wp-block-separator has-css-opacity\"\/>\n<\/div>\n<\/div>\n\n\n\n<hr class=\"wp-block-separator has-css-opacity\"\/>\n\n\n\n<div class=\"wp-block-columns is-layout-flex wp-container-core-columns-is-layout-9d6595d7 wp-block-columns-is-layout-flex\">\n<div class=\"wp-block-column is-layout-flow wp-block-column-is-layout-flow\" style=\"flex-basis:33.33%\">\n<h4 class=\"wp-block-heading\">APLICACIONES<\/h4>\n\n\n\n<ul class=\"wp-block-list\">\n<li>Drenaje de lodo y de minas<\/li>\n\n\n\n<li>Tratamiento de efluentes y aguas residuales<\/li>\n\n\n\n<li>Ablandamiento fr\u00edo de cal<\/li>\n\n\n\n<li>Sistemas de eliminaci\u00f3n de finos<\/li>\n\n\n\n<li>Procesamiento de agregados<\/li>\n\n\n\n<li>Sistemas de manejo de relaves<\/li>\n\n\n\n<li>Tratamiento de agua y aguas residuales<\/li>\n<\/ul>\n<\/div>\n\n\n\n<div class=\"wp-block-column is-layout-flow wp-block-column-is-layout-flow\" style=\"flex-basis:66.66%\">\n<figure class=\"wp-block-image size-large\"><img loading=\"lazy\" decoding=\"async\" width=\"940\" height=\"705\" src=\"https:\/\/www.westpromachinery.com\/wp-content\/uploads\/2020\/05\/1496169914_8m-26ft-diameter-CL26-Clarifier-at-a-wastewater-treatment-plant-in-British-Columbia-Canada.jpg\" alt=\"\" class=\"wp-image-782\" srcset=\"https:\/\/www.westpromachinery.com\/wp-content\/uploads\/2020\/05\/1496169914_8m-26ft-diameter-CL26-Clarifier-at-a-wastewater-treatment-plant-in-British-Columbia-Canada.jpg 940w, https:\/\/www.westpromachinery.com\/wp-content\/uploads\/2020\/05\/1496169914_8m-26ft-diameter-CL26-Clarifier-at-a-wastewater-treatment-plant-in-British-Columbia-Canada-300x225.jpg 300w, https:\/\/www.westpromachinery.com\/wp-content\/uploads\/2020\/05\/1496169914_8m-26ft-diameter-CL26-Clarifier-at-a-wastewater-treatment-plant-in-British-Columbia-Canada-768x576.jpg 768w\" sizes=\"auto, (max-width: 940px) 100vw, 940px\" \/><figcaption class=\"wp-element-caption\">Clarificador de 26 ft de di\u00e1metro en una planta de tratamiento de aguas residuales en British Columbia, Canad\u00e1<\/figcaption><\/figure>\n<\/div>\n<\/div>\n\n\n\n<hr class=\"wp-block-separator has-css-opacity\"\/>\n\n\n\n<h4 class=\"wp-block-heading has-text-align-center\">AGREGADOS<\/h4>\n\n\n\n<p class=\"has-text-align-center\">Nuestros clarificadores han permitido una excelente recuperaci\u00f3n de agua de lavado, en plantas de lavado y cribado en todo el mundo.<\/p>\n\n\n\n<div class=\"wp-block-columns is-layout-flex wp-container-core-columns-is-layout-9d6595d7 wp-block-columns-is-layout-flex\">\n<div class=\"wp-block-column is-layout-flow wp-block-column-is-layout-flow\">\n<figure class=\"wp-block-image size-large\"><img loading=\"lazy\" decoding=\"async\" width=\"940\" height=\"527\" src=\"https:\/\/www.westpromachinery.com\/wp-content\/uploads\/2020\/05\/1501181378_CL45-2156.jpg\" alt=\"\" class=\"wp-image-783\" srcset=\"https:\/\/www.westpromachinery.com\/wp-content\/uploads\/2020\/05\/1501181378_CL45-2156.jpg 940w, https:\/\/www.westpromachinery.com\/wp-content\/uploads\/2020\/05\/1501181378_CL45-2156-300x168.jpg 300w, https:\/\/www.westpromachinery.com\/wp-content\/uploads\/2020\/05\/1501181378_CL45-2156-768x431.jpg 768w\" sizes=\"auto, (max-width: 940px) 100vw, 940px\" \/><\/figure>\n<\/div>\n\n\n\n<div class=\"wp-block-column is-layout-flow wp-block-column-is-layout-flow\">\n<figure class=\"wp-block-image size-large\"><img loading=\"lazy\" decoding=\"async\" width=\"940\" height=\"529\" src=\"https:\/\/www.westpromachinery.com\/wp-content\/uploads\/2020\/05\/1495745229_CL45HC-FB-Clarifier-on-site-in-Mexico-2016.jpg\" alt=\"\" class=\"wp-image-784\" srcset=\"https:\/\/www.westpromachinery.com\/wp-content\/uploads\/2020\/05\/1495745229_CL45HC-FB-Clarifier-on-site-in-Mexico-2016.jpg 940w, https:\/\/www.westpromachinery.com\/wp-content\/uploads\/2020\/05\/1495745229_CL45HC-FB-Clarifier-on-site-in-Mexico-2016-300x169.jpg 300w, https:\/\/www.westpromachinery.com\/wp-content\/uploads\/2020\/05\/1495745229_CL45HC-FB-Clarifier-on-site-in-Mexico-2016-768x432.jpg 768w\" sizes=\"auto, (max-width: 940px) 100vw, 940px\" \/><figcaption class=\"wp-element-caption\">Clarificador de 45 ft de di\u00e1metro en planta en M\u00e9xico<\/figcaption><\/figure>\n<\/div>\n<\/div>\n\n\n\n<hr class=\"wp-block-separator has-css-opacity\"\/>\n\n\n\n<h4 class=\"wp-block-heading has-text-align-center\">MINER\u00cdA<\/h4>\n\n\n\n<p class=\"has-text-align-center\">Los resistentes clarificadores de Westpro se utilizan en aplicaciones de miner\u00eda, para purificar agua para su reutilizaci\u00f3n inmediata.<\/p>\n\n\n\n<figure class=\"wp-block-image size-large\"><img loading=\"lazy\" decoding=\"async\" width=\"940\" height=\"624\" src=\"https:\/\/www.westpromachinery.com\/wp-content\/uploads\/2020\/05\/1495057265_Clarifier-Thickener-2.jpg\" alt=\"\" class=\"wp-image-785\" srcset=\"https:\/\/www.westpromachinery.com\/wp-content\/uploads\/2020\/05\/1495057265_Clarifier-Thickener-2.jpg 940w, https:\/\/www.westpromachinery.com\/wp-content\/uploads\/2020\/05\/1495057265_Clarifier-Thickener-2-300x199.jpg 300w, https:\/\/www.westpromachinery.com\/wp-content\/uploads\/2020\/05\/1495057265_Clarifier-Thickener-2-768x510.jpg 768w\" sizes=\"auto, (max-width: 940px) 100vw, 940px\" \/><\/figure>\n\n\n\n<hr class=\"wp-block-separator has-css-opacity\"\/>\n\n\n\n<h4 class=\"wp-block-heading has-text-align-center\">AGUAS RESIDUALES<\/h4>\n\n\n\n<p class=\"has-text-align-center\">Los Clarificadores de Westpro han demostrado el desempe\u00f1o del tratamiento de aguas residuales en aplicaciones municipales e industriales.<\/p>\n\n\n\n<figure class=\"wp-block-image size-large\"><img loading=\"lazy\" decoding=\"async\" width=\"940\" height=\"705\" src=\"https:\/\/www.westpromachinery.com\/wp-content\/uploads\/2020\/05\/1496873335_1540-CL26CP-Full-Clarifier-Side-View.jpg\" alt=\"\" class=\"wp-image-786\" srcset=\"https:\/\/www.westpromachinery.com\/wp-content\/uploads\/2020\/05\/1496873335_1540-CL26CP-Full-Clarifier-Side-View.jpg 940w, https:\/\/www.westpromachinery.com\/wp-content\/uploads\/2020\/05\/1496873335_1540-CL26CP-Full-Clarifier-Side-View-300x225.jpg 300w, https:\/\/www.westpromachinery.com\/wp-content\/uploads\/2020\/05\/1496873335_1540-CL26CP-Full-Clarifier-Side-View-768x576.jpg 768w\" sizes=\"auto, (max-width: 940px) 100vw, 940px\" \/><figcaption class=\"wp-element-caption\">Clarificador de 26 ft de di\u00e1metro en una planta de tratamiento de aguas residuales en British Columbia, Canad\u00e1<\/figcaption><\/figure>\n\n\n\n<hr class=\"wp-block-separator has-css-opacity\"\/>\n\n\n\n<h4 class=\"wp-block-heading\">UNIDAD MONTADA EN PUENTE<\/h4>\n\n\n<div class=\"wp-block-image\">\n<figure class=\"alignright size-large is-resized\"><img loading=\"lazy\" decoding=\"async\" width=\"940\" height=\"627\" src=\"https:\/\/www.westpromachinery.com\/wp-content\/uploads\/2020\/05\/1496253255_1780-TH138HC-Drive-at-Shop-1.jpg\" alt=\"\" class=\"wp-image-787\" style=\"width:275px\" srcset=\"https:\/\/www.westpromachinery.com\/wp-content\/uploads\/2020\/05\/1496253255_1780-TH138HC-Drive-at-Shop-1.jpg 940w, https:\/\/www.westpromachinery.com\/wp-content\/uploads\/2020\/05\/1496253255_1780-TH138HC-Drive-at-Shop-1-300x200.jpg 300w, https:\/\/www.westpromachinery.com\/wp-content\/uploads\/2020\/05\/1496253255_1780-TH138HC-Drive-at-Shop-1-768x512.jpg 768w\" sizes=\"auto, (max-width: 940px) 100vw, 940px\" \/><figcaption class=\"wp-element-caption\">Hydraulic Bridge-Mounted Drive at the Westpro Shop<\/figcaption><\/figure><\/div>\n\n\n<p>El confiable dise\u00f1o para Montaje en Puente de Westpro ha arrojado resultados excepcionales en las \u00faltimas dos d\u00e9cadas. Las potentes unidades hidr\u00e1ulicas y el\u00e9ctricas son ideales para todas las aplicaciones .<\/p>\n\n\n\n<h6 class=\"wp-block-heading border-left\">VENTAJAS<\/h6>\n\n\n\n<ul class=\"wp-block-list\">\n<li>Alta capacidad de torque<\/li>\n\n\n\n<li>Confiabilidad comprobada<\/li>\n\n\n\n<li>Componentes resistentes<\/li>\n\n\n\n<li>Bajo mantenimiento<\/li>\n\n\n\n<li>La unidad impulsa tanto el motor como el levantamiento de rastrillos<\/li>\n\n\n\n<li>Unidades hidr\u00e1ulicas o el\u00e9ctricas disponibles<\/li>\n<\/ul>\n\n\n\n<h4 class=\"wp-block-heading\">TRANSMISI\u00d3N EN MUELLE CENTRAL<\/h4>\n\n\n<div class=\"wp-block-image\">\n<figure class=\"alignright size-large is-resized\"><img loading=\"lazy\" decoding=\"async\" width=\"940\" height=\"752\" src=\"https:\/\/www.westpromachinery.com\/wp-content\/uploads\/2020\/05\/1501773216_Westpro-Centre-Pier-Clarifier-drive-desing-for-clarifiers-up-to-73m-240ft-in-diameter-Cropped.jpg\" alt=\"\" class=\"wp-image-788\" style=\"width:240px\" srcset=\"https:\/\/www.westpromachinery.com\/wp-content\/uploads\/2020\/05\/1501773216_Westpro-Centre-Pier-Clarifier-drive-desing-for-clarifiers-up-to-73m-240ft-in-diameter-Cropped.jpg 940w, https:\/\/www.westpromachinery.com\/wp-content\/uploads\/2020\/05\/1501773216_Westpro-Centre-Pier-Clarifier-drive-desing-for-clarifiers-up-to-73m-240ft-in-diameter-Cropped-300x240.jpg 300w, https:\/\/www.westpromachinery.com\/wp-content\/uploads\/2020\/05\/1501773216_Westpro-Centre-Pier-Clarifier-drive-desing-for-clarifiers-up-to-73m-240ft-in-diameter-Cropped-768x614.jpg 768w\" sizes=\"auto, (max-width: 940px) 100vw, 940px\" \/><figcaption class=\"wp-element-caption\"><em>3D Model of a Center-Pier Drive designed in Vernon, BC<\/em><\/figcaption><\/figure><\/div>\n\n\n<p>Las unidades con Transmisi\u00f3n en Muelle Central de Westpro se pueden utilizar en aplicaciones de tratamiento de aguas residuales o de miner\u00eda. Dise\u00f1ados para aplicaciones de alto torque, nuestros motores de clarificadores en muelle central han demostrado brindar excelentes resultados en la clarificaci\u00f3n de agua y el espesamiento de lodo.<\/p>\n\n\n\n<h6 class=\"wp-block-heading border-left\">VENTAJAS<\/h6>\n\n\n\n<ul class=\"wp-block-list\">\n<li>EDI giratorio<\/li>\n\n\n\n<li>Aspas espirales de alta eficiencia<\/li>\n\n\n\n<li>Velocidad variable completa<\/li>\n\n\n\n<li>Indicaci\u00f3n electr\u00f3nica de sobrecarga de torque<\/li>\n\n\n\n<li>F\u00e1cil acceso al rodamiento giratorio para su remoci\u00f3n<\/li>\n\n\n\n<li>Dispositivo de recolecci\u00f3n de escoria (opcional)<\/li>\n<\/ul>\n\n\n\n<hr class=\"wp-block-separator has-css-opacity\"\/>\n\n\n\n<h4 class=\"wp-block-heading has-text-align-center\">LOS CLARIFICADORES CON MUELLE CENTRAL DE WESTPRO EST\u00c1N DISE\u00d1ADOS PARA DIVERSAS APLICACIONES DE AGUA Y AGUAS RESIDUALES<\/h4>\n\n\n\n<hr class=\"wp-block-separator has-css-opacity\"\/>\n\n\n\n<figure class=\"wp-block-gallery has-nested-images columns-5 is-cropped wp-block-gallery-1 is-layout-flex wp-block-gallery-is-layout-flex\">\n<figure class=\"wp-block-image size-large\"><a href=\"https:\/\/www.westpromachinery.com\/wp-content\/uploads\/2020\/05\/image_1476817920.png\"><img loading=\"lazy\" decoding=\"async\" width=\"680\" height=\"352\" data-id=\"800\" src=\"https:\/\/www.westpromachinery.com\/wp-content\/uploads\/2020\/05\/image_1476817920.png\" alt=\"\" class=\"wp-image-800\" srcset=\"https:\/\/www.westpromachinery.com\/wp-content\/uploads\/2020\/05\/image_1476817920.png 680w, https:\/\/www.westpromachinery.com\/wp-content\/uploads\/2020\/05\/image_1476817920-300x155.png 300w\" sizes=\"auto, (max-width: 680px) 100vw, 680px\" \/><\/a><\/figure>\n\n\n\n<figure class=\"wp-block-image size-large\"><a href=\"https:\/\/www.westpromachinery.com\/wp-content\/uploads\/2020\/05\/image_1495814150.jpg\"><img loading=\"lazy\" decoding=\"async\" width=\"1024\" height=\"678\" data-id=\"799\" src=\"https:\/\/www.westpromachinery.com\/wp-content\/uploads\/2020\/05\/image_1495814150-1024x678.jpg\" alt=\"\" class=\"wp-image-799\" srcset=\"https:\/\/www.westpromachinery.com\/wp-content\/uploads\/2020\/05\/image_1495814150-1024x678.jpg 1024w, https:\/\/www.westpromachinery.com\/wp-content\/uploads\/2020\/05\/image_1495814150-300x199.jpg 300w, https:\/\/www.westpromachinery.com\/wp-content\/uploads\/2020\/05\/image_1495814150-768x509.jpg 768w, https:\/\/www.westpromachinery.com\/wp-content\/uploads\/2020\/05\/image_1495814150.jpg 1200w\" sizes=\"auto, (max-width: 1024px) 100vw, 1024px\" \/><\/a><\/figure>\n\n\n\n<figure class=\"wp-block-image size-large\"><a href=\"https:\/\/www.westpromachinery.com\/wp-content\/uploads\/2020\/05\/image_1496253302.jpg\"><img loading=\"lazy\" decoding=\"async\" width=\"1024\" height=\"683\" data-id=\"798\" src=\"https:\/\/www.westpromachinery.com\/wp-content\/uploads\/2020\/05\/image_1496253302-1024x683.jpg\" alt=\"\" class=\"wp-image-798\" srcset=\"https:\/\/www.westpromachinery.com\/wp-content\/uploads\/2020\/05\/image_1496253302-1024x683.jpg 1024w, https:\/\/www.westpromachinery.com\/wp-content\/uploads\/2020\/05\/image_1496253302-300x200.jpg 300w, https:\/\/www.westpromachinery.com\/wp-content\/uploads\/2020\/05\/image_1496253302-768x512.jpg 768w, https:\/\/www.westpromachinery.com\/wp-content\/uploads\/2020\/05\/image_1496253302.jpg 1200w\" sizes=\"auto, (max-width: 1024px) 100vw, 1024px\" \/><\/a><\/figure>\n\n\n\n<figure class=\"wp-block-image size-large\"><a href=\"https:\/\/www.westpromachinery.com\/wp-content\/uploads\/2020\/05\/image_1496253434.jpg\"><img loading=\"lazy\" decoding=\"async\" width=\"1024\" height=\"819\" data-id=\"797\" src=\"https:\/\/www.westpromachinery.com\/wp-content\/uploads\/2020\/05\/image_1496253434-1024x819.jpg\" alt=\"\" class=\"wp-image-797\" srcset=\"https:\/\/www.westpromachinery.com\/wp-content\/uploads\/2020\/05\/image_1496253434-1024x819.jpg 1024w, https:\/\/www.westpromachinery.com\/wp-content\/uploads\/2020\/05\/image_1496253434-300x240.jpg 300w, https:\/\/www.westpromachinery.com\/wp-content\/uploads\/2020\/05\/image_1496253434-768x614.jpg 768w, https:\/\/www.westpromachinery.com\/wp-content\/uploads\/2020\/05\/image_1496253434.jpg 1200w\" sizes=\"auto, (max-width: 1024px) 100vw, 1024px\" \/><\/a><\/figure>\n\n\n\n<figure class=\"wp-block-image size-large\"><a href=\"https:\/\/www.westpromachinery.com\/wp-content\/uploads\/2020\/05\/image_1496873770.jpg\"><img loading=\"lazy\" decoding=\"async\" width=\"1024\" height=\"768\" data-id=\"796\" src=\"https:\/\/www.westpromachinery.com\/wp-content\/uploads\/2020\/05\/image_1496873770-1024x768.jpg\" alt=\"\" class=\"wp-image-796\" srcset=\"https:\/\/www.westpromachinery.com\/wp-content\/uploads\/2020\/05\/image_1496873770-1024x768.jpg 1024w, https:\/\/www.westpromachinery.com\/wp-content\/uploads\/2020\/05\/image_1496873770-300x225.jpg 300w, https:\/\/www.westpromachinery.com\/wp-content\/uploads\/2020\/05\/image_1496873770-768x576.jpg 768w, https:\/\/www.westpromachinery.com\/wp-content\/uploads\/2020\/05\/image_1496873770.jpg 1200w\" sizes=\"auto, (max-width: 1024px) 100vw, 1024px\" \/><\/a><\/figure>\n<\/figure>","protected":false},"excerpt":{"rendered":"<p>Los Clarificadores de Westpro han demostrado el desempe\u00f1o del tratamiento de aguas residuales en aplicaciones municipales e industriales.<\/p>","protected":false},"featured_media":140,"template":"","utilized_in":[19,8,10,48,11,18,15,16,20,17],"class_list":["post-139","product","type-product","status-publish","has-post-thumbnail","hentry","utilized_in-aggregate","utilized_in-aggregates-processing","utilized_in-dewatering-plants","utilized_in-draft-wastewater","utilized_in-fines-removal-systems","utilized_in-mining","utilized_in-pilot-and-demonstration-plants","utilized_in-tailings-management-systems","utilized_in-wastewater","utilized_in-water-and-wastewater-treatment"],"acf":[],"aioseo_notices":[],"_links":{"self":[{"href":"https:\/\/www.westpromachinery.com\/es\/wp-json\/wp\/v2\/product\/139","targetHints":{"allow":["GET"]}}],"collection":[{"href":"https:\/\/www.westpromachinery.com\/es\/wp-json\/wp\/v2\/product"}],"about":[{"href":"https:\/\/www.westpromachinery.com\/es\/wp-json\/wp\/v2\/types\/product"}],"wp:featuredmedia":[{"embeddable":true,"href":"https:\/\/www.westpromachinery.com\/es\/wp-json\/wp\/v2\/media\/140"}],"wp:attachment":[{"href":"https:\/\/www.westpromachinery.com\/es\/wp-json\/wp\/v2\/media?parent=139"}],"wp:term":[{"taxonomy":"utilized_in","embeddable":true,"href":"https:\/\/www.westpromachinery.com\/es\/wp-json\/wp\/v2\/utilized_in?post=139"}],"curies":[{"name":"wp","href":"https:\/\/api.w.org\/{rel}","templated":true}]}}