{"id":141,"date":"2020-05-07T16:14:16","date_gmt":"2020-05-07T22:14:16","guid":{"rendered":"https:\/\/www.westpromachinery.com\/?post_type=product&#038;p=141"},"modified":"2025-07-29T13:39:21","modified_gmt":"2025-07-29T19:39:21","slug":"attrition-scrubbers","status":"publish","type":"product","link":"https:\/\/www.westpromachinery.com\/es\/product\/attrition-scrubbers\/","title":{"rendered":"Atricionadores"},"content":{"rendered":"<div class=\"alignfull slider-wrapper non-home\">\r\n        <div class=\"acf-slider\">\r\n                            <div class=\"slide\" style=\"background: url('https:\/\/www.westpromachinery.com\/wp-content\/uploads\/2020\/05\/thumb_1497460268.jpg');\">\r\n                                            <div class=\"container banner-content\">\r\n                            <h2>Atricionadores<\/h2>\n                        <\/div>\r\n                                    <\/div>\r\n                            <div class=\"slide\" style=\"background: url('https:\/\/www.westpromachinery.com\/wp-content\/uploads\/2020\/05\/thumb_1497390765.jpg');\">\r\n                                            <div class=\"container banner-content\">\r\n                            <h2>Atricionadores<\/h2>\n                        <\/div>\r\n                                    <\/div>\r\n                            <div class=\"slide\" style=\"background: url('https:\/\/www.westpromachinery.com\/wp-content\/uploads\/2020\/05\/thumb_1497367437.jpg');\">\r\n                                            <div class=\"container banner-content\">\r\n                            <h2>Atricionadores<\/h2>\n                        <\/div>\r\n                                    <\/div>\r\n                    <\/div>\r\n\r\n        \r\n        <div class=\"loader\" id=\"loader\">\r\n            <span><\/span>\r\n            <span><\/span>\r\n            <span><\/span>\r\n        <\/div>\r\n    <\/div>\r\n\r\n\n\n\n<div class=\"wp-block-columns is-layout-flex wp-container-core-columns-is-layout-9d6595d7 wp-block-columns-is-layout-flex\">\n<div class=\"wp-block-column is-layout-flow wp-block-column-is-layout-flow\" style=\"flex-basis:66.66%\">\n<h1 class=\"wp-block-heading\">Atricionadores<\/h1>\n\n\n\n<p>Los vers\u00e1tiles Atricionadores de Westpro brindan soluciones eficientes de limpieza minerales, para aplicaciones en una variedad de industrias que incluye miner\u00eda, arenas de fractura hidr\u00e1ulica, agregados y remediaci\u00f3n de suelos. Los tanques y mecanismos de los atricionadores est\u00e1n dise\u00f1ados para producir una agitaci\u00f3n intensa, y ofrecer un rendimiento atrici\u00f3n.<\/p>\n\n\n\n<h6 class=\"wp-block-heading border-left\">PROVEEMOS EL ATRICIONADOR M\u00c1S GRANDE: AS108<\/h6>\n\n\n\n<figure class=\"wp-block-image size-large\"><img loading=\"lazy\" decoding=\"async\" width=\"940\" height=\"705\" src=\"https:\/\/www.westpromachinery.com\/wp-content\/uploads\/2020\/05\/1495731636_1959-AS24VB-4-at-Shop.jpg\" alt=\"\" class=\"wp-image-769\" srcset=\"https:\/\/www.westpromachinery.com\/wp-content\/uploads\/2020\/05\/1495731636_1959-AS24VB-4-at-Shop.jpg 940w, https:\/\/www.westpromachinery.com\/wp-content\/uploads\/2020\/05\/1495731636_1959-AS24VB-4-at-Shop-300x225.jpg 300w, https:\/\/www.westpromachinery.com\/wp-content\/uploads\/2020\/05\/1495731636_1959-AS24VB-4-at-Shop-768x576.jpg 768w\" sizes=\"auto, (max-width: 940px) 100vw, 940px\" \/><figcaption class=\"wp-element-caption\"><em>Atricionador AS24VB-4 (40 ft\u00b3) totalmente montado en el taller de Westpro<\/em><\/figcaption><\/figure>\n<\/div>\n\n\n\n<div class=\"wp-block-column is-layout-flow wp-block-column-is-layout-flow\" style=\"flex-basis:33.33%\"><div class=\"product-sidebar\">\r\n    <img loading=\"lazy\" decoding=\"async\" width=\"300\" height=\"226\" src=\"https:\/\/www.westpromachinery.com\/wp-content\/uploads\/2020\/05\/thumb_1485186988.jpg\" class=\"attachment-post-thumbnail size-post-thumbnail wp-post-image\" alt=\"\" \/>        <a href=\"\/es\/products\/inquiry\/?prod=Attrition Scrubbers\" class=\"inquiry-btn\">\u00a1Deje que nuestro ingeniero de procesos la califique para usted!<\/a>\r\n                                                    <a href=\"https:\/\/www.westpromachinery.com\/wp-content\/uploads\/2020\/05\/1534184890_1502725696_Attrition-Scubber-Product-Brochure.pdf\" class=\"download-btn\" target=\"_blank\">Attrition Scrubber Brochure and Sizing Chart<\/a>\r\n                                                    <a href=\"https:\/\/www.westpromachinery.com\/wp-content\/uploads\/2020\/05\/Questionnaire-Attrition-Scrubber-R2.doc\" class=\"download-btn\" target=\"_blank\">Descargar el cuestionario de dimensionamiento espec\u00edfico del producto<\/a>\r\n                        \r\n    <h5>SOLICITAR M\u00c1S INFORMACI\u00d3N<\/h5>\r\n    <!-- START OF ACTIVECONVERSION FORM CODE -->\r\n    <div id=\"acForm_269cb\"><\/div>\r\n    <!-- END OF ACTIVECONVERSION FORM CODE -->\r\n\r\n    <\/div>\r\n<\/div>\n<\/div>\n\n\n\n<hr class=\"wp-block-separator has-css-opacity\"\/>\n\n\n\n<div class=\"wp-block-columns is-layout-flex wp-container-core-columns-is-layout-9d6595d7 wp-block-columns-is-layout-flex\">\n<div class=\"wp-block-column is-layout-flow wp-block-column-is-layout-flow\">\n<h4 class=\"wp-block-heading\">VENTAJAS<\/h4>\n\n\n\n<ul class=\"wp-block-list\">\n<li>Movimiento ininterrumpido del material controlado de forma variable<\/li>\n\n\n\n<li>Rodillos de arrastre auto lubricados de bajo mantenimiento<\/li>\n<\/ul>\n\n\n\n<h4 class=\"wp-block-heading\">APLICACIONES<\/h4>\n\n\n\n<ul class=\"wp-block-list\">\n<li>Mezcla de material a granel<\/li>\n\n\n\n<li>Alimentaci\u00f3n volum\u00e9trica<\/li>\n<\/ul>\n\n\n\n<h6 class=\"wp-block-heading\"><a href=\"https:\/\/www.westpromachinery.com\/wp-content\/uploads\/2020\/05\/1534184890_1502725696_Attrition-Scubber-Product-Brochure.pdf\" target=\"_blank\" aria-label=\"undefined (opens in a new tab)\" rel=\"noreferrer noopener\">Descargue nuestro folleto para obtener m\u00e1s detalles sobre ventajas y aplicaciones.<\/a><\/h6>\n<\/div>\n\n\n\n<div class=\"wp-block-column is-layout-flow wp-block-column-is-layout-flow\">\n<h6 class=\"wp-block-heading border-left\">ALTA INTENSIDAD Y ZONAS DE DEFLECTORES<\/h6>\n\n\n\n<hr class=\"wp-block-separator has-css-opacity\"\/>\n\n\n\n<h6 class=\"wp-block-heading border-left\">DISE\u00d1O EFICIENTE DEL IMPULSOR<\/h6>\n\n\n\n<hr class=\"wp-block-separator has-css-opacity\"\/>\n\n\n\n<h6 class=\"wp-block-heading border-left\">DISE\u00d1O RESISTENTE CON ALTOS FACTORES DE SERVICIO<\/h6>\n\n\n\n<hr class=\"wp-block-separator has-css-opacity\"\/>\n\n\n\n<h6 class=\"wp-block-heading border-left\">RECUBRIMIENTOS INFERIORES EXTRA\u00cdBLES<\/h6>\n<\/div>\n<\/div>\n\n\n\n<hr class=\"wp-block-separator has-css-opacity\"\/>\n\n\n\n<h4 class=\"wp-block-heading\"><strong>WESTPRO FABRICA LOS ATRICIONADORES M\u00c1S GRANDES DEL MUNDO<\/strong><\/h4>\n\n\n\n<hr class=\"wp-block-separator has-css-opacity\"\/>\n\n\n\n<h5 class=\"wp-block-heading has-text-align-left\">Click the gold circles below for an in-depth look at some of our key features!<\/h5>\n\n\n\n<style>\n\t#hotspot-2290 .hotspots-image-container,\n\t#hotspot-2290 .leaflet-container {\n\t\tbackground: #ffffff\t}\n\n\t#hotspot-2290 .hotspots-placeholder,\n\t.featherlight .featherlight-content.lightbox-2290 {\n\t\tbackground: #f9f2d6;\n\t\tborder: 0 #f9f2d6 solid;\n\t\tcolor: #25346e;\n\t}\n\n\t#hotspot-2290 .hotspot-title,\n\t#hotspot-2290 .bc-product__title a,\n\t.featherlight .featherlight-content.lightbox-2290 .hotspot-title,\n\t.featherlight .featherlight-content.lightbox-2290 .bc-product__title a {\n\t\tcolor: #25346e;\n\t}\n\n\t\t\t#hotspot-2290 .hotspot-style-1 {\n\t\t\tstroke-width: 1;\n\t\t\tfill: #ffffff;\n\t\t\tfill-opacity: 0;\n\t\t\tstroke: #ffffff;\n\t\t\tstroke-opacity: 0;\n\t\t}\n\t\t#hotspot-2290 .hotspot-style-1:hover,\n\t\t#hotspot-2290 .hotspot-style-1:focus-visible,\n\t\t#hotspot-2290 .hotspot-style-1.hotspot-active {\n\t\t\tfill: #ffffff;\n\t\t\tfill-opacity: 0.81;\n\t\t\toutline: none;\n\t\t\tstroke: #ffffff;\n\t\t\tstroke-opacity: 0.81;\n\t\t}\n\t\t\t#hotspot-2290 .hotspot-default {\n\t\t\tstroke-width: 1;\n\t\t\tfill: #ffffff;\n\t\t\tfill-opacity: 0;\n\t\t\tstroke: #ffffff;\n\t\t\tstroke-opacity: 0;\n\t\t}\n\t\t#hotspot-2290 .hotspot-default:hover,\n\t\t#hotspot-2290 .hotspot-default:focus-visible,\n\t\t#hotspot-2290 .hotspot-default.hotspot-active {\n\t\t\tfill: #25346e;\n\t\t\tfill-opacity: 0.81;\n\t\t\toutline: none;\n\t\t\tstroke: #25346e;\n\t\t\tstroke-opacity: 0.81;\n\t\t}\n\t\t#hotspot-2290 .leaflet-tooltip,\n\t#hotspot-2290 .leaflet-rrose-content-wrapper {\n\t\tbackground: #f9f2d6;\n\t\tborder-color: #f9f2d6;\n\t\tcolor: #25346e;\n\t}\n\n\t#hotspot-2290 a.leaflet-rrose-close-button {\n\t\tcolor: #25346e;\n\t}\n\n\t#hotspot-2290 .leaflet-rrose-tip {\n\t\tbackground: #f9f2d6;\n\t}\n\n\t#hotspot-2290 .leaflet-popup-scrolled {\n\t\tborder-bottom-color: #25346e;\n\t\tborder-top-color: #25346e;\n\t}\n\n\t#hotspot-2290 .leaflet-tooltip-top:before {\n\t\tborder-top-color: #f9f2d6;\n\t}\n\n\t#hotspot-2290 .leaflet-tooltip-bottom:before {\n\t\tborder-bottom-color: #f9f2d6;\n\t}\n\t#hotspot-2290 .leaflet-tooltip-left:before {\n\t\tborder-left-color: #f9f2d6;\n\t}\n\t#hotspot-2290 .leaflet-tooltip-right:before {\n\t\tborder-right-color: #f9f2d6;\n\t}\n<\/style>\n\n\n\t<div class=\"hotspots-container  layout-tooltip event-click\" id=\"hotspot-2290\" data-layout=\"tooltip\" data-trigger=\"click\">\n\t\t<div class=\"hotspots-interaction\">\n\t\t\t<div class=\"hotspots-image-container\">\n\t<img\n\t\twidth=\"4000\"\n\t\theight=\"2250\"\n\t\tsrc=\"https:\/\/www.westpromachinery.com\/wp-content\/uploads\/2025\/07\/6.png\"\n\t\talt=\"Process Advantages | Attrition Scrubbers\"\n\t\tclass=\"hotspots-image skip-lazy\"\n\t\tusemap=\"#hotspots-image-2290\"\n\t\tdata-image-title=\"Process Advantages | Attrition Scrubbers\"\n\t\tdata-image-description=\"\"\n\t\tdata-event-trigger=\"click\"\n\t\tdata-always-visible=\"false\"\n\t\tdata-id=\"2290\"\n\t\tdata-no-lazy=\"1\"\n\t\tdata-lazy-src=\"\"\n\t\tdata-lazy=\"false\"\n\t\tloading=\"eager\"\n\t\tdata-skip-lazy=\"1\"\n\t\t>\n<\/div>\t\t<\/div>\n\t\t<map name=\"hotspots-image-2290\" class=\"hotspots-map\">\n\t\t\t\t\t\t\t\t\t\t\t<area\n\t\t\t\t\tshape=\"circle\"\n\t\t\t\t\tcoords=\"453,1360,59\"\n\t\t\t\t\thref=\"#hotspot-hotspot-2290-0\"\n\t\t\t\t\trel=\"\"\n\t\t\t\t\ttitle=\"Heavy-Duty Tank\"\n\t\t\t\t\talt=\"Heavy-Duty Tank\"\n\t\t\t\t\tdata-action=\"\"\n\t\t\t\t\tdata-color-scheme=\"\"\n\t\t\t\t\tdata-id=\"area-hotspot-2290-0\"\n\t\t\t\t\ttarget=\"\"\n\t\t\t\t\tclass=\"more-info-area\"\n\t\t\t\t\t>\n\t\t\t\t\t\t\t\t\t\t\t<area\n\t\t\t\t\tshape=\"circle\"\n\t\t\t\t\tcoords=\"867,1588,59\"\n\t\t\t\t\thref=\"#hotspot-hotspot-2290-1\"\n\t\t\t\t\trel=\"\"\n\t\t\t\t\ttitle=\"Protective Tank Liners\"\n\t\t\t\t\talt=\"Protective Tank Liners\"\n\t\t\t\t\tdata-action=\"\"\n\t\t\t\t\tdata-color-scheme=\"\"\n\t\t\t\t\tdata-id=\"area-hotspot-2290-1\"\n\t\t\t\t\ttarget=\"\"\n\t\t\t\t\tclass=\"more-info-area\"\n\t\t\t\t\t>\n\t\t\t\t\t\t\t\t\t\t\t<area\n\t\t\t\t\tshape=\"circle\"\n\t\t\t\t\tcoords=\"949,1295,59\"\n\t\t\t\t\thref=\"#hotspot-hotspot-2290-2\"\n\t\t\t\t\trel=\"\"\n\t\t\t\t\ttitle=\"Strategic Tank Baffles\"\n\t\t\t\t\talt=\"Strategic Tank Baffles\"\n\t\t\t\t\tdata-action=\"\"\n\t\t\t\t\tdata-color-scheme=\"\"\n\t\t\t\t\tdata-id=\"area-hotspot-2290-2\"\n\t\t\t\t\ttarget=\"\"\n\t\t\t\t\tclass=\"more-info-area\"\n\t\t\t\t\t>\n\t\t\t\t\t\t\t\t\t\t\t<area\n\t\t\t\t\tshape=\"circle\"\n\t\t\t\t\tcoords=\"1130,778,60\"\n\t\t\t\t\thref=\"#hotspot-hotspot-2290-3\"\n\t\t\t\t\trel=\"\"\n\t\t\t\t\ttitle=\"High-Torque Drive System\"\n\t\t\t\t\talt=\"High-Torque Drive System\"\n\t\t\t\t\tdata-action=\"\"\n\t\t\t\t\tdata-color-scheme=\"\"\n\t\t\t\t\tdata-id=\"area-hotspot-2290-3\"\n\t\t\t\t\ttarget=\"\"\n\t\t\t\t\tclass=\"more-info-area\"\n\t\t\t\t\t>\n\t\t\t\t\t\t\t\t\t\t\t<area\n\t\t\t\t\tshape=\"circle\"\n\t\t\t\t\tcoords=\"1604,1314,59\"\n\t\t\t\t\thref=\"#hotspot-hotspot-2290-4\"\n\t\t\t\t\trel=\"\"\n\t\t\t\t\ttitle=\"Heavy-Duty Propellors\"\n\t\t\t\t\talt=\"Heavy-Duty Propellors\"\n\t\t\t\t\tdata-action=\"\"\n\t\t\t\t\tdata-color-scheme=\"\"\n\t\t\t\t\tdata-id=\"area-hotspot-2290-4\"\n\t\t\t\t\ttarget=\"\"\n\t\t\t\t\tclass=\"more-info-area\"\n\t\t\t\t\t>\n\t\t\t\t\t\t\t\t\t\t\t<area\n\t\t\t\t\tshape=\"circle\"\n\t\t\t\t\tcoords=\"1684,908,60\"\n\t\t\t\t\thref=\"#hotspot-hotspot-2290-5\"\n\t\t\t\t\trel=\"\"\n\t\t\t\t\ttitle=\"Drive &amp; Mechanism Assemblies\"\n\t\t\t\t\talt=\"Drive &amp; Mechanism Assemblies\"\n\t\t\t\t\tdata-action=\"\"\n\t\t\t\t\tdata-color-scheme=\"\"\n\t\t\t\t\tdata-id=\"area-hotspot-2290-5\"\n\t\t\t\t\ttarget=\"\"\n\t\t\t\t\tclass=\"more-info-area\"\n\t\t\t\t\t>\n\t\t\t\t\t\t\t\t\t\t\t<area\n\t\t\t\t\tshape=\"circle\"\n\t\t\t\t\tcoords=\"2204,791,59\"\n\t\t\t\t\thref=\"#hotspot-hotspot-2290-6\"\n\t\t\t\t\trel=\"\"\n\t\t\t\t\ttitle=\"Variable Speed Drive\"\n\t\t\t\t\talt=\"Variable Speed Drive\"\n\t\t\t\t\tdata-action=\"\"\n\t\t\t\t\tdata-color-scheme=\"\"\n\t\t\t\t\tdata-id=\"area-hotspot-2290-6\"\n\t\t\t\t\ttarget=\"\"\n\t\t\t\t\tclass=\"more-info-area\"\n\t\t\t\t\t>\n\t\t\t\t\t\t\t\t\t\t\t<area\n\t\t\t\t\tshape=\"circle\"\n\t\t\t\t\tcoords=\"3600,1189,60\"\n\t\t\t\t\thref=\"#hotspot-hotspot-2290-7\"\n\t\t\t\t\trel=\"\"\n\t\t\t\t\ttitle=\"Integrated PLC &amp; HMI Package\"\n\t\t\t\t\talt=\"Integrated PLC &amp; HMI Package\"\n\t\t\t\t\tdata-action=\"\"\n\t\t\t\t\tdata-color-scheme=\"\"\n\t\t\t\t\tdata-id=\"area-hotspot-2290-7\"\n\t\t\t\t\ttarget=\"\"\n\t\t\t\t\tclass=\"more-info-area\"\n\t\t\t\t\t>\n\t\t\t\t\t<\/map>\n\n\t\t\n\t\t\t\t\t\n\t\t\t\t\t\t<div class=\"hotspot-info\" id=\"hotspot-hotspot-2290-0\">\n\t\t\t\t\n\t\t\t\t<h2 class=\"hotspot-title\">Heavy-Duty Tank<\/h2>\t\t\t\t\t\t\t\t<div class=\"hotspot-content\">\n\t\t\t\t\t<p>Westpro's Attrition Scrubbers are built with a <strong>Heavy-Duty Tank<\/strong> with reinforce side walls - engineered to handle intense vibrations and high-capacity dynamic loads. These tanks are designed for long-term structural integrity in the most demanding scrubbing applications.<\/p>\n\t\t\t\t<\/div>\n\t\t\t<\/div>\n\t\t\t\t\t\n\t\t\t\t\t\t<div class=\"hotspot-info\" id=\"hotspot-hotspot-2290-1\">\n\t\t\t\t\n\t\t\t\t<h2 class=\"hotspot-title\">Protective Tank Liners<\/h2>\t\t\t\t\t\t\t\t<div class=\"hotspot-content\">\n\t\t\t\t\t<p>Your choice of <strong>Rubber<\/strong> or <strong>Ceramic Tile Tank Liners<\/strong> provide superior resistance to corrosion and abrasion - maximizing equipment lifespan and minimizing downtime.<\/p>\n\t\t\t\t<\/div>\n\t\t\t<\/div>\n\t\t\t\t\t\n\t\t\t\t\t\t<div class=\"hotspot-info\" id=\"hotspot-hotspot-2290-2\">\n\t\t\t\t\n\t\t\t\t<h2 class=\"hotspot-title\">Strategic Tank Baffles<\/h2>\t\t\t\t\t\t\t\t<div class=\"hotspot-content\">\n\t\t\t\t\t<p>Strategically placed <strong>Tank Baffles<\/strong> intensify slurry turbulence, ensuring thorough particle scrubbing, uniform retention, and cleaning efficiency.<\/p>\n\t\t\t\t<\/div>\n\t\t\t<\/div>\n\t\t\t\t\t\n\t\t\t\t\t\t<div class=\"hotspot-info\" id=\"hotspot-hotspot-2290-3\">\n\t\t\t\t\n\t\t\t\t<h2 class=\"hotspot-title\">High-Torque Drive System<\/h2>\t\t\t\t\t\t\t\t<div class=\"hotspot-content\">\n\t\t\t\t\t<p>Westpro's <strong>High-Torque Drive System<\/strong> delivers vigorous agitation for optimal particle-on-particle interaction - boosting product liberation and surface cleaning.<\/p>\n<p><em><strong>Configurations:<\/strong><\/em><\/p>\n<ul>\n<li>Your choice of <strong>Direct<\/strong> or <strong>Belt-Drive<\/strong> configurations available to match specific process and size requirements.<\/li>\n<\/ul>\n\t\t\t\t<\/div>\n\t\t\t<\/div>\n\t\t\t\t\t\n\t\t\t\t\t\t<div class=\"hotspot-info\" id=\"hotspot-hotspot-2290-4\">\n\t\t\t\t\n\t\t\t\t<h2 class=\"hotspot-title\">Heavy-Duty Propellors<\/h2>\t\t\t\t\t\t\t\t<div class=\"hotspot-content\">\n\t\t\t\t\t<p>Your choice of <strong>Rubber-Lined Carbon Steel<\/strong> or <strong>High-Chrome Alloy Propellors<\/strong> provide excellent wear resistance and extended service life in abrasion-heavy-application.<\/p>\n\t\t\t\t<\/div>\n\t\t\t<\/div>\n\t\t\t\t\t\n\t\t\t\t\t\t<div class=\"hotspot-info\" id=\"hotspot-hotspot-2290-5\">\n\t\t\t\t\n\t\t\t\t<h2 class=\"hotspot-title\">Drive & Mechanism Assemblies<\/h2>\t\t\t\t\t\t\t\t<div class=\"hotspot-content\">\n\t\t\t\t\t<p>Easily accessible <strong>Drive<\/strong> and <strong>Mechanism Assemblies<\/strong> streamline maintenance routines, reducing service time and improving overall uptime.<\/p>\n\t\t\t\t<\/div>\n\t\t\t<\/div>\n\t\t\t\t\t\n\t\t\t\t\t\t<div class=\"hotspot-info\" id=\"hotspot-hotspot-2290-6\">\n\t\t\t\t\n\t\t\t\t<h2 class=\"hotspot-title\">Variable Speed Drive<\/h2>\t\t\t\t\t\t\t\t<div class=\"hotspot-content\">\n\t\t\t\t\t<p><em><strong>Optional:<\/strong><\/em><\/p>\n<ul>\n<li>A specially-design <strong>Variable Speed Drive<\/strong> ensures precise control over scrubbing intensity, operational transitions, and overload protection - further enhancing the process adaptability and reliability of your Attrition Scrubber system.<\/li>\n<\/ul>\n\t\t\t\t<\/div>\n\t\t\t<\/div>\n\t\t\t\t\t\n\t\t\t\t\t\t<div class=\"hotspot-info\" id=\"hotspot-hotspot-2290-7\">\n\t\t\t\t\n\t\t\t\t<h2 class=\"hotspot-title\">Integrated PLC & HMI Package<\/h2>\t\t\t\t\t\t\t\t<div class=\"hotspot-content\">\n\t\t\t\t\t<p><em><strong>Optional:<\/strong><\/em><\/p>\n<ul>\n<li>The <strong>Integrated PLC and HMUI Packag<\/strong>e enables more user-friendly control - with real-time monitoring, alarm logging, and SCADA integration (for advance automation), this optional package ensures wider process visibility and drive protection.<\/li>\n<\/ul>\n\t\t\t\t<\/div>\n\t\t\t<\/div>\n\t\t\t<\/div>\n\n\n\n\n\n<hr class=\"wp-block-separator has-css-opacity\"\/>\n\n\n\n<figure class=\"wp-block-gallery has-nested-images columns-5 is-cropped wp-block-gallery-1 is-layout-flex wp-block-gallery-is-layout-flex\">\n<figure class=\"wp-block-image size-large\"><a href=\"https:\/\/www.westpromachinery.com\/wp-content\/uploads\/2020\/05\/image_1495043904.jpg\"><img loading=\"lazy\" decoding=\"async\" width=\"1024\" height=\"769\" data-id=\"795\" src=\"https:\/\/www.westpromachinery.com\/wp-content\/uploads\/2020\/05\/image_1495043904-1024x769.jpg\" alt=\"\" class=\"wp-image-795\" srcset=\"https:\/\/www.westpromachinery.com\/wp-content\/uploads\/2020\/05\/image_1495043904-1024x769.jpg 1024w, https:\/\/www.westpromachinery.com\/wp-content\/uploads\/2020\/05\/image_1495043904-300x225.jpg 300w, https:\/\/www.westpromachinery.com\/wp-content\/uploads\/2020\/05\/image_1495043904-768x577.jpg 768w, https:\/\/www.westpromachinery.com\/wp-content\/uploads\/2020\/05\/image_1495043904.jpg 1200w\" sizes=\"auto, (max-width: 1024px) 100vw, 1024px\" \/><\/a><\/figure>\n\n\n\n<figure class=\"wp-block-image size-large\"><a href=\"https:\/\/www.westpromachinery.com\/wp-content\/uploads\/2020\/05\/image_1495044548.jpg\"><img loading=\"lazy\" decoding=\"async\" width=\"1024\" height=\"768\" data-id=\"794\" src=\"https:\/\/www.westpromachinery.com\/wp-content\/uploads\/2020\/05\/image_1495044548-1024x768.jpg\" alt=\"\" class=\"wp-image-794\" srcset=\"https:\/\/www.westpromachinery.com\/wp-content\/uploads\/2020\/05\/image_1495044548-1024x768.jpg 1024w, https:\/\/www.westpromachinery.com\/wp-content\/uploads\/2020\/05\/image_1495044548-300x225.jpg 300w, https:\/\/www.westpromachinery.com\/wp-content\/uploads\/2020\/05\/image_1495044548-768x576.jpg 768w, https:\/\/www.westpromachinery.com\/wp-content\/uploads\/2020\/05\/image_1495044548.jpg 1200w\" sizes=\"auto, (max-width: 1024px) 100vw, 1024px\" \/><\/a><\/figure>\n\n\n\n<figure class=\"wp-block-image size-large\"><a href=\"https:\/\/www.westpromachinery.com\/wp-content\/uploads\/2020\/05\/image_1495044721.jpg\"><img loading=\"lazy\" decoding=\"async\" width=\"1024\" height=\"768\" data-id=\"793\" src=\"https:\/\/www.westpromachinery.com\/wp-content\/uploads\/2020\/05\/image_1495044721-1024x768.jpg\" alt=\"\" class=\"wp-image-793\" srcset=\"https:\/\/www.westpromachinery.com\/wp-content\/uploads\/2020\/05\/image_1495044721-1024x768.jpg 1024w, https:\/\/www.westpromachinery.com\/wp-content\/uploads\/2020\/05\/image_1495044721-300x225.jpg 300w, https:\/\/www.westpromachinery.com\/wp-content\/uploads\/2020\/05\/image_1495044721-768x576.jpg 768w, https:\/\/www.westpromachinery.com\/wp-content\/uploads\/2020\/05\/image_1495044721.jpg 1200w\" sizes=\"auto, (max-width: 1024px) 100vw, 1024px\" \/><\/a><\/figure>\n\n\n\n<figure class=\"wp-block-image size-large\"><a href=\"https:\/\/www.westpromachinery.com\/wp-content\/uploads\/2020\/05\/image_1495044950.jpg\"><img loading=\"lazy\" decoding=\"async\" width=\"1024\" height=\"768\" data-id=\"792\" src=\"https:\/\/www.westpromachinery.com\/wp-content\/uploads\/2020\/05\/image_1495044950-1024x768.jpg\" alt=\"\" class=\"wp-image-792\" srcset=\"https:\/\/www.westpromachinery.com\/wp-content\/uploads\/2020\/05\/image_1495044950-1024x768.jpg 1024w, https:\/\/www.westpromachinery.com\/wp-content\/uploads\/2020\/05\/image_1495044950-300x225.jpg 300w, https:\/\/www.westpromachinery.com\/wp-content\/uploads\/2020\/05\/image_1495044950-768x576.jpg 768w, https:\/\/www.westpromachinery.com\/wp-content\/uploads\/2020\/05\/image_1495044950.jpg 1200w\" sizes=\"auto, (max-width: 1024px) 100vw, 1024px\" \/><\/a><\/figure>\n\n\n\n<figure class=\"wp-block-image size-large\"><a href=\"https:\/\/www.westpromachinery.com\/wp-content\/uploads\/2020\/05\/image_1495825764.jpg\"><img loading=\"lazy\" decoding=\"async\" width=\"1024\" height=\"678\" data-id=\"791\" src=\"https:\/\/www.westpromachinery.com\/wp-content\/uploads\/2020\/05\/image_1495825764.jpg\" alt=\"\" class=\"wp-image-791\" srcset=\"https:\/\/www.westpromachinery.com\/wp-content\/uploads\/2020\/05\/image_1495825764.jpg 1024w, https:\/\/www.westpromachinery.com\/wp-content\/uploads\/2020\/05\/image_1495825764-300x199.jpg 300w, https:\/\/www.westpromachinery.com\/wp-content\/uploads\/2020\/05\/image_1495825764-768x509.jpg 768w\" sizes=\"auto, (max-width: 1024px) 100vw, 1024px\" \/><\/a><\/figure>\n<\/figure>","protected":false},"excerpt":{"rendered":"<p>Los vers\u00e1tiles Atricionadores de Westpro proporcionan eficientes soluciones de lavado de lechada para aplicaciones en una variedad de industrias.<\/p>","protected":false},"featured_media":142,"template":"","utilized_in":[19,8,12,18,15],"class_list":["post-141","product","type-product","status-publish","has-post-thumbnail","hentry","utilized_in-aggregate","utilized_in-aggregates-processing","utilized_in-flotation-plants","utilized_in-mining","utilized_in-pilot-and-demonstration-plants"],"acf":[],"aioseo_notices":[],"_links":{"self":[{"href":"https:\/\/www.westpromachinery.com\/es\/wp-json\/wp\/v2\/product\/141","targetHints":{"allow":["GET"]}}],"collection":[{"href":"https:\/\/www.westpromachinery.com\/es\/wp-json\/wp\/v2\/product"}],"about":[{"href":"https:\/\/www.westpromachinery.com\/es\/wp-json\/wp\/v2\/types\/product"}],"wp:featuredmedia":[{"embeddable":true,"href":"https:\/\/www.westpromachinery.com\/es\/wp-json\/wp\/v2\/media\/142"}],"wp:attachment":[{"href":"https:\/\/www.westpromachinery.com\/es\/wp-json\/wp\/v2\/media?parent=141"}],"wp:term":[{"taxonomy":"utilized_in","embeddable":true,"href":"https:\/\/www.westpromachinery.com\/es\/wp-json\/wp\/v2\/utilized_in?post=141"}],"curies":[{"name":"wp","href":"https:\/\/api.w.org\/{rel}","templated":true}]}}