{"id":143,"date":"2020-05-07T16:15:32","date_gmt":"2020-05-07T22:15:32","guid":{"rendered":"https:\/\/www.westpromachinery.com\/?post_type=product&#038;p=143"},"modified":"2023-12-04T15:41:31","modified_gmt":"2023-12-04T22:41:31","slug":"apron-feeders","status":"publish","type":"product","link":"https:\/\/www.westpromachinery.com\/es\/product\/apron-feeders\/","title":{"rendered":"Alimentadores del delantal"},"content":{"rendered":"<div class=\"alignfull slider-wrapper non-home\">\r\n        <div class=\"acf-slider\">\r\n                            <div class=\"slide\" style=\"background: url('https:\/\/www.westpromachinery.com\/wp-content\/uploads\/2020\/05\/thumb_1497390515.jpg');\">\r\n                                            <div class=\"container banner-content\">\r\n                            <h2>Alimentadores del delantal<\/h2>\n                        <\/div>\r\n                                    <\/div>\r\n                    <\/div>\r\n\r\n                    <style>\r\n                .slick-dots {\r\n                    display: none;\r\n                }\r\n            <\/style>\r\n        \r\n        <div class=\"loader\" id=\"loader\">\r\n            <span><\/span>\r\n            <span><\/span>\r\n            <span><\/span>\r\n        <\/div>\r\n    <\/div>\r\n\r\n\n\n\n<div class=\"wp-block-columns is-layout-flex wp-container-core-columns-is-layout-9d6595d7 wp-block-columns-is-layout-flex\">\n<div class=\"wp-block-column is-layout-flow wp-block-column-is-layout-flow\" style=\"flex-basis:66.66%\">\n<h1 class=\"wp-block-heading\">Alimentadores del delantal<\/h1>\n\n\n\n<p>El dise\u00f1o de los Alimentadores de Placas para trabajo en mina de Westpro permiten lograr eficiencia en los entornos de procesamiento de minerales m\u00e1s dif\u00edciles. Fabricados con componentes robustos y resistentes al desgaste, estos alimentadores son adecuados para la extracci\u00f3n de dep\u00f3sitos de mena y trabajos de recuperaci\u00f3n de pilas de acopio.<\/p>\n\n\n\n<ul class=\"wp-block-list\">\n<li>Dise\u00f1o resistente tipo tractor de orugas<\/li>\n\n\n\n<li>Tama\u00f1os de hasta 2.4 m (8 ft) de ancho<\/li>\n\n\n\n<li>Capacidad de 50 a 1200 tph<\/li>\n<\/ul>\n\n\n\n<h6 class=\"wp-block-heading\"><a href=\"https:\/\/www.westpromachinery.com\/wp-content\/uploads\/2020\/05\/1534184810_1502725610_Apron-Feeder-Product-Brochure.pdf\" target=\"_blank\" aria-label=\"undefined (opens in a new tab)\" rel=\"noreferrer noopener\">Download our brochure for more details including advantages and applications!<\/a><\/h6>\n\n\n\n<div style=\"height:20px\" aria-hidden=\"true\" class=\"wp-block-spacer\"><\/div>\n\n\n\n<h4 class=\"wp-block-heading\">VENTAJAS<\/h4>\n\n\n\n<ul class=\"wp-block-list\">\n<li>Movimiento ininterrumpido del material controlado de forma variable<\/li>\n\n\n\n<li>Rodillos de arrastre auto lubricados de bajo mantenimiento<\/li>\n<\/ul>\n\n\n\n<h4 class=\"wp-block-heading\">APLICACIONES<\/h4>\n\n\n\n<ul class=\"wp-block-list\">\n<li>Mezcla de material a granel<\/li>\n\n\n\n<li>Alimentaci\u00f3n volum\u00e9trica<\/li>\n<\/ul>\n<\/div>\n\n\n\n<div class=\"wp-block-column is-layout-flow wp-block-column-is-layout-flow\" style=\"flex-basis:33.33%\"><div class=\"product-sidebar\">\r\n    <img loading=\"lazy\" decoding=\"async\" width=\"300\" height=\"226\" src=\"https:\/\/www.westpromachinery.com\/wp-content\/uploads\/2020\/05\/thumb_1485186917.jpg\" class=\"attachment-post-thumbnail size-post-thumbnail wp-post-image\" alt=\"\" \/>        <a href=\"\/es\/products\/inquiry\/?prod=Apron Feeders\" class=\"inquiry-btn\">\u00a1Deje que nuestro ingeniero de procesos la califique para usted!<\/a>\r\n                    <div class=\"english-files\">\r\n                                                            <a href=\"https:\/\/www.westpromachinery.com\/wp-content\/uploads\/2020\/05\/1534184810_1502725610_Apron-Feeder-Product-Brochure.pdf\" class=\"download-btn\" target=\"_blank\">Apron Feeder Brochure<\/a>\r\n                                                    <a href=\"https:\/\/www.westpromachinery.com\/wp-content\/uploads\/2020\/05\/Questionnaire-Apron-Feeder-R1.doc\" class=\"download-btn\" target=\"_blank\">Descargar el cuestionario de dimensionamiento espec\u00edfico del producto<\/a>\r\n                                        <\/div>\r\n                        <div class=\"spanish-files\">\r\n                                        <a href=\"https:\/\/www.westpromachinery.com\/wp-content\/uploads\/2020\/05\/Alimentadores-de-Placa.pdf\" class=\"download-btn\" target=\"_blank\">Folleto de Alimentadores de Placas<\/a>\r\n                                <\/div>\r\n        \r\n    <h5>SOLICITAR M\u00c1S INFORMACI\u00d3N<\/h5>\r\n    <!-- START OF ACTIVECONVERSION FORM CODE -->\r\n    <div id=\"acForm_269cb\"><\/div>\r\n    <!-- END OF ACTIVECONVERSION FORM CODE -->\r\n\r\n    <\/div>\r\n<\/div>\n<\/div>\n\n\n\n<hr class=\"wp-block-separator has-css-opacity\"\/>\n\n\n\n<h4 class=\"wp-block-heading\"><strong>NUESTRO DISE\u00d1O DE BAJO MANTENIMIENTO LE BRINDA UN PRODUCTO EN EL QUE PUEDE CONFIAR<\/strong><\/h4>\n\n\n\n<hr class=\"wp-block-separator has-css-opacity\"\/>","protected":false},"excerpt":{"rendered":"<p>Los alimentadores de delantal de mina Westpro est\u00e1n dise\u00f1ados para prosperar en los entornos de procesamiento de minerales m\u00e1s dif\u00edciles. Fabricado con rob<\/p>","protected":false},"featured_media":144,"template":"","utilized_in":[19,8,9,13,14,18],"class_list":["post-143","product","type-product","status-publish","has-post-thumbnail","hentry","utilized_in-aggregate","utilized_in-aggregates-processing","utilized_in-crushing-plants","utilized_in-grinding-plants","utilized_in-heap-leach-ore-preparation","utilized_in-mining"],"acf":[],"aioseo_notices":[],"_links":{"self":[{"href":"https:\/\/www.westpromachinery.com\/es\/wp-json\/wp\/v2\/product\/143","targetHints":{"allow":["GET"]}}],"collection":[{"href":"https:\/\/www.westpromachinery.com\/es\/wp-json\/wp\/v2\/product"}],"about":[{"href":"https:\/\/www.westpromachinery.com\/es\/wp-json\/wp\/v2\/types\/product"}],"wp:featuredmedia":[{"embeddable":true,"href":"https:\/\/www.westpromachinery.com\/es\/wp-json\/wp\/v2\/media\/144"}],"wp:attachment":[{"href":"https:\/\/www.westpromachinery.com\/es\/wp-json\/wp\/v2\/media?parent=143"}],"wp:term":[{"taxonomy":"utilized_in","embeddable":true,"href":"https:\/\/www.westpromachinery.com\/es\/wp-json\/wp\/v2\/utilized_in?post=143"}],"curies":[{"name":"wp","href":"https:\/\/api.w.org\/{rel}","templated":true}]}}